{"id":6249,"date":"2019-05-09T09:32:27","date_gmt":"2019-05-09T07:32:27","guid":{"rendered":"http:\/\/asv1.de\/?page_id=6249"},"modified":"2025-10-02T19:51:30","modified_gmt":"2025-10-02T17:51:30","slug":"additive-ru","status":"publish","type":"page","link":"https:\/\/as-automotive.eu\/ru\/produkte\/produktgruppen-ru\/additive-ru\/","title":{"rendered":"Additive &#8212; RU"},"content":{"rendered":"<div class=\"wpb-content-wrapper\"><p>[vc_row type=&#187;vc_default&#187; full_width=&#187;stretch_row&#187; css=&#187;.vc_custom_1540044663254{margin-bottom: 15px !important;background-position: center !important;background-repeat: no-repeat !important;background-size: contain !important;}&#187;][vc_column][vc_row_inner css=&#187;.vc_custom_1540039049438{margin-top: 30px !important;}&#187;][vc_column_inner][vc_raw_html css=&#187;.vc_custom_1540217240634{margin-bottom: 20px !important;}&#187;]JTNDaDIlM0VBZGRpdGl2ZSUzQyUyRmgyJTNFJTBBJTNDaDMlMjBjbGFzcyUzRCUyMmFzdi1zdWJwcmV0ZXh0JTIyJTNFJTNDc3BhbiUyMGNsYXNzJTNEJTIycmVkLXRleHQlMjIlM0VQaXQlMjBTdG9wJTIwJTNDJTJGc3BhbiUzRWYlQzMlQkNyJTIwSWhyJTIwRmFocnpldWclMjElM0MlMkZoMyUzRQ==[\/vc_raw_html][vc_column_text css=&#187;.vc_custom_1544608433359{margin-top: 0px !important;}&#187;]Additive spielen eine zentrale Rolle im Kraft- und Schmierstoffbereich und sind ein sehr wichtiger Hauptbestandteil. Kein Schmierstoff kommt ohne diese wichtige &#171;Zutat\u201c aus. Moderne Motoren\u00f6le bestehen zu einem gro\u00dfen Teil, 15 % \u2013 30 %, aus Additiven. Sorgsam ausgew\u00e4hlt und speziell formuliert, sorgen Sie daf\u00fcr, dass Ihr Schmierstoff, egal ob Motoren-, Getriebe- oder Hydraulik\u00f6l und sogar Ihr Kraftstoff den Anforderungen der heutigen Motoren- und Kraftstoffsystemen gerecht wird.<\/p>\n<p>Additive von ASV1 \u00fcbernehmen und verbessern die wichtigsten Funktionen Ihres Kraft- und Schmierstoffes und helfen bei der Reinigung und Pflege des gesamten Motor- Kraftstoff- und Aggregatsystems. Mit Additiven von ASV1 sch\u00fctzen Sie Ihren Motor und viele wichtige technische Bestandteile Ihres Fahrzeuges. Sie sorgen somit f\u00fcr eine Lebensdauererh\u00f6hung, Leistungserhalt und sogar eine Leistungssteigerung, Senkung Ihres Kraftstoff- und \u00d6lverbrauchs und Erh\u00f6hung des Korrosionsschutzes.<\/p>\n<p>ASV1 Additive sind f\u00fcr s\u00e4mtliche Fahrzeugtypen geeignet, egal ob Benzin oder Dieselmotor. Alle Kraftstoff-, Motoren- und Fahrzeugsysteme werden zuverl\u00e4ssig gereinigt und gepflegt. Dazu geh\u00f6ren u.a. die Klimaanlage, die Servolenkung, das K\u00fchlsystem und auch das Einspritz- und Vergasersystem. Unsere Additive helfen Ihnen die urspr\u00fcngliche Leistung Ihres Motors zu erhalten und wiederherzustellen.[\/vc_column_text][\/vc_column_inner][\/vc_row_inner]<style type=\"text\/css\" data-type=\"the7_shortcodes-inline-css\">#default-btn-84f0eb2ef3e03ca4a5efb49c3c1eb67e.ico-right-side > i {\n  margin-right: 0px;\n  margin-left: 8px;\n}\n#default-btn-84f0eb2ef3e03ca4a5efb49c3c1eb67e > i {\n  margin-right: 8px;\n}<\/style><a href=\"\/produkte\/produktgruppen\/additive\/uebersicht-additive\/\" class=\"default-btn-shortcode dt-btn dt-btn-s link-hover-off asv-more asv-more-grey btn-inline-left \" id=\"default-btn-84f0eb2ef3e03ca4a5efb49c3c1eb67e\"><span>\u00dcbersicht Additive<\/span><\/a>[\/vc_column][\/vc_row][vc_row type=&#187;vc_default&#187; full_width=&#187;stretch_row&#187; content_placement=&#187;middle&#187; parallax=&#187;content-moving&#187; parallax_image=&#187;3122&#8243; parallax_speed_bg=&#187;7&#8243; parallax_content=&#187;parallax_content_value&#187; parallax_content_sense=&#187;50&#8243; css=&#187;.vc_custom_1540296221029{margin-top: 0px !important;margin-bottom: 0px !important;padding-top: 20px !important;padding-bottom: 20px !important;background-position: center;background-repeat: no-repeat !important;background-size: cover !important;}&#187;][vc_column][\/vc_column][\/vc_row][vc_row type=&#187;vc_default&#187; full_width=&#187;stretch_row&#187; css=&#187;.vc_custom_1540044663254{margin-bottom: 15px !important;background-position: center !important;background-repeat: no-repeat !important;background-size: contain !important;}&#187;][vc_column][vc_row_inner][vc_column_inner width=&#187;2\/3&#8243;][vc_raw_html css=&#187;.vc_custom_1540045384596{margin-bottom: 20px !important;}&#187;]JTNDaDIlM0VLcmFmdHN0b2ZmYWRkaXRpdmUlM0MlMkZoMiUzRQ==[\/vc_raw_html][vc_column_text css=&#187;.vc_custom_1544608488721{margin-top: 0px !important;}&#187;]Verbrennungsmotoren sind Wunderwerke der Technik. Wahre Kraftmaschinen. Moderne Motoren sind technisch hochentwickelt und werden immer effizienter. Motoren sind im Betrieb h\u00f6chsten Belastungen ausgesetzt. Besonders im Motorsportbereich. Jeder Verbrennungsvorgang kommt einer kleinen Explosion gleich und es bilden sich R\u00fcckst\u00e4nde aus Kleinstpartikeln und sogar Ablagerungen, die sich an technisch sehr wichtigen Motorenbauteilen im Brennraum des Motors festsetzen. Ventile und Einspritzd\u00fcsen, D\u00fcsennadeln in Dieselmotoren sowie der gesamte Brennraum sind von diesen sch\u00e4dlichen R\u00fcckst\u00e4nden des Verbrennungsprozesses betroffen.<\/p>\n<p>ASV1 Kraftstoffadditive k\u00f6nnen die Neuentstehung dieser Ablagerungen verhindern und alte Verunreinigungen beseitigen. F\u00fcr Sie bedeutet das: Geringere Reparatur- und Wartungskosten, ein geringer Kraftstoffverbrauch und eine h\u00f6here Motorleistung.[\/vc_column_text]<style type=\"text\/css\" data-type=\"the7_shortcodes-inline-css\">#default-btn-719c2b39b98d8ddedfa862530326ae49.ico-right-side > i {\n  margin-right: 0px;\n  margin-left: 8px;\n}\n#default-btn-719c2b39b98d8ddedfa862530326ae49 > i {\n  margin-right: 8px;\n}<\/style><a href=\"https:\/\/as-automotive.eu\/produkte\/produktgruppen\/additive-2\/kraftstoffadditive\/\" class=\"default-btn-shortcode dt-btn dt-btn-s link-hover-off asv-more asv-more-grey btn-inline-left \" id=\"default-btn-719c2b39b98d8ddedfa862530326ae49\"><span>zu den Kraftstoffadditiven<\/span><\/a>[\/vc_column_inner][vc_column_inner width=&#187;1\/3&#8243;][vc_single_image image=&#187;8132&#8243; img_size=&#187;medium&#187; css=&#187;&#187;][\/vc_column_inner][\/vc_row_inner][\/vc_column][\/vc_row][vc_row type=&#187;vc_default&#187; full_width=&#187;stretch_row&#187; content_placement=&#187;middle&#187; parallax=&#187;content-moving&#187; parallax_image=&#187;3122&#8243; parallax_speed_bg=&#187;9&#8243; parallax_content=&#187;parallax_content_value&#187; parallax_content_sense=&#187;50&#8243; css=&#187;.vc_custom_1540296125698{margin-top: 0px !important;margin-bottom: 0px !important;padding-top: 20px !important;padding-bottom: 20px !important;background-image: url(https:\/\/as-automotive.eu\/wp-content\/uploads\/2018\/10\/ASV1-Germany00054.jpeg?id=3106) !important;background-position: center;background-repeat: no-repeat !important;background-size: cover !important;}&#187;][vc_column][\/vc_column][\/vc_row][vc_row type=&#187;vc_default&#187; full_width=&#187;stretch_row&#187; css=&#187;.vc_custom_1540044998500{margin-bottom: 80px !important;background-position: center !important;background-repeat: no-repeat !important;background-size: contain !important;}&#187;][vc_column][vc_row_inner][vc_column_inner width=&#187;1\/3&#8243;][vc_single_image image=&#187;8132&#8243; img_size=&#187;medium&#187; css=&#187;&#187;][\/vc_column_inner][vc_column_inner width=&#187;2\/3&#8243;][vc_raw_html css=&#187;.vc_custom_1540045414108{margin-bottom: 20px !important;}&#187;]JTNDaDIlM0VTZXJ2aWNlYWRkaXRpdmUlM0MlMkZoMiUzRQ==[\/vc_raw_html][vc_column_text css=&#187;.vc_custom_1540045423972{margin-top: 0px !important;}&#187;]Unsere Serviceadditive von ASV1 reinigen, pflegen und sch\u00fctzen die wichtigsten Bauteile und Aggregatsysteme Ihres Fahrzeuges. Sie senken die St\u00f6ranf\u00e4lligkeit, sparen Kosten durch verl\u00e4ngerte Wartungsintervalle, unn\u00f6tige Standzeiten und Werkstattaufenthalte.[\/vc_column_text]<style type=\"text\/css\" data-type=\"the7_shortcodes-inline-css\">#default-btn-980b7dafadde07777f87a639e22af67e.ico-right-side > i {\n  margin-right: 0px;\n  margin-left: 8px;\n}\n#default-btn-980b7dafadde07777f87a639e22af67e > i {\n  margin-right: 8px;\n}<\/style><a href=\"https:\/\/as-automotive.eu\/produkte\/produktgruppen\/additive-2\/serviceadditive\/\" class=\"default-btn-shortcode dt-btn dt-btn-s link-hover-off asv-more asv-more-grey btn-inline-left \" id=\"default-btn-980b7dafadde07777f87a639e22af67e\"><span>zu den Serviceadditiven<\/span><\/a>[\/vc_column_inner][\/vc_row_inner][\/vc_column][\/vc_row]<\/p>\n<\/div>","protected":false},"excerpt":{"rendered":"<p>[vc_row type=&#187;vc_default&#187; full_width=&#187;stretch_row&#187; css=&#187;.vc_custom_1540044663254{margin-bottom: 15px !important;background-position: center !important;background-repeat: no-repeat !important;background-size: contain !important;}&#187;][vc_column][vc_row_inner css=&#187;.vc_custom_1540039049438{margin-top: 30px !important;}&#187;][vc_column_inner][vc_raw_html css=&#187;.vc_custom_1540217240634{margin-bottom: 20px !important;}&#187;]JTNDaDIlM0VBZGRpdGl2ZSUzQyUyRmgyJTNFJTBBJTNDaDMlMjBjbGFzcyUzRCUyMmFzdi1zdWJwcmV0ZXh0JTIyJTNFJTNDc3BhbiUyMGNsYXNzJTNEJTIycmVkLXRleHQlMjIlM0VQaXQlMjBTdG9wJTIwJTNDJTJGc3BhbiUzRWYlQzMlQkNyJTIwSWhyJTIwRmFocnpldWclMjElM0MlMkZoMyUzRQ==[\/vc_raw_html][vc_column_text css=&#187;.vc_custom_1544608433359{margin-top: 0px !important;}&#187;]Additive spielen eine zentrale Rolle im Kraft- und Schmierstoffbereich und sind ein sehr wichtiger Hauptbestandteil. Kein Schmierstoff kommt ohne diese wichtige &#171;Zutat\u201c aus. Moderne Motoren\u00f6le bestehen zu einem gro\u00dfen Teil, 15 % \u2013 30 %,&hellip;<\/p>\n","protected":false},"author":2,"featured_media":0,"parent":6214,"menu_order":0,"comment_status":"closed","ping_status":"closed","template":"","meta":{"_acf_changed":false,"footnotes":""},"class_list":["post-6249","page","type-page","status-publish","hentry","description-off"],"acf":[],"_links":{"self":[{"href":"https:\/\/as-automotive.eu\/ru\/wp-json\/wp\/v2\/pages\/6249","targetHints":{"allow":["GET"]}}],"collection":[{"href":"https:\/\/as-automotive.eu\/ru\/wp-json\/wp\/v2\/pages"}],"about":[{"href":"https:\/\/as-automotive.eu\/ru\/wp-json\/wp\/v2\/types\/page"}],"author":[{"embeddable":true,"href":"https:\/\/as-automotive.eu\/ru\/wp-json\/wp\/v2\/users\/2"}],"replies":[{"embeddable":true,"href":"https:\/\/as-automotive.eu\/ru\/wp-json\/wp\/v2\/comments?post=6249"}],"version-history":[{"count":2,"href":"https:\/\/as-automotive.eu\/ru\/wp-json\/wp\/v2\/pages\/6249\/revisions"}],"predecessor-version":[{"id":8150,"href":"https:\/\/as-automotive.eu\/ru\/wp-json\/wp\/v2\/pages\/6249\/revisions\/8150"}],"up":[{"embeddable":true,"href":"https:\/\/as-automotive.eu\/ru\/wp-json\/wp\/v2\/pages\/6214"}],"wp:attachment":[{"href":"https:\/\/as-automotive.eu\/ru\/wp-json\/wp\/v2\/media?parent=6249"}],"curies":[{"name":"wp","href":"https:\/\/api.w.org\/{rel}","templated":true}]}}