{"id":6228,"date":"2019-05-09T09:25:42","date_gmt":"2019-05-09T07:25:42","guid":{"rendered":"http:\/\/asv1.de\/?page_id=6228"},"modified":"2020-10-29T14:26:09","modified_gmt":"2020-10-29T13:26:09","slug":"oelwegweiser-ru","status":"publish","type":"page","link":"https:\/\/as-automotive.eu\/ru\/produkte\/oelwegweiser-ru\/","title":{"rendered":"\u041f\u0443\u0442\u0435\u0432\u043e\u0434\u0438\u0442\u0435\u043b\u044c \u043f\u043e \u043c\u0430\u0441\u043b\u0430\u043c &#8212; RU"},"content":{"rendered":"<div class=\"wpb-content-wrapper\"><p>[vc_row type=&#187;vc_default&#187; full_width=&#187;stretch_row&#187; css=&#187;.vc_custom_1540801091466{margin-top: 0px !important;padding-top: 50px !important;padding-bottom: 50px !important;}&#187;][vc_column][vc_column_text css=&#187;.vc_custom_1603977963315{margin-bottom: 20px !important;}&#187;]<\/p>\n<h2>\u041d\u0430\u0448 \u043f\u0443\u0442\u0435\u0432\u043e\u0434\u0438\u0442\u0435\u043b\u044c \u043f\u043e \u043c\u0430\u0441\u043b\u0430\u043c<br \/>\n<span class=\"red-one\">AS Performance<\/span><\/h2>\n<h3>\u041a\u0440\u0430\u0442\u0447\u0430\u0439\u0448\u0438\u0439 \u043f\u0443\u0442\u044c \u043a \u0432\u044b\u0431\u043e\u0440\u0443 \u043d\u0443\u0436\u043d\u043e\u0433\u043e \u043c\u0430\u0441\u043b\u0430<\/h3>\n<p>[\/vc_column_text][vc_column_text css=&#187;.vc_custom_1558438316927{margin-bottom: 45px !important;}&#187;]\u0418\u0449\u0438\u0442\u0435 \u043f\u043e\u0434\u0445\u043e\u0434\u044f\u0449\u0435\u0435 \u043c\u0430\u0441\u043b\u043e \u0434\u043b\u044f \u0412\u0430\u0448\u0435\u0433\u043e \u0442\u0440\u0430\u043d\u0441\u043f\u043e\u0440\u0442\u043d\u043e\u0433\u043e \u0441\u0440\u0435\u0434\u0441\u0442\u0432\u0430?<br \/>\n\u0421 \u043d\u0430\u0448\u0438\u043c \u043f\u0443\u0442\u0435\u0432\u043e\u0434\u0438\u0442\u0435\u043b\u0435\u043c \u043f\u043e \u043c\u0430\u0441\u043b\u0430\u043c \u0412\u044b \u043b\u0435\u0433\u043a\u043e \u0438 \u0431\u044b\u0441\u0442\u0440\u043e \u043d\u0430\u0439\u0434\u0435\u0442\u0435 \u043d\u0443\u0436\u043d\u043e\u0435 \u043c\u0430\u0441\u043b\u043e \u0434\u043b\u044f \u0412\u0430\u0448\u0435\u0433\u043e \u0442\u0440\u0430\u043d\u0441\u043f\u043e\u0440\u0442\u043d\u043e\u0433\u043e \u0441\u0440\u0435\u0434\u0441\u0442\u0432\u0430.[\/vc_column_text][vc_column_text css=&#187;.vc_custom_1558438348322{margin-bottom: 20px !important;}&#187;]<\/p>\n<h3>\u0411\u0435\u0441\u043f\u043b\u0430\u0442\u043d\u0430\u044f \u0433\u043e\u0440\u044f\u0447\u0430\u044f \u043b\u0438\u043d\u0438\u044f: 0800 265400<\/h3>\n<p>[\/vc_column_text][vc_column_text](\u0431\u0435\u0441\u043f\u043b\u0430\u0442\u043d\u043e \u0442\u043e\u043b\u044c\u043a\u043e \u0434\u043b\u044f \u0437\u0432\u043e\u043d\u043a\u043e\u0432 \u0438\u0437 \u0413\u0435\u0440\u043c\u0430\u043d\u0438\u0438)[\/vc_column_text][\/vc_column][\/vc_row][vc_row][vc_column]\n<div class=\"wpcf7 no-js\" id=\"wpcf7-f7383-o1\" lang=\"de-DE\" dir=\"ltr\" data-wpcf7-id=\"7383\">\n<div class=\"screen-reader-response\"><p role=\"status\" aria-live=\"polite\" aria-atomic=\"true\"><\/p> <ul><\/ul><\/div>\n<form action=\"\/ru\/wp-json\/wp\/v2\/pages\/6228#wpcf7-f7383-o1\" method=\"post\" class=\"wpcf7-form init\" aria-label=\"Kontaktformular\" novalidate=\"novalidate\" data-status=\"init\">\n<fieldset class=\"hidden-fields-container\"><input type=\"hidden\" name=\"_wpcf7\" value=\"7383\" \/><input type=\"hidden\" name=\"_wpcf7_version\" value=\"6.1.5\" \/><input type=\"hidden\" name=\"_wpcf7_locale\" value=\"de_DE\" \/><input type=\"hidden\" name=\"_wpcf7_unit_tag\" value=\"wpcf7-f7383-o1\" \/><input type=\"hidden\" name=\"_wpcf7_container_post\" value=\"0\" \/><input type=\"hidden\" name=\"_wpcf7_posted_data_hash\" value=\"\" \/>\n<\/fieldset>\n<div class=\"oelwegweiser-form-wrapper\">\n\t<div class=\"oelwegweiser-form\">\n\t\t<div class=\"row oelwegweiser-top\">\n\t\t\t<div class=\"vc_col-sm-3\">\n\t\t\t\t<p><img decoding=\"async\" src=\"https:\/\/as-automotive.eu\/wp-content\/uploads\/2020\/04\/AS-Performance-Logo-Dark.png\" width=\"300px\" height=\"auto\" \/>\n\t\t\t\t<\/p>\n\t\t\t<\/div>\n\t\t\t<div class=\"vc_col-sm-9\">\n\t\t\t\t<h2>\u041f\u0443\u0442\u0435\u0432\u043e\u0434\u0438\u0442\u0435\u043b\u044c \u043f\u043e \u043c\u0430\u0441\u043b\u0430\u043c\n\t\t\t\t<\/h2>\n\t\t\t<\/div>\n\t\t<\/div>\n\t\t<div class=\"row\">\n\t\t\t<div class=\"vc_col-sm-3\">\n\t\t\t\t<p>\u041a\u0430\u0442\u0435\u0433\u043e\u0440\u0438\u044f\n\t\t\t\t<\/p>\n\t\t\t<\/div>\n\t\t\t<div class=\"vc_col-sm-9\">\n\t\t\t\t<p><span class=\"wpcf7-form-control-wrap\" data-name=\"kategorie\"><input size=\"40\" maxlength=\"400\" class=\"wpcf7-form-control wpcf7-text\" aria-invalid=\"false\" placeholder=\"\u043d\u0430\u043f\u0440\u0438\u043c\u0435\u0440: \u043b\u0435\u0433\u043a\u043e\u0432\u043e\u0439 \u0430\u0432\u0442\u043e\u043c\u043e\u0431\u0438\u043b\u044c \/ \u0433\u0440\u0443\u0437\u043e\u0432\u0438\u043a \/ \u043c\u043e\u0442\u043e\u0446\u0438\u043a\u043b\" value=\"\" type=\"text\" name=\"kategorie\" \/><\/span>\n\t\t\t\t<\/p>\n\t\t\t<\/div>\n\t\t<\/div>\n\t\t<div class=\"row\">\n\t\t\t<div class=\"vc_col-sm-3\">\n\t\t\t\t<p>\u041f\u0440\u043e\u0438\u0437\u0432\u043e\u0434\u0438\u0442\u0435\u043b\u044c \/ \u043c\u0430\u0440\u043a\u0430\n\t\t\t\t<\/p>\n\t\t\t<\/div>\n\t\t\t<div class=\"vc_col-sm-9\">\n\t\t\t\t<p><span class=\"wpcf7-form-control-wrap\" data-name=\"hersteller\"><input size=\"40\" maxlength=\"400\" class=\"wpcf7-form-control wpcf7-text\" aria-invalid=\"false\" placeholder=\"\u043d\u0430\u043f\u0440\u0438\u043c\u0435\u0440: Mercedes \/ BMW \/ \u0438 \u0442.\u0434.\" value=\"\" type=\"text\" name=\"hersteller\" \/><\/span>\n\t\t\t\t<\/p>\n\t\t\t<\/div>\n\t\t<\/div>\n\t\t<div class=\"row\">\n\t\t\t<div class=\"vc_col-sm-3\">\n\t\t\t\t<p>\u041c\u043e\u0434\u0435\u043b\u044c\n\t\t\t\t<\/p>\n\t\t\t<\/div>\n\t\t\t<div class=\"vc_col-sm-9\">\n\t\t\t\t<p><span class=\"wpcf7-form-control-wrap\" data-name=\"modell\"><input size=\"40\" maxlength=\"400\" class=\"wpcf7-form-control wpcf7-text\" aria-invalid=\"false\" placeholder=\"\u043d\u0430\u043f\u0440\u0438\u043c\u0435\u0440: C-\u043a\u043b\u0430\u0441\u0441 \/ A4 \/ \u0438 \u0442.\u0434.\" value=\"\" type=\"text\" name=\"modell\" \/><\/span>\n\t\t\t\t<\/p>\n\t\t\t<\/div>\n\t\t<\/div>\n\t\t<div class=\"row\">\n\t\t\t<div class=\"vc_col-sm-3\">\n\t\t\t\t<p>\u0422\u0438\u043f \/ \u041c\u043e\u0442\u043e\u0440\n\t\t\t\t<\/p>\n\t\t\t<\/div>\n\t\t\t<div class=\"vc_col-sm-9\">\n\t\t\t\t<p><span class=\"wpcf7-form-control-wrap\" data-name=\"typ\"><input size=\"40\" maxlength=\"400\" class=\"wpcf7-form-control wpcf7-text\" aria-invalid=\"false\" placeholder=\"\u043d\u0430\u043f\u0440\u0438\u043c\u0435\u0440: C-\u043a\u043b\u0430\u0441\u0441 \/ W205 (2014 -)\" value=\"\" type=\"text\" name=\"typ\" \/><\/span>\n\t\t\t\t<\/p>\n\t\t\t<\/div>\n\t\t<\/div>\n\t\t<div class=\"row\">\n\t\t\t<div class=\"vc_col-sm-3\">\n\t\t\t\t<p>\u0413\u043e\u0434 \u0432\u044b\u043f\u0443\u0441\u043a\u0430\n\t\t\t\t<\/p>\n\t\t\t<\/div>\n\t\t\t<div class=\"vc_col-sm-9\">\n\t\t\t\t<p><span class=\"wpcf7-form-control-wrap\" data-name=\"baujahr\"><input size=\"40\" maxlength=\"400\" class=\"wpcf7-form-control wpcf7-text\" aria-invalid=\"false\" placeholder=\"\u043d\u0430\u043f\u0440\u0438\u043c\u0435\u0440: 2012\" value=\"\" type=\"text\" name=\"baujahr\" \/><\/span>\n\t\t\t\t<\/p>\n\t\t\t<\/div>\n\t\t<\/div>\n\t\t<div class=\"row\">\n\t\t\t<div class=\"vc_col-sm-3\">\n\t\t\t\t<p>\u0412\u0430\u0448 E-Mail*\n\t\t\t\t<\/p>\n\t\t\t<\/div>\n\t\t\t<div class=\"vc_col-sm-9\">\n\t\t\t\t<p><span class=\"wpcf7-form-control-wrap\" data-name=\"e-mail\"><input size=\"40\" maxlength=\"400\" class=\"wpcf7-form-control wpcf7-text wpcf7-validates-as-required\" aria-required=\"true\" aria-invalid=\"false\" value=\"\" type=\"text\" name=\"e-mail\" \/><\/span>\n\t\t\t\t<\/p>\n\t\t\t<\/div>\n\t\t<\/div>\n\t<\/div>\n\t<p><span class=\"wpcf7-form-control-wrap\" data-name=\"acceptance-420\"><span class=\"wpcf7-form-control wpcf7-acceptance\"><span class=\"wpcf7-list-item\"><label><input type=\"checkbox\" name=\"acceptance-420\" value=\"1\" aria-invalid=\"false\" \/><span class=\"wpcf7-list-item-label\">\u0414\u0430, \u044f \u043e\u0437\u043d\u0430\u043a\u043e\u043c\u043b\u0435\u043d \u0441 <a href=\"\/ru\/datenschutz-ru\/\">\u043f\u043e\u043b\u0438\u0442\u0438\u043a\u043e\u0439 \u0437\u0430\u0449\u0438\u0442\u044b<\/a> \u043f\u0435\u0440\u0441\u043e\u043d\u0430\u043b\u044c\u043d\u044b\u0445 \u0434\u0430\u043d\u043d\u044b\u0445 \u0438 \u0434\u0430\u044e \u0441\u0432\u043e\u0435 \u0441\u043e\u0433\u043b\u0430\u0441\u0438\u0435 \u043d\u0430 \u044d\u043b\u0435\u043a\u0442\u0440\u043e\u043d\u043d\u0443\u044e\u043e\u0431\u0440\u0430\u0431\u043e\u0442\u043a\u0443 \u0438 \u0445\u0440\u0430\u043d\u0435\u043d\u0438\u0435 \u0432\u0432\u0435\u0434\u0435\u043d\u043d\u044b\u0445 \u043c\u043d\u043e\u0439 \u0434\u0430\u043d\u043d\u044b\u0445. \u041c\u043e\u0438 \u0434\u0430\u043d\u043d\u044b\u0435 \u0431\u0443\u0434\u0443\u0442 \u0438\u0441\u043f\u043e\u043b\u044c\u0437\u043e\u0432\u0430\u0442\u044c\u0441\u044f \u0438\u0441\u043a\u043b\u044e\u0447\u0438\u0442\u0435\u043b\u044c\u043d\u043e \u0432 \u0446\u0435\u043b\u044f\u0445  \u043e\u0431\u0440\u0430\u0431\u043e\u0442\u043a\u0438 \u0438 \u043e\u0442\u0432\u0435\u0442\u0430 \u043d\u0430 \u043c\u043e\u0438 \u0437\u0430\u043f\u0440\u043e\u0441\u044b. \u041e\u0442\u043f\u0440\u0430\u0432\u043a\u043e\u0439 \u0444\u043e\u0440\u043c\u044b \u044f \u0434\u0430\u044e \u0441\u0432\u043e\u0435 \u0441\u043e\u0433\u043b\u0430\u0441\u0438\u0435 \u043d\u0430 \u043e\u0431\u0440\u0430\u0431\u043e\u0442\u043a\u0443.<\/span><\/label><\/span><\/span><\/span>\n\t<\/p>\n\t<p><!-- Mailchimp for WordPress v4.12.0 - https:\/\/www.mc4wp.com\/ --><input type=\"hidden\" name=\"_mc4wp_subscribe_contact-form-7\" value=\"0\" \/><span class=\"mc4wp-checkbox mc4wp-checkbox-contact-form-7 \"><label><input type=\"checkbox\" name=\"_mc4wp_subscribe_contact-form-7\" value=\"1\" ><span>    Ich m\u00f6chte mich au\u00dferdem f\u00fcr den Newsletter anmelden<\/span><\/label><\/span><!-- \/ Mailchimp for WordPress -->\n\t<\/p>\n\t<p><input class=\"wpcf7-form-control wpcf7-submit has-spinner\" type=\"submit\" value=\"\u041e\u0442\u043f\u0440\u0430\u0432\u0438\u0442\u044c \u0437\u0430\u043f\u0440\u043e\u0441\" \/>\n\t<\/p>\n<\/div><div class=\"wpcf7-response-output\" aria-hidden=\"true\"><\/div>\n<\/form>\n<\/div>\n[\/vc_column][\/vc_row]<\/p>\n<\/div>","protected":false},"excerpt":{"rendered":"<p>[vc_row type=&#187;vc_default&#187; full_width=&#187;stretch_row&#187; css=&#187;.vc_custom_1540801091466{margin-top: 0px !important;padding-top: 50px !important;padding-bottom: 50px !important;}&#187;][vc_column][vc_column_text css=&#187;.vc_custom_1603977963315{margin-bottom: 20px !important;}&#187;] \u041d\u0430\u0448 \u043f\u0443\u0442\u0435\u0432\u043e\u0434\u0438\u0442\u0435\u043b\u044c \u043f\u043e \u043c\u0430\u0441\u043b\u0430\u043c AS Performance \u041a\u0440\u0430\u0442\u0447\u0430\u0439\u0448\u0438\u0439 \u043f\u0443\u0442\u044c \u043a \u0432\u044b\u0431\u043e\u0440\u0443 \u043d\u0443\u0436\u043d\u043e\u0433\u043e \u043c\u0430\u0441\u043b\u0430 [\/vc_column_text][vc_column_text css=&#187;.vc_custom_1558438316927{margin-bottom: 45px !important;}&#187;]\u0418\u0449\u0438\u0442\u0435 \u043f\u043e\u0434\u0445\u043e\u0434\u044f\u0449\u0435\u0435 \u043c\u0430\u0441\u043b\u043e \u0434\u043b\u044f \u0412\u0430\u0448\u0435\u0433\u043e \u0442\u0440\u0430\u043d\u0441\u043f\u043e\u0440\u0442\u043d\u043e\u0433\u043e \u0441\u0440\u0435\u0434\u0441\u0442\u0432\u0430? \u0421 \u043d\u0430\u0448\u0438\u043c \u043f\u0443\u0442\u0435\u0432\u043e\u0434\u0438\u0442\u0435\u043b\u0435\u043c \u043f\u043e \u043c\u0430\u0441\u043b\u0430\u043c \u0412\u044b \u043b\u0435\u0433\u043a\u043e \u0438 \u0431\u044b\u0441\u0442\u0440\u043e \u043d\u0430\u0439\u0434\u0435\u0442\u0435 \u043d\u0443\u0436\u043d\u043e\u0435 \u043c\u0430\u0441\u043b\u043e \u0434\u043b\u044f \u0412\u0430\u0448\u0435\u0433\u043e \u0442\u0440\u0430\u043d\u0441\u043f\u043e\u0440\u0442\u043d\u043e\u0433\u043e \u0441\u0440\u0435\u0434\u0441\u0442\u0432\u0430.[\/vc_column_text][vc_column_text css=&#187;.vc_custom_1558438348322{margin-bottom: 20px !important;}&#187;] \u0411\u0435\u0441\u043f\u043b\u0430\u0442\u043d\u0430\u044f&hellip;<\/p>\n","protected":false},"author":2,"featured_media":0,"parent":6191,"menu_order":0,"comment_status":"closed","ping_status":"closed","template":"","meta":{"_acf_changed":false,"footnotes":""},"class_list":["post-6228","page","type-page","status-publish","hentry","description-off"],"acf":[],"_links":{"self":[{"href":"https:\/\/as-automotive.eu\/ru\/wp-json\/wp\/v2\/pages\/6228","targetHints":{"allow":["GET"]}}],"collection":[{"href":"https:\/\/as-automotive.eu\/ru\/wp-json\/wp\/v2\/pages"}],"about":[{"href":"https:\/\/as-automotive.eu\/ru\/wp-json\/wp\/v2\/types\/page"}],"author":[{"embeddable":true,"href":"https:\/\/as-automotive.eu\/ru\/wp-json\/wp\/v2\/users\/2"}],"replies":[{"embeddable":true,"href":"https:\/\/as-automotive.eu\/ru\/wp-json\/wp\/v2\/comments?post=6228"}],"version-history":[{"count":12,"href":"https:\/\/as-automotive.eu\/ru\/wp-json\/wp\/v2\/pages\/6228\/revisions"}],"predecessor-version":[{"id":7793,"href":"https:\/\/as-automotive.eu\/ru\/wp-json\/wp\/v2\/pages\/6228\/revisions\/7793"}],"up":[{"embeddable":true,"href":"https:\/\/as-automotive.eu\/ru\/wp-json\/wp\/v2\/pages\/6191"}],"wp:attachment":[{"href":"https:\/\/as-automotive.eu\/ru\/wp-json\/wp\/v2\/media?parent=6228"}],"curies":[{"name":"wp","href":"https:\/\/api.w.org\/{rel}","templated":true}]}}