{"id":5222,"date":"2019-02-21T15:09:48","date_gmt":"2019-02-21T14:09:48","guid":{"rendered":"https:\/\/www.asv1.de\/?page_id=5222"},"modified":"2020-10-28T13:00:15","modified_gmt":"2020-10-28T12:00:15","slug":"newsletter-ru","status":"publish","type":"page","link":"https:\/\/as-automotive.eu\/ru\/unternehmen-ru\/newsletter-ru\/","title":{"rendered":"\u0420\u0430\u0441\u0441\u044b\u043b\u043a\u0430 \u043d\u043e\u0432\u043e\u0441\u0442\u0435\u0439"},"content":{"rendered":"<div class=\"wpb-content-wrapper\"><p>[vc_row type=&#187;vc_default&#187; full_width=&#187;stretch_row&#187; css=&#187;.vc_custom_1540042650547{margin-bottom: 85px !important;background-position: center !important;background-repeat: no-repeat !important;background-size: contain !important;}&#187; el_id=&#187;asvearth&#187;][vc_column][vc_row_inner css=&#187;.vc_custom_1540042668206{margin-top: 30px !important;}&#187;][vc_column_inner width=&#187;2\/3&#8243;][vc_raw_html css=&#187;.vc_custom_1603886402189{margin-bottom: 20px !important;}&#187;]JTNDaDIlM0UlM0NzcGFuJTIwY2xhc3MlM0QlMjJyZWQtb25lJTIyJTNFJUQwJUEwJUQwJUIwJUQxJTgxJUQxJTgxJUQxJThCJUQwJUJCJUQwJUJBJUQwJUIwJTIwQVMlMjBQZXJmb3JtYW5jZSUzQyUyRnNwYW4lM0UlMjAlRDAlQkQlRDAlQkUlRDAlQjIlRDAlQkUlRDElODElRDElODIlRDAlQjUlRDAlQjklMjAlM0MlMkZoMiUzRSUwQSUzQ2gzJTIwY2xhc3MlM0QlMjJhc3Ytc3VicHJldGV4dCUyMiUzRSVEMCVBMCVEMCVCMCVEMSU4MSVEMSU4MSVEMSU4QiVEMCVCQiVEMCVCQSVEMCVCMCUyMCVEMCVCRCVEMCVCRSVEMCVCMiVEMCVCRSVEMSU4MSVEMSU4MiVEMCVCNSVEMCVCOSUyMEFTJTIwUGVyZm9ybWFuY2UuJTIwJTNDYnIlM0UlRDAlQTIlRDAlQjAlRDAlQkElMjAlRDAlQjIlRDElOEIlMjAlRDAlQkQlRDAlQjglRDElODclRDAlQjUlRDAlQjMlRDAlQkUlMjAlRDAlQkQlRDAlQjUlMjAlRDAlQkYlRDElODAlRDAlQkUlRDAlQkYlRDElODMlRDElODElRDElODIlRDAlQjglRDElODIlRDAlQjUuJTNDJTJGaDMlM0U=[\/vc_raw_html][vc_column_text css=&#187;.vc_custom_1603373180369{margin-top: 0px !important;}&#187;]\u041e\u0441\u0442\u0430\u0432\u0430\u0439\u0442\u0435\u0441\u044c \u0441 \u043d\u0430\u043c\u0438 \u043d\u0430 \u0441\u0432\u044f\u0437\u0438. \u041c\u044b \u0431\u0443\u0434\u0435\u043c \u043f\u043e\u0441\u0442\u043e\u044f\u043d\u043d\u043e \u0438\u043d\u0444\u043e\u0440\u043c\u0438\u0440\u043e\u0432\u0430\u0442\u044c \u0412\u0430\u0441 \u043e \u043d\u043e\u0432\u0438\u043d\u043a\u0430\u0445, \u0441\u0440\u043e\u043a\u0430\u0445, \u0441\u043e\u0431\u044b\u0442\u0438\u044f\u0445 \u0438 \u043d\u0430\u0448\u0438\u0445 \u043f\u0440\u043e\u0435\u043a\u0442\u0430\u0445.[\/vc_column_text][\/vc_column_inner][vc_column_inner width=&#187;1\/3&#8243;][\/vc_column_inner][\/vc_row_inner][vc_row_inner css=&#187;.vc_custom_1540038776794{margin-top: 30px !important;}&#187;][vc_column_inner]\n<div class=\"wpcf7 no-js\" id=\"wpcf7-f6360-o1\" lang=\"de-DE\" dir=\"ltr\" data-wpcf7-id=\"6360\">\n<div class=\"screen-reader-response\"><p role=\"status\" aria-live=\"polite\" aria-atomic=\"true\"><\/p> <ul><\/ul><\/div>\n<form action=\"\/ru\/wp-json\/wp\/v2\/pages\/5222#wpcf7-f6360-o1\" method=\"post\" class=\"wpcf7-form init\" aria-label=\"Kontaktformular\" novalidate=\"novalidate\" data-status=\"init\">\n<fieldset class=\"hidden-fields-container\"><input type=\"hidden\" name=\"_wpcf7\" value=\"6360\" \/><input type=\"hidden\" name=\"_wpcf7_version\" value=\"6.1.5\" \/><input type=\"hidden\" name=\"_wpcf7_locale\" value=\"de_DE\" \/><input type=\"hidden\" name=\"_wpcf7_unit_tag\" value=\"wpcf7-f6360-o1\" \/><input type=\"hidden\" name=\"_wpcf7_container_post\" value=\"0\" \/><input type=\"hidden\" name=\"_wpcf7_posted_data_hash\" value=\"\" \/>\n<\/fieldset>\n<div class=\"row\">\n\t<div class=\"vc_col-sm-6\">\n\t\t<p><span class=\"wpcf7-form-control-wrap\" data-name=\"vorname\"><input size=\"40\" maxlength=\"400\" class=\"wpcf7-form-control wpcf7-text wpcf7-validates-as-required\" aria-required=\"true\" aria-invalid=\"false\" placeholder=\"\u0418\u043c\u044f\" value=\"\" type=\"text\" name=\"vorname\" \/><\/span>\n\t\t<\/p>\n\t<\/div>\n\t<div class=\"vc_col-sm-6\">\n\t\t<p><span class=\"wpcf7-form-control-wrap\" data-name=\"nachname\"><input size=\"40\" maxlength=\"400\" class=\"wpcf7-form-control wpcf7-text wpcf7-validates-as-required\" aria-required=\"true\" aria-invalid=\"false\" placeholder=\"\u0424\u0430\u043c\u0438\u043b\u0438\u044f\" value=\"\" type=\"text\" name=\"nachname\" \/><\/span>\n\t\t<\/p>\n\t<\/div>\n<\/div>\n<div class=\"row\">\n\t<div class=\"vc_col-sm-12\">\n\t\t<p><span class=\"wpcf7-form-control-wrap\" data-name=\"e-mail\"><input size=\"40\" maxlength=\"400\" class=\"wpcf7-form-control wpcf7-text wpcf7-validates-as-required\" aria-required=\"true\" aria-invalid=\"false\" placeholder=\"E-Mail\" value=\"\" type=\"text\" name=\"e-mail\" \/><\/span>\n\t\t<\/p>\n\t<\/div>\n<\/div>\n<div class=\"row\">\n\t<div class=\"vc_col-sm-12\">\n\t\t<p><span class=\"wpcf7-form-control-wrap\" data-name=\"textarea-55\"><textarea cols=\"40\" rows=\"10\" maxlength=\"2000\" class=\"wpcf7-form-control wpcf7-textarea\" aria-invalid=\"false\" placeholder=\"\u0421\u043e\u043e\u0431\u0449\u0435\u043d\u0438\u0435\" name=\"textarea-55\"><\/textarea><\/span>\n\t\t<\/p>\n\t<\/div>\n<\/div>\n<p><span class=\"wpcf7-form-control-wrap\" data-name=\"acceptance-420\"><span class=\"wpcf7-form-control wpcf7-acceptance\"><span class=\"wpcf7-list-item\"><label><input type=\"checkbox\" name=\"acceptance-420\" value=\"1\" aria-invalid=\"false\" \/><span class=\"wpcf7-list-item-label\"><a href=\"#\">\u0414\u0430, \u044f \u043e\u0437\u043d\u0430\u043a\u043e\u043c\u043b\u0435\u043d \u0441 \u043f\u043e\u043b\u0438\u0442\u0438\u043a\u043e\u0439 \u0437\u0430\u0449\u0438\u0442\u044b<\/a> \u043f\u0435\u0440\u0441\u043e\u043d\u0430\u043b\u044c\u043d\u044b\u0445 \u0434\u0430\u043d\u043d\u044b\u0445 \u0438 \u0434\u0430\u044e \u0441\u0432\u043e\u0435 \u0441\u043e\u0433\u043b\u0430\u0441\u0438\u0435 \u043d\u0430 \u0438\u0445\u044d\u043b\u0435\u043a\u0442\u0440\u043e\u043d\u043d\u0443\u044e \u043e\u0431\u0440\u0430\u0431\u043e\u0442\u043a\u0443 \u0438 \u0445\u0440\u0430\u043d\u0435\u043d\u0438\u0435. \u041c\u043e\u0438 \u0434\u0430\u043d\u043d\u044b\u0435 \u0431\u0443\u0434\u0443\u0442 \u0438\u0441\u043f\u043e\u043b\u044c\u0437\u043e\u0432\u0430\u0442\u044c\u0441\u044f \u0438\u0441\u043a\u043b\u044e\u0447\u0438\u0442\u0435\u043b\u044c\u043d\u043e \u0432 \u0446\u0435\u043b\u044f\u0445, \u043d\u0435\u043e\u0431\u0445\u043e\u0434\u0438\u043c\u044b\u0445 \u0434\u043b\u044f \u043e\u0431\u0440\u0430\u0431\u043e\u0442\u043a\u0438 \u0438 \u043e\u0442\u0432\u0435\u0442\u0430 \u043d\u0430 \u043c\u043e\u0438 \u0437\u0430\u043f\u0440\u043e\u0441\u044b. \u041e\u0442\u043f\u0440\u0430\u0432\u043a\u043e\u0439 \u0444\u043e\u0440\u043c\u044b \u044f \u0434\u0430\u044e \u0441\u0432\u043e\u0435 \u0441\u043e\u0433\u043b\u0430\u0441\u0438\u0435 \u043d\u0430 \u043e\u0431\u0440\u0430\u0431\u043e\u0442\u043a\u0443.<\/span><\/label><\/span><\/span><\/span>\n<\/p>\n<p><!-- Mailchimp for WordPress v4.12.0 - https:\/\/www.mc4wp.com\/ --><input type=\"hidden\" name=\"_mc4wp_subscribe_contact-form-7\" value=\"0\" \/><span class=\"mc4wp-checkbox mc4wp-checkbox-contact-form-7 \"><label><input type=\"checkbox\" name=\"_mc4wp_subscribe_contact-form-7\" value=\"1\" ><span>    Ich m\u00f6chte mich au\u00dferdem f\u00fcr den Newsletter anmelden<\/span><\/label><\/span><!-- \/ Mailchimp for WordPress -->\n<\/p>\n<p><input class=\"wpcf7-form-control wpcf7-submit has-spinner\" type=\"submit\" value=\"\u043e\u0442\u043f\u0440\u0430\u0432\u0438\u0442\u044c\" \/>\n<\/p><div class=\"wpcf7-response-output\" aria-hidden=\"true\"><\/div>\n<\/form>\n<\/div>\n[\/vc_column_inner][\/vc_row_inner][\/vc_column][\/vc_row]<\/p>\n<\/div>","protected":false},"excerpt":{"rendered":"<p>[vc_row type=&#187;vc_default&#187; full_width=&#187;stretch_row&#187; css=&#187;.vc_custom_1540042650547{margin-bottom: 85px !important;background-position: center !important;background-repeat: no-repeat !important;background-size: contain !important;}&#187; el_id=&#187;asvearth&#187;][vc_column][vc_row_inner css=&#187;.vc_custom_1540042668206{margin-top: 30px !important;}&#187;][vc_column_inner width=&#187;2\/3&#8243;][vc_raw_html css=&#187;.vc_custom_1603886402189{margin-bottom: 20px !important;}&#187;]JTNDaDIlM0UlM0NzcGFuJTIwY2xhc3MlM0QlMjJyZWQtb25lJTIyJTNFJUQwJUEwJUQwJUIwJUQxJTgxJUQxJTgxJUQxJThCJUQwJUJCJUQwJUJBJUQwJUIwJTIwQVMlMjBQZXJmb3JtYW5jZSUzQyUyRnNwYW4lM0UlMjAlRDAlQkQlRDAlQkUlRDAlQjIlRDAlQkUlRDElODElRDElODIlRDAlQjUlRDAlQjklMjAlM0MlMkZoMiUzRSUwQSUzQ2gzJTIwY2xhc3MlM0QlMjJhc3Ytc3VicHJldGV4dCUyMiUzRSVEMCVBMCVEMCVCMCVEMSU4MSVEMSU4MSVEMSU4QiVEMCVCQiVEMCVCQSVEMCVCMCUyMCVEMCVCRCVEMCVCRSVEMCVCMiVEMCVCRSVEMSU4MSVEMSU4MiVEMCVCNSVEMCVCOSUyMEFTJTIwUGVyZm9ybWFuY2UuJTIwJTNDYnIlM0UlRDAlQTIlRDAlQjAlRDAlQkElMjAlRDAlQjIlRDElOEIlMjAlRDAlQkQlRDAlQjglRDElODclRDAlQjUlRDAlQjMlRDAlQkUlMjAlRDAlQkQlRDAlQjUlMjAlRDAlQkYlRDElODAlRDAlQkUlRDAlQkYlRDElODMlRDElODElRDElODIlRDAlQjglRDElODIlRDAlQjUuJTNDJTJGaDMlM0U=[\/vc_raw_html][vc_column_text css=&#187;.vc_custom_1603373180369{margin-top: 0px !important;}&#187;]\u041e\u0441\u0442\u0430\u0432\u0430\u0439\u0442\u0435\u0441\u044c \u0441 \u043d\u0430\u043c\u0438 \u043d\u0430 \u0441\u0432\u044f\u0437\u0438. \u041c\u044b \u0431\u0443\u0434\u0435\u043c \u043f\u043e\u0441\u0442\u043e\u044f\u043d\u043d\u043e \u0438\u043d\u0444\u043e\u0440\u043c\u0438\u0440\u043e\u0432\u0430\u0442\u044c \u0412\u0430\u0441 \u043e \u043d\u043e\u0432\u0438\u043d\u043a\u0430\u0445, \u0441\u0440\u043e\u043a\u0430\u0445, \u0441\u043e\u0431\u044b\u0442\u0438\u044f\u0445 \u0438 \u043d\u0430\u0448\u0438\u0445 \u043f\u0440\u043e\u0435\u043a\u0442\u0430\u0445.[\/vc_column_text][\/vc_column_inner][vc_column_inner width=&#187;1\/3&#8243;][\/vc_column_inner][\/vc_row_inner][vc_row_inner css=&#187;.vc_custom_1540038776794{margin-top: 30px !important;}&#187;][vc_column_inner][\/vc_column_inner][\/vc_row_inner][\/vc_column][\/vc_row]<\/p>\n","protected":false},"author":2,"featured_media":0,"parent":5373,"menu_order":0,"comment_status":"closed","ping_status":"closed","template":"","meta":{"_acf_changed":false,"footnotes":""},"class_list":["post-5222","page","type-page","status-publish","hentry","description-off"],"acf":[],"_links":{"self":[{"href":"https:\/\/as-automotive.eu\/ru\/wp-json\/wp\/v2\/pages\/5222","targetHints":{"allow":["GET"]}}],"collection":[{"href":"https:\/\/as-automotive.eu\/ru\/wp-json\/wp\/v2\/pages"}],"about":[{"href":"https:\/\/as-automotive.eu\/ru\/wp-json\/wp\/v2\/types\/page"}],"author":[{"embeddable":true,"href":"https:\/\/as-automotive.eu\/ru\/wp-json\/wp\/v2\/users\/2"}],"replies":[{"embeddable":true,"href":"https:\/\/as-automotive.eu\/ru\/wp-json\/wp\/v2\/comments?post=5222"}],"version-history":[{"count":11,"href":"https:\/\/as-automotive.eu\/ru\/wp-json\/wp\/v2\/pages\/5222\/revisions"}],"predecessor-version":[{"id":7751,"href":"https:\/\/as-automotive.eu\/ru\/wp-json\/wp\/v2\/pages\/5222\/revisions\/7751"}],"up":[{"embeddable":true,"href":"https:\/\/as-automotive.eu\/ru\/wp-json\/wp\/v2\/pages\/5373"}],"wp:attachment":[{"href":"https:\/\/as-automotive.eu\/ru\/wp-json\/wp\/v2\/media?parent=5222"}],"curies":[{"name":"wp","href":"https:\/\/api.w.org\/{rel}","templated":true}]}}