{"id":8387,"date":"2025-11-25T21:34:21","date_gmt":"2025-11-25T20:34:21","guid":{"rendered":"https:\/\/as-automotive.eu\/as-performance-eco-lv-5w-20-fe-ean-4260459911555-2\/"},"modified":"2025-11-25T21:34:21","modified_gmt":"2025-11-25T20:34:21","slug":"as-performance-eco-lv-5w-20-fe-ean-4260459911555-2","status":"publish","type":"page","link":"https:\/\/as-automotive.eu\/fr\/as-performance-eco-lv-5w-20-fe-ean-4260459911555-2\/","title":{"rendered":"AS Performance Eco LV 5W-20 FE &#8211; EAN 4260459911555"},"content":{"rendered":"<div class=\"wpb-content-wrapper\"><p>[vc_row][vc_column][vc_row_inner css=\u00a0\u00bb.vc_custom_1761838006186{margin-left: 40px !important;padding-top: 30px !important;padding-right: 20px !important;padding-bottom: 30px !important;padding-left: 20px !important;}\u00a0\u00bb][vc_column_inner width=\u00a0\u00bb1\/3&Prime; css=\u00a0\u00bb.vc_custom_1761667934682{margin-right: 80px !important;}\u00a0\u00bb]<style type=\"text\/css\" data-type=\"the7_shortcodes-inline-css\">.gallery-carousel-shortcode.gallery-carousel-shortcode-id-0b17372c96c274cf24287cb9f86ba043.owl-carousel .owl-nav div {\n  width: 36px;\n  height: 36px;\n  border-radius: 500px;\n}\n.dt-arrow-border-on.gallery-carousel-shortcode.gallery-carousel-shortcode-id-0b17372c96c274cf24287cb9f86ba043.owl-carousel .owl-nav div:not(:hover):before {\n  border-width: 0px;\n}\n.dt-arrow-hover-border-on.gallery-carousel-shortcode.gallery-carousel-shortcode-id-0b17372c96c274cf24287cb9f86ba043.owl-carousel .owl-nav div:hover:after {\n  border-width: 0px;\n}\n.gallery-carousel-shortcode.gallery-carousel-shortcode-id-0b17372c96c274cf24287cb9f86ba043.owl-carousel .owl-nav div.owl-prev {\n  top: 50%;\n  transform: translateY(calc(-50% + 0px));\n  left: -43px;\n}\n@media all and (-ms-high-contrast: none) {\n  .gallery-carousel-shortcode.gallery-carousel-shortcode-id-0b17372c96c274cf24287cb9f86ba043.owl-carousel .owl-nav div.owl-prev {\n    transform: translateY(-50%);\n    margin-top: 0px;\n  }\n}\n.gallery-carousel-shortcode.gallery-carousel-shortcode-id-0b17372c96c274cf24287cb9f86ba043.owl-carousel .owl-nav div.owl-prev i {\n  padding: 0px 0px 0px 0px;\n}\n.gallery-carousel-shortcode.gallery-carousel-shortcode-id-0b17372c96c274cf24287cb9f86ba043.owl-carousel .owl-nav div.owl-next {\n  top: 50%;\n  transform: translateY(calc(-50% + 0px));\n  right: -43px;\n}\n@media all and (-ms-high-contrast: none) {\n  .gallery-carousel-shortcode.gallery-carousel-shortcode-id-0b17372c96c274cf24287cb9f86ba043.owl-carousel .owl-nav div.owl-next {\n    transform: translateY(-50%);\n    margin-top: 0px;\n  }\n}\n.gallery-carousel-shortcode.gallery-carousel-shortcode-id-0b17372c96c274cf24287cb9f86ba043.owl-carousel .owl-nav div.owl-next i {\n  padding: 0px 0px 0px 0px;\n}\n.gallery-carousel-shortcode.gallery-carousel-shortcode-id-0b17372c96c274cf24287cb9f86ba043.owl-carousel .owl-nav i {\n  font-size: 18px;\n}\n.gallery-carousel-shortcode.gallery-carousel-shortcode-id-0b17372c96c274cf24287cb9f86ba043.owl-carousel .owl-nav div:not(:hover) i,\n.gallery-carousel-shortcode.gallery-carousel-shortcode-id-0b17372c96c274cf24287cb9f86ba043.owl-carousel .owl-nav div:not(:hover) i:before {\n  color: #DD3333;\n  background: none;\n}\n.gallery-carousel-shortcode.gallery-carousel-shortcode-id-0b17372c96c274cf24287cb9f86ba043.owl-carousel .owl-nav div:hover i,\n.gallery-carousel-shortcode.gallery-carousel-shortcode-id-0b17372c96c274cf24287cb9f86ba043.owl-carousel .owl-nav div:hover i:before {\n  color: #FFFFFF;\n  background: none;\n}\n.gallery-carousel-shortcode.gallery-carousel-shortcode-id-0b17372c96c274cf24287cb9f86ba043 .owl-dots {\n  top: calc(100% + 20px);\n  left: 50%;\n  transform: translateX(calc(-50% + 0px));\n}\n@media all and (-ms-high-contrast: none) {\n  .gallery-carousel-shortcode.gallery-carousel-shortcode-id-0b17372c96c274cf24287cb9f86ba043 .owl-dots {\n    transform: translateX(-50%);\n    margin-left: 0px;\n  }\n}\n.gallery-carousel-shortcode.gallery-carousel-shortcode-id-0b17372c96c274cf24287cb9f86ba043 .owl-dot {\n  width: 10px;\n  height: 10px;\n  margin: 0 8px;\n}\n@media screen and (max-width: 778px) {\n  .gallery-carousel-shortcode.gallery-carousel-shortcode-id-0b17372c96c274cf24287cb9f86ba043.hide-arrows .owl-nav a {\n    display: none;\n  }\n}\n@media screen and (max-width: 778px) {\n  .gallery-carousel-shortcode.gallery-carousel-shortcode-id-0b17372c96c274cf24287cb9f86ba043.reposition-arrows .owl-nav div.owl-prev {\n    top: 50%;\n    transform: translateY(calc(-50% + 0px));\n    left: 10px;\n  }\n  .gallery-carousel-shortcode.gallery-carousel-shortcode-id-0b17372c96c274cf24287cb9f86ba043.reposition-arrows .owl-nav div.owl-next {\n    top: 50%;\n    transform: translateY(calc(-50% + 0px));\n    right: 10px;\n  }\n}\n@media screen and (max-width: 778px) and all and (-ms-high-contrast: none) {\n  .gallery-carousel-shortcode.gallery-carousel-shortcode-id-0b17372c96c274cf24287cb9f86ba043.reposition-arrows .owl-nav div.owl-prev {\n    transform: translateY(-50%);\n    margin-top: 0px;\n  }\n}\n@media screen and (max-width: 778px) and all and (-ms-high-contrast: none) {\n  .gallery-carousel-shortcode.gallery-carousel-shortcode-id-0b17372c96c274cf24287cb9f86ba043.reposition-arrows .owl-nav div.owl-next {\n    transform: translateY(-50%);\n    margin-top: 0px;\n  }\n}\n.gallery-carousel-shortcode.gallery-carousel-shortcode-id-0b17372c96c274cf24287cb9f86ba043 figure,\n.gallery-carousel-shortcode.gallery-carousel-shortcode-id-0b17372c96c274cf24287cb9f86ba043 .rollover,\n.gallery-carousel-shortcode.gallery-carousel-shortcode-id-0b17372c96c274cf24287cb9f86ba043 img,\n.gallery-carousel-shortcode.gallery-carousel-shortcode-id-0b17372c96c274cf24287cb9f86ba043 .gallery-rollover {\n  border-radius: 8px;\n}\n.gallery-carousel-shortcode.gallery-carousel-shortcode-id-0b17372c96c274cf24287cb9f86ba043.enable-bg-rollover .gallery-rollover {\n  background: -webkit-linear-gradient();\n  background: linear-gradient();\n}\n.gallery-carousel-shortcode.gallery-carousel-shortcode-id-0b17372c96c274cf24287cb9f86ba043.enable-img-shadow .owl-stage-outer {\n  padding: 14px 0;\n}\n.gallery-carousel-shortcode.gallery-carousel-shortcode-id-0b17372c96c274cf24287cb9f86ba043.enable-bg-rollover.hover-scale figure .rollover:after {\n  background: -webkit-linear-gradient();\n  background: linear-gradient();\n}\n.gallery-carousel-shortcode.gallery-carousel-shortcode-id-0b17372c96c274cf24287cb9f86ba043.gallery-shortcode .gallery-zoom-ico {\n  width: 44px;\n  height: 44px;\n  line-height: 44px;\n  border-radius: 100px;\n  margin: -22px 0 0 -22px;\n  border-width: 0px;\n}\n.dt-icon-bg-on.gallery-carousel-shortcode.gallery-carousel-shortcode-id-0b17372c96c274cf24287cb9f86ba043.gallery-shortcode .gallery-zoom-ico {\n  background: rgba(255,255,255,0.3);\n  box-shadow: none;\n}\n.gallery-carousel-shortcode.gallery-carousel-shortcode-id-0b17372c96c274cf24287cb9f86ba043.gallery-shortcode .gallery-zoom-ico:before,\n.gallery-carousel-shortcode.gallery-carousel-shortcode-id-0b17372c96c274cf24287cb9f86ba043.gallery-shortcode .gallery-zoom-ico span {\n  font-size: 32px;\n  line-height: 44px;\n  color: #ffffff;\n  background: none;\n}<\/style><div class=\"owl-carousel gallery-carousel-shortcode gallery-shortcode  dt-gallery-container dt-owl-carousel-call gallery-carousel-shortcode-id-0b17372c96c274cf24287cb9f86ba043 quick-scale-img enable-bg-rollover meta-info-off dt-arrow-border-on dt-arrow-hover-border-on bullets-small-dot-stroke reposition-arrows dt-icon-bg-off arrows-bg-off disable-arrows-hover-bg arrows-hover-bg-on  vc_custom_1764097239598 hover-fade \" data-scroll-mode=\"1\" data-col-num=\"1\" data-wide-col-num=\"1\" data-laptop-col=\"1\" data-h-tablet-columns-num=\"1\" data-v-tablet-columns-num=\"1\" data-phone-columns-num=\"1\" data-col-gap=\"10\" data-stage-padding=\"0\" data-speed=\"600\" data-autoplay=\"false\" data-autoplay_speed=\"6000\" data-arrows=\"true\" data-bullet=\"false\" data-next-icon=\"dt-icon-the7-arrow-07\" data-prev-icon=\"dt-icon-the7-arrow-06\" data-img-shadow-size=\"12px\" data-img-shadow-spread=\"3px\"><\/div>[\/vc_column_inner][vc_column_inner width=\u00a0\u00bb2\/3&Prime;][vc_column_text css=\u00a0\u00bb.vc_custom_1764103207733{margin-left: 70px !important;}\u00a0\u00bb]<\/p>\n<h2 style=\"font-size: 28px; line-height: 1.3; margin-top: 20px; color: #000000e6;\"><span style=\"color: #d62828;\">AS Performance<\/span> Eco LV 0W-20 FE<\/h2>\n<p style=\"margin-top: 10px;\"><strong>Art.-Nr.:<\/strong> 0195<br \/>\n<strong>EAN: <\/strong>4260459911951<br \/>\n<strong>Herkunft:<\/strong> Deutschland<\/p>\n<p>[\/vc_column_text][vc_column_text css=\u00a0\u00bb.vc_custom_1764103286563{margin-left: 70px !important;}\u00a0\u00bb]HC-Synthetisches Hochleistungs-Leichtlaufmotoren\u00f6l. Speziell f\u00fcr modernste Ottomotoren, bei denen der Hersteller solch ein niedriges Viskosit\u00e4tsniveau vorschreibt<strong> (LV)<\/strong>. Durch eine hohe Kraftstoffersparnis <strong>(FE Fuel Economy Motoren\u00f6l)<\/strong> tr\u00e4gt es zur Reduzierung der Emissionen und somit zur Schonung der Umwelt bei. <span style=\"color: #ff9900;\"><strong>Achtung:<\/strong><\/span> Das Produkt ist ausschlie\u00dflich f\u00fcr Benzinmotoren entwickelt worden und ist <strong>nicht geeignet<\/strong> f\u00fcr Dieselmotoren.[\/vc_column_text][vc_column_text css=\u00a0\u00bb.vc_custom_1764103484340{margin-left: 70px !important;}\u00a0\u00bb]<\/p>\n<ul>\n<li><strong>Viskosit\u00e4t<\/strong><br \/>\nSAE 0W-20 FE<\/li>\n<li><strong>Spezifikation<\/strong><br \/>\nAPI SQ, SP (RC) \u2022 ILSAC GF-6\/7A<\/li>\n<li><strong>Empfehlungen<\/strong><br \/>\nGM dexos1\u2122 Gen 3<br \/>\nFord WSS-M2C 947-A\/B1 \/-962 A<br \/>\nFiat 9.55535-GSX \/-CR1<br \/>\nChrysler MS-6395<br \/>\nGM 6094M<br \/>\nHyundai\/ Kia<br \/>\nToyota\/ Lexus<br \/>\nNissan\/ Infiniti<br \/>\nMazda<br \/>\nHonda<br \/>\nSubaru<br \/>\nSuzuki<br \/>\nDaihatsu<br \/>\nIsuzu &#8211; wo gefordert\/ where required.<\/li>\n<\/ul>\n<p>[\/vc_column_text][vc_column_text css=\u00a0\u00bb.vc_custom_1761669105980{margin-left: 70px !important;}\u00a0\u00bb]<\/p>\n<p style=\"color: #d62828;\"><strong>Gebindegr\u00f6\u00dfen<\/strong><\/p>\n<p>1 L \u00b7 4 L \u00b7 5 L \u00b7 20 L \u00b7 60 L \u00b7 205 L[\/vc_column_text]<style type=\"text\/css\" data-type=\"the7_shortcodes-inline-css\">#default-btn-20749f81117a9fa1e3b0df624b29dbed.ico-right-side > i {\n  margin-right: 0px;\n  margin-left: 8px;\n}\n#default-btn-20749f81117a9fa1e3b0df624b29dbed > i {\n  margin-right: 8px;\n}<\/style><a href=\"https:\/\/as-automotive.eu\/produkte\/produktgruppen\/schmierstoffe\/motorenoele\/\" class=\"default-btn-shortcode dt-btn dt-btn-s link-hover-off asv-more asv-more-grey btn-inline-left \" id=\"default-btn-20749f81117a9fa1e3b0df624b29dbed\" title=\"Motoren\u00f6le\"><span>zum Katalog<\/span><\/a>[\/vc_column_inner][\/vc_row_inner][vc_raw_js]JTNDc2NyaXB0JTIwdHlwZSUzRCUyMmFwcGxpY2F0aW9uJTJGbGQlMkJqc29uJTIyJTNFJTBBJTdCJTBBJTIwJTIwJTIyJTQwY29udGV4dCUyMiUzQSUyMCUyMmh0dHBzJTNBJTJGJTJGc2NoZW1hLm9yZyUyRiUyMiUyQyUwQSUyMCUyMCUyMiU0MHR5cGUlMjIlM0ElMjAlMjJQcm9kdWN0JTIyJTJDJTBBJTIwJTIwJTIybmFtZSUyMiUzQSUyMCUyMkFTJTIwUGVyZm9ybWFuY2UlMjBFdm8lMjBMUyUyMEMzJTIwNVctMzAlMjBNNTIlMjIlMkMlMEElMjAlMjAlMjJkZXNjcmlwdGlvbiUyMiUzQSUyMCUyMkhDLVN5bnRoZXRpc2NoZXMlMjBIb2NobGVpc3R1bmdzLUxlaWNodGxhdWZtb3RvcmVuJUMzJUI2bCUyMGYlQzMlQkNyJTIwUEtXJTIwTW90b3JlbiUyMG1pdCUyMHVuZCUyMG9obmUlMjBBYmdhc25hY2hiZWhhbmRsdW5nc3N5c3RlbS4lMjBFaW4lMjBMb3clMjBTQVBTJTIwJUMzJTk2bCUyQyUyMHNwZXppZWxsJTIwZiVDMyVCQ3IlMjBEaWVzZWxtb3RvcmVuJTIwbWl0JTIwUGFydGlrZWxmaWx0ZXIlMjAlMjhEUEYlMjklMjBlbnR3aWNrZWx0JTJDJTIwZGFyJUMzJUJDYmVyJTIwaGluYXVzJTIwYXVjaCUyMG1pdCUyMEthdGFseXNhdG9yZW4lMjB2b24lMjBPdHRvbW90b3JlbiUyMCUyOENBVCUyOSUyMHZvbGwlMjB2ZXJ0ciVDMyVBNGdsaWNoLiUyMiUyQyUwQSUyMCUyMCUyMnNrdSUyMiUzQSUyMCUyMjAzMDUlMjIlMkMlMEElMjAlMjAlMjJndGluMTMlMjIlM0ElMjAlMjI0MjYwNDU5OTEzMDU0JTIyJTJDJTBBJTIwJTIwJTIyYnJhbmQlMjIlM0ElMjAlN0IlMEElMjAlMjAlMjAlMjAlMjIlNDB0eXBlJTIyJTNBJTIwJTIyQnJhbmQlMjIlMkMlMEElMjAlMjAlMjAlMjAlMjJuYW1lJTIyJTNBJTIwJTIyQVMlMjBBdXRvbW90aXZlJTIyJTBBJTIwJTIwJTdEJTJDJTBBJTIwJTIwJTIyaW1hZ2UlMjIlM0ElMjAlMjJodHRwcyUzQSUyRiUyRmFzLWF1dG9tb3RpdmUuZXUlMkZ3cC1jb250ZW50JTJGdXBsb2FkcyUyRjIwMjUlMkYxMCUyRjAzMDVfQVNfRXZvLUxTLUMzLTVXLTMwLU01Ml9WU180MjYwNDU5OTEzMDU0LmpwZyUyMiUyQyUwQSUyMCUyMCUyMnVybCUyMiUzQSUyMCUyMmh0dHBzJTNBJTJGJTJGYXMtYXV0b21vdGl2ZS5ldSUyRmFzLXBlcmZvcm1hbmNlLWV2by1scy1jMy01dy0zMC1tNTItZWFuLTQyNjA0NTk5MTMwNTQlMkYlMjIlMEElN0QlMEElM0MlMkZzY3JpcHQlM0UlMEE=[\/vc_raw_js][\/vc_column][\/vc_row]<\/p>\n<\/div>","protected":false},"excerpt":{"rendered":"<p>[vc_row][vc_column][vc_row_inner css=\u00a0\u00bb.vc_custom_1761838006186{margin-left: 40px !important;padding-top: 30px !important;padding-right: 20px !important;padding-bottom: 30px !important;padding-left: 20px !important;}\u00a0\u00bb][vc_column_inner width=\u00a0\u00bb1\/3&Prime; css=\u00a0\u00bb.vc_custom_1761667934682{margin-right: 80px !important;}\u00a0\u00bb][\/vc_column_inner][vc_column_inner width=\u00a0\u00bb2\/3&Prime;][vc_column_text css=\u00a0\u00bb.vc_custom_1764103207733{margin-left: 70px !important;}\u00a0\u00bb] AS Performance Eco LV 0W-20 FE Art.-Nr.: 0195 EAN: 4260459911951 Herkunft: Deutschland [\/vc_column_text][vc_column_text css=\u00a0\u00bb.vc_custom_1764103286563{margin-left: 70px !important;}\u00a0\u00bb]HC-Synthetisches Hochleistungs-Leichtlaufmotoren\u00f6l. Speziell f\u00fcr modernste Ottomotoren, bei denen der Hersteller solch ein niedriges Viskosit\u00e4tsniveau vorschreibt (LV). Durch eine hohe Kraftstoffersparnis&hellip;<\/p>\n","protected":false},"author":11,"featured_media":0,"parent":0,"menu_order":0,"comment_status":"closed","ping_status":"closed","template":"","meta":{"_acf_changed":false,"footnotes":""},"class_list":["post-8387","page","type-page","status-publish","hentry","description-off"],"acf":[],"_links":{"self":[{"href":"https:\/\/as-automotive.eu\/fr\/wp-json\/wp\/v2\/pages\/8387","targetHints":{"allow":["GET"]}}],"collection":[{"href":"https:\/\/as-automotive.eu\/fr\/wp-json\/wp\/v2\/pages"}],"about":[{"href":"https:\/\/as-automotive.eu\/fr\/wp-json\/wp\/v2\/types\/page"}],"author":[{"embeddable":true,"href":"https:\/\/as-automotive.eu\/fr\/wp-json\/wp\/v2\/users\/11"}],"replies":[{"embeddable":true,"href":"https:\/\/as-automotive.eu\/fr\/wp-json\/wp\/v2\/comments?post=8387"}],"version-history":[{"count":0,"href":"https:\/\/as-automotive.eu\/fr\/wp-json\/wp\/v2\/pages\/8387\/revisions"}],"wp:attachment":[{"href":"https:\/\/as-automotive.eu\/fr\/wp-json\/wp\/v2\/media?parent=8387"}],"curies":[{"name":"wp","href":"https:\/\/api.w.org\/{rel}","templated":true}]}}