{"id":7075,"date":"2018-10-25T12:43:16","date_gmt":"2018-10-25T10:43:16","guid":{"rendered":"https:\/\/as-automotive.eu\/produkte\/produktgruppen-fr\/additive\/"},"modified":"2020-10-30T14:30:47","modified_gmt":"2020-10-30T13:30:47","slug":"additive","status":"publish","type":"page","link":"https:\/\/as-automotive.eu\/fr\/produkte\/produktgruppen-fr\/additive\/","title":{"rendered":"Additifs"},"content":{"rendered":"<div class=\"wpb-content-wrapper\"><p>[vc_row type=\u00a0\u00bbvc_default\u00a0\u00bb full_width=\u00a0\u00bbstretch_row\u00a0\u00bb css=\u00a0\u00bb.vc_custom_1540044663254{margin-bottom: 15px !important;background-position: center !important;background-repeat: no-repeat !important;background-size: contain !important;}\u00a0\u00bb][vc_column][vc_row_inner css=\u00a0\u00bb.vc_custom_1540039049438{margin-top: 30px !important;}\u00a0\u00bb][vc_column_inner][vc_raw_html css=\u00a0\u00bb.vc_custom_1604064622630{margin-bottom: 20px !important;}\u00a0\u00bb]JTNDaDIlM0VBZGRpdGlmcyUzQyUyRmgyJTNFJTBBJTNDaDMlMjBjbGFzcyUzRCUyMmFzdi1zdWJwcmV0ZXh0JTIyJTNFJTNDc3BhbiUyMGNsYXNzJTNEJTIycmVkLW9uZSUyMiUzRVBpdCUyMHN0b3AlMjAlM0MlMkZzcGFuJTNFJTIwcG91ciUyMHZvdHJlJTIwdiVDMyVBOWhpY3VsZSUyMSUzQyUyRmgzJTNF[\/vc_raw_html][vc_column_text css=\u00a0\u00bb.vc_custom_1604064639972{margin-top: 0px !important;}\u00a0\u00bb]Les additifs jouent un r\u00f4le central dans le domaine des carburants et des lubrifiants, ils sont donc un \u00e9l\u00e9ment essentiel. Aucun lubrifiant ne na\u00eet sans cet important \u00ab\u00a0ingr\u00e9dient\u00a0\u00bb. Les huiles de moteur modernes sont compos\u00e9es en grande partie d&rsquo;additifs<br \/>\n(15 \u00e0 30\u00a0%). Soigneusement s\u00e9lectionn\u00e9es et dot\u00e9es d&rsquo;une formule sp\u00e9ciale, elles garantissent que votre lubrifiant, que ce soit une huile de moteur, de transmission ou hydraulique, et m\u00eame votre carburant soient \u00e0 la hauteur des exigences des syst\u00e8mes de moteur et de carburant actuels.<\/p>\n<p>Les additifs d&rsquo;AS Performance assument et am\u00e9liorent les plus importantes fonctions de votre carburant et lubrifiant, tout en aidant au nettoyage et \u00e0 l&rsquo;entretien de l&rsquo;ensemble du syst\u00e8me de moteur, de carburant et d&rsquo;agr\u00e9gat. Avec les additifs d&rsquo;AS Performance, vous prot\u00e9gez votre moteur et de nombreux composants techniques de votre v\u00e9hicule. Ils permettent d&rsquo;augmenter la dur\u00e9e de vie, de maintenir la performance voire de l&rsquo;am\u00e9liorer, de diminuer votre consommation d&rsquo;huile et de carburant ainsi que de mieux prot\u00e9ger contre la corrosion.<\/p>\n<p>Les additifs AS Performance conviennent \u00e0 tous les types de v\u00e9hicules, que ce soit des moteurs essence ou diesel. Tous les syst\u00e8mes de carburant, de moteur et de v\u00e9hicule sont nettoy\u00e9s de mani\u00e8re fiable et soign\u00e9e. Cela inclut entre autres la climatisation, la direction assist\u00e9e, le syst\u00e8me de refroidissement ainsi que le syst\u00e8me d&rsquo;injection et de carburateur. Nos additifs vous aident \u00e0 maintenir et retrouver la performance initiale de votre moteur.[\/vc_column_text][\/vc_column_inner][\/vc_row_inner]<style type=\"text\/css\" data-type=\"the7_shortcodes-inline-css\">#default-btn-84f0eb2ef3e03ca4a5efb49c3c1eb67e.ico-right-side > i {\n  margin-right: 0px;\n  margin-left: 8px;\n}\n#default-btn-84f0eb2ef3e03ca4a5efb49c3c1eb67e > i {\n  margin-right: 8px;\n}<\/style><a href=\"\/produkte\/produktgruppen\/additive\/uebersicht-additive\/\" class=\"default-btn-shortcode dt-btn dt-btn-s link-hover-off asv-more asv-more-grey btn-inline-left \" id=\"default-btn-84f0eb2ef3e03ca4a5efb49c3c1eb67e\"><span>Aper\u00e7u des additifs<\/span><\/a>[\/vc_column][\/vc_row][vc_row type=\u00a0\u00bbvc_default\u00a0\u00bb full_width=\u00a0\u00bbstretch_row\u00a0\u00bb content_placement=\u00a0\u00bbmiddle\u00a0\u00bb parallax=\u00a0\u00bbcontent-moving\u00a0\u00bb parallax_image=\u00a0\u00bb3122&Prime; parallax_speed_bg=\u00a0\u00bb7&Prime; parallax_content=\u00a0\u00bbparallax_content_value\u00a0\u00bb parallax_content_sense=\u00a0\u00bb50&Prime; css=\u00a0\u00bb.vc_custom_1540296221029{margin-top: 0px !important;margin-bottom: 0px !important;padding-top: 20px !important;padding-bottom: 20px !important;background-position: center;background-repeat: no-repeat !important;background-size: cover !important;}\u00a0\u00bb][vc_column][\/vc_column][\/vc_row][vc_row type=\u00a0\u00bbvc_default\u00a0\u00bb full_width=\u00a0\u00bbstretch_row\u00a0\u00bb css=\u00a0\u00bb.vc_custom_1540044663254{margin-bottom: 15px !important;background-position: center !important;background-repeat: no-repeat !important;background-size: contain !important;}\u00a0\u00bb][vc_column][vc_row_inner][vc_column_inner width=\u00a0\u00bb2\/3&Prime;][vc_raw_html css=\u00a0\u00bb.vc_custom_1593520801967{margin-bottom: 20px !important;}\u00a0\u00bb]JTNDaDIlM0VBZGRpdGlmcyUyMGRlJTIwY2FyYnVyYW50JTIwJTNDJTJGaDIlM0U=[\/vc_raw_html][vc_column_text css=\u00a0\u00bb.vc_custom_1540045402625{margin-top: 0px !important;}\u00a0\u00bb]Les moteurs \u00e0 combustion sont des merveilles techniques. De v\u00e9ritables machines motrices. Les moteurs modernes sont d&rsquo;une haute technicit\u00e9 et toujours plus efficaces. En fonctionnement, les moteurs sont soumis \u00e0 des charges maximales. Surtout dans le domaine du sport automobile. Chaque processus de combustion \u00e9quivaut \u00e0 une petite explosion, menant \u00e0 la formation de r\u00e9sidus et m\u00eame de d\u00e9p\u00f4ts \u00e0 partir de particules ultrafines qui se fixent dans la chambre de combustion sur des \u00e9l\u00e9ments du moteur tr\u00e8s importants du point de vue technique. Les soupapes et injecteurs, les aiguilles d&rsquo;injecteur dans les moteurs diesel ainsi que l&rsquo;ensemble de la chambre de combustion sont concern\u00e9s par ces r\u00e9sidus nocifs du processus de combustion.<\/p>\n<p>Les additifs de carburant AS Performance peuvent emp\u00eacher la nouvelle apparition de ces d\u00e9p\u00f4ts et combattre d&rsquo;anciennes impuret\u00e9s. Pour vous, cela signifie de moindre co\u00fbts de r\u00e9paration et d&rsquo;entretien, une moindre consommation de carburant et une meilleure performance du moteur.[\/vc_column_text]<style type=\"text\/css\" data-type=\"the7_shortcodes-inline-css\">#default-btn-dca43c0a6da3b3e1c79c403c5e9d1dfd.ico-right-side > i {\n  margin-right: 0px;\n  margin-left: 8px;\n}\n#default-btn-dca43c0a6da3b3e1c79c403c5e9d1dfd > i {\n  margin-right: 8px;\n}<\/style><a href=\"\/produkte\/produktgruppen\/additive\/kraftstoffadditive\/\" class=\"default-btn-shortcode dt-btn dt-btn-s link-hover-off asv-more asv-more-grey btn-inline-left \" id=\"default-btn-dca43c0a6da3b3e1c79c403c5e9d1dfd\"><span>Aller aux additifs de carburant<\/span><\/a>[\/vc_column_inner][vc_column_inner width=\u00a0\u00bb1\/3&Prime;][vc_single_image img_size=\u00a0\u00bbmedium\u00a0\u00bb][\/vc_column_inner][\/vc_row_inner][\/vc_column][\/vc_row][vc_row type=\u00a0\u00bbvc_default\u00a0\u00bb full_width=\u00a0\u00bbstretch_row\u00a0\u00bb content_placement=\u00a0\u00bbmiddle\u00a0\u00bb parallax=\u00a0\u00bbcontent-moving\u00a0\u00bb parallax_image=\u00a0\u00bb3122&Prime; parallax_speed_bg=\u00a0\u00bb9&Prime; parallax_content=\u00a0\u00bbparallax_content_value\u00a0\u00bb parallax_content_sense=\u00a0\u00bb50&Prime; css=\u00a0\u00bb.vc_custom_1540296125698{margin-top: 0px !important;margin-bottom: 0px !important;padding-top: 20px !important;padding-bottom: 20px !important;background-image: url(https:\/\/as-automotive.eu\/wp-content\/uploads\/2018\/10\/ASV1-Germany00054.jpeg?id=3106) !important;background-position: center;background-repeat: no-repeat !important;background-size: cover !important;}\u00a0\u00bb][vc_column][\/vc_column][\/vc_row][vc_row type=\u00a0\u00bbvc_default\u00a0\u00bb full_width=\u00a0\u00bbstretch_row\u00a0\u00bb css=\u00a0\u00bb.vc_custom_1540044998500{margin-bottom: 80px !important;background-position: center !important;background-repeat: no-repeat !important;background-size: contain !important;}\u00a0\u00bb][vc_column][vc_row_inner][vc_column_inner width=\u00a0\u00bb1\/3&Prime;][vc_single_image img_size=\u00a0\u00bbmedium\u00a0\u00bb][\/vc_column_inner][vc_column_inner width=\u00a0\u00bb2\/3&Prime;][vc_raw_html css=\u00a0\u00bb.vc_custom_1593520931578{margin-bottom: 20px !important;}\u00a0\u00bb]JTNDaDIlM0VBZGRpdGlmcyUyMGRlJTIwc2VydmljZSUzQyUyRmgyJTNF[\/vc_raw_html][vc_column_text css=\u00a0\u00bb.vc_custom_1540045423972{margin-top: 0px !important;}\u00a0\u00bb]Nos additifs de service AS Performance nettoient, entretiennent et prot\u00e8gent les composants les plus importants et les syst\u00e8mes d&rsquo;agr\u00e9gat de votre v\u00e9hicule. Ils r\u00e9duisent la fr\u00e9quence des pannes, engendrent des \u00e9conomies gr\u00e2ce \u00e0 des intervalles prolong\u00e9s entre les entretiens, \u00e9vitent les temps d&rsquo;arr\u00eat inutiles et s\u00e9jours \u00e0 l&rsquo;atelier.[\/vc_column_text]<style type=\"text\/css\" data-type=\"the7_shortcodes-inline-css\">#default-btn-5330106c43a4d60463e1d14e0c9dfa62.ico-right-side > i {\n  margin-right: 0px;\n  margin-left: 8px;\n}\n#default-btn-5330106c43a4d60463e1d14e0c9dfa62 > i {\n  margin-right: 8px;\n}<\/style><a href=\"\/produkte\/produktgruppen\/additive\/serviceadditive\/\" class=\"default-btn-shortcode dt-btn dt-btn-s link-hover-off asv-more asv-more-grey btn-inline-left \" id=\"default-btn-5330106c43a4d60463e1d14e0c9dfa62\"><span>Aller aux additifs de service<\/span><\/a>[\/vc_column_inner][\/vc_row_inner][\/vc_column][\/vc_row]<\/p>\n<\/div>","protected":false},"excerpt":{"rendered":"<p>[vc_row type=\u00a0\u00bbvc_default\u00a0\u00bb full_width=\u00a0\u00bbstretch_row\u00a0\u00bb css=\u00a0\u00bb.vc_custom_1540044663254{margin-bottom: 15px !important;background-position: center !important;background-repeat: no-repeat !important;background-size: contain !important;}\u00a0\u00bb][vc_column][vc_row_inner css=\u00a0\u00bb.vc_custom_1540039049438{margin-top: 30px !important;}\u00a0\u00bb][vc_column_inner][vc_raw_html css=\u00a0\u00bb.vc_custom_1604064622630{margin-bottom: 20px !important;}\u00a0\u00bb]JTNDaDIlM0VBZGRpdGlmcyUzQyUyRmgyJTNFJTBBJTNDaDMlMjBjbGFzcyUzRCUyMmFzdi1zdWJwcmV0ZXh0JTIyJTNFJTNDc3BhbiUyMGNsYXNzJTNEJTIycmVkLW9uZSUyMiUzRVBpdCUyMHN0b3AlMjAlM0MlMkZzcGFuJTNFJTIwcG91ciUyMHZvdHJlJTIwdiVDMyVBOWhpY3VsZSUyMSUzQyUyRmgzJTNF[\/vc_raw_html][vc_column_text css=\u00a0\u00bb.vc_custom_1604064639972{margin-top: 0px !important;}\u00a0\u00bb]Les additifs jouent un r\u00f4le central dans le domaine des carburants et des lubrifiants, ils sont donc un \u00e9l\u00e9ment essentiel. Aucun lubrifiant ne na\u00eet sans cet important \u00ab\u00a0ingr\u00e9dient\u00a0\u00bb. Les huiles de moteur modernes sont compos\u00e9es&hellip;<\/p>\n","protected":false},"author":2,"featured_media":0,"parent":6209,"menu_order":0,"comment_status":"closed","ping_status":"closed","template":"","meta":{"_acf_changed":false,"footnotes":""},"class_list":["post-7075","page","type-page","status-publish","hentry","description-off"],"acf":[],"_links":{"self":[{"href":"https:\/\/as-automotive.eu\/fr\/wp-json\/wp\/v2\/pages\/7075","targetHints":{"allow":["GET"]}}],"collection":[{"href":"https:\/\/as-automotive.eu\/fr\/wp-json\/wp\/v2\/pages"}],"about":[{"href":"https:\/\/as-automotive.eu\/fr\/wp-json\/wp\/v2\/types\/page"}],"author":[{"embeddable":true,"href":"https:\/\/as-automotive.eu\/fr\/wp-json\/wp\/v2\/users\/2"}],"replies":[{"embeddable":true,"href":"https:\/\/as-automotive.eu\/fr\/wp-json\/wp\/v2\/comments?post=7075"}],"version-history":[{"count":13,"href":"https:\/\/as-automotive.eu\/fr\/wp-json\/wp\/v2\/pages\/7075\/revisions"}],"predecessor-version":[{"id":7849,"href":"https:\/\/as-automotive.eu\/fr\/wp-json\/wp\/v2\/pages\/7075\/revisions\/7849"}],"up":[{"embeddable":true,"href":"https:\/\/as-automotive.eu\/fr\/wp-json\/wp\/v2\/pages\/6209"}],"wp:attachment":[{"href":"https:\/\/as-automotive.eu\/fr\/wp-json\/wp\/v2\/media?parent=7075"}],"curies":[{"name":"wp","href":"https:\/\/api.w.org\/{rel}","templated":true}]}}