{"id":6263,"date":"2019-05-09T09:35:28","date_gmt":"2019-05-09T07:35:28","guid":{"rendered":"http:\/\/asv1.de\/?page_id=6263"},"modified":"2025-10-02T19:40:39","modified_gmt":"2025-10-02T17:40:39","slug":"serviceprodukte-fr","status":"publish","type":"page","link":"https:\/\/as-automotive.eu\/fr\/produkte\/produktgruppen-fr\/serviceprodukte-fr\/","title":{"rendered":"Produits de service &#8211; FR"},"content":{"rendered":"<div class=\"wpb-content-wrapper\"><p>[vc_row type=\u00a0\u00bbvc_default\u00a0\u00bb full_width=\u00a0\u00bbstretch_row\u00a0\u00bb css=\u00a0\u00bb.vc_custom_1540044663254{margin-bottom: 15px !important;background-position: center !important;background-repeat: no-repeat !important;background-size: contain !important;}\u00a0\u00bb][vc_column][vc_row_inner css=\u00a0\u00bb.vc_custom_1540039049438{margin-top: 30px !important;}\u00a0\u00bb][vc_column_inner width=\u00a0\u00bb1\/3&Prime;][vc_single_image image=\u00a0\u00bb5073&Prime; img_size=\u00a0\u00bbmedium\u00a0\u00bb][\/vc_column_inner][vc_column_inner width=\u00a0\u00bb2\/3&Prime;][vc_raw_html css=\u00a0\u00bb.vc_custom_1604053947525{margin-bottom: 20px !important;}\u00a0\u00bb]JTNDaDIlM0VMaXF1aWRlcyUyMGRlJTIwZnJlaW4lMjAlM0MlMkZoMiUzRSUwQSUzQ2gzJTIwY2xhc3MlM0QlMjJhc3Ytc3VicHJldGV4dCUyMiUzRSUzQ3NwYW4lMjBjbGFzcyUzRCUyMnJlZC1vbmUlMjIlM0UlQzMlODlxdWlsaWJyZSUyMGV0JTIwcyVDMyVBOWN1cml0JUMzJUE5JTNDJTJGc3BhbiUzRSUyMHBvdXIlMjB2b3VzJTIwZXQlMjAlM0NiciUzRXZvdHJlJTIwc3lzdCVDMyVBOG1lJTIwZGUlMjBmcmVpbmFnZSUyMSUzQyUyRmgzJTNF[\/vc_raw_html][vc_column_text css=\u00a0\u00bb.vc_custom_1590574998508{margin-top: 0px !important;}\u00a0\u00bb]Le syst\u00e8me de freinage de votre v\u00e9hicule vous prot\u00e8ge vous, vos passagers, les autres usagers de la route ainsi que, bien s\u00fbr, votre v\u00e9hicule. Les liquides de frein AS Performance sont des r\u00e9f\u00e9rences en mati\u00e8re de point d&rsquo;\u00e9bullition, de relation de viscosit\u00e9, de protection contre la corrosion, de stabilit\u00e9 \u00e0 l&rsquo;oxydation et de compatibilit\u00e9 \u00e0 l&rsquo;\u00e9lastom\u00e8re. Pour toute leur dur\u00e9e pr\u00e9vue d&rsquo;utilisation, les liquides de frein AS Performance assurent une performance optimale et des r\u00e9serves de s\u00e9curit\u00e9 d&rsquo;un niveau maximal pour votre syst\u00e8me de freinage.<\/p>\n<p>Le dispositif de freinage est d&rsquo;une importance capitale, notamment dans la course automobile. En effet, les liquides de frein dot\u00e9 de points d&rsquo;\u00e9bullition \u00e9lev\u00e9s sont exig\u00e9s et utilis\u00e9s en particulier pour les v\u00e9hicules performants et le sport automobile.[\/vc_column_text][\/vc_column_inner][\/vc_row_inner][vc_row_inner][vc_column_inner][vc_raw_html css=\u00a0\u00bb.vc_custom_1604053577949{margin-bottom: 20px !important;}\u00a0\u00bb]JTNDaDMlMjBjbGFzcyUzRCUyMmFzdi1zdWJwcmV0ZXh0JTIyJTNFJTNDc3BhbiUyMGNsYXNzJTNEJTIycmVkLW9uZSUyMiUzRUxlJTIwY2hvaXglMjBjb3JyZWN0JTNDJTJGc3BhbiUzRSUyMHBvdXIlMjB2b3RyZSUyMHMlQzMlQTljdXJpdCVDMyVBOSVDMiVBMCUyMSUzQyUyRmgzJTNF[\/vc_raw_html][vc_column_text css=\u00a0\u00bb.vc_custom_1590575030850{margin-top: 0px !important;}\u00a0\u00bb]Le choix d&rsquo;un liquide de frein adapt\u00e9 est d&rsquo;une extr\u00eame importance. C&rsquo;est justement aux parties de votre v\u00e9hicule li\u00e9es la s\u00e9curit\u00e9 que vous devriez accorder une attention particuli\u00e8re. Les exigences du constructeur automobile doivent absolument \u00eatre respect\u00e9es. Vous devriez \u00e9galement veiller \u00e0 changer le liquide de frein en temps voulu.<\/p>\n<p>Nos produits AS Performance satisfont les exigences s\u00e9curitaires les plus \u00e9lev\u00e9es m\u00eame lors de conditions d&rsquo;utilisation plus difficiles.<\/p>\n<p>Vous trouverez ici le produit ad\u00e9quat pour votre v\u00e9hicule.[\/vc_column_text][\/vc_column_inner][\/vc_row_inner]<style type=\"text\/css\" data-type=\"the7_shortcodes-inline-css\">#default-btn-07ef6bb7362e0b8cb731d65651beb93f.ico-right-side > i {\n  margin-right: 0px;\n  margin-left: 8px;\n}\n#default-btn-07ef6bb7362e0b8cb731d65651beb93f > i {\n  margin-right: 8px;\n}<\/style><a href=\"\/produkte\/produktgruppen\/serviceprodukte\/bremsfluessigkeit\/\" class=\"default-btn-shortcode dt-btn dt-btn-s link-hover-off asv-more asv-more-grey btn-inline-left \" id=\"default-btn-07ef6bb7362e0b8cb731d65651beb93f\"><span>Aller aux liquides de frein<\/span><\/a>[\/vc_column][\/vc_row][vc_row type=\u00a0\u00bbvc_default\u00a0\u00bb full_width=\u00a0\u00bbstretch_row\u00a0\u00bb content_placement=\u00a0\u00bbmiddle\u00a0\u00bb parallax=\u00a0\u00bbcontent-moving\u00a0\u00bb parallax_image=\u00a0\u00bb3178&Prime; parallax_speed_bg=\u00a0\u00bb3&Prime; parallax_content=\u00a0\u00bbparallax_content_value\u00a0\u00bb parallax_content_sense=\u00a0\u00bb50&Prime; css=\u00a0\u00bb.vc_custom_1540051875068{margin-top: 0px !important;margin-bottom: 0px !important;padding-top: 20px !important;padding-bottom: 20px !important;background-color: #474747 !important;background-position: center;background-repeat: no-repeat !important;background-size: cover !important;}\u00a0\u00bb][vc_column][\/vc_column][\/vc_row][vc_row type=\u00a0\u00bbvc_default\u00a0\u00bb full_width=\u00a0\u00bbstretch_row\u00a0\u00bb css=\u00a0\u00bb.vc_custom_1540044663254{margin-bottom: 15px !important;background-position: center !important;background-repeat: no-repeat !important;background-size: contain !important;}\u00a0\u00bb][vc_column][vc_row_inner][vc_column_inner width=\u00a0\u00bb2\/3&Prime;][vc_raw_html css=\u00a0\u00bb.vc_custom_1604053589934{margin-bottom: 20px !important;}\u00a0\u00bb]JTNDaDIlM0VHcmFpc3NlcyUyMHRlY2huaXF1ZXMlMjAlMkYlMjBncmFpc3NlcyUyMG11bHRpZm9uY3Rpb25zJTNDJTJGaDIlM0UlMEElM0NoMyUyMGNsYXNzJTNEJTIyYXN2LXN1YnByZXRleHQlMjIlM0UlM0NzcGFuJTIwY2xhc3MlM0QlMjJyZWQtb25lJTIyJTNFUGVyZm9ybWFuY2UlMjBkZSUyMDElQzMlQThyZSUzQyUyRnNwYW4lM0UlMjBxdWFsaXQlQzMlQTklMjBzYW5zJTIwYXVjdW4lMjAlQzMlQTljaGF1ZmZlbWVudCUyMSUwQSUzQyUyRmgzJTNF[\/vc_raw_html][vc_column_text css=\u00a0\u00bb.vc_custom_1590575089880{margin-top: 0px !important;}\u00a0\u00bb]Les graisses sont utilis\u00e9es partout o\u00f9 des \u00e9l\u00e9ments mobiles se touchent. Coussinets, jonctions et articulations ne sont que quelques exemples des nombreuses possibilit\u00e9s d&rsquo;utilisation des graisses. Elles emp\u00eachent le frottement m\u00e9canique, diminuant ainsi l&rsquo;usure li\u00e9 au temps.<\/p>\n<p>Les graisses AS Performance forment une couche particuli\u00e8rement efficaces entre les surfaces graiss\u00e9es. Elles sont particuli\u00e8rement anticorrosives, r\u00e9sistantes \u00e0 l&rsquo;eau et extr\u00eamement stable face \u00e0 l&rsquo;oxydation. Les graisses d&rsquo;AS Performance emp\u00eachent ainsi les pertes de puissance et d&rsquo;\u00e9nergie par le frottement et aident \u00e0 r\u00e9duire au minimum l&rsquo;usure.<\/p>\n<p>Vous trouverez ici la meilleure protection contre l&rsquo;usure AS Performance pour une solution optimale tant du point de vue technique qu&rsquo;\u00e9conomique.[\/vc_column_text]<style type=\"text\/css\" data-type=\"the7_shortcodes-inline-css\">#default-btn-bcd62fc8932f6cfc8a0e0d368e268aed.ico-right-side > i {\n  margin-right: 0px;\n  margin-left: 8px;\n}\n#default-btn-bcd62fc8932f6cfc8a0e0d368e268aed > i {\n  margin-right: 8px;\n}<\/style><a href=\"\/produkte\/produktgruppen\/serviceprodukte\/mehrzwecksfette\/\" class=\"default-btn-shortcode dt-btn dt-btn-s link-hover-off asv-more asv-more-grey btn-inline-left \" id=\"default-btn-bcd62fc8932f6cfc8a0e0d368e268aed\"><span>Aller aux graisses multifonctions<\/span><\/a>[\/vc_column_inner][vc_column_inner width=\u00a0\u00bb1\/3&Prime;][vc_single_image image=\u00a0\u00bb5085&Prime; img_size=\u00a0\u00bbmedium\u00a0\u00bb][\/vc_column_inner][\/vc_row_inner][\/vc_column][\/vc_row][vc_row type=\u00a0\u00bbvc_default\u00a0\u00bb full_width=\u00a0\u00bbstretch_row\u00a0\u00bb content_placement=\u00a0\u00bbmiddle\u00a0\u00bb parallax=\u00a0\u00bbcontent-moving\u00a0\u00bb parallax_image=\u00a0\u00bb3178&Prime; parallax_speed_bg=\u00a0\u00bb7&Prime; parallax_content=\u00a0\u00bbparallax_content_value\u00a0\u00bb parallax_content_sense=\u00a0\u00bb50&Prime; css=\u00a0\u00bb.vc_custom_1540051897609{margin-top: 0px !important;margin-bottom: 0px !important;padding-top: 20px !important;padding-bottom: 20px !important;background-color: #474747 !important;background-position: center;background-repeat: no-repeat !important;background-size: cover !important;}\u00a0\u00bb][vc_column][\/vc_column][\/vc_row][vc_row type=\u00a0\u00bbvc_default\u00a0\u00bb full_width=\u00a0\u00bbstretch_row\u00a0\u00bb css=\u00a0\u00bb.vc_custom_1540051939507{background-position: center !important;background-repeat: no-repeat !important;background-size: contain !important;}\u00a0\u00bb][vc_column][vc_row_inner][vc_column_inner width=\u00a0\u00bb1\/3&Prime;][vc_single_image image=\u00a0\u00bb5077&Prime; img_size=\u00a0\u00bbmedium\u00a0\u00bb][\/vc_column_inner][vc_column_inner width=\u00a0\u00bb2\/3&Prime;][vc_raw_html css=\u00a0\u00bb.vc_custom_1604053602254{margin-bottom: 20px !important;}\u00a0\u00bb]JTNDaDIlM0VQcm9kdWl0cyUyMGQlMjdlbnRyZXRpZW4lMjBoaXZlcm5hdXglMjAlMjAlMkYlMjBwcm90ZWN0aW9ucyUyMGFudGlnZWwlMjBkZXMlMjB2aXRyZXMlM0MlMkZoMiUzRSUwQSUzQ2gzJTIwY2xhc3MlM0QlMjJhc3Ytc3VicHJldGV4dCUyMiUzRSUzQ3NwYW4lMjBjbGFzcyUzRCUyMnJlZC1vbmUlMjIlM0VUZW1wJUMzJUE5cmF0dXJlcyUyMGdsYWNpYWxlcyUzRiUzQyUyRnNwYW4lM0UlMjBWaXRlJTJDJTIwYXUlMjBiYW5jJTIwZCUyN2Vzc2FpJTIxJTNDJTJGaDMlM0U=[\/vc_raw_html][vc_column_text css=\u00a0\u00bb.vc_custom_1590575133350{margin-top: 0px !important;}\u00a0\u00bb]Temp\u00e9ratures glaciales? Vite, au banc d&rsquo;essai!<br \/>\nLes temp\u00e9ratures baissent de plus en plus. Les vitres s&#8217;embuent et givrent.<br \/>\nLa protection antigel et les produits de nettoyage pour vitres d&rsquo;AS Performance sont con\u00e7us sp\u00e9cialement pour garantir une bonne visibilit\u00e9 constante m\u00eame dans les pires conditions climatiques et de circulation. Les inhibiteurs assurent l&rsquo;\u00e9limination s\u00e9curis\u00e9e des salet\u00e9s de la route et des r\u00e9sidus de sel. La formation de traces sur le pare-brise est activement \u00e9vit\u00e9e, augmentant ainsi votre s\u00e9curit\u00e9 m\u00eame par conditions m\u00e9t\u00e9orologiques difficiles.[\/vc_column_text]<style type=\"text\/css\" data-type=\"the7_shortcodes-inline-css\">#default-btn-4981fa44ecd94c765156344e8bc84b1b.ico-right-side > i {\n  margin-right: 0px;\n  margin-left: 8px;\n}\n#default-btn-4981fa44ecd94c765156344e8bc84b1b > i {\n  margin-right: 8px;\n}<\/style><a href=\"\/produkte\/produktgruppen\/serviceprodukte\/winterchemie\/\" class=\"default-btn-shortcode dt-btn dt-btn-s link-hover-off asv-more asv-more-grey btn-inline-left \" id=\"default-btn-4981fa44ecd94c765156344e8bc84b1b\"><span>Aller aux produits d&rsquo;entretien hivernaux<\/span><\/a>[\/vc_column_inner][\/vc_row_inner][\/vc_column][\/vc_row][vc_row type=\u00a0\u00bbvc_default\u00a0\u00bb full_width=\u00a0\u00bbstretch_row\u00a0\u00bb content_placement=\u00a0\u00bbmiddle\u00a0\u00bb parallax=\u00a0\u00bbcontent-moving\u00a0\u00bb parallax_image=\u00a0\u00bb3178&Prime; parallax_speed_bg=\u00a0\u00bb9&Prime; parallax_content=\u00a0\u00bbparallax_content_value\u00a0\u00bb parallax_content_sense=\u00a0\u00bb50&Prime; css=\u00a0\u00bb.vc_custom_1540051961188{margin-top: 0px !important;margin-bottom: 0px !important;padding-top: 20px !important;padding-bottom: 20px !important;background-color: #474747 !important;background-position: center;background-repeat: no-repeat !important;background-size: cover !important;}\u00a0\u00bb][vc_column][\/vc_column][\/vc_row][vc_row type=\u00a0\u00bbvc_default\u00a0\u00bb full_width=\u00a0\u00bbstretch_row\u00a0\u00bb css=\u00a0\u00bb.vc_custom_1540044663254{margin-bottom: 15px !important;background-position: center !important;background-repeat: no-repeat !important;background-size: contain !important;}\u00a0\u00bb][vc_column][vc_row_inner][vc_column_inner width=\u00a0\u00bb2\/3&Prime;][vc_raw_html css=\u00a0\u00bb.vc_custom_1604053615936{margin-bottom: 20px !important;}\u00a0\u00bb]JTNDaDIlM0VQcm9kdWl0cyUyMGRlJTIwbmV0dG95YWdlJTNDJTJGaDIlM0UlMEElM0NoMyUyMGNsYXNzJTNEJTIyYXN2LXN1YnByZXRleHQlMjIlM0UlM0NzcGFuJTIwY2xhc3MlM0QlMjJyZWQtb25lJTIyJTNFTmV0dG95YWdlJTNDJTJGc3BhbiUzRSUyMGV0JTIwZW50cmV0aWVuJTIwZGUlMjAxJUMzJUE4cmUlMjBxdWFsaXQlQzMlQTklMjElM0MlMkZoMyUzRQ==[\/vc_raw_html][vc_column_text css=\u00a0\u00bb.vc_custom_1590575168024{margin-top: 0px !important;}\u00a0\u00bb]L&rsquo;entretien automobile est agr\u00e9able, \u00e9pargne le porte-monnaie et permet de maintenir longtemps la valeur de votre v\u00e9hicule. L&rsquo;int\u00e9rieur du v\u00e9hicule requiert des soins tout au long de l&rsquo;ann\u00e9e. Durant les mois les plus froids, ce sont la glace, le sel et la poussi\u00e8re \u00e0 la surface de la route qui donnent du fil \u00e0 retordre \u00e0 votre v\u00e9hicule. Les impuret\u00e9s doivent \u00eatre \u00e9limin\u00e9es rapidement et r\u00e9guli\u00e8rement. Au printemps et en \u00e9t\u00e9, ce sont avant tout les insectes, le pollen, la r\u00e9sine d&rsquo;arbre et les restes de goudron qui doivent \u00eatre retir\u00e9s de la carrosserie et des vitres.<\/p>\n<p>Nos produits de nettoyage AS Performance soignent et prot\u00e8gent votre v\u00e9hicule. Qualit\u00e9 sup\u00e9rieure.[\/vc_column_text]<style type=\"text\/css\" data-type=\"the7_shortcodes-inline-css\">#default-btn-c2f1992f7fcc2c6ba589c78841d67746.ico-right-side > i {\n  margin-right: 0px;\n  margin-left: 8px;\n}\n#default-btn-c2f1992f7fcc2c6ba589c78841d67746 > i {\n  margin-right: 8px;\n}<\/style><a href=\"\/produkte\/produktgruppen\/serviceprodukte\/reiniger\/\" class=\"default-btn-shortcode dt-btn dt-btn-s link-hover-off asv-more asv-more-grey btn-inline-left \" id=\"default-btn-c2f1992f7fcc2c6ba589c78841d67746\"><span>Aller aux produits de nettoyage<\/span><\/a>[\/vc_column_inner][vc_column_inner width=\u00a0\u00bb1\/3&Prime;][vc_single_image image=\u00a0\u00bb8131&Prime; img_size=\u00a0\u00bbmedium\u00a0\u00bb css=\u00a0\u00bb\u00a0\u00bb][\/vc_column_inner][\/vc_row_inner][\/vc_column][\/vc_row][vc_row type=\u00a0\u00bbvc_default\u00a0\u00bb full_width=\u00a0\u00bbstretch_row\u00a0\u00bb content_placement=\u00a0\u00bbmiddle\u00a0\u00bb parallax=\u00a0\u00bbcontent-moving\u00a0\u00bb parallax_image=\u00a0\u00bb3178&Prime; parallax_speed_bg=\u00a0\u00bb11&Prime; parallax_content=\u00a0\u00bbparallax_content_value\u00a0\u00bb parallax_content_sense=\u00a0\u00bb50&Prime; css=\u00a0\u00bb.vc_custom_1540051979816{margin-top: 0px !important;margin-bottom: 0px !important;padding-top: 20px !important;padding-bottom: 20px !important;background-color: #474747 !important;background-position: center;background-repeat: no-repeat !important;background-size: cover !important;}\u00a0\u00bb][vc_column][\/vc_column][\/vc_row][vc_row type=\u00a0\u00bbvc_default\u00a0\u00bb full_width=\u00a0\u00bbstretch_row\u00a0\u00bb css=\u00a0\u00bb.vc_custom_1540052016885{background-position: center !important;background-repeat: no-repeat !important;background-size: contain !important;}\u00a0\u00bb][vc_column][vc_row_inner][vc_column_inner width=\u00a0\u00bb1\/3&Prime;][vc_single_image image=\u00a0\u00bb5089&Prime; img_size=\u00a0\u00bbmedium\u00a0\u00bb][\/vc_column_inner][vc_column_inner width=\u00a0\u00bb2\/3&Prime;][vc_raw_html css=\u00a0\u00bb.vc_custom_1604054055835{margin-bottom: 20px !important;}\u00a0\u00bb]JTNDaDIlMjBjbGFzcyUzRCUyMmFkYmx1ZSUyMiUzRUFkQmx1ZSUzQ3N1cCUzRSVDMiVBRSUzQyUyRnN1cCUzRSUzQyUyRmgyJTNFJTBBJTNDaDMlMjBjbGFzcyUzRCUyMmFzdi1zdWJwcmV0ZXh0JTIyJTNFJTNDc3BhbiUyMGNsYXNzJTNEJTIycmVkLW9uZSUyMiUzRVBvc3R0cmFpdGVtZW50JTIwZGVzJTIwZ2F6JTIwZCUyNyVDMyVBOWNoYXBwZW1lbnQuJTNDJTJGc3BhbiUzRSUzQ2JyJTNFUG91ciUyMGwlMjdhbW91ciUyMGRlJTIwbCUyN2Vudmlyb25uZW1lbnQlMjElM0MlMkZoMyUzRQ==[\/vc_raw_html][vc_column_text css=\u00a0\u00bb.vc_custom_1590575208954{margin-top: 0px !important;}\u00a0\u00bb]Le posttraitement des gaz d&rsquo;\u00e9chappement avec AdBlue<sup>\u00ae<\/sup> d&rsquo;AS Performance permet une r\u00e9duction jusqu&rsquo;\u00e0 90 pour cent de l&rsquo;oxyde d&rsquo;azote \u00e9mis (NOx).[\/vc_column_text]<style type=\"text\/css\" data-type=\"the7_shortcodes-inline-css\">#default-btn-b540a6842d84e375868aa9c1206e6fc7.ico-right-side > i {\n  margin-right: 0px;\n  margin-left: 8px;\n}\n#default-btn-b540a6842d84e375868aa9c1206e6fc7 > i {\n  margin-right: 8px;\n}<\/style><a href=\"\/produkte\/produktgruppen\/serviceprodukte\/adblue\/\" class=\"default-btn-shortcode dt-btn dt-btn-s link-hover-off asv-more asv-more-grey btn-inline-left \" id=\"default-btn-b540a6842d84e375868aa9c1206e6fc7\"><span>Aller aux produits AdBlue<\/span><\/a>[\/vc_column_inner][\/vc_row_inner][\/vc_column][\/vc_row][vc_row type=\u00a0\u00bbvc_default\u00a0\u00bb full_width=\u00a0\u00bbstretch_row\u00a0\u00bb content_placement=\u00a0\u00bbmiddle\u00a0\u00bb parallax=\u00a0\u00bbcontent-moving\u00a0\u00bb parallax_image=\u00a0\u00bb3178&Prime; parallax_speed_bg=\u00a0\u00bb12&Prime; parallax_content=\u00a0\u00bbparallax_content_value\u00a0\u00bb parallax_content_sense=\u00a0\u00bb50&Prime; css=\u00a0\u00bb.vc_custom_1540051995466{margin-top: 0px !important;margin-bottom: 0px !important;padding-top: 20px !important;padding-bottom: 20px !important;background-color: #474747 !important;background-position: center;background-repeat: no-repeat !important;background-size: cover !important;}\u00a0\u00bb][vc_column][\/vc_column][\/vc_row][vc_row type=\u00a0\u00bbvc_default\u00a0\u00bb full_width=\u00a0\u00bbstretch_row\u00a0\u00bb css=\u00a0\u00bb.vc_custom_1540052006372{margin-bottom: 80px !important;background-position: center !important;background-repeat: no-repeat !important;background-size: contain !important;}\u00a0\u00bb][vc_column][vc_row_inner][vc_column_inner width=\u00a0\u00bb2\/3&Prime;][vc_raw_html css=\u00a0\u00bb.vc_custom_1604053639305{margin-bottom: 20px !important;}\u00a0\u00bb]JTNDaDIlM0VBY2Nlc3NvaXJlcyUzQyUyRmgyJTNFJTBBJTNDaDMlMjBjbGFzcyUzRCUyMmFzdi1zdWJwcmV0ZXh0JTIyJTNFJTNDc3BhbiUyMGNsYXNzJTNEJTIycmVkLW9uZSUyMiUzRUJpZW4lMjAlQzMlQTlxdWlwJUMzJUE5LiUzQyUyRnNwYW4lM0UlMjAlQzMlODAlMjB0b3V0JTIwbW9tZW50JTIxJTNDJTJGaDMlM0U=[\/vc_raw_html][vc_column_text css=\u00a0\u00bb.vc_custom_1590575242539{margin-top: 0px !important;}\u00a0\u00bb]Vous cherchez des accessoires d&rsquo;AS Performance?<br \/>\nEn quelques clics, vous trouverez ici notre offre compl\u00e8te d&rsquo;accessoires.[\/vc_column_text]<style type=\"text\/css\" data-type=\"the7_shortcodes-inline-css\">#default-btn-39b977a04bbcc0878c8459084e919bbc.ico-right-side > i {\n  margin-right: 0px;\n  margin-left: 8px;\n}\n#default-btn-39b977a04bbcc0878c8459084e919bbc > i {\n  margin-right: 8px;\n}<\/style><a href=\"\/produkte\/produktgruppen\/serviceprodukte\/zubehoer\/\" class=\"default-btn-shortcode dt-btn dt-btn-s link-hover-off asv-more asv-more-grey btn-inline-left \" id=\"default-btn-39b977a04bbcc0878c8459084e919bbc\"><span>Aller aux accessoires<\/span><\/a>[\/vc_column_inner][vc_column_inner width=\u00a0\u00bb1\/3&Prime;][vc_single_image image=\u00a0\u00bb7680&Prime; img_size=\u00a0\u00bbmedium\u00a0\u00bb][\/vc_column_inner][\/vc_row_inner][\/vc_column][\/vc_row]<\/p>\n<\/div>","protected":false},"excerpt":{"rendered":"<p>[vc_row type=\u00a0\u00bbvc_default\u00a0\u00bb full_width=\u00a0\u00bbstretch_row\u00a0\u00bb css=\u00a0\u00bb.vc_custom_1540044663254{margin-bottom: 15px !important;background-position: center !important;background-repeat: no-repeat !important;background-size: contain !important;}\u00a0\u00bb][vc_column][vc_row_inner css=\u00a0\u00bb.vc_custom_1540039049438{margin-top: 30px !important;}\u00a0\u00bb][vc_column_inner width=\u00a0\u00bb1\/3&Prime;][vc_single_image image=\u00a0\u00bb5073&Prime; img_size=\u00a0\u00bbmedium\u00a0\u00bb][\/vc_column_inner][vc_column_inner width=\u00a0\u00bb2\/3&Prime;][vc_raw_html css=\u00a0\u00bb.vc_custom_1604053947525{margin-bottom: 20px !important;}\u00a0\u00bb]JTNDaDIlM0VMaXF1aWRlcyUyMGRlJTIwZnJlaW4lMjAlM0MlMkZoMiUzRSUwQSUzQ2gzJTIwY2xhc3MlM0QlMjJhc3Ytc3VicHJldGV4dCUyMiUzRSUzQ3NwYW4lMjBjbGFzcyUzRCUyMnJlZC1vbmUlMjIlM0UlQzMlODlxdWlsaWJyZSUyMGV0JTIwcyVDMyVBOWN1cml0JUMzJUE5JTNDJTJGc3BhbiUzRSUyMHBvdXIlMjB2b3VzJTIwZXQlMjAlM0NiciUzRXZvdHJlJTIwc3lzdCVDMyVBOG1lJTIwZGUlMjBmcmVpbmFnZSUyMSUzQyUyRmgzJTNF[\/vc_raw_html][vc_column_text css=\u00a0\u00bb.vc_custom_1590574998508{margin-top: 0px !important;}\u00a0\u00bb]Le syst\u00e8me de freinage de votre v\u00e9hicule vous prot\u00e8ge vous, vos passagers, les autres usagers de la route ainsi que, bien s\u00fbr, votre v\u00e9hicule. Les liquides de frein AS Performance sont&hellip;<\/p>\n","protected":false},"author":2,"featured_media":0,"parent":6209,"menu_order":0,"comment_status":"closed","ping_status":"closed","template":"","meta":{"_acf_changed":false,"footnotes":""},"class_list":["post-6263","page","type-page","status-publish","hentry","description-off"],"acf":[],"_links":{"self":[{"href":"https:\/\/as-automotive.eu\/fr\/wp-json\/wp\/v2\/pages\/6263","targetHints":{"allow":["GET"]}}],"collection":[{"href":"https:\/\/as-automotive.eu\/fr\/wp-json\/wp\/v2\/pages"}],"about":[{"href":"https:\/\/as-automotive.eu\/fr\/wp-json\/wp\/v2\/types\/page"}],"author":[{"embeddable":true,"href":"https:\/\/as-automotive.eu\/fr\/wp-json\/wp\/v2\/users\/2"}],"replies":[{"embeddable":true,"href":"https:\/\/as-automotive.eu\/fr\/wp-json\/wp\/v2\/comments?post=6263"}],"version-history":[{"count":17,"href":"https:\/\/as-automotive.eu\/fr\/wp-json\/wp\/v2\/pages\/6263\/revisions"}],"predecessor-version":[{"id":8144,"href":"https:\/\/as-automotive.eu\/fr\/wp-json\/wp\/v2\/pages\/6263\/revisions\/8144"}],"up":[{"embeddable":true,"href":"https:\/\/as-automotive.eu\/fr\/wp-json\/wp\/v2\/pages\/6209"}],"wp:attachment":[{"href":"https:\/\/as-automotive.eu\/fr\/wp-json\/wp\/v2\/media?parent=6263"}],"curies":[{"name":"wp","href":"https:\/\/api.w.org\/{rel}","templated":true}]}}