{"id":6256,"date":"2019-05-09T09:33:42","date_gmt":"2019-05-09T07:33:42","guid":{"rendered":"http:\/\/asv1.de\/?page_id=6256"},"modified":"2025-10-02T19:15:32","modified_gmt":"2025-10-02T17:15:32","slug":"kuehlerschutz-fr","status":"publish","type":"page","link":"https:\/\/as-automotive.eu\/fr\/produkte\/produktgruppen-fr\/kuehlerschutz-fr\/","title":{"rendered":"Liquides de refroidissement &#8211; FR"},"content":{"rendered":"<div class=\"wpb-content-wrapper\"><p>[vc_row type=\u00a0\u00bbvc_default\u00a0\u00bb full_width=\u00a0\u00bbstretch_row\u00a0\u00bb css=\u00a0\u00bb.vc_custom_1540044663254{margin-bottom: 15px !important;background-position: center !important;background-repeat: no-repeat !important;background-size: contain !important;}\u00a0\u00bb][vc_column][vc_row_inner css=\u00a0\u00bb.vc_custom_1540373564536{margin-top: 30px !important;margin-bottom: 10px !important;}\u00a0\u00bb][vc_column_inner][vc_raw_html css=\u00a0\u00bb.vc_custom_1604066427763{margin-bottom: 10px !important;}\u00a0\u00bb]JTNDaDIlM0VMaXF1aWRlcyUyMGRlJTIwcmVmcm9pZGlzc2VtZW50JTJGJTIwQW50aWZyZWV6ZSUzQyUyRmgyJTNFJTBBJTNDaDMlMjBjbGFzcyUzRCUyMmFzdi1zdWJwcmV0ZXh0JTIyJTNFJTNDc3BhbiUyMGNsYXNzJTNEJTIycmVkLW9uZSUyMiUzRSUyMDElQzMlQThyZSUyMHF1YWxpdCVDMyVBOSUyMCUzQyUyRnNwYW4lM0UlMjBwb3VyJTIwdm90cmUlMjBzeXN0JUMzJUE4bWUlMjBkZSUyMHJlZnJvaWRpc3NlbWVudCUyMSUzQyUyRmgzJTNF[\/vc_raw_html][\/vc_column_inner][\/vc_row_inner][vc_row_inner css=\u00a0\u00bb.vc_custom_1540046609646{margin-top: 0px !important;}\u00a0\u00bb][vc_column_inner width=\u00a0\u00bb2\/3&Prime;][vc_column_text css=\u00a0\u00bb.vc_custom_1590574536724{margin-top: 0px !important;}\u00a0\u00bb]Nos produits antigel pour radiateurs AS Performance offrent \u00e0 votre syst\u00e8me de refroidissement une excellente protection contre la corrosion, une temp\u00e9rature stable et \u00e9vitent les d\u00e9p\u00f4ts et salissures.<\/p>\n<p>Les produits antifreeze\/ coolant d&rsquo;AS Performance forment des couches de protection extr\u00eamement stables et dynamiques, vous garantissant ainsi toute l&rsquo;ann\u00e9e le fonctionnement s\u00e9curis\u00e9 et la disponibilit\u00e9 de votre syst\u00e8me de refroidissement.[\/vc_column_text][\/vc_column_inner][vc_column_inner width=\u00a0\u00bb1\/3&Prime;][\/vc_column_inner][\/vc_row_inner][vc_row_inner][vc_column_inner width=\u00a0\u00bb2\/3&Prime;][vc_raw_html css=\u00a0\u00bb.vc_custom_1604066438248{margin-bottom: 0px !important;}\u00a0\u00bb]JTNDaDMlMjBjbGFzcyUzRCUyMmFzdi1zdWJwcmV0ZXh0JTIyJTNFJTNDc3BhbiUyMGNsYXNzJTNEJTIycmVkLW9uZSUyMiUzRUlsJTIweSUyMGElMjBsaXF1aWRlJTIwZGUlMjByZWZyb2lkaXNzZW1lbnQlM0MlMkZzcGFuJTNFJTIwZXQlMjBsaXF1aWRlJTIwZGUlMjByZWZyb2lkaXNzZW1lbnQlMjElM0MlMkZoMyUzRQ==[\/vc_raw_html][vc_column_text css=\u00a0\u00bb.vc_custom_1590574606623{margin-top: 0px !important;}\u00a0\u00bb]Tous les moteurs et types de v\u00e9hicules ont des exigences diff\u00e9rentes en ce qui concerne le liquide de refroidissement utilis\u00e9. Environ 150 litres de liquide de refroidissement sont pomp\u00e9s chaque minute par le syst\u00e8me de refroidissement d&rsquo;une voiture. Ce faisant, le produit est soumis \u00e0 de fortes pressions.<\/p>\n<p>Gr\u00e2ce \u00e0 ses inhibiteurs d&rsquo;excellente qualit\u00e9, la protection antigel pour radiateurs AS Performance emp\u00eache la formation de r\u00e9sidus dans le syst\u00e8me de refroidissement. La chaleur est \u00e9vacu\u00e9e de mani\u00e8re fiable et les joints ainsi que les \u00e9l\u00e9ments en polym\u00e8re \u00e0 l&rsquo;int\u00e9rieur du syst\u00e8me de refroidissement sont \u00e9pargn\u00e9s autant que possible. Le liquide de refroidissement AS Performance aide donc \u00e0 \u00e9viter les r\u00e9parations inutiles et co\u00fbteuses de votre syst\u00e8me de refroidissement.[\/vc_column_text][\/vc_column_inner][vc_column_inner width=\u00a0\u00bb1\/3&Prime;][\/vc_column_inner][\/vc_row_inner][\/vc_column][\/vc_row][vc_row type=\u00a0\u00bbvc_default\u00a0\u00bb full_width=\u00a0\u00bbstretch_row\u00a0\u00bb content_placement=\u00a0\u00bbmiddle\u00a0\u00bb parallax=\u00a0\u00bbcontent-moving\u00a0\u00bb parallax_image=\u00a0\u00bb3132&Prime; parallax_speed_bg=\u00a0\u00bb7&Prime; parallax_content=\u00a0\u00bbparallax_content_value\u00a0\u00bb parallax_content_sense=\u00a0\u00bb50&Prime; css=\u00a0\u00bb.vc_custom_1540296177450{margin-top: 0px !important;margin-bottom: 0px !important;padding-top: 20px !important;padding-bottom: 20px !important;background-position: center;background-repeat: no-repeat !important;background-size: cover !important;}\u00a0\u00bb][vc_column][\/vc_column][\/vc_row][vc_row type=\u00a0\u00bbvc_default\u00a0\u00bb full_width=\u00a0\u00bbstretch_row\u00a0\u00bb css=\u00a0\u00bb.vc_custom_1540044663254{margin-bottom: 15px !important;background-position: center !important;background-repeat: no-repeat !important;background-size: contain !important;}\u00a0\u00bb][vc_column][vc_row_inner][vc_column_inner width=\u00a0\u00bb2\/3&Prime;][vc_raw_html css=\u00a0\u00bb.vc_custom_1604066448476{margin-bottom: 0px !important;}\u00a0\u00bb]JTNDaDIlM0VQcm90ZWN0aW9uJTIwYW50aWdlbCUyMHBvdXIlMjByYWRpYXRldXJzJTIwZHVyYWJsZXMlMjBldCUyMGNvbmNlbnRyJUMzJUE5cyUyMEFTJTIwUGVyZm9ybWFuY2UlM0MlMkZoMiUzRSUwQSUzQ2gzJTIwY2xhc3MlM0QlMjJhc3Ytc3VicHJldGV4dCUyMiUzRSUzQ3NwYW4lMjBjbGFzcyUzRCUyMnJlZC1vbmUlMjIlM0VSYXZpdGFpbGxlbWVudCUzQyUyRnNwYW4lM0UlMjBkdSUyMG1laWxsZXVyJTIwbml2ZWF1JTIxJTBBJTNDJTJGaDMlM0U=[\/vc_raw_html][vc_column_text css=\u00a0\u00bb.vc_custom_1590574780539{margin-top: 0px !important;}\u00a0\u00bb]Nos produits concentr\u00e9s AS Performance et liquides de refroidissement durables ou produits longue vie doivent \u00eatre dilu\u00e9s avec de l&rsquo;eau avant utilisation.[\/vc_column_text]<style type=\"text\/css\" data-type=\"the7_shortcodes-inline-css\">#default-btn-23216967943a823c5f6f3ad06eab577c.ico-right-side > i {\n  margin-right: 0px;\n  margin-left: 8px;\n}\n#default-btn-23216967943a823c5f6f3ad06eab577c > i {\n  margin-right: 8px;\n}<\/style><a href=\"\/produkte\/produktgruppen\/kuehlerschutz\/kuehlerfrostschutz\/\" class=\"default-btn-shortcode dt-btn dt-btn-s link-hover-off asv-more asv-more-grey btn-inline-left \" id=\"default-btn-23216967943a823c5f6f3ad06eab577c\"><span>Allez aux produits de protection antigel pour radiateurs durables et concentr\u00e9s<\/span><\/a>[\/vc_column_inner][vc_column_inner width=\u00a0\u00bb1\/3&Prime;][vc_single_image image=\u00a0\u00bb8119&Prime; img_size=\u00a0\u00bbmedium\u00a0\u00bb css=\u00a0\u00bb\u00a0\u00bb][\/vc_column_inner][\/vc_row_inner][\/vc_column][\/vc_row][vc_row type=\u00a0\u00bbvc_default\u00a0\u00bb full_width=\u00a0\u00bbstretch_row\u00a0\u00bb content_placement=\u00a0\u00bbmiddle\u00a0\u00bb parallax=\u00a0\u00bbcontent-moving\u00a0\u00bb parallax_image=\u00a0\u00bb3132&Prime; parallax_speed_bg=\u00a0\u00bb9&Prime; parallax_content=\u00a0\u00bbparallax_content_value\u00a0\u00bb parallax_content_sense=\u00a0\u00bb50&Prime; css=\u00a0\u00bb.vc_custom_1540296170460{margin-top: 0px !important;margin-bottom: 0px !important;padding-top: 20px !important;padding-bottom: 20px !important;background-image: url(https:\/\/as-automotive.eu\/wp-content\/uploads\/2018\/10\/ASV1-Germany00054.jpeg?id=3106) !important;background-position: center;background-repeat: no-repeat !important;background-size: cover !important;}\u00a0\u00bb][vc_column][\/vc_column][\/vc_row][vc_row type=\u00a0\u00bbvc_default\u00a0\u00bb full_width=\u00a0\u00bbstretch_row\u00a0\u00bb css=\u00a0\u00bb.vc_custom_1540044998500{margin-bottom: 80px !important;background-position: center !important;background-repeat: no-repeat !important;background-size: contain !important;}\u00a0\u00bb][vc_column][vc_row_inner][vc_column_inner width=\u00a0\u00bb1\/3&Prime;][vc_single_image image=\u00a0\u00bb8109&Prime; img_size=\u00a0\u00bbmedium\u00a0\u00bb css=\u00a0\u00bb\u00a0\u00bb][\/vc_column_inner][vc_column_inner width=\u00a0\u00bb2\/3&Prime;][vc_raw_html css=\u00a0\u00bb.vc_custom_1604066458752{margin-bottom: 0px !important;}\u00a0\u00bb]JTNDaDIlM0VSZWFkeW1peCUzQyUyRmgyJTNFJTBBJTNDaDMlMjBjbGFzcyUzRCUyMmFzdi1zdWJwcmV0ZXh0JTIyJTNFJTNDc3BhbiUyMGNsYXNzJTNEJTIycmVkLW9uZSUyMiUzRUxhJTIwcG9sZSUyMHBvc2l0aW9uLiUyMCUzQyUyRnNwYW4lM0VJbW0lQzMlQTlkaWF0ZW1lbnQlMjBwciVDMyVBQXQlMjAlQzMlQTAlMjBsJTI3dXNhZ2UlMjElM0MlMkZoMyUzRQ==[\/vc_raw_html][vc_column_text css=\u00a0\u00bb.vc_custom_1590574826804{margin-top: 0px !important;}\u00a0\u00bb]Nos produits Readymix AS Performance \u2013 protection antigel pour radiateurs \u2013 sont des m\u00e9langes pr\u00eats \u00e0 l&#8217;emploi.[\/vc_column_text]<style type=\"text\/css\" data-type=\"the7_shortcodes-inline-css\">#default-btn-65608acdec6a3f5f8d18919f5410c42c.ico-right-side > i {\n  margin-right: 0px;\n  margin-left: 8px;\n}\n#default-btn-65608acdec6a3f5f8d18919f5410c42c > i {\n  margin-right: 8px;\n}<\/style><a href=\"\/produkte\/produktgruppen\/kuehlerschutz\/readymix\/\" class=\"default-btn-shortcode dt-btn dt-btn-s link-hover-off asv-more asv-more-grey btn-inline-left \" id=\"default-btn-65608acdec6a3f5f8d18919f5410c42c\"><span>Aller aux produits Readymix<\/span><\/a>[\/vc_column_inner][\/vc_row_inner][\/vc_column][\/vc_row]<\/p>\n<\/div>","protected":false},"excerpt":{"rendered":"<p>[vc_row type=\u00a0\u00bbvc_default\u00a0\u00bb full_width=\u00a0\u00bbstretch_row\u00a0\u00bb css=\u00a0\u00bb.vc_custom_1540044663254{margin-bottom: 15px !important;background-position: center !important;background-repeat: no-repeat !important;background-size: contain !important;}\u00a0\u00bb][vc_column][vc_row_inner css=\u00a0\u00bb.vc_custom_1540373564536{margin-top: 30px !important;margin-bottom: 10px !important;}\u00a0\u00bb][vc_column_inner][vc_raw_html css=\u00a0\u00bb.vc_custom_1604066427763{margin-bottom: 10px !important;}\u00a0\u00bb]JTNDaDIlM0VMaXF1aWRlcyUyMGRlJTIwcmVmcm9pZGlzc2VtZW50JTJGJTIwQW50aWZyZWV6ZSUzQyUyRmgyJTNFJTBBJTNDaDMlMjBjbGFzcyUzRCUyMmFzdi1zdWJwcmV0ZXh0JTIyJTNFJTNDc3BhbiUyMGNsYXNzJTNEJTIycmVkLW9uZSUyMiUzRSUyMDElQzMlQThyZSUyMHF1YWxpdCVDMyVBOSUyMCUzQyUyRnNwYW4lM0UlMjBwb3VyJTIwdm90cmUlMjBzeXN0JUMzJUE4bWUlMjBkZSUyMHJlZnJvaWRpc3NlbWVudCUyMSUzQyUyRmgzJTNF[\/vc_raw_html][\/vc_column_inner][\/vc_row_inner][vc_row_inner css=\u00a0\u00bb.vc_custom_1540046609646{margin-top: 0px !important;}\u00a0\u00bb][vc_column_inner width=\u00a0\u00bb2\/3&Prime;][vc_column_text css=\u00a0\u00bb.vc_custom_1590574536724{margin-top: 0px !important;}\u00a0\u00bb]Nos produits antigel pour radiateurs AS Performance offrent \u00e0 votre syst\u00e8me de refroidissement une excellente protection contre la corrosion, une temp\u00e9rature stable et \u00e9vitent les d\u00e9p\u00f4ts et salissures. Les&hellip;<\/p>\n","protected":false},"author":2,"featured_media":0,"parent":6209,"menu_order":0,"comment_status":"closed","ping_status":"closed","template":"","meta":{"_acf_changed":false,"footnotes":""},"class_list":["post-6256","page","type-page","status-publish","hentry","description-off"],"acf":[],"_links":{"self":[{"href":"https:\/\/as-automotive.eu\/fr\/wp-json\/wp\/v2\/pages\/6256","targetHints":{"allow":["GET"]}}],"collection":[{"href":"https:\/\/as-automotive.eu\/fr\/wp-json\/wp\/v2\/pages"}],"about":[{"href":"https:\/\/as-automotive.eu\/fr\/wp-json\/wp\/v2\/types\/page"}],"author":[{"embeddable":true,"href":"https:\/\/as-automotive.eu\/fr\/wp-json\/wp\/v2\/users\/2"}],"replies":[{"embeddable":true,"href":"https:\/\/as-automotive.eu\/fr\/wp-json\/wp\/v2\/comments?post=6256"}],"version-history":[{"count":13,"href":"https:\/\/as-automotive.eu\/fr\/wp-json\/wp\/v2\/pages\/6256\/revisions"}],"predecessor-version":[{"id":8125,"href":"https:\/\/as-automotive.eu\/fr\/wp-json\/wp\/v2\/pages\/6256\/revisions\/8125"}],"up":[{"embeddable":true,"href":"https:\/\/as-automotive.eu\/fr\/wp-json\/wp\/v2\/pages\/6209"}],"wp:attachment":[{"href":"https:\/\/as-automotive.eu\/fr\/wp-json\/wp\/v2\/media?parent=6256"}],"curies":[{"name":"wp","href":"https:\/\/api.w.org\/{rel}","templated":true}]}}