{"id":6246,"date":"2019-05-09T09:30:40","date_gmt":"2019-05-09T07:30:40","guid":{"rendered":"http:\/\/asv1.de\/?page_id=6246"},"modified":"2025-10-02T19:33:37","modified_gmt":"2025-10-02T17:33:37","slug":"schmierstoffe-fr","status":"publish","type":"page","link":"https:\/\/as-automotive.eu\/fr\/produkte\/produktgruppen-fr\/schmierstoffe-fr\/","title":{"rendered":"Lubrifiants  &#8211; FR"},"content":{"rendered":"<div class=\"wpb-content-wrapper\"><p>[vc_row type=\u00a0\u00bbvc_default\u00a0\u00bb full_width=\u00a0\u00bbstretch_row\u00a0\u00bb css=\u00a0\u00bb.vc_custom_1540044663254{margin-bottom: 15px !important;background-position: center !important;background-repeat: no-repeat !important;background-size: contain !important;}\u00a0\u00bb][vc_column][vc_row_inner css=\u00a0\u00bb.vc_custom_1540039049438{margin-top: 30px !important;}\u00a0\u00bb][vc_column_inner width=\u00a0\u00bb1\/3&Prime;][vc_single_image image=\u00a0\u00bb8131&Prime; img_size=\u00a0\u00bbmedium\u00a0\u00bb css=\u00a0\u00bb\u00a0\u00bb][\/vc_column_inner][vc_column_inner width=\u00a0\u00bb2\/3&Prime;][vc_raw_html css=\u00a0\u00bb.vc_custom_1557747743235{margin-bottom: 20px !important;}\u00a0\u00bb]JTNDaDIlM0VIdWlsZXMlMjBkZSUyMG1vdGV1ciUzQyUyRmgyJTNF[\/vc_raw_html][vc_column_text css=\u00a0\u00bb.vc_custom_1590573246053{margin-top: 0px !important;}\u00a0\u00bb]Les moteurs modernes sont des prodiges techniques. Ils sont incroyablement performants et fonctionnent de mani\u00e8re tr\u00e8s efficace. Gr\u00e2ce au \u00ab\u00a0Downsizing\u00a0\u00bb des moteurs, la charge de compression et de frottement n&rsquo;a cess\u00e9 d&rsquo;augmenter au cours des derni\u00e8res ann\u00e9es.<\/p>\n<p>Les huiles de moteur AS Performance sont des huiles de moteur particuli\u00e8rement \u00e9labor\u00e9es en r\u00e9ponse \u00e0 ce d\u00e9veloppement. AS Performance offre l&rsquo;huile appropri\u00e9e \u00e0 presque chaque v\u00e9hicule et une fiabilit\u00e9 op\u00e9rationnelle m\u00eame pour les couples tr\u00e8s importants. Avec nos huiles de moteur AS Performance, votre moteur dispose de la derni\u00e8re technologie. Nos huiles de moteur haute performance sont des r\u00e9f\u00e9rences en mati\u00e8re de performance et de conservation du produit. L&rsquo;usure du moteur est consid\u00e9rablement r\u00e9duite.[\/vc_column_text][\/vc_column_inner][\/vc_row_inner][vc_row_inner][vc_column_inner][vc_column_text css=\u00a0\u00bb.vc_custom_1590573278753{margin-top: 0px !important;}\u00a0\u00bb]Des ensembles sp\u00e9ciaux d&rsquo;additifs emp\u00eachent la d\u00e9chirure du film huileux sensible, r\u00e9duisant ainsi au minimum le frottement entre les surfaces m\u00e9talliques dans le moteur. Les moteurs doivent \u00eatre prot\u00e9g\u00e9s efficacement contre les r\u00e9sidus de combustions, les acides g\u00e9n\u00e9r\u00e9s par les particules de carburant, l&rsquo;abrasion et la corrosion \u00e0 l&rsquo;aide d&rsquo;une huile de moteur sophistiqu\u00e9e.<\/p>\n<p>Les huiles de moteur AS Performance peuvent d\u00e9barrasser votre moteur des d\u00e9p\u00f4ts redout\u00e9s et simultan\u00e9ment le prot\u00e9ger de nouveaux d\u00e9p\u00f4ts dangereux. Nos huiles de moteur de 1\u00e8re qualit\u00e9 contribuent ainsi \u00e0 l&rsquo;allongement de la dur\u00e9e de vie de votre v\u00e9hicule. Il est tout \u00e0 fait possible de prolonger les intervalles de changement de l&rsquo;huile gr\u00e2ce \u00e0 nos huiles longue vie. Vous respectez ainsi la durabilit\u00e9, \u00e9conomisez les ressources et le carburant tout en prot\u00e9geant l&rsquo;environnement!<\/p>\n<p>Les huiles de moteur AS Performance poss\u00e8dent l&rsquo;homologation des plus grands constructeurs automobiles FEO. Nos huiles de moteur r\u00e9pondent aux sp\u00e9cifications exig\u00e9es et les d\u00e9passent m\u00eame grandement.[\/vc_column_text][\/vc_column_inner][\/vc_row_inner]<style type=\"text\/css\" data-type=\"the7_shortcodes-inline-css\">#default-btn-cb23fbf2394a4f9cbd300c765616b2fa.ico-right-side > i {\n  margin-right: 0px;\n  margin-left: 8px;\n}\n#default-btn-cb23fbf2394a4f9cbd300c765616b2fa > i {\n  margin-right: 8px;\n}<\/style><a href=\"\/produkte\/produktgruppen\/schmierstoffe\/motorenoele\/\" class=\"default-btn-shortcode dt-btn dt-btn-s link-hover-off asv-more asv-more-grey btn-inline-left \" id=\"default-btn-cb23fbf2394a4f9cbd300c765616b2fa\"><span>Aller aux huiles de moteur<\/span><\/a>[\/vc_column][\/vc_row][vc_row type=\u00a0\u00bbvc_default\u00a0\u00bb full_width=\u00a0\u00bbstretch_row\u00a0\u00bb content_placement=\u00a0\u00bbmiddle\u00a0\u00bb parallax=\u00a0\u00bbcontent-moving\u00a0\u00bb parallax_image=\u00a0\u00bb2634&Prime; parallax_speed_bg=\u00a0\u00bb12&Prime; parallax_content=\u00a0\u00bbparallax_content_value\u00a0\u00bb parallax_content_sense=\u00a0\u00bb50&Prime; css=\u00a0\u00bb.vc_custom_1540295923317{margin-top: 0px !important;margin-bottom: 0px !important;padding-top: 20px !important;padding-bottom: 20px !important;background-image: url(https:\/\/as-automotive.eu\/wp-content\/uploads\/2018\/10\/ASV1-Germany00054.jpeg?id=3106) !important;background-position: center;background-repeat: no-repeat !important;background-size: cover !important;}\u00a0\u00bb][vc_column][\/vc_column][\/vc_row][vc_row type=\u00a0\u00bbvc_default\u00a0\u00bb full_width=\u00a0\u00bbstretch_row\u00a0\u00bb css=\u00a0\u00bb.vc_custom_1540044663254{margin-bottom: 15px !important;background-position: center !important;background-repeat: no-repeat !important;background-size: contain !important;}\u00a0\u00bb][vc_column][vc_row_inner css=\u00a0\u00bb.vc_custom_1540039049438{margin-top: 30px !important;}\u00a0\u00bb][vc_column_inner width=\u00a0\u00bb2\/3&Prime;][vc_raw_html css=\u00a0\u00bb.vc_custom_1557748251956{margin-bottom: 20px !important;}\u00a0\u00bb]JTNDaDIlM0VIdWlsZXMlMjBkZSUyMHRyYW5zbWlzc2lvbiUzQyUyRmgyJTNF[\/vc_raw_html][vc_column_text css=\u00a0\u00bb.vc_custom_1590573318383{margin-top: 0px !important;}\u00a0\u00bb]Les huiles de transmission sont de v\u00e9ritables prouesses de l&rsquo;ing\u00e9nierie. Les transmissions et diff\u00e9rentiels modernes pr\u00e9sentent les exigences les plus \u00e9lev\u00e9es envers les huiles \u00e0 utiliser.<\/p>\n<p>Les huiles de transmission AS Performance permettent d&rsquo;\u00e9viter les r\u00e9parations co\u00fbteuses d&rsquo;une transmission. C&rsquo;est pour cette raison que nos huiles de transmission AS Performance r\u00e9pondent aux plus hautes exigences des constructeurs automobiles. Nos huiles de transmission sont la solution id\u00e9ale et durable pour diminuer l&rsquo;usure par la r\u00e9duction de la relation de frottement, \u00e9vacuer la chaleur et prot\u00e9ger contre la corrosion.<br \/>\nAinsi, la dur\u00e9e de vie de votre transmission est consid\u00e9rablement augment\u00e9e.[\/vc_column_text]<style type=\"text\/css\" data-type=\"the7_shortcodes-inline-css\">#default-btn-3fc8b6d9b540d3493b3a026887efab13.ico-right-side > i {\n  margin-right: 0px;\n  margin-left: 8px;\n}\n#default-btn-3fc8b6d9b540d3493b3a026887efab13 > i {\n  margin-right: 8px;\n}<\/style><a href=\"\/produkte\/produktgruppen\/schmierstoffe\/getriebeoele\/\" class=\"default-btn-shortcode dt-btn dt-btn-s link-hover-off asv-more asv-more-grey btn-inline-left \" id=\"default-btn-3fc8b6d9b540d3493b3a026887efab13\"><span>Aller aux huiles de transmission<\/span><\/a>[\/vc_column_inner][vc_column_inner width=\u00a0\u00bb1\/3&Prime;][vc_single_image image=\u00a0\u00bb8131&Prime; img_size=\u00a0\u00bbmedium\u00a0\u00bb css=\u00a0\u00bb\u00a0\u00bb][\/vc_column_inner][\/vc_row_inner][\/vc_column][\/vc_row][vc_row type=\u00a0\u00bbvc_default\u00a0\u00bb full_width=\u00a0\u00bbstretch_row\u00a0\u00bb content_placement=\u00a0\u00bbmiddle\u00a0\u00bb parallax=\u00a0\u00bbcontent-moving\u00a0\u00bb parallax_image=\u00a0\u00bb2634&Prime; parallax_speed_bg=\u00a0\u00bb17&Prime; parallax_content=\u00a0\u00bbparallax_content_value\u00a0\u00bb parallax_content_sense=\u00a0\u00bb50&Prime; css=\u00a0\u00bb.vc_custom_1540296065019{margin-top: 0px !important;margin-bottom: 0px !important;padding-top: 20px !important;padding-bottom: 20px !important;background-image: url(https:\/\/as-automotive.eu\/wp-content\/uploads\/2018\/10\/ASV1-Germany00054.jpeg?id=3106) !important;background-position: center;background-repeat: no-repeat !important;background-size: cover !important;}\u00a0\u00bb][vc_column][\/vc_column][\/vc_row][vc_row type=\u00a0\u00bbvc_default\u00a0\u00bb full_width=\u00a0\u00bbstretch_row\u00a0\u00bb css=\u00a0\u00bb.vc_custom_1540044998500{margin-bottom: 80px !important;background-position: center !important;background-repeat: no-repeat !important;background-size: contain !important;}\u00a0\u00bb][vc_column][vc_row_inner css=\u00a0\u00bb.vc_custom_1540039049438{margin-top: 30px !important;}\u00a0\u00bb][vc_column_inner width=\u00a0\u00bb1\/3&Prime;][vc_single_image image=\u00a0\u00bb8131&Prime; img_size=\u00a0\u00bbmedium\u00a0\u00bb css=\u00a0\u00bb\u00a0\u00bb][\/vc_column_inner][vc_column_inner width=\u00a0\u00bb2\/3&Prime;][vc_raw_html css=\u00a0\u00bb.vc_custom_1557749232114{margin-bottom: 20px !important;}\u00a0\u00bb]JTNDaDIlM0VIdWlsZXMlMjBoeWRyYXVsaXF1ZXMlM0MlMkZoMiUzRQ==[\/vc_raw_html][vc_column_text css=\u00a0\u00bb.vc_custom_1590573351757{margin-top: 0px !important;}\u00a0\u00bb]Les syst\u00e8mes hydrauliques sont de v\u00e9ritables concentr\u00e9s de puissance. Ils transmettent des forces importantes sur des distances relativement courtes. Ils sont utilis\u00e9s pour les machines-outils, robots, grues, machines d&rsquo;exploitation foresti\u00e8re, excavatrices, bateaux, avions, dans les aci\u00e9ries et les mines, etc.<\/p>\n<p>Les huiles hydrauliques et fluides hydrauliques d&rsquo;AS Performance garantissent une tr\u00e8s bonne compressibilit\u00e9 et une r\u00e9duction du frottement ainsi qu&rsquo;une excellente protection contre la corrosion, conservant les propri\u00e9t\u00e9s d&rsquo;utilisation de l&rsquo;huile hydraulique pour de longues p\u00e9riodes.<\/p>\n<p>Les huiles hydrauliques AS Performance sont bien tol\u00e9r\u00e9es par les mat\u00e9riaux et assurent une stabilit\u00e9 thermique et une transmission optimale de la force de votre syst\u00e8me hydraulique m\u00eame en cas de charges extr\u00eames.[\/vc_column_text]<style type=\"text\/css\" data-type=\"the7_shortcodes-inline-css\">#default-btn-7a9d2f8e78ef76b735996fe134035cfd.ico-right-side > i {\n  margin-right: 0px;\n  margin-left: 8px;\n}\n#default-btn-7a9d2f8e78ef76b735996fe134035cfd > i {\n  margin-right: 8px;\n}<\/style><a href=\"\/produkte\/produktgruppen\/schmierstoffe\/hydraulikoele\/\" class=\"default-btn-shortcode dt-btn dt-btn-s link-hover-off asv-more asv-more-grey btn-inline-left \" id=\"default-btn-7a9d2f8e78ef76b735996fe134035cfd\"><span>Aller aux huiles hydrauliques<\/span><\/a>[\/vc_column_inner][\/vc_row_inner][\/vc_column][\/vc_row]<\/p>\n<\/div>","protected":false},"excerpt":{"rendered":"<p>[vc_row type=\u00a0\u00bbvc_default\u00a0\u00bb full_width=\u00a0\u00bbstretch_row\u00a0\u00bb css=\u00a0\u00bb.vc_custom_1540044663254{margin-bottom: 15px !important;background-position: center !important;background-repeat: no-repeat !important;background-size: contain !important;}\u00a0\u00bb][vc_column][vc_row_inner css=\u00a0\u00bb.vc_custom_1540039049438{margin-top: 30px !important;}\u00a0\u00bb][vc_column_inner width=\u00a0\u00bb1\/3&Prime;][vc_single_image image=\u00a0\u00bb8131&Prime; img_size=\u00a0\u00bbmedium\u00a0\u00bb css=\u00a0\u00bb\u00a0\u00bb][\/vc_column_inner][vc_column_inner width=\u00a0\u00bb2\/3&Prime;][vc_raw_html css=\u00a0\u00bb.vc_custom_1557747743235{margin-bottom: 20px !important;}\u00a0\u00bb]JTNDaDIlM0VIdWlsZXMlMjBkZSUyMG1vdGV1ciUzQyUyRmgyJTNF[\/vc_raw_html][vc_column_text css=\u00a0\u00bb.vc_custom_1590573246053{margin-top: 0px !important;}\u00a0\u00bb]Les moteurs modernes sont des prodiges techniques. Ils sont incroyablement performants et fonctionnent de mani\u00e8re tr\u00e8s efficace. Gr\u00e2ce au \u00ab\u00a0Downsizing\u00a0\u00bb des moteurs, la charge de compression et de frottement n&rsquo;a&hellip;<\/p>\n","protected":false},"author":2,"featured_media":0,"parent":6209,"menu_order":0,"comment_status":"closed","ping_status":"closed","template":"","meta":{"_acf_changed":false,"footnotes":""},"class_list":["post-6246","page","type-page","status-publish","hentry","description-off"],"acf":[],"_links":{"self":[{"href":"https:\/\/as-automotive.eu\/fr\/wp-json\/wp\/v2\/pages\/6246","targetHints":{"allow":["GET"]}}],"collection":[{"href":"https:\/\/as-automotive.eu\/fr\/wp-json\/wp\/v2\/pages"}],"about":[{"href":"https:\/\/as-automotive.eu\/fr\/wp-json\/wp\/v2\/types\/page"}],"author":[{"embeddable":true,"href":"https:\/\/as-automotive.eu\/fr\/wp-json\/wp\/v2\/users\/2"}],"replies":[{"embeddable":true,"href":"https:\/\/as-automotive.eu\/fr\/wp-json\/wp\/v2\/comments?post=6246"}],"version-history":[{"count":9,"href":"https:\/\/as-automotive.eu\/fr\/wp-json\/wp\/v2\/pages\/6246\/revisions"}],"predecessor-version":[{"id":8138,"href":"https:\/\/as-automotive.eu\/fr\/wp-json\/wp\/v2\/pages\/6246\/revisions\/8138"}],"up":[{"embeddable":true,"href":"https:\/\/as-automotive.eu\/fr\/wp-json\/wp\/v2\/pages\/6209"}],"wp:attachment":[{"href":"https:\/\/as-automotive.eu\/fr\/wp-json\/wp\/v2\/media?parent=6246"}],"curies":[{"name":"wp","href":"https:\/\/api.w.org\/{rel}","templated":true}]}}