{"id":6234,"date":"2019-05-09T09:27:51","date_gmt":"2019-05-09T07:27:51","guid":{"rendered":"http:\/\/asv1.de\/?page_id=6234"},"modified":"2020-10-29T14:11:42","modified_gmt":"2020-10-29T13:11:42","slug":"oelwegweiser-fr","status":"publish","type":"page","link":"https:\/\/as-automotive.eu\/fr\/produkte\/oelwegweiser-fr\/","title":{"rendered":"Guide des huiles &#8211; FR"},"content":{"rendered":"<div class=\"wpb-content-wrapper\"><p>[vc_row type=\u00a0\u00bbvc_default\u00a0\u00bb full_width=\u00a0\u00bbstretch_row\u00a0\u00bb css=\u00a0\u00bb.vc_custom_1540801091466{margin-top: 0px !important;padding-top: 50px !important;padding-bottom: 50px !important;}\u00a0\u00bb][vc_column][vc_column_text css=\u00a0\u00bb.vc_custom_1603977095740{margin-bottom: 20px !important;}\u00a0\u00bb]<\/p>\n<h2><span class=\"red-one\">Notre <\/span> guide des huiles <span class=\"red-one\">AS Performance <\/span><\/h2>\n<h3>Le chemin le plus vers l&rsquo;huile ad\u00e9quate<\/h3>\n<p>[\/vc_column_text][vc_column_text css=\u00a0\u00bb.vc_custom_1590581447418{margin-bottom: 45px !important;}\u00a0\u00bb]Vous cherchez l&rsquo;huile adapt\u00e9e \u00e0 votre v\u00e9hicule?<br \/>\nAvec notre guide des huiles\/ outil de recherche d&rsquo;huiles, vous trouverez rapidement et facilement l&rsquo;huile adapt\u00e9e \u00e0 votre v\u00e9hicule.[\/vc_column_text][vc_column_text css=\u00a0\u00bb.vc_custom_1557747214249{margin-bottom: 20px !important;}\u00a0\u00bb]<\/p>\n<h3>Service d&rsquo;assistance t\u00e9l\u00e9phonique gratuite: 0800 265400<\/h3>\n<p>[\/vc_column_text][vc_column_text](gratuit uniquement pour les appels depuis l&rsquo;Allemagne)[\/vc_column_text][\/vc_column][\/vc_row][vc_row][vc_column]\n<div class=\"wpcf7 no-js\" id=\"wpcf7-f7405-o1\" lang=\"de-DE\" dir=\"ltr\" data-wpcf7-id=\"7405\">\n<div class=\"screen-reader-response\"><p role=\"status\" aria-live=\"polite\" aria-atomic=\"true\"><\/p> <ul><\/ul><\/div>\n<form action=\"\/fr\/wp-json\/wp\/v2\/pages\/6234#wpcf7-f7405-o1\" method=\"post\" class=\"wpcf7-form init\" aria-label=\"Kontaktformular\" novalidate=\"novalidate\" data-status=\"init\">\n<fieldset class=\"hidden-fields-container\"><input type=\"hidden\" name=\"_wpcf7\" value=\"7405\" \/><input type=\"hidden\" name=\"_wpcf7_version\" value=\"6.1.5\" \/><input type=\"hidden\" name=\"_wpcf7_locale\" value=\"de_DE\" \/><input type=\"hidden\" name=\"_wpcf7_unit_tag\" value=\"wpcf7-f7405-o1\" \/><input type=\"hidden\" name=\"_wpcf7_container_post\" value=\"0\" \/><input type=\"hidden\" name=\"_wpcf7_posted_data_hash\" value=\"\" \/>\n<\/fieldset>\n<div class=\"oelwegweiser-form-wrapper\">\n\t<div class=\"oelwegweiser-form\">\n\t\t<div class=\"row oelwegweiser-top\">\n\t\t\t<div class=\"vc_col-sm-3\">\n\t\t\t\t<p><img decoding=\"async\" src=\"https:\/\/as-automotive.eu\/wp-content\/uploads\/2020\/04\/AS-Performance-Logo-Dark.png\" width=\"300px\" height=\"auto\" \/>\n\t\t\t\t<\/p>\n\t\t\t<\/div>\n\t\t\t<div class=\"vc_col-sm-9\">\n\t\t\t\t<h2>Guide des huiles\n\t\t\t\t<\/h2>\n\t\t\t<\/div>\n\t\t<\/div>\n\t\t<div class=\"row\">\n\t\t\t<div class=\"vc_col-sm-3\">\n\t\t\t\t<p>Cat\u00e9gorie\n\t\t\t\t<\/p>\n\t\t\t<\/div>\n\t\t\t<div class=\"vc_col-sm-9\">\n\t\t\t\t<p><span class=\"wpcf7-form-control-wrap\" data-name=\"kategorie\"><input size=\"40\" maxlength=\"400\" class=\"wpcf7-form-control wpcf7-text\" aria-invalid=\"false\" placeholder=\"par ex. voiture \/ poids lourd \/ moto\" value=\"\" type=\"text\" name=\"kategorie\" \/><\/span>\n\t\t\t\t<\/p>\n\t\t\t<\/div>\n\t\t<\/div>\n\t\t<div class=\"row\">\n\t\t\t<div class=\"vc_col-sm-3\">\n\t\t\t\t<p>Fabriquant \/ marque\n\t\t\t\t<\/p>\n\t\t\t<\/div>\n\t\t\t<div class=\"vc_col-sm-9\">\n\t\t\t\t<p><span class=\"wpcf7-form-control-wrap\" data-name=\"hersteller\"><input size=\"40\" maxlength=\"400\" class=\"wpcf7-form-control wpcf7-text\" aria-invalid=\"false\" placeholder=\"par ex. Mercedes \/ BMW \/ etc.\" value=\"\" type=\"text\" name=\"hersteller\" \/><\/span>\n\t\t\t\t<\/p>\n\t\t\t<\/div>\n\t\t<\/div>\n\t\t<div class=\"row\">\n\t\t\t<div class=\"vc_col-sm-3\">\n\t\t\t\t<p>Mod\u00e8le\n\t\t\t\t<\/p>\n\t\t\t<\/div>\n\t\t\t<div class=\"vc_col-sm-9\">\n\t\t\t\t<p><span class=\"wpcf7-form-control-wrap\" data-name=\"modell\"><input size=\"40\" maxlength=\"400\" class=\"wpcf7-form-control wpcf7-text\" aria-invalid=\"false\" placeholder=\"par ex. Classe C \/ A4 \/ etc.\" value=\"\" type=\"text\" name=\"modell\" \/><\/span>\n\t\t\t\t<\/p>\n\t\t\t<\/div>\n\t\t<\/div>\n\t\t<div class=\"row\">\n\t\t\t<div class=\"vc_col-sm-3\">\n\t\t\t\t<p>Type \/ moteur\n\t\t\t\t<\/p>\n\t\t\t<\/div>\n\t\t\t<div class=\"vc_col-sm-9\">\n\t\t\t\t<p><span class=\"wpcf7-form-control-wrap\" data-name=\"typ\"><input size=\"40\" maxlength=\"400\" class=\"wpcf7-form-control wpcf7-text\" aria-invalid=\"false\" placeholder=\"par ex. Classe C \/ W205 (2014 -)\" value=\"\" type=\"text\" name=\"typ\" \/><\/span>\n\t\t\t\t<\/p>\n\t\t\t<\/div>\n\t\t<\/div>\n\t\t<div class=\"row\">\n\t\t\t<div class=\"vc_col-sm-3\">\n\t\t\t\t<p>Ann\u00e9e de construction\n\t\t\t\t<\/p>\n\t\t\t<\/div>\n\t\t\t<div class=\"vc_col-sm-9\">\n\t\t\t\t<p><span class=\"wpcf7-form-control-wrap\" data-name=\"baujahr\"><input size=\"40\" maxlength=\"400\" class=\"wpcf7-form-control wpcf7-text\" aria-invalid=\"false\" placeholder=\"par ex. 2012\" value=\"\" type=\"text\" name=\"baujahr\" \/><\/span>\n\t\t\t\t<\/p>\n\t\t\t<\/div>\n\t\t<\/div>\n\t\t<div class=\"row\">\n\t\t\t<div class=\"vc_col-sm-3\">\n\t\t\t\t<p>Votre adresse e-mail*\n\t\t\t\t<\/p>\n\t\t\t<\/div>\n\t\t\t<div class=\"vc_col-sm-9\">\n\t\t\t\t<p><span class=\"wpcf7-form-control-wrap\" data-name=\"e-mail\"><input size=\"40\" maxlength=\"400\" class=\"wpcf7-form-control wpcf7-text wpcf7-validates-as-required\" aria-required=\"true\" aria-invalid=\"false\" value=\"\" type=\"text\" name=\"e-mail\" \/><\/span>\n\t\t\t\t<\/p>\n\t\t\t<\/div>\n\t\t<\/div>\n\t<\/div>\n\t<p><span class=\"wpcf7-form-control-wrap\" data-name=\"acceptance-420\"><span class=\"wpcf7-form-control wpcf7-acceptance\"><span class=\"wpcf7-list-item\"><label><input type=\"checkbox\" name=\"acceptance-420\" value=\"1\" aria-invalid=\"false\" \/><span class=\"wpcf7-list-item-label\">Oui, j'ai pris connaissance de <a href=\"\/fr\/datenschutz-fr\/\">la d\u00e9claration<\/a> de confidentialit\u00e9 et j'accepte que les renseignements fournis par mes soins soient recueillis et stock\u00e9s de mani\u00e8re \u00e9lectronique. Mes donn\u00e9es ne seront utilis\u00e9es que dans le seul but de traiter et de r\u00e9pondre \u00e0 ma demande. En envoyant le formulaire de contact, je d\u00e9clare \u00eatre d'accord avec le traitement.<\/span><\/label><\/span><\/span><\/span>\n\t<\/p>\n\t<p><!-- Mailchimp for WordPress v4.12.0 - https:\/\/www.mc4wp.com\/ --><input type=\"hidden\" name=\"_mc4wp_subscribe_contact-form-7\" value=\"0\" \/><span class=\"mc4wp-checkbox mc4wp-checkbox-contact-form-7 \"><label><input type=\"checkbox\" name=\"_mc4wp_subscribe_contact-form-7\" value=\"1\" ><span>    Ich m\u00f6chte mich au\u00dferdem f\u00fcr den Newsletter anmelden<\/span><\/label><\/span><!-- \/ Mailchimp for WordPress -->\n\t<\/p>\n\t<p><input class=\"wpcf7-form-control wpcf7-submit has-spinner\" type=\"submit\" value=\"Envoyer la demande\" \/>\n\t<\/p>\n<\/div><div class=\"wpcf7-response-output\" aria-hidden=\"true\"><\/div>\n<\/form>\n<\/div>\n[\/vc_column][\/vc_row]<\/p>\n<\/div>","protected":false},"excerpt":{"rendered":"<p>[vc_row type=\u00a0\u00bbvc_default\u00a0\u00bb full_width=\u00a0\u00bbstretch_row\u00a0\u00bb css=\u00a0\u00bb.vc_custom_1540801091466{margin-top: 0px !important;padding-top: 50px !important;padding-bottom: 50px !important;}\u00a0\u00bb][vc_column][vc_column_text css=\u00a0\u00bb.vc_custom_1603977095740{margin-bottom: 20px !important;}\u00a0\u00bb] Notre guide des huiles AS Performance Le chemin le plus vers l&rsquo;huile ad\u00e9quate [\/vc_column_text][vc_column_text css=\u00a0\u00bb.vc_custom_1590581447418{margin-bottom: 45px !important;}\u00a0\u00bb]Vous cherchez l&rsquo;huile adapt\u00e9e \u00e0 votre v\u00e9hicule? Avec notre guide des huiles\/ outil de recherche d&rsquo;huiles, vous trouverez rapidement et facilement l&rsquo;huile adapt\u00e9e \u00e0 votre v\u00e9hicule.[\/vc_column_text][vc_column_text&hellip;<\/p>\n","protected":false},"author":2,"featured_media":0,"parent":6190,"menu_order":0,"comment_status":"closed","ping_status":"closed","template":"","meta":{"_acf_changed":false,"footnotes":""},"class_list":["post-6234","page","type-page","status-publish","hentry","description-off"],"acf":[],"_links":{"self":[{"href":"https:\/\/as-automotive.eu\/fr\/wp-json\/wp\/v2\/pages\/6234","targetHints":{"allow":["GET"]}}],"collection":[{"href":"https:\/\/as-automotive.eu\/fr\/wp-json\/wp\/v2\/pages"}],"about":[{"href":"https:\/\/as-automotive.eu\/fr\/wp-json\/wp\/v2\/types\/page"}],"author":[{"embeddable":true,"href":"https:\/\/as-automotive.eu\/fr\/wp-json\/wp\/v2\/users\/2"}],"replies":[{"embeddable":true,"href":"https:\/\/as-automotive.eu\/fr\/wp-json\/wp\/v2\/comments?post=6234"}],"version-history":[{"count":7,"href":"https:\/\/as-automotive.eu\/fr\/wp-json\/wp\/v2\/pages\/6234\/revisions"}],"predecessor-version":[{"id":7791,"href":"https:\/\/as-automotive.eu\/fr\/wp-json\/wp\/v2\/pages\/6234\/revisions\/7791"}],"up":[{"embeddable":true,"href":"https:\/\/as-automotive.eu\/fr\/wp-json\/wp\/v2\/pages\/6190"}],"wp:attachment":[{"href":"https:\/\/as-automotive.eu\/fr\/wp-json\/wp\/v2\/media?parent=6234"}],"curies":[{"name":"wp","href":"https:\/\/api.w.org\/{rel}","templated":true}]}}