{"id":6219,"date":"2019-05-09T09:22:42","date_gmt":"2019-05-09T07:22:42","guid":{"rendered":"http:\/\/asv1.de\/?page_id=6219"},"modified":"2020-10-30T12:12:20","modified_gmt":"2020-10-30T11:12:20","slug":"einsatzbereiche-fr","status":"publish","type":"page","link":"https:\/\/as-automotive.eu\/fr\/produkte\/einsatzbereiche-fr\/","title":{"rendered":"Domaines d&rsquo;utilisation &#8211; FR"},"content":{"rendered":"<div class=\"wpb-content-wrapper\"><p>[vc_row type=\u00a0\u00bbvc_default\u00a0\u00bb full_width=\u00a0\u00bbstretch_row\u00a0\u00bb css=\u00a0\u00bb.vc_custom_1540368748267{padding-top: 50px !important;padding-bottom: 50px !important;background-color: #f0f0f0 !important;}\u00a0\u00bb][vc_column][vc_column_text]<\/p>\n<h2>Qualit\u00e9 sup\u00e9rieure pour tous<br \/>\nles domaines d&rsquo;utilisation!<\/h2>\n<p>[\/vc_column_text][vc_column_text]Solutions pour tous les domaines d&rsquo;utilisation &#8211; Gamme du meilleur niveau!<\/p>\n<p>Peu importe qu&rsquo;il s&rsquo;agisse de voitures, de motos, de camions et v\u00e9hicules utilitaires, de tracteurs et v\u00e9hicules agricoles, de bus, de bateaux \u00e0 moteurs, d&rsquo;outils de jardins, de mod\u00e8les anciens et nouveaux. La diversit\u00e9 de la gamme AS Performance offre la solution appropri\u00e9e \u00e0 presque tous les domaines d&rsquo;utilisation.<\/p>\n<p>vous conseilleront avec plaisir.[\/vc_column_text]<style type=\"text\/css\" data-type=\"the7_shortcodes-inline-css\">#default-btn-1ebb9843eff9b677725d7f90bcbe62e6.ico-right-side > i {\n  margin-right: 0px;\n  margin-left: 8px;\n}\n#default-btn-1ebb9843eff9b677725d7f90bcbe62e6 > i {\n  margin-right: 8px;\n}<\/style><a href=\"https:\/\/as-automotive.eu\/produkte\/oelwegweiser\/\" class=\"default-btn-shortcode dt-btn dt-btn-s link-hover-off asv-more asv-more-grey btn-inline-left \" id=\"default-btn-1ebb9843eff9b677725d7f90bcbe62e6\"><span>En savoir plus<\/span><\/a>[\/vc_column][\/vc_row][vc_row full_width_row=\u00a0\u00bbtrue\u00a0\u00bb][vc_column css=\u00a0\u00bb.vc_custom_1539173058162{padding-top: 0px !important;}\u00a0\u00bb]<style type=\"text\/css\" data-type=\"the7_shortcodes-inline-css\">.shortcode-single-image-wrap.shortcode-single-image-ce35b8e943a896ebb5bdfa681d045eb3.enable-bg-rollover .rollover i,\n.shortcode-single-image-wrap.shortcode-single-image-ce35b8e943a896ebb5bdfa681d045eb3.enable-bg-rollover .rollover-video i {\n  background: -webkit-linear-gradient();\n  background: linear-gradient();\n}\n.shortcode-single-image-wrap.shortcode-single-image-ce35b8e943a896ebb5bdfa681d045eb3 .rollover-icon {\n  font-size: 32px;\n  color: #ffffff;\n  min-width: 44px;\n  min-height: 44px;\n  line-height: 44px;\n  border-radius: 100px;\n  border-style: solid;\n  border-width: 0px;\n}\n.dt-icon-bg-on.shortcode-single-image-wrap.shortcode-single-image-ce35b8e943a896ebb5bdfa681d045eb3 .rollover-icon {\n  background: rgba(255,255,255,0.3);\n  box-shadow: none;\n}<\/style><div class=\"shortcode-single-image-wrap shortcode-single-image-ce35b8e943a896ebb5bdfa681d045eb3 alignright  enable-bg-rollover dt-icon-bg-off\" style=\"margin-top:0px; margin-bottom:0px; margin-left:0px; margin-right:0px; width:320px;\"><div class=\"shortcode-single-image overlayLogo\"><div class=\"fancy-media-wrap  layzr-bg\" style=\"\"><img fetchpriority=\"high\" decoding=\"async\" class=\"preload-me lazy-load aspect\" src=\"data:image\/svg+xml,%3Csvg%20xmlns%3D&#39;http%3A%2F%2Fwww.w3.org%2F2000%2Fsvg&#39;%20viewBox%3D&#39;0%200%20320%20331&#39;%2F%3E\" data-src=\"https:\/\/as-automotive.eu\/wp-content\/uploads\/2018\/07\/asv1-overlaylogo-320x331.png\" data-srcset=\"https:\/\/as-automotive.eu\/wp-content\/uploads\/2018\/07\/asv1-overlaylogo-320x331.png 320w, https:\/\/as-automotive.eu\/wp-content\/uploads\/2018\/07\/asv1-overlaylogo-640x662.png 640w\" loading=\"eager\" sizes=\"(max-width: 320px) 100vw, 320px\" width=\"320\" height=\"331\"  data-dt-location=\"https:\/\/as-automotive.eu\/fr\/asv1-overlaylogo\/\" style=\"--ratio: 320 \/ 331;\" alt=\"\" \/><\/div><\/div><\/div>[\/vc_column][\/vc_row][vc_row type=\u00a0\u00bbvc_default\u00a0\u00bb css=\u00a0\u00bb.vc_custom_1539162489683{margin-top: 50px !important;margin-bottom: 50px !important;}\u00a0\u00bb][vc_column][vc_row_inner css=\u00a0\u00bb.vc_custom_1540309655041{margin-bottom: 40px !important;}\u00a0\u00bb][vc_column_inner el_class=\u00a0\u00bbasv-schragbox\u00a0\u00bb width=\u00a0\u00bb1\/4&Prime; css=\u00a0\u00bb.vc_custom_1540294834641{padding-right: 0px !important;padding-left: 0px !important;}\u00a0\u00bb][vc_single_image image=\u00a0\u00bb4853&Prime; img_size=\u00a0\u00bbfull\u00a0\u00bb][vc_column_text el_class=\u00a0\u00bbasv-mh-box\u00a0\u00bb css=\u00a0\u00bb.vc_custom_1557746495911{margin-bottom: 10px !important;padding-right: 20px !important;}\u00a0\u00bb]<\/p>\n<h3>Voitures<\/h3>\n<p><a href=\"https:\/\/as-automotive.eu\/produkte\/produktgruppen\/schmierstoffe\/motorenoele\/\">Huiles de moteur pour voiture<\/a>\/ <a href=\"https:\/\/as-automotive.eu\/produkte\/produktgruppen\/schmierstoffe\/getriebeoele\/\">huiles de transmission<\/a>\/ <a href=\"https:\/\/as-automotive.eu\/produkte\/produktgruppen\/schmierstoffe\/getriebeoele\/\">huiles de transmission automatique<\/a>\/ <a href=\"https:\/\/as-automotive.eu\/produkte\/produktgruppen\/serviceprodukte\/bremsfluessigkeit\/\">liquides de frein<\/a>\/ <a href=\"https:\/\/as-automotive.eu\/produkte\/produktgruppen\/kuehlerschutz\/\">liquides de refroidissement<\/a>\/ <a href=\"https:\/\/as-automotive.eu\/produkte\/produktgruppen\/additive\/\">additifs <\/a>\/ <a href=\"https:\/\/as-automotive.eu\/produkte\/produktgruppen\/serviceprodukte\/\">services<\/a>[\/vc_column_text][\/vc_column_inner][vc_column_inner el_class=\u00a0\u00bbasv-schragbox\u00a0\u00bb width=\u00a0\u00bb1\/4&Prime; css=\u00a0\u00bb.vc_custom_1540294838868{padding-right: 0px !important;padding-left: 0px !important;}\u00a0\u00bb][vc_single_image image=\u00a0\u00bb4857&Prime; img_size=\u00a0\u00bbfull\u00a0\u00bb css=\u00a0\u00bb.vc_custom_1540055979164{padding-right: 0px !important;padding-left: 0px !important;}\u00a0\u00bb][vc_column_text el_class=\u00a0\u00bbasv-mh-box\u00a0\u00bb css=\u00a0\u00bb.vc_custom_1557746628274{margin-bottom: 10px !important;padding-right: 20px !important;}\u00a0\u00bb]<\/p>\n<h3>Moto<\/h3>\n<p><a href=\"https:\/\/as-automotive.eu\/produkte\/produktgruppen\/schmierstoffe\/motorenoele\/\">Huiles de moteur 2 temps<\/a>\/ <a href=\"https:\/\/as-automotive.eu\/produkte\/produktgruppen\/schmierstoffe\/motorenoele\/\">huiles de moteur 4 temps<\/a>[\/vc_column_text][\/vc_column_inner][vc_column_inner el_class=\u00a0\u00bbasv-schragbox\u00a0\u00bb width=\u00a0\u00bb1\/4&Prime; css=\u00a0\u00bb.vc_custom_1540294842200{padding-right: 0px !important;padding-left: 0px !important;}\u00a0\u00bb][vc_single_image image=\u00a0\u00bb4929&Prime; img_size=\u00a0\u00bbfull\u00a0\u00bb][vc_column_text el_class=\u00a0\u00bbasv-mh-box\u00a0\u00bb css=\u00a0\u00bb.vc_custom_1557746745998{margin-bottom: 10px !important;padding-right: 20px !important;}\u00a0\u00bb]<\/p>\n<h3>V\u00e9hicules utilitaires<\/h3>\n<p><a href=\"https:\/\/as-automotive.eu\/produkte\/produktgruppen\/schmierstoffe\/motorenoele\/\">Huiles de moteur universelles<\/a>\/ <a href=\"https:\/\/as-automotive.eu\/produkte\/produktgruppen\/schmierstoffe\/motorenoele\/\"> huiles de moteur poids lourd<\/a>\/ <a href=\"https:\/\/as-automotive.eu\/produkte\/produktgruppen\/kuehlerschutz\/\">liquides de refroidissement<\/a>\/ <a href=\"https:\/\/as-automotive.eu\/produkte\/produktgruppen\/serviceprodukte\/\">produits de service<\/a>[\/vc_column_text][\/vc_column_inner][vc_column_inner el_class=\u00a0\u00bbasv-schragbox\u00a0\u00bb width=\u00a0\u00bb1\/4&Prime; css=\u00a0\u00bb.vc_custom_1540294846847{padding-right: 0px !important;padding-left: 0px !important;}\u00a0\u00bb][vc_single_image image=\u00a0\u00bb4861&Prime; img_size=\u00a0\u00bbfull\u00a0\u00bb][vc_column_text el_class=\u00a0\u00bbasv-mh-box\u00a0\u00bb css=\u00a0\u00bb.vc_custom_1557746856502{margin-bottom: 10px !important;padding-right: 20px !important;}\u00a0\u00bb]<\/p>\n<h3>Industrie<\/h3>\n<p><a href=\"https:\/\/as-automotive.eu\/produkte\/produktgruppen\/schmierstoffe\/hydraulikoele\/\">Huiles hydrauliques<\/a>\/ <a href=\"https:\/\/as-automotive.eu\/produkte\/produktgruppen\/schmierstoffe\/hydraulikoele\/\">huiles hydrauliques sp\u00e9ciales<\/a>\/ <a href=\"https:\/\/as-automotive.eu\/produkte\/produktgruppen\/schmierstoffe\/\">graisses techniques<\/a>[\/vc_column_text][\/vc_column_inner][\/vc_row_inner][vc_row_inner][vc_column_inner el_class=\u00a0\u00bbasv-schragbox\u00a0\u00bb width=\u00a0\u00bb1\/4&Prime; css=\u00a0\u00bb.vc_custom_1540294871846{padding-right: 0px !important;padding-left: 0px !important;}\u00a0\u00bb][vc_single_image image=\u00a0\u00bb4933&Prime; img_size=\u00a0\u00bbfull\u00a0\u00bb][vc_column_text el_class=\u00a0\u00bbasv-mh-box\u00a0\u00bb css=\u00a0\u00bb.vc_custom_1557746946759{margin-bottom: 10px !important;padding-right: 20px !important;}\u00a0\u00bb]<\/p>\n<h3>Agriculture<\/h3>\n<p><a href=\"https:\/\/as-automotive.eu\/produkte\/produktgruppen\/schmierstoffe\/motorenoele\/\">Huiles de tracteur<\/a>\/ <a href=\"https:\/\/as-automotive.eu\/produkte\/produktgruppen\/schmierstoffe\/motorenoele\/\">huiles de moteur universelles<\/a>[\/vc_column_text][\/vc_column_inner][vc_column_inner width=\u00a0\u00bb3\/4&Prime;][\/vc_column_inner][\/vc_row_inner][\/vc_column][\/vc_row]<\/p>\n<\/div>","protected":false},"excerpt":{"rendered":"<p>[vc_row type=\u00a0\u00bbvc_default\u00a0\u00bb full_width=\u00a0\u00bbstretch_row\u00a0\u00bb css=\u00a0\u00bb.vc_custom_1540368748267{padding-top: 50px !important;padding-bottom: 50px !important;background-color: #f0f0f0 !important;}\u00a0\u00bb][vc_column][vc_column_text] Qualit\u00e9 sup\u00e9rieure pour tous les domaines d&rsquo;utilisation! [\/vc_column_text][vc_column_text]Solutions pour tous les domaines d&rsquo;utilisation &#8211; Gamme du meilleur niveau! Peu importe qu&rsquo;il s&rsquo;agisse de voitures, de motos, de camions et v\u00e9hicules utilitaires, de tracteurs et v\u00e9hicules agricoles, de bus, de bateaux \u00e0 moteurs, d&rsquo;outils de jardins,&hellip;<\/p>\n","protected":false},"author":2,"featured_media":0,"parent":6190,"menu_order":0,"comment_status":"closed","ping_status":"closed","template":"","meta":{"_acf_changed":false,"footnotes":""},"class_list":["post-6219","page","type-page","status-publish","hentry","description-off"],"acf":[],"_links":{"self":[{"href":"https:\/\/as-automotive.eu\/fr\/wp-json\/wp\/v2\/pages\/6219","targetHints":{"allow":["GET"]}}],"collection":[{"href":"https:\/\/as-automotive.eu\/fr\/wp-json\/wp\/v2\/pages"}],"about":[{"href":"https:\/\/as-automotive.eu\/fr\/wp-json\/wp\/v2\/types\/page"}],"author":[{"embeddable":true,"href":"https:\/\/as-automotive.eu\/fr\/wp-json\/wp\/v2\/users\/2"}],"replies":[{"embeddable":true,"href":"https:\/\/as-automotive.eu\/fr\/wp-json\/wp\/v2\/comments?post=6219"}],"version-history":[{"count":9,"href":"https:\/\/as-automotive.eu\/fr\/wp-json\/wp\/v2\/pages\/6219\/revisions"}],"predecessor-version":[{"id":7840,"href":"https:\/\/as-automotive.eu\/fr\/wp-json\/wp\/v2\/pages\/6219\/revisions\/7840"}],"up":[{"embeddable":true,"href":"https:\/\/as-automotive.eu\/fr\/wp-json\/wp\/v2\/pages\/6190"}],"wp:attachment":[{"href":"https:\/\/as-automotive.eu\/fr\/wp-json\/wp\/v2\/media?parent=6219"}],"curies":[{"name":"wp","href":"https:\/\/api.w.org\/{rel}","templated":true}]}}