{"id":6209,"date":"2019-05-09T09:20:02","date_gmt":"2019-05-09T07:20:02","guid":{"rendered":"http:\/\/asv1.de\/?page_id=6209"},"modified":"2020-10-30T17:04:04","modified_gmt":"2020-10-30T16:04:04","slug":"produktgruppen-fr","status":"publish","type":"page","link":"https:\/\/as-automotive.eu\/fr\/produkte\/produktgruppen-fr\/","title":{"rendered":"Groupes de produits &#8211; FR"},"content":{"rendered":"<div class=\"wpb-content-wrapper\"><p>[vc_row type=\u00a0\u00bbvc_default\u00a0\u00bb full_width=\u00a0\u00bbstretch_row\u00a0\u00bb css=\u00a0\u00bb.vc_custom_1540373223827{padding-top: 50px !important;padding-bottom: 50px !important;background-color: #f0f0f0 !important;}\u00a0\u00bb][vc_column][vc_column_text css=\u00a0\u00bb.vc_custom_1557732540485{margin-bottom: 50px !important;}\u00a0\u00bb]<\/p>\n<h2>QUALIT\u00c9 DE SPORT AUTOMOBILE POUR VOTRE PARC DE V\u00c9HICULES.<\/h2>\n<p>[\/vc_column_text][vc_row_inner][vc_column_inner width=\u00a0\u00bb5\/6&Prime;][vc_column_text]Nous garantissons pour nos produits l&rsquo;homologation par l&rsquo;industrie automobile et le respect de sp\u00e9cifications les plus strictes. La derni\u00e8re technologie et des produits techniquement \u00e9prouv\u00e9s offrent une plus-value \u00e0 l&rsquo;ensemble de votre parc automobile.<\/p>\n<p>Diminution des co\u00fbts gr\u00e2ce \u00e0 la meilleure qualit\u00e9 de produits et augmentation de la dur\u00e9e de vie et de la performance des moteurs, bo\u00eetes de vitesses et dispositifs techniques.[\/vc_column_text][vc_custom_heading text=\u00a0\u00bbVASTE GAMME DE LA MEILLEURE QUALIT\u00c9.\u00a0\u00bb font_container=\u00a0\u00bbtag:h3|text_align:left\u00a0\u00bb use_theme_fonts=\u00a0\u00bbyes\u00a0\u00bb][vc_column_text]Huiles de moteur, huiles de transmission pour bo\u00eetes de vitesses manuelles et automatiques, essieux moteurs et engrenages plan\u00e9taires, additifs, huiles hydrauliques, graisses, produits d&rsquo;entretien pour automobile, antigel pour radiateurs\/ antifreeze, liquides de frein, AdBlue et produits de nettoyage pour vitres (\u00e9t\u00e9 \/ hiver).[\/vc_column_text][\/vc_column_inner][vc_column_inner width=\u00a0\u00bb1\/6&Prime;][\/vc_column_inner][\/vc_row_inner][\/vc_column][\/vc_row][vc_row type=\u00a0\u00bbvc_default\u00a0\u00bb css=\u00a0\u00bb.vc_custom_1539162489683{margin-top: 50px !important;margin-bottom: 50px !important;}\u00a0\u00bb][vc_column][vc_row_inner][vc_column_inner el_class=\u00a0\u00bbasv-schragbox\u00a0\u00bb width=\u00a0\u00bb1\/4&Prime; css=\u00a0\u00bb.vc_custom_1540293187185{padding-top: 0px !important;padding-right: 0px !important;padding-bottom: 0px !important;padding-left: 0px !important;}\u00a0\u00bb][vc_single_image image=\u00a0\u00bb4729&Prime; img_size=\u00a0\u00bbfull\u00a0\u00bb][vc_column_text el_class=\u00a0\u00bbasv-mh-box\u00a0\u00bb]<\/p>\n<h3>Lubrifiants<\/h3>\n<p>Du ravitaillement pour votre v\u00e9hicule.[\/vc_column_text]<style type=\"text\/css\" data-type=\"the7_shortcodes-inline-css\">#default-btn-c2eed0a93c05736d9ca3568ef7a2e2e1.ico-right-side > i {\n  margin-right: 0px;\n  margin-left: 8px;\n}\n#default-btn-c2eed0a93c05736d9ca3568ef7a2e2e1 > i {\n  margin-right: 8px;\n}<\/style><a href=\"https:\/\/as-automotive.eu\/fr\/produkte\/produktgruppen-fr\/schmierstoffe-fr\/\" class=\"default-btn-shortcode dt-btn dt-btn-s link-hover-off asv-more asv-more-grey btn-inline-left \" id=\"default-btn-c2eed0a93c05736d9ca3568ef7a2e2e1\"><span>En savoir plus<\/span><\/a>[\/vc_column_inner][vc_column_inner el_class=\u00a0\u00bbasv-schragbox\u00a0\u00bb width=\u00a0\u00bb1\/4&Prime; css=\u00a0\u00bb.vc_custom_1540293193246{padding-top: 0px !important;padding-right: 0px !important;padding-bottom: 0px !important;padding-left: 0px !important;}\u00a0\u00bb][vc_single_image image=\u00a0\u00bb4721&Prime; img_size=\u00a0\u00bbfull\u00a0\u00bb][vc_column_text el_class=\u00a0\u00bbasv-mh-box\u00a0\u00bb]<\/p>\n<h3>Additifs<\/h3>\n<p>Du turbo pour votre moteur.[\/vc_column_text]<style type=\"text\/css\" data-type=\"the7_shortcodes-inline-css\">#default-btn-5b9032face301cb2ef24758c4a0bd100.ico-right-side > i {\n  margin-right: 0px;\n  margin-left: 8px;\n}\n#default-btn-5b9032face301cb2ef24758c4a0bd100 > i {\n  margin-right: 8px;\n}<\/style><a href=\"https:\/\/as-automotive.eu\/fr\/produkte\/produktgruppen-fr\/additive\/\" class=\"default-btn-shortcode dt-btn dt-btn-s link-hover-off asv-more asv-more-grey btn-inline-left \" id=\"default-btn-5b9032face301cb2ef24758c4a0bd100\"><span>En savoir plus<\/span><\/a>[\/vc_column_inner][vc_column_inner el_class=\u00a0\u00bbasv-schragbox\u00a0\u00bb width=\u00a0\u00bb1\/4&Prime; css=\u00a0\u00bb.vc_custom_1540293196693{padding-top: 0px !important;padding-right: 0px !important;padding-bottom: 0px !important;padding-left: 0px !important;}\u00a0\u00bb][vc_single_image image=\u00a0\u00bb4717&Prime; img_size=\u00a0\u00bbfull\u00a0\u00bb][vc_column_text el_class=\u00a0\u00bbasv-mh-box\u00a0\u00bb]<\/p>\n<h3>Liquides de refroidissement<\/h3>\n<p>Votre syst\u00e8me de refroidissement en pole position.[\/vc_column_text]<style type=\"text\/css\" data-type=\"the7_shortcodes-inline-css\">#default-btn-28fb5d38e0ad765b55d83723a4025a54.ico-right-side > i {\n  margin-right: 0px;\n  margin-left: 8px;\n}\n#default-btn-28fb5d38e0ad765b55d83723a4025a54 > i {\n  margin-right: 8px;\n}<\/style><a href=\"https:\/\/as-automotive.eu\/fr\/produkte\/produktgruppen-fr\/kuehlerschutz-fr\/\" class=\"default-btn-shortcode dt-btn dt-btn-s link-hover-off asv-more asv-more-grey btn-inline-left \" id=\"default-btn-28fb5d38e0ad765b55d83723a4025a54\"><span>En savoir plus<\/span><\/a>[\/vc_column_inner][vc_column_inner el_class=\u00a0\u00bbasv-schragbox\u00a0\u00bb width=\u00a0\u00bb1\/4&Prime; css=\u00a0\u00bb.vc_custom_1540293200497{padding-top: 0px !important;padding-right: 0px !important;padding-bottom: 0px !important;padding-left: 0px !important;}\u00a0\u00bb][vc_single_image image=\u00a0\u00bb4725&Prime; img_size=\u00a0\u00bbfull\u00a0\u00bb][vc_column_text el_class=\u00a0\u00bbasv-mh-box\u00a0\u00bb]<\/p>\n<h3>Produits de service<\/h3>\n<p>V\u00e9rification de vos syst\u00e8mes automobiles.[\/vc_column_text]<style type=\"text\/css\" data-type=\"the7_shortcodes-inline-css\">#default-btn-9d45a26c2dd0dd64e9294339f41e8806.ico-right-side > i {\n  margin-right: 0px;\n  margin-left: 8px;\n}\n#default-btn-9d45a26c2dd0dd64e9294339f41e8806 > i {\n  margin-right: 8px;\n}<\/style><a href=\"https:\/\/as-automotive.eu\/fr\/produkte\/produktgruppen-fr\/serviceprodukte-fr\/\" class=\"default-btn-shortcode dt-btn dt-btn-s link-hover-off asv-more asv-more-grey btn-inline-left \" id=\"default-btn-9d45a26c2dd0dd64e9294339f41e8806\"><span>En savoir plus<\/span><\/a>[\/vc_column_inner][\/vc_row_inner][\/vc_column][\/vc_row]<\/p>\n<\/div>","protected":false},"excerpt":{"rendered":"<p>[vc_row type=\u00a0\u00bbvc_default\u00a0\u00bb full_width=\u00a0\u00bbstretch_row\u00a0\u00bb css=\u00a0\u00bb.vc_custom_1540373223827{padding-top: 50px !important;padding-bottom: 50px !important;background-color: #f0f0f0 !important;}\u00a0\u00bb][vc_column][vc_column_text css=\u00a0\u00bb.vc_custom_1557732540485{margin-bottom: 50px !important;}\u00a0\u00bb] QUALIT\u00c9 DE SPORT AUTOMOBILE POUR VOTRE PARC DE V\u00c9HICULES. [\/vc_column_text][vc_row_inner][vc_column_inner width=\u00a0\u00bb5\/6&Prime;][vc_column_text]Nous garantissons pour nos produits l&rsquo;homologation par l&rsquo;industrie automobile et le respect de sp\u00e9cifications les plus strictes. La derni\u00e8re technologie et des produits techniquement \u00e9prouv\u00e9s offrent une plus-value \u00e0 l&rsquo;ensemble de votre&hellip;<\/p>\n","protected":false},"author":2,"featured_media":0,"parent":6190,"menu_order":0,"comment_status":"closed","ping_status":"closed","template":"","meta":{"_acf_changed":false,"footnotes":""},"class_list":["post-6209","page","type-page","status-publish","hentry","description-off"],"acf":[],"_links":{"self":[{"href":"https:\/\/as-automotive.eu\/fr\/wp-json\/wp\/v2\/pages\/6209","targetHints":{"allow":["GET"]}}],"collection":[{"href":"https:\/\/as-automotive.eu\/fr\/wp-json\/wp\/v2\/pages"}],"about":[{"href":"https:\/\/as-automotive.eu\/fr\/wp-json\/wp\/v2\/types\/page"}],"author":[{"embeddable":true,"href":"https:\/\/as-automotive.eu\/fr\/wp-json\/wp\/v2\/users\/2"}],"replies":[{"embeddable":true,"href":"https:\/\/as-automotive.eu\/fr\/wp-json\/wp\/v2\/comments?post=6209"}],"version-history":[{"count":10,"href":"https:\/\/as-automotive.eu\/fr\/wp-json\/wp\/v2\/pages\/6209\/revisions"}],"predecessor-version":[{"id":7863,"href":"https:\/\/as-automotive.eu\/fr\/wp-json\/wp\/v2\/pages\/6209\/revisions\/7863"}],"up":[{"embeddable":true,"href":"https:\/\/as-automotive.eu\/fr\/wp-json\/wp\/v2\/pages\/6190"}],"wp:attachment":[{"href":"https:\/\/as-automotive.eu\/fr\/wp-json\/wp\/v2\/media?parent=6209"}],"curies":[{"name":"wp","href":"https:\/\/api.w.org\/{rel}","templated":true}]}}