{"id":5405,"date":"2019-02-21T16:07:27","date_gmt":"2019-02-21T15:07:27","guid":{"rendered":"https:\/\/www.asv1.de\/?page_id=5405"},"modified":"2020-10-30T14:27:59","modified_gmt":"2020-10-30T13:27:59","slug":"vertriebspartnerschaft-fr","status":"publish","type":"page","link":"https:\/\/as-automotive.eu\/fr\/unternehmen-fr\/vertriebspartnerschaft-fr\/","title":{"rendered":"Partenariat commercial &#8211; FR"},"content":{"rendered":"<div class=\"wpb-content-wrapper\"><p>[vc_row type=\u00a0\u00bbvc_default\u00a0\u00bb full_width=\u00a0\u00bbstretch_row\u00a0\u00bb css=\u00a0\u00bb.vc_custom_1540292484178{background-position: center !important;background-repeat: no-repeat !important;background-size: contain !important;}\u00a0\u00bb el_id=\u00a0\u00bbasvearth\u00a0\u00bb][vc_column][vc_row_inner css=\u00a0\u00bb.vc_custom_1540039049438{margin-top: 30px !important;}\u00a0\u00bb][vc_column_inner][vc_raw_html css=\u00a0\u00bb.vc_custom_1603990918492{margin-bottom: 20px !important;}\u00a0\u00bb]JTNDaDIlM0UlM0NzcGFuJTIwY2xhc3MlM0QlMjJyZWQtb25lJTIyJTNFQVMlMjBQZXJmb3JtYW5jZSUzQyUyRnNwYW4lM0UlMjBQYXJ0ZW5hcmlhdCUyMGNvbW1lcmNpYWwlM0MlMkZoMiUzRQ==[\/vc_raw_html][\/vc_column_inner][\/vc_row_inner][vc_row_inner css=\u00a0\u00bb.vc_custom_1540039862489{margin-top: 50px !important;}\u00a0\u00bb][vc_column_inner width=\u00a0\u00bb5\/6&Prime;][vc_raw_html css=\u00a0\u00bb.vc_custom_1604064468761{margin-bottom: 20px !important;}\u00a0\u00bb]JTNDaDMlMjBjbGFzcyUzRCUyMmFzdi1zdWJwcmV0ZXh0JTIyJTNFJTIwRGV2ZW5pciUyMHBhcnRlbmFpcmUlMjBjb21tZXJjaWFsJTIwJTNDc3BhbiUyMGNsYXNzJTNEJTIycmVkLW9uZSUyMiUzRUFTJTIwUGVyZm9ybWFuY2UlM0MlMkZzcGFuJTNFJTNDJTJGaDMlM0U=[\/vc_raw_html][vc_column_text css=\u00a0\u00bb.vc_custom_1603990931001{margin-top: 0px !important;}\u00a0\u00bb el_class=\u00a0\u00bbli-ml\u00a0\u00bb]Vous souhaitez faire partie de l&rsquo;\u00e9quipe AS Performance et distribuer nos produits haute performance?<br \/>\nNous vous offrons :<\/p>\n<ul>\n<li>Des produits de la meilleure qualit\u00e9 \u00ab\u00a0Made in Germany\u201c.<\/li>\n<li>D&rsquo;excellents services sur le th\u00e8me des lubrifiants et de leurs domaines d&rsquo;utilisation.<\/li>\n<li>Des d\u00e9lais de r\u00e9action flexibles et courts.<\/li>\n<li>Des offres de formation pour vous et votre entreprise.<\/li>\n<li>Des strat\u00e9gies marketing innovantes et un programme de merchandising complet.<\/li>\n<li>Notre programme partenarial AS Performance pour des concepts d&rsquo;ateliers et de magasins.<\/li>\n<\/ul>\n<p>[\/vc_column_text][\/vc_column_inner][vc_column_inner width=\u00a0\u00bb1\/6&Prime;][\/vc_column_inner][\/vc_row_inner][vc_row_inner css=\u00a0\u00bb.vc_custom_1540039911124{margin-top: 30px !important;}\u00a0\u00bb][vc_column_inner width=\u00a0\u00bb5\/6&Prime;][vc_raw_html css=\u00a0\u00bb.vc_custom_1603990952525{margin-bottom: 20px !important;}\u00a0\u00bb]JTNDaDMlMjBjbGFzcyUzRCUyMmFzdi1zdWJwcmV0ZXh0JTIyJTNFJTNDc3BhbiUyMGNsYXNzJTNEJTIycmVkLW9uZSUyMiUzRUZpYWJpbGl0JUMzJUE5JTIwJTNDJTJGc3BhbiUzRSUyMCUyMGV0JTIwY29vcCVDMyVBOXJhdGlvbiUzQyUyRmgzJTNF[\/vc_raw_html][vc_column_text css=\u00a0\u00bb.vc_custom_1552388912205{margin-top: 0px !important;}\u00a0\u00bb]Chez nous, c&rsquo;est une attention efficace, orient\u00e9e vers le client et la solution qui se trouve au premier plan. Nous sommes flexibles, responsables et vous soutiendrons dans l&rsquo;ouverture de nouveaux march\u00e9s.[\/vc_column_text][\/vc_column_inner][vc_column_inner width=\u00a0\u00bb1\/6&Prime;][\/vc_column_inner][\/vc_row_inner][vc_row_inner css=\u00a0\u00bb.vc_custom_1540039911124{margin-top: 30px !important;}\u00a0\u00bb][vc_column_inner width=\u00a0\u00bb5\/6&Prime;][vc_raw_html css=\u00a0\u00bb.vc_custom_1603990960768{margin-bottom: 20px !important;}\u00a0\u00bb]JTNDaDMlMjBjbGFzcyUzRCUyMmFzdi1zdWJwcmV0ZXh0JTIyJTNFJTNDc3BhbiUyMGNsYXNzJTNEJTIycmVkLW9uZSUyMiUzRUFTJTIwUGVyZm9ybWFuY2UlM0MlMkZzcGFuJTNFJTIwUHJvbW90aW9ucyUyMGRlcyUyMHZlbnRlcyUzQyUyRmgzJTNF[\/vc_raw_html][vc_column_text css=\u00a0\u00bb.vc_custom_1590582737745{margin-top: 0px !important;}\u00a0\u00bb]Nos programmes de promotion des ventes peuvent uniquement encourager le contact personnel, l&rsquo;\u00e9troite coop\u00e9ration et la croissance partenariale, ils ne peuvent pas les remplacer. Outre le conseil partenarial, nous vous offrons \u00e9galement un concept complet pour la commercialisation et la publicit\u00e9 de notre gamme AS Performance. Dans l&rsquo;atelier, dans la salle de vente et pour votre parc automobile.[\/vc_column_text][\/vc_column_inner][vc_column_inner width=\u00a0\u00bb1\/6&Prime;][\/vc_column_inner][\/vc_row_inner][vc_row_inner css=\u00a0\u00bb.vc_custom_1540039911124{margin-top: 30px !important;}\u00a0\u00bb][vc_column_inner width=\u00a0\u00bb5\/6&Prime;][vc_raw_html css=\u00a0\u00bb.vc_custom_1603990970552{margin-bottom: 20px !important;}\u00a0\u00bb]JTNDaDMlMjBjbGFzcyUzRCUyMmFzdi1zdWJwcmV0ZXh0JTIyJTNFJTNDc3BhbiUyMGNsYXNzJTNEJTIycmVkLW9uZSUyMiUzRVF1YWxpdCVDMyVBOSUyMGRlJTIwbWFycXVlJTIwQVMlMjBQZXJmb3JtYW5jZS4lMjAlM0MlMkZzcGFuJTNFJTIwJUUyJTgwJTlDTWFkZSUyMGluJTIwR2VybWFueSVFMiU4MCU5QyUzQyUyRmgzJTNF[\/vc_raw_html][vc_column_text css=\u00a0\u00bb.vc_custom_1552389009717{margin-top: 0px !important;}\u00a0\u00bb]Nos produits premium sont fabriqu\u00e9s exclusivement en Allemagne. Nos longues ann\u00e9es d&rsquo;exp\u00e9rience dans le domaine des lubrifiants vous offrent une s\u00e9curit\u00e9 maximale. Nous vous livrons des lubrifiants haute performance. Rapide. Fiable. Performant.[\/vc_column_text][\/vc_column_inner][vc_column_inner width=\u00a0\u00bb1\/6&Prime;][\/vc_column_inner][\/vc_row_inner][\/vc_column][\/vc_row][vc_row][vc_column]\n<div class=\"wpcf7 no-js\" id=\"wpcf7-f6202-o1\" lang=\"de-DE\" dir=\"ltr\" data-wpcf7-id=\"6202\">\n<div class=\"screen-reader-response\"><p role=\"status\" aria-live=\"polite\" aria-atomic=\"true\"><\/p> <ul><\/ul><\/div>\n<form action=\"\/fr\/wp-json\/wp\/v2\/pages\/5405#wpcf7-f6202-o1\" method=\"post\" class=\"wpcf7-form init\" aria-label=\"Kontaktformular\" novalidate=\"novalidate\" data-status=\"init\">\n<fieldset class=\"hidden-fields-container\"><input type=\"hidden\" name=\"_wpcf7\" value=\"6202\" \/><input type=\"hidden\" name=\"_wpcf7_version\" value=\"6.1.5\" \/><input type=\"hidden\" name=\"_wpcf7_locale\" value=\"de_DE\" \/><input type=\"hidden\" name=\"_wpcf7_unit_tag\" value=\"wpcf7-f6202-o1\" \/><input type=\"hidden\" name=\"_wpcf7_container_post\" value=\"0\" \/><input type=\"hidden\" name=\"_wpcf7_posted_data_hash\" value=\"\" \/>\n<\/fieldset>\n<div class=\"row\">\n\t<div class=\"vc_col-sm-12\">\n\t\t<p><span class=\"wpcf7-form-control-wrap\" data-name=\"herrfrau\"><span class=\"wpcf7-form-control wpcf7-radio asv-gender\"><span class=\"wpcf7-list-item first\"><input type=\"radio\" name=\"herrfrau\" value=\"Monsieur\" checked=\"checked\" \/><span class=\"wpcf7-list-item-label\">Monsieur<\/span><\/span><span class=\"wpcf7-list-item last\"><input type=\"radio\" name=\"herrfrau\" value=\"Madame\" \/><span class=\"wpcf7-list-item-label\">Madame<\/span><\/span><\/span><\/span>\n\t\t<\/p>\n\t<\/div>\n<\/div>\n<div class=\"row\">\n\t<div class=\"vc_col-sm-6\">\n\t\t<p><span class=\"wpcf7-form-control-wrap\" data-name=\"vorname\"><input size=\"40\" maxlength=\"400\" class=\"wpcf7-form-control wpcf7-text wpcf7-validates-as-required\" aria-required=\"true\" aria-invalid=\"false\" placeholder=\"Pr\u00e9nom\" value=\"\" type=\"text\" name=\"vorname\" \/><\/span>\n\t\t<\/p>\n\t<\/div>\n\t<div class=\"vc_col-sm-6\">\n\t\t<p><span class=\"wpcf7-form-control-wrap\" data-name=\"nachname\"><input size=\"40\" maxlength=\"400\" class=\"wpcf7-form-control wpcf7-text wpcf7-validates-as-required\" aria-required=\"true\" aria-invalid=\"false\" placeholder=\"Nom\" value=\"\" type=\"text\" name=\"nachname\" \/><\/span>\n\t\t<\/p>\n\t<\/div>\n<\/div>\n<div class=\"row\">\n\t<div class=\"vc_col-sm-12\">\n\t\t<p><span class=\"wpcf7-form-control-wrap\" data-name=\"unternehmen\"><input size=\"40\" maxlength=\"400\" class=\"wpcf7-form-control wpcf7-text\" aria-invalid=\"false\" placeholder=\"Entreprise (facultative)\" value=\"\" type=\"text\" name=\"unternehmen\" \/><\/span>\n\t\t<\/p>\n\t<\/div>\n<\/div>\n<div class=\"row\">\n\t<div class=\"vc_col-sm-12\">\n\t\t<p><span class=\"wpcf7-form-control-wrap\" data-name=\"e-mail\"><input size=\"40\" maxlength=\"400\" class=\"wpcf7-form-control wpcf7-text wpcf7-validates-as-required\" aria-required=\"true\" aria-invalid=\"false\" placeholder=\"E-mail\" value=\"\" type=\"text\" name=\"e-mail\" \/><\/span>\n\t\t<\/p>\n\t<\/div>\n<\/div>\n<div class=\"row\">\n\t<div class=\"vc_col-sm-12\">\n\t\t<p><span class=\"wpcf7-form-control-wrap\" data-name=\"str\"><input size=\"40\" maxlength=\"400\" class=\"wpcf7-form-control wpcf7-text wpcf7-validates-as-required\" aria-required=\"true\" aria-invalid=\"false\" placeholder=\"Rue\" value=\"\" type=\"text\" name=\"str\" \/><\/span>\n\t\t<\/p>\n\t<\/div>\n<\/div>\n<div class=\"row\">\n\t<div class=\"vc_col-sm-6\">\n\t\t<p><span class=\"wpcf7-form-control-wrap\" data-name=\"hnr\"><input size=\"40\" maxlength=\"400\" class=\"wpcf7-form-control wpcf7-text wpcf7-validates-as-required\" aria-required=\"true\" aria-invalid=\"false\" placeholder=\"Num\u00e9ro de rue\" value=\"\" type=\"text\" name=\"hnr\" \/><\/span>\n\t\t<\/p>\n\t<\/div>\n\t<div class=\"vc_col-sm-6\">\n\t\t<p><span class=\"wpcf7-form-control-wrap\" data-name=\"plz\"><input size=\"40\" maxlength=\"400\" class=\"wpcf7-form-control wpcf7-text wpcf7-validates-as-required\" aria-required=\"true\" aria-invalid=\"false\" placeholder=\"Code postal\" value=\"\" type=\"text\" name=\"plz\" \/><\/span>\n\t\t<\/p>\n\t<\/div>\n<\/div>\n<div class=\"row\">\n\t<div class=\"vc_col-sm-12\">\n\t\t<p><span class=\"wpcf7-form-control-wrap\" data-name=\"ort\"><input size=\"40\" maxlength=\"400\" class=\"wpcf7-form-control wpcf7-text wpcf7-validates-as-required\" aria-required=\"true\" aria-invalid=\"false\" placeholder=\"Site\" value=\"\" type=\"text\" name=\"ort\" \/><\/span>\n\t\t<\/p>\n\t<\/div>\n<\/div>\n<div class=\"row\">\n\t<div class=\"vc_col-sm-12 mb20\">\n\t\t<p><span class=\"wpcf7-form-control-wrap\" data-name=\"land\"><input size=\"40\" maxlength=\"400\" class=\"wpcf7-form-control wpcf7-text wpcf7-validates-as-required\" aria-required=\"true\" aria-invalid=\"false\" placeholder=\"Pays\" value=\"\" type=\"text\" name=\"land\" \/><\/span>\n\t\t<\/p>\n\t<\/div>\n<\/div>\n<div class=\"row\">\n\t<div class=\"vc_col-sm-12 mb20\">\n\t\t<p><span class=\"wpcf7-form-control-wrap\" data-name=\"textarea-55\"><textarea cols=\"40\" rows=\"10\" maxlength=\"2000\" class=\"wpcf7-form-control wpcf7-textarea\" aria-invalid=\"false\" placeholder=\"Message\" name=\"textarea-55\"><\/textarea><\/span>\n\t\t<\/p>\n\t<\/div>\n<\/div>\n<div class=\"vc_col-sm-12 mb20\">\n\t<p><span class=\"wpcf7-form-control-wrap\" data-name=\"acceptance-420\"><span class=\"wpcf7-form-control wpcf7-acceptance\"><span class=\"wpcf7-list-item\"><label><input type=\"checkbox\" name=\"acceptance-420\" value=\"1\" aria-invalid=\"false\" \/><span class=\"wpcf7-list-item-label\">Oui, j'ai pris connaissance de la <a href=\"\/datenschutz\">d\u00e9claration de confidentialit\u00e9<\/a> confidentialit\u00e9 et j'accepte que les renseignements fournis par mes soins soient recueillis et stock\u00e9s de mani\u00e8re \u00e9lectronique. Mes donn\u00e9es ne seront utilis\u00e9es que dans le seul but de traiter et de r\u00e9pondre \u00e0 ma demande. En envoyant le formulaire de contact, je d\u00e9clare \u00eatre d'accord avec le traitement.\n&nbsp;\n<div class=\"mt20\">\n<a href=\"\/datenschutz\"><strong>D\u00c9CLARATION DE CONFIDENTIALIT\u00c9 COMPL\u00c8TE.<\/strong><\/a>\n<\/div><\/span><\/label><\/span><\/span><\/span>\n\t<\/p>\n<\/div>\n<p><input class=\"wpcf7-form-control wpcf7-submit has-spinner\" type=\"submit\" value=\"ENVOYER\" \/>\n<\/p><div class=\"wpcf7-response-output\" aria-hidden=\"true\"><\/div>\n<\/form>\n<\/div>\n[\/vc_column][\/vc_row]<\/p>\n<\/div>","protected":false},"excerpt":{"rendered":"<p>[vc_row type=\u00a0\u00bbvc_default\u00a0\u00bb full_width=\u00a0\u00bbstretch_row\u00a0\u00bb css=\u00a0\u00bb.vc_custom_1540292484178{background-position: center !important;background-repeat: no-repeat !important;background-size: contain !important;}\u00a0\u00bb el_id=\u00a0\u00bbasvearth\u00a0\u00bb][vc_column][vc_row_inner css=\u00a0\u00bb.vc_custom_1540039049438{margin-top: 30px !important;}\u00a0\u00bb][vc_column_inner][vc_raw_html css=\u00a0\u00bb.vc_custom_1603990918492{margin-bottom: 20px !important;}\u00a0\u00bb]JTNDaDIlM0UlM0NzcGFuJTIwY2xhc3MlM0QlMjJyZWQtb25lJTIyJTNFQVMlMjBQZXJmb3JtYW5jZSUzQyUyRnNwYW4lM0UlMjBQYXJ0ZW5hcmlhdCUyMGNvbW1lcmNpYWwlM0MlMkZoMiUzRQ==[\/vc_raw_html][\/vc_column_inner][\/vc_row_inner][vc_row_inner css=\u00a0\u00bb.vc_custom_1540039862489{margin-top: 50px !important;}\u00a0\u00bb][vc_column_inner width=\u00a0\u00bb5\/6&Prime;][vc_raw_html css=\u00a0\u00bb.vc_custom_1604064468761{margin-bottom: 20px !important;}\u00a0\u00bb]JTNDaDMlMjBjbGFzcyUzRCUyMmFzdi1zdWJwcmV0ZXh0JTIyJTNFJTIwRGV2ZW5pciUyMHBhcnRlbmFpcmUlMjBjb21tZXJjaWFsJTIwJTNDc3BhbiUyMGNsYXNzJTNEJTIycmVkLW9uZSUyMiUzRUFTJTIwUGVyZm9ybWFuY2UlM0MlMkZzcGFuJTNFJTNDJTJGaDMlM0U=[\/vc_raw_html][vc_column_text css=\u00a0\u00bb.vc_custom_1603990931001{margin-top: 0px !important;}\u00a0\u00bb el_class=\u00a0\u00bbli-ml\u00a0\u00bb]Vous souhaitez faire partie de l&rsquo;\u00e9quipe AS Performance et distribuer nos produits haute performance? Nous vous offrons : Des produits de la meilleure qualit\u00e9 \u00ab\u00a0Made in Germany\u201c. D&rsquo;excellents&hellip;<\/p>\n","protected":false},"author":2,"featured_media":0,"parent":5404,"menu_order":0,"comment_status":"closed","ping_status":"closed","template":"","meta":{"_acf_changed":false,"footnotes":""},"class_list":["post-5405","page","type-page","status-publish","hentry","description-off"],"acf":[],"_links":{"self":[{"href":"https:\/\/as-automotive.eu\/fr\/wp-json\/wp\/v2\/pages\/5405","targetHints":{"allow":["GET"]}}],"collection":[{"href":"https:\/\/as-automotive.eu\/fr\/wp-json\/wp\/v2\/pages"}],"about":[{"href":"https:\/\/as-automotive.eu\/fr\/wp-json\/wp\/v2\/types\/page"}],"author":[{"embeddable":true,"href":"https:\/\/as-automotive.eu\/fr\/wp-json\/wp\/v2\/users\/2"}],"replies":[{"embeddable":true,"href":"https:\/\/as-automotive.eu\/fr\/wp-json\/wp\/v2\/comments?post=5405"}],"version-history":[{"count":9,"href":"https:\/\/as-automotive.eu\/fr\/wp-json\/wp\/v2\/pages\/5405\/revisions"}],"predecessor-version":[{"id":7848,"href":"https:\/\/as-automotive.eu\/fr\/wp-json\/wp\/v2\/pages\/5405\/revisions\/7848"}],"up":[{"embeddable":true,"href":"https:\/\/as-automotive.eu\/fr\/wp-json\/wp\/v2\/pages\/5404"}],"wp:attachment":[{"href":"https:\/\/as-automotive.eu\/fr\/wp-json\/wp\/v2\/media?parent=5405"}],"curies":[{"name":"wp","href":"https:\/\/api.w.org\/{rel}","templated":true}]}}