{"id":5235,"date":"2019-02-21T15:13:00","date_gmt":"2019-02-21T14:13:00","guid":{"rendered":"https:\/\/www.asv1.de\/?page_id=5235"},"modified":"2020-10-29T18:06:45","modified_gmt":"2020-10-29T17:06:45","slug":"newsletter-fr","status":"publish","type":"page","link":"https:\/\/as-automotive.eu\/fr\/unternehmen-fr\/newsletter-fr\/","title":{"rendered":"Newsletter &#8211; FR"},"content":{"rendered":"<div class=\"wpb-content-wrapper\"><p>[vc_row type=\u00a0\u00bbvc_default\u00a0\u00bb full_width=\u00a0\u00bbstretch_row\u00a0\u00bb css=\u00a0\u00bb.vc_custom_1540042650547{margin-bottom: 85px !important;background-position: center !important;background-repeat: no-repeat !important;background-size: contain !important;}\u00a0\u00bb el_id=\u00a0\u00bbasvearth\u00a0\u00bb][vc_column][vc_row_inner css=\u00a0\u00bb.vc_custom_1540042668206{margin-top: 30px !important;}\u00a0\u00bb][vc_column_inner width=\u00a0\u00bb2\/3&Prime;][vc_raw_html css=\u00a0\u00bb.vc_custom_1603991200556{margin-bottom: 20px !important;}\u00a0\u00bb]JTNDaDIlM0UlM0NzcGFuJTIwY2xhc3MlM0QlMjJyZWQtb25lJTIyJTNFTm90cmUlMjBBUyUyMFBlcmZvcm1hbmNlJTNDJTJGc3BhbiUzRSUyME5ld3NsZXR0ZXIlM0MlMkZoMiUzRSUwQSUzQ2gzJTIwY2xhc3MlM0QlMjJhc3Ytc3VicHJldGV4dCUyMiUzRUxhJTIwQVMlMjBQZXJmb3JtYW5jZSUyME5ld3NsZXR0ZXIuJTIwJTIwUG91ciUyMG5lJTIwcmllbiUyMHJhdGVyLiUzQyUyRmgzJTNF[\/vc_raw_html][vc_column_text css=\u00a0\u00bb.vc_custom_1552385639141{margin-top: 0px !important;}\u00a0\u00bb]Restez en contact avec nous. Nous vous informons r\u00e9guli\u00e8rement des nouveaut\u00e9s, rendez-vous, \u00e9v\u00e8nements et projets \u00e0 venir.[\/vc_column_text][\/vc_column_inner][vc_column_inner width=\u00a0\u00bb1\/3&Prime;][\/vc_column_inner][\/vc_row_inner][vc_row_inner css=\u00a0\u00bb.vc_custom_1540038776794{margin-top: 30px !important;}\u00a0\u00bb][vc_column_inner]\n<div class=\"wpcf7 no-js\" id=\"wpcf7-f6361-o1\" lang=\"de-DE\" dir=\"ltr\" data-wpcf7-id=\"6361\">\n<div class=\"screen-reader-response\"><p role=\"status\" aria-live=\"polite\" aria-atomic=\"true\"><\/p> <ul><\/ul><\/div>\n<form action=\"\/fr\/wp-json\/wp\/v2\/pages\/5235#wpcf7-f6361-o1\" method=\"post\" class=\"wpcf7-form init\" aria-label=\"Kontaktformular\" novalidate=\"novalidate\" data-status=\"init\">\n<fieldset class=\"hidden-fields-container\"><input type=\"hidden\" name=\"_wpcf7\" value=\"6361\" \/><input type=\"hidden\" name=\"_wpcf7_version\" value=\"6.1.5\" \/><input type=\"hidden\" name=\"_wpcf7_locale\" value=\"de_DE\" \/><input type=\"hidden\" name=\"_wpcf7_unit_tag\" value=\"wpcf7-f6361-o1\" \/><input type=\"hidden\" name=\"_wpcf7_container_post\" value=\"0\" \/><input type=\"hidden\" name=\"_wpcf7_posted_data_hash\" value=\"\" \/>\n<\/fieldset>\n<div class=\"row\">\n\t<div class=\"vc_col-sm-6\">\n\t\t<p><span class=\"wpcf7-form-control-wrap\" data-name=\"vorname\"><input size=\"40\" maxlength=\"400\" class=\"wpcf7-form-control wpcf7-text wpcf7-validates-as-required\" aria-required=\"true\" aria-invalid=\"false\" placeholder=\"Pr\u00e9nom\" value=\"\" type=\"text\" name=\"vorname\" \/><\/span>\n\t\t<\/p>\n\t<\/div>\n\t<div class=\"vc_col-sm-6\">\n\t\t<p><span class=\"wpcf7-form-control-wrap\" data-name=\"nachname\"><input size=\"40\" maxlength=\"400\" class=\"wpcf7-form-control wpcf7-text wpcf7-validates-as-required\" aria-required=\"true\" aria-invalid=\"false\" placeholder=\"Nom\" value=\"\" type=\"text\" name=\"nachname\" \/><\/span>\n\t\t<\/p>\n\t<\/div>\n<\/div>\n<div class=\"row\">\n\t<div class=\"vc_col-sm-12\">\n\t\t<p><span class=\"wpcf7-form-control-wrap\" data-name=\"e-mail\"><input size=\"40\" maxlength=\"400\" class=\"wpcf7-form-control wpcf7-text wpcf7-validates-as-required\" aria-required=\"true\" aria-invalid=\"false\" placeholder=\"E-Mail\" value=\"\" type=\"text\" name=\"e-mail\" \/><\/span>\n\t\t<\/p>\n\t<\/div>\n<\/div>\n<div class=\"row\">\n\t<div class=\"vc_col-sm-12\">\n\t\t<p><span class=\"wpcf7-form-control-wrap\" data-name=\"textarea-55\"><textarea cols=\"40\" rows=\"10\" maxlength=\"2000\" class=\"wpcf7-form-control wpcf7-textarea\" aria-invalid=\"false\" placeholder=\"Message\" name=\"textarea-55\"><\/textarea><\/span>\n\t\t<\/p>\n\t<\/div>\n<\/div>\n<p><span class=\"wpcf7-form-control-wrap\" data-name=\"acceptance-420\"><span class=\"wpcf7-form-control wpcf7-acceptance\"><span class=\"wpcf7-list-item\"><label><input type=\"checkbox\" name=\"acceptance-420\" value=\"1\" aria-invalid=\"false\" \/><span class=\"wpcf7-list-item-label\">Oui, j'ai pris connaissance de la <a href=\"#\">d\u00e9claration de confidentialit\u00e9<\/a> et j'accepte que les renseignements fournis par mes soins soient recueillis et stock\u00e9s de mani\u00e8re \u00e9lectronique. Mes donn\u00e9es ne seront utilis\u00e9es que dans le seul but de traiter et de r\u00e9pondre \u00e0 ma demande. En envoyant le formulaire de contact, je d\u00e9clare \u00eatre d'accord avec le traitement.<\/span><\/label><\/span><\/span><\/span>\n<\/p>\n<p><!-- Mailchimp for WordPress v4.12.0 - https:\/\/www.mc4wp.com\/ --><input type=\"hidden\" name=\"_mc4wp_subscribe_contact-form-7\" value=\"0\" \/><span class=\"mc4wp-checkbox mc4wp-checkbox-contact-form-7 \"><label><input type=\"checkbox\" name=\"_mc4wp_subscribe_contact-form-7\" value=\"1\" ><span>    Ich m\u00f6chte mich au\u00dferdem f\u00fcr den Newsletter anmelden<\/span><\/label><\/span><!-- \/ Mailchimp for WordPress -->\n<\/p>\n<p><input class=\"wpcf7-form-control wpcf7-submit has-spinner\" type=\"submit\" value=\"Envoyer\" \/>\n<\/p><div class=\"wpcf7-response-output\" aria-hidden=\"true\"><\/div>\n<\/form>\n<\/div>\n[\/vc_column_inner][\/vc_row_inner][\/vc_column][\/vc_row]<\/p>\n<\/div>","protected":false},"excerpt":{"rendered":"<p>[vc_row type=\u00a0\u00bbvc_default\u00a0\u00bb full_width=\u00a0\u00bbstretch_row\u00a0\u00bb css=\u00a0\u00bb.vc_custom_1540042650547{margin-bottom: 85px !important;background-position: center !important;background-repeat: no-repeat !important;background-size: contain !important;}\u00a0\u00bb el_id=\u00a0\u00bbasvearth\u00a0\u00bb][vc_column][vc_row_inner css=\u00a0\u00bb.vc_custom_1540042668206{margin-top: 30px !important;}\u00a0\u00bb][vc_column_inner width=\u00a0\u00bb2\/3&Prime;][vc_raw_html css=\u00a0\u00bb.vc_custom_1603991200556{margin-bottom: 20px !important;}\u00a0\u00bb]JTNDaDIlM0UlM0NzcGFuJTIwY2xhc3MlM0QlMjJyZWQtb25lJTIyJTNFTm90cmUlMjBBUyUyMFBlcmZvcm1hbmNlJTNDJTJGc3BhbiUzRSUyME5ld3NsZXR0ZXIlM0MlMkZoMiUzRSUwQSUzQ2gzJTIwY2xhc3MlM0QlMjJhc3Ytc3VicHJldGV4dCUyMiUzRUxhJTIwQVMlMjBQZXJmb3JtYW5jZSUyME5ld3NsZXR0ZXIuJTIwJTIwUG91ciUyMG5lJTIwcmllbiUyMHJhdGVyLiUzQyUyRmgzJTNF[\/vc_raw_html][vc_column_text css=\u00a0\u00bb.vc_custom_1552385639141{margin-top: 0px !important;}\u00a0\u00bb]Restez en contact avec nous. Nous vous informons r\u00e9guli\u00e8rement des nouveaut\u00e9s, rendez-vous, \u00e9v\u00e8nements et projets \u00e0 venir.[\/vc_column_text][\/vc_column_inner][vc_column_inner width=\u00a0\u00bb1\/3&Prime;][\/vc_column_inner][\/vc_row_inner][vc_row_inner css=\u00a0\u00bb.vc_custom_1540038776794{margin-top: 30px !important;}\u00a0\u00bb][vc_column_inner][\/vc_column_inner][\/vc_row_inner][\/vc_column][\/vc_row]<\/p>\n","protected":false},"author":2,"featured_media":0,"parent":5404,"menu_order":0,"comment_status":"closed","ping_status":"closed","template":"","meta":{"_acf_changed":false,"footnotes":""},"class_list":["post-5235","page","type-page","status-publish","hentry","description-off"],"acf":[],"_links":{"self":[{"href":"https:\/\/as-automotive.eu\/fr\/wp-json\/wp\/v2\/pages\/5235","targetHints":{"allow":["GET"]}}],"collection":[{"href":"https:\/\/as-automotive.eu\/fr\/wp-json\/wp\/v2\/pages"}],"about":[{"href":"https:\/\/as-automotive.eu\/fr\/wp-json\/wp\/v2\/types\/page"}],"author":[{"embeddable":true,"href":"https:\/\/as-automotive.eu\/fr\/wp-json\/wp\/v2\/users\/2"}],"replies":[{"embeddable":true,"href":"https:\/\/as-automotive.eu\/fr\/wp-json\/wp\/v2\/comments?post=5235"}],"version-history":[{"count":6,"href":"https:\/\/as-automotive.eu\/fr\/wp-json\/wp\/v2\/pages\/5235\/revisions"}],"predecessor-version":[{"id":7822,"href":"https:\/\/as-automotive.eu\/fr\/wp-json\/wp\/v2\/pages\/5235\/revisions\/7822"}],"up":[{"embeddable":true,"href":"https:\/\/as-automotive.eu\/fr\/wp-json\/wp\/v2\/pages\/5404"}],"wp:attachment":[{"href":"https:\/\/as-automotive.eu\/fr\/wp-json\/wp\/v2\/media?parent=5235"}],"curies":[{"name":"wp","href":"https:\/\/api.w.org\/{rel}","templated":true}]}}