{"id":5213,"date":"2019-02-21T15:06:30","date_gmt":"2019-02-21T14:06:30","guid":{"rendered":"https:\/\/www.asv1.de\/?page_id=5213"},"modified":"2020-10-30T12:23:02","modified_gmt":"2020-10-30T11:23:02","slug":"neuigkeiten-fr","status":"publish","type":"page","link":"https:\/\/as-automotive.eu\/fr\/unternehmen-fr\/neuigkeiten-fr\/","title":{"rendered":"Nouveaut\u00e9s  &#8211; FR"},"content":{"rendered":"<div class=\"wpb-content-wrapper\"><p>[vc_row][vc_column][vc_column_text css=\u00a0\u00bb.vc_custom_1604056976704{margin-top: 80px !important;}\u00a0\u00bb]<\/p>\n<h2>Nouveaut\u00e9s <span class=\"red-one\">AS Performance<\/span><\/h2>\n<p>[\/vc_column_text][\/vc_column][\/vc_row][vc_row type=\u00a0\u00bbvc_default\u00a0\u00bb full_width=\u00a0\u00bbstretch_row_content\u00a0\u00bb equal_height=\u00a0\u00bbyes\u00a0\u00bb css=\u00a0\u00bb.vc_custom_1540910478978{padding-right: 80px !important;padding-bottom: 85px !important;padding-left: 80px !important;background-position: center !important;background-repeat: no-repeat !important;background-size: cover !important;}\u00a0\u00bb el_class=\u00a0\u00bbasv-greybox\u00a0\u00bb][vc_column css_animation=\u00a0\u00bbfadeInUp\u00a0\u00bb width=\u00a0\u00bb1\/2&Prime; el_class=\u00a0\u00bbasv-aboutbox\u00a0\u00bb css=\u00a0\u00bb.vc_custom_1540303014902{border-right-width: 3px !important;padding-top: 20px !important;padding-right: 20px !important;padding-bottom: 20px !important;padding-left: 20px !important;background-color: rgba(195,195,195,0.3) !important;*background-color: rgb(195,195,195) !important;border-right-color: #e12122 !important;border-right-style: solid !important;}\u00a0\u00bb][vc_row_inner][vc_column_inner width=\u00a0\u00bb2\/3&Prime;][vc_raw_html css=\u00a0\u00bb.vc_custom_1604056628877{margin-bottom: 0px !important;}\u00a0\u00bb]JTNDaDMlMjBjbGFzcyUzRCUyMmFzdi1zdWJwcmV0ZXh0JTIyJTNFJTNDc3BhbiUyMGNsYXNzJTNEJTIycmVkLW9uZSUyMiUzRXd3dy5hcy1hdXRvbW90aXZlLmV1JTNDJTJGc3BhbiUzRSUzQyUyRmgzJTNF[\/vc_raw_html][vc_column_text]<\/p>\n<p class=\"p3\">Le voici. Notre nouveau site Internet AS Performance. Aucun doute : tout vient \u00e0 point \u00e0 qui sait attendre. Dans ce cas-ci, c&rsquo;est le mois de septembre qui apporte la nouveaut\u00e9. Vous avez beaucoup de choses \u00e0 d\u00e9couvrir. Un nouveau design, des produits tout neufs, des accessoires utiles et notre dictionnaire des lubrifiants qui r\u00e9pondra \u00e0 beaucoup de vos questions &#8230;<\/p>\n<p>[\/vc_column_text]<style type=\"text\/css\" data-type=\"the7_shortcodes-inline-css\">#default-btn-911578773a55cb1f1b5c0e3b10140fff.ico-right-side > i {\n  margin-right: 0px;\n  margin-left: 8px;\n}\n#default-btn-911578773a55cb1f1b5c0e3b10140fff > i {\n  margin-right: 8px;\n}<\/style><a href=\"https:\/\/as-automotive.eu\/fr\/www-asv1-de\/\" class=\"default-btn-shortcode dt-btn dt-btn-s link-hover-off asv-more asv-more-grey btn-inline-left \" id=\"default-btn-911578773a55cb1f1b5c0e3b10140fff\"><span>en savoir plus<\/span><\/a>[\/vc_column_inner][vc_column_inner width=\u00a0\u00bb1\/3&Prime;]<style type=\"text\/css\" data-type=\"the7_shortcodes-inline-css\">.shortcode-single-image-wrap.shortcode-single-image-2afa3fd957bbfdca085e65a9d40097f3.enable-bg-rollover .rollover i,\n.shortcode-single-image-wrap.shortcode-single-image-2afa3fd957bbfdca085e65a9d40097f3.enable-bg-rollover .rollover-video i {\n  background: -webkit-linear-gradient();\n  background: linear-gradient();\n}\n.shortcode-single-image-wrap.shortcode-single-image-2afa3fd957bbfdca085e65a9d40097f3 .rollover-icon {\n  font-size: 32px;\n  color: #ffffff;\n  min-width: 44px;\n  min-height: 44px;\n  line-height: 44px;\n  border-radius: 100px;\n  border-style: solid;\n  border-width: 0px;\n}\n.dt-icon-bg-on.shortcode-single-image-wrap.shortcode-single-image-2afa3fd957bbfdca085e65a9d40097f3 .rollover-icon {\n  background: rgba(255,255,255,0.3);\n  box-shadow: none;\n}<\/style><div class=\"shortcode-single-image-wrap shortcode-single-image-2afa3fd957bbfdca085e65a9d40097f3 alignnone  enable-bg-rollover dt-icon-bg-off\" style=\"margin-top:0px; margin-bottom:0px; margin-left:0px; margin-right:0px; width:500px;\"><div class=\"shortcode-single-image\"><div class=\"fancy-media-wrap  layzr-bg\" style=\"\"><img fetchpriority=\"high\" decoding=\"async\" class=\"preload-me lazy-load aspect\" src=\"data:image\/svg+xml,%3Csvg%20xmlns%3D&#39;http%3A%2F%2Fwww.w3.org%2F2000%2Fsvg&#39;%20viewBox%3D&#39;0%200%20500%20298&#39;%2F%3E\" data-src=\"https:\/\/as-automotive.eu\/wp-content\/uploads\/2020\/10\/as-automotive-500x298.jpg\" data-srcset=\"https:\/\/as-automotive.eu\/wp-content\/uploads\/2020\/10\/as-automotive-500x298.jpg 500w, https:\/\/as-automotive.eu\/wp-content\/uploads\/2020\/10\/as-automotive-1000x596.jpg 1000w\" loading=\"eager\" sizes=\"(max-width: 500px) 100vw, 500px\" width=\"500\" height=\"298\"  data-dt-location=\"https:\/\/as-automotive.eu\/fr\/unternehmen-fr\/neuigkeiten-fr\/as-automotive-2\/\" style=\"--ratio: 500 \/ 298;\" alt=\"\" \/><\/div><\/div><\/div>[\/vc_column_inner][\/vc_row_inner][\/vc_column][vc_column width=\u00a0\u00bb1\/2&Prime; offset=\u00a0\u00bbvc_hidden-xs\u00a0\u00bb][\/vc_column][vc_column width=\u00a0\u00bb1\/2&Prime; offset=\u00a0\u00bbvc_hidden-xs\u00a0\u00bb][\/vc_column][vc_column css_animation=\u00a0\u00bbfadeInUp\u00a0\u00bb width=\u00a0\u00bb1\/2&Prime; css=\u00a0\u00bb.vc_custom_1540821696540{margin-left: -3.5px !important;border-left-width: 3px !important;padding-top: 20px !important;padding-right: 20px !important;padding-bottom: 20px !important;padding-left: 20px !important;background-color: rgba(195,195,195,0.3) !important;*background-color: rgb(195,195,195) !important;border-left-color: #e21222 !important;border-left-style: solid !important;}\u00a0\u00bb][vc_row_inner][vc_column_inner width=\u00a0\u00bb1\/3&Prime;]<style type=\"text\/css\" data-type=\"the7_shortcodes-inline-css\">.shortcode-single-image-wrap.shortcode-single-image-844f202aa471589d4e6cc46b647fb27c.enable-bg-rollover .rollover i,\n.shortcode-single-image-wrap.shortcode-single-image-844f202aa471589d4e6cc46b647fb27c.enable-bg-rollover .rollover-video i {\n  background: -webkit-linear-gradient();\n  background: linear-gradient();\n}\n.shortcode-single-image-wrap.shortcode-single-image-844f202aa471589d4e6cc46b647fb27c .rollover-icon {\n  font-size: 32px;\n  color: #ffffff;\n  min-width: 44px;\n  min-height: 44px;\n  line-height: 44px;\n  border-radius: 100px;\n  border-style: solid;\n  border-width: 0px;\n}\n.dt-icon-bg-on.shortcode-single-image-wrap.shortcode-single-image-844f202aa471589d4e6cc46b647fb27c .rollover-icon {\n  background: rgba(255,255,255,0.3);\n  box-shadow: none;\n}<\/style><div class=\"shortcode-single-image-wrap shortcode-single-image-844f202aa471589d4e6cc46b647fb27c alignnone  enable-bg-rollover dt-icon-bg-off\" style=\"margin-top:0px; margin-bottom:0px; margin-left:0px; margin-right:0px; width:500px;\"><div class=\"shortcode-single-image\"><div class=\"fancy-media-wrap  layzr-bg\" style=\"\"><img decoding=\"async\" class=\"preload-me lazy-load aspect\" src=\"data:image\/svg+xml,%3Csvg%20xmlns%3D&#39;http%3A%2F%2Fwww.w3.org%2F2000%2Fsvg&#39;%20viewBox%3D&#39;0%200%20500%20333&#39;%2F%3E\" data-src=\"https:\/\/as-automotive.eu\/wp-content\/uploads\/2018\/11\/asv1_neuigkeiten_ein_spannender_drehtag_in_der_produktion-500x333.jpg\" data-srcset=\"https:\/\/as-automotive.eu\/wp-content\/uploads\/2018\/11\/asv1_neuigkeiten_ein_spannender_drehtag_in_der_produktion-500x333.jpg 500w, https:\/\/as-automotive.eu\/wp-content\/uploads\/2018\/11\/asv1_neuigkeiten_ein_spannender_drehtag_in_der_produktion-1000x666.jpg 1000w\" loading=\"eager\" sizes=\"(max-width: 500px) 100vw, 500px\" width=\"500\" height=\"333\"  data-dt-location=\"https:\/\/as-automotive.eu\/fr\/ein-spannender-drehtag-in-der-produktion\/asv1_neuigkeiten_ein_spannender_drehtag_in_der_produktion\/\" style=\"--ratio: 500 \/ 333;\" alt=\"\" \/><\/div><\/div><\/div>[\/vc_column_inner][vc_column_inner width=\u00a0\u00bb2\/3&Prime;][vc_raw_html css=\u00a0\u00bb.vc_custom_1604056644584{margin-bottom: 0px !important;}\u00a0\u00bb]JTNDaDMlMjBjbGFzcyUzRCUyMmFzdi1zdWJwcmV0ZXh0JTIyJTNFJTNDc3BhbiUyMGNsYXNzJTNEJTIycmVkLW9uZSUyMiUzRVVuJTIwcGFzc2lvbm5hbnQlM0MlMkZzcGFuJTNFJTIwam91ciUyMGRlJTIwdG91cm5hZ2UlMjBkYW5zJTIwbGElMjBwcm9kdWN0aW9uJTIwJTNDJTJGaDMlM0U=[\/vc_raw_html][vc_column_text]Comment sont \u00e9labor\u00e9s nos produits AS Performance? Comment le produit termine-t-il dans la bouteille et le bidon ? Tout cela, c&rsquo;est nous-m\u00eames et nos employ\u00e9s qui nous en chargeons. \u00c9videmment, nous nous aidons \u00e0 cet effet de la derni\u00e8re technique de remplissage. Nous investissons sans cesse dans les installations de remplissage et les concepts de stockage les plus modernes. Nous vous garantissons ainsi toujours la meilleur qualit\u00e9 pour nos produits, les plus courts d\u00e9lais de livraison et exactement le service client auquel vous \u00eates habitu\u00e9s de notre part. Derri\u00e8re nos produits se trouvent des personnes passionn\u00e9es et enthousiastes.[\/vc_column_text]<style type=\"text\/css\" data-type=\"the7_shortcodes-inline-css\">#default-btn-ec39735bb009c7fdeba6b5e20b700b66.ico-right-side > i {\n  margin-right: 0px;\n  margin-left: 8px;\n}\n#default-btn-ec39735bb009c7fdeba6b5e20b700b66 > i {\n  margin-right: 8px;\n}<\/style><a href=\"https:\/\/as-automotive.eu\/fr\/ein-spannender-drehtag-in-der-produktion\/\" class=\"default-btn-shortcode dt-btn dt-btn-s link-hover-off asv-more asv-more-grey btn-inline-left \" id=\"default-btn-ec39735bb009c7fdeba6b5e20b700b66\"><span>en savoir plus<\/span><\/a>[\/vc_column_inner][\/vc_row_inner][\/vc_column][vc_column css_animation=\u00a0\u00bbfadeInUp\u00a0\u00bb width=\u00a0\u00bb1\/2&Prime; el_class=\u00a0\u00bbasv-aboutbox\u00a0\u00bb css=\u00a0\u00bb.vc_custom_1540821735980{border-right-width: 3px !important;padding-top: 20px !important;padding-right: 20px !important;padding-bottom: 20px !important;padding-left: 20px !important;background-color: rgba(195,195,195,0.3) !important;*background-color: rgb(195,195,195) !important;border-right-color: #e12122 !important;border-right-style: solid !important;}\u00a0\u00bb][vc_row_inner][vc_column_inner width=\u00a0\u00bb2\/3&Prime;][vc_raw_html css=\u00a0\u00bb.vc_custom_1604056667822{margin-bottom: 0px !important;}\u00a0\u00bb]JTNDaDMlMjBjbGFzcyUzRCUyMmFzdi1zdWJwcmV0ZXh0JTIyJTNFJTNDc3BhbiUyMGNsYXNzJTNEJTIycmVkLW9uZSUyMiUzRVN1ciUyMGxlcyUyMHJvdXRlcyUzQyUyRnNwYW4lM0UlMjBkdSUyMG1vbmRlJTIwZW50aWVyJTNDJTJGaDMlM0UlMEElMEE=[\/vc_raw_html][vc_column_text]Nos produits quittent l&rsquo;usine apr\u00e8s un examen complet, une pr\u00e9paration soigneuse des commandes et un chargement s\u00e9curis\u00e9. Sur les routes du monde entier. \u00c0 destination de l&rsquo;Allemagne, l&rsquo;Europe, le Proche-Orient, l&rsquo;Asie, l&rsquo;Asie du Sud-Est, l&rsquo;Australie ou l&rsquo;outre-mer. Nous admirons cette internationalit\u00e9. Bien s\u00fbr, nos clients comptent sur une livraison rapide effectu\u00e9e par des entreprises de transport fiables. Par container maritime ou par voie terrestre \u00e0 l&rsquo;aide d&rsquo;un camion. En cas de livraison particuli\u00e8rement urgente, nos clients re\u00e7oivent m\u00eame leurs produits AS Performance par fret a\u00e9rien. Rien n&rsquo;est impossible. Nous accompagnons nos clients durant le processus de commande et tous les processus de r\u00e8glement. Assistance client du plus haut niveau.[\/vc_column_text]<style type=\"text\/css\" data-type=\"the7_shortcodes-inline-css\">#default-btn-ad1f59b80a6c330586ffec2cd776994d.ico-right-side > i {\n  margin-right: 0px;\n  margin-left: 8px;\n}\n#default-btn-ad1f59b80a6c330586ffec2cd776994d > i {\n  margin-right: 8px;\n}<\/style><a href=\"https:\/\/as-automotive.eu\/fr\/blog\/2018\/09\/11\/auf-dem-weg-in-die-ganze-welt\/\" class=\"default-btn-shortcode dt-btn dt-btn-s link-hover-off asv-more asv-more-grey btn-inline-left \" id=\"default-btn-ad1f59b80a6c330586ffec2cd776994d\"><span>en savoir plus<\/span><\/a>[\/vc_column_inner][vc_column_inner width=\u00a0\u00bb1\/3&Prime;]<style type=\"text\/css\" data-type=\"the7_shortcodes-inline-css\">.shortcode-single-image-wrap.shortcode-single-image-0be06ef244290c87811b3f7e8efbf533.enable-bg-rollover .rollover i,\n.shortcode-single-image-wrap.shortcode-single-image-0be06ef244290c87811b3f7e8efbf533.enable-bg-rollover .rollover-video i {\n  background: -webkit-linear-gradient();\n  background: linear-gradient();\n}\n.shortcode-single-image-wrap.shortcode-single-image-0be06ef244290c87811b3f7e8efbf533 .rollover-icon {\n  font-size: 32px;\n  color: #ffffff;\n  min-width: 44px;\n  min-height: 44px;\n  line-height: 44px;\n  border-radius: 100px;\n  border-style: solid;\n  border-width: 0px;\n}\n.dt-icon-bg-on.shortcode-single-image-wrap.shortcode-single-image-0be06ef244290c87811b3f7e8efbf533 .rollover-icon {\n  background: rgba(255,255,255,0.3);\n  box-shadow: none;\n}<\/style><div class=\"shortcode-single-image-wrap shortcode-single-image-0be06ef244290c87811b3f7e8efbf533 alignnone  enable-bg-rollover dt-icon-bg-off\" style=\"margin-top:0px; margin-bottom:0px; margin-left:0px; margin-right:0px; width:500px;\"><div class=\"shortcode-single-image\"><div class=\"fancy-media-wrap  layzr-bg\" style=\"\"><img decoding=\"async\" class=\"preload-me lazy-load aspect\" src=\"data:image\/svg+xml,%3Csvg%20xmlns%3D&#39;http%3A%2F%2Fwww.w3.org%2F2000%2Fsvg&#39;%20viewBox%3D&#39;0%200%20500%20333&#39;%2F%3E\" data-src=\"https:\/\/as-automotive.eu\/wp-content\/uploads\/2018\/11\/asv1_neuigkeiten_auf_dem_weg_in_die_ganze_welt-500x333.jpg\" data-srcset=\"https:\/\/as-automotive.eu\/wp-content\/uploads\/2018\/11\/asv1_neuigkeiten_auf_dem_weg_in_die_ganze_welt-500x333.jpg 500w, https:\/\/as-automotive.eu\/wp-content\/uploads\/2018\/11\/asv1_neuigkeiten_auf_dem_weg_in_die_ganze_welt-1000x666.jpg 1000w\" loading=\"eager\" sizes=\"(max-width: 500px) 100vw, 500px\" width=\"500\" height=\"333\"  data-dt-location=\"https:\/\/as-automotive.eu\/fr\/auf-dem-weg-in-die-ganze-welt\/asv1_neuigkeiten_auf_dem_weg_in_die_ganze_welt\/\" style=\"--ratio: 500 \/ 333;\" alt=\"\" \/><\/div><\/div><\/div>[\/vc_column_inner][\/vc_row_inner][\/vc_column][vc_column width=\u00a0\u00bb1\/2&Prime; offset=\u00a0\u00bbvc_hidden-xs\u00a0\u00bb][\/vc_column][vc_column width=\u00a0\u00bb1\/2&Prime; offset=\u00a0\u00bbvc_hidden-xs\u00a0\u00bb][\/vc_column][vc_column css_animation=\u00a0\u00bbfadeInUp\u00a0\u00bb width=\u00a0\u00bb1\/2&Prime; css=\u00a0\u00bb.vc_custom_1540822403474{margin-left: -3.5px !important;border-left-width: 3px !important;padding-top: 20px !important;padding-right: 20px !important;padding-bottom: 20px !important;padding-left: 20px !important;background-color: rgba(195,195,195,0.3) !important;*background-color: rgb(195,195,195) !important;border-left-color: #e12122 !important;border-left-style: solid !important;}\u00a0\u00bb][vc_row_inner][vc_column_inner width=\u00a0\u00bb1\/3&Prime;]<style type=\"text\/css\" data-type=\"the7_shortcodes-inline-css\">.shortcode-single-image-wrap.shortcode-single-image-7e6a4ce3c251c7661eef3e00b2f08bee.enable-bg-rollover .rollover i,\n.shortcode-single-image-wrap.shortcode-single-image-7e6a4ce3c251c7661eef3e00b2f08bee.enable-bg-rollover .rollover-video i {\n  background: -webkit-linear-gradient();\n  background: linear-gradient();\n}\n.shortcode-single-image-wrap.shortcode-single-image-7e6a4ce3c251c7661eef3e00b2f08bee .rollover-icon {\n  font-size: 32px;\n  color: #ffffff;\n  min-width: 44px;\n  min-height: 44px;\n  line-height: 44px;\n  border-radius: 100px;\n  border-style: solid;\n  border-width: 0px;\n}\n.dt-icon-bg-on.shortcode-single-image-wrap.shortcode-single-image-7e6a4ce3c251c7661eef3e00b2f08bee .rollover-icon {\n  background: rgba(255,255,255,0.3);\n  box-shadow: none;\n}<\/style><div class=\"shortcode-single-image-wrap shortcode-single-image-7e6a4ce3c251c7661eef3e00b2f08bee alignnone  enable-bg-rollover dt-icon-bg-off\" style=\"margin-top:0px; margin-bottom:0px; margin-left:0px; margin-right:0px; width:500px;\"><div class=\"shortcode-single-image\"><div class=\"fancy-media-wrap  layzr-bg\" style=\"\"><img decoding=\"async\" class=\"preload-me lazy-load aspect\" src=\"data:image\/svg+xml,%3Csvg%20xmlns%3D&#39;http%3A%2F%2Fwww.w3.org%2F2000%2Fsvg&#39;%20viewBox%3D&#39;0%200%20500%20333&#39;%2F%3E\" data-src=\"https:\/\/as-automotive.eu\/wp-content\/uploads\/2018\/11\/asv1_neuigkeiten_bei_wind_und_wetter-500x333.jpg\" data-srcset=\"https:\/\/as-automotive.eu\/wp-content\/uploads\/2018\/11\/asv1_neuigkeiten_bei_wind_und_wetter-500x333.jpg 500w, https:\/\/as-automotive.eu\/wp-content\/uploads\/2018\/11\/asv1_neuigkeiten_bei_wind_und_wetter-1000x666.jpg 1000w\" loading=\"eager\" sizes=\"(max-width: 500px) 100vw, 500px\" width=\"500\" height=\"333\"  data-dt-location=\"https:\/\/as-automotive.eu\/fr\/bei-wind-und-wetter\/asv1_neuigkeiten_bei_wind_und_wetter\/\" style=\"--ratio: 500 \/ 333;\" alt=\"\" \/><\/div><\/div><\/div>[\/vc_column_inner][vc_column_inner width=\u00a0\u00bb2\/3&Prime;][vc_raw_html css=\u00a0\u00bb.vc_custom_1604056686254{margin-bottom: 0px !important;}\u00a0\u00bb]JTNDaDMlMjBjbGFzcyUzRCUyMmFzdi1zdWJwcmV0ZXh0JTIyJTNFJTNDc3BhbiUyMGNsYXNzJTNEJTIycmVkLW9uZSUyMiUzRVBhciUyMGJlYXUlMjB0ZW1wcyUzQyUyRnNwYW4lM0UlMjBjb21tZSUyMG1hdXZhaXMlMjB0ZW1wcy4uLiUzQyUyRmgzJTNF[\/vc_raw_html][vc_column_text]M\u00eame chez nous, en Allemagne, le soleil ne brille pas tous les jours. Froid, gel, neige, vent, pluie et routes en mauvais \u00e9tat sont les compagnons invariables des saisons froides. Avec nos produits de service AS Performance, vous affronterez les mauvaises conditions climatiques en restant toujours ma\u00eetre de la situation.[\/vc_column_text]<style type=\"text\/css\" data-type=\"the7_shortcodes-inline-css\">#default-btn-aa41286c4d31135349d8521ce221dc71.ico-right-side > i {\n  margin-right: 0px;\n  margin-left: 8px;\n}\n#default-btn-aa41286c4d31135349d8521ce221dc71 > i {\n  margin-right: 8px;\n}<\/style><a href=\"https:\/\/as-automotive.eu\/fr\/blog\/2018\/11\/09\/bei-wind-und-wetter\/\" class=\"default-btn-shortcode dt-btn dt-btn-s link-hover-off asv-more asv-more-grey btn-inline-left \" id=\"default-btn-aa41286c4d31135349d8521ce221dc71\"><span>en savoir plus<\/span><\/a>[\/vc_column_inner][\/vc_row_inner][\/vc_column][vc_column css_animation=\u00a0\u00bbfadeInUp\u00a0\u00bb width=\u00a0\u00bb1\/2&Prime; css=\u00a0\u00bb.vc_custom_1541775181978{border-right-width: 3px !important;padding-top: 20px !important;padding-right: 20px !important;padding-bottom: 20px !important;padding-left: 20px !important;background-color: rgba(195,195,195,0.3) !important;*background-color: rgb(195,195,195) !important;border-right-color: #e12122 !important;border-right-style: solid !important;}\u00a0\u00bb][vc_row_inner][vc_column_inner width=\u00a0\u00bb2\/3&Prime;][vc_raw_html css=\u00a0\u00bb.vc_custom_1604056710706{margin-bottom: 0px !important;}\u00a0\u00bb]JTNDaDMlMjBjbGFzcyUzRCUyMmFzdi1zdWJwcmV0ZXh0JTIyJTNFJTNDc3BhbiUyMGNsYXNzJTNEJTIycmVkLW9uZSUyMiUzRU5vdHJlJTIwbm91dmVsbGUlMjBwb21wZSUzQyUyRnNwYW4lM0UlMjBtYW51ZWxsZSUyMGVuJTIwcGxhc3RpcXVlJTNDJTJGaDMlM0UlMEE=[\/vc_raw_html][vc_column_text]Permettez-nous de vous pr\u00e9senter\u00a0: notre nouvelle pompe manuelle en plastique pour barils de 60\u00a0L et 205\u00a0L. Elle facilite le pompage des liquides restant dans le baril tout en faisant du dosage un jeu d&rsquo;enfant. Le tuyau d&rsquo;aspiration t\u00e9lescopique correspondant est r\u00e9glable de 480 \u00e0 950\u00a0mm et livr\u00e9 directement de mani\u00e8re ad\u00e9quate par nos soins.[\/vc_column_text]<style type=\"text\/css\" data-type=\"the7_shortcodes-inline-css\">#default-btn-9a5442035f4135c6e76ef992bbb87c37.ico-right-side > i {\n  margin-right: 0px;\n  margin-left: 8px;\n}\n#default-btn-9a5442035f4135c6e76ef992bbb87c37 > i {\n  margin-right: 8px;\n}<\/style><a href=\"https:\/\/as-automotive.eu\/fr\/blog\/2018\/09\/20\/unsere-neue-kunststoff-handpumpe\/\" class=\"default-btn-shortcode dt-btn dt-btn-s link-hover-off asv-more asv-more-grey btn-inline-left \" id=\"default-btn-9a5442035f4135c6e76ef992bbb87c37\"><span>en savoir plus<\/span><\/a>[\/vc_column_inner][vc_column_inner width=\u00a0\u00bb1\/3&Prime;]<style type=\"text\/css\" data-type=\"the7_shortcodes-inline-css\">.shortcode-single-image-wrap.shortcode-single-image-e893659188a1974551a4e5657cb658a7.enable-bg-rollover .rollover i,\n.shortcode-single-image-wrap.shortcode-single-image-e893659188a1974551a4e5657cb658a7.enable-bg-rollover .rollover-video i {\n  background: -webkit-linear-gradient();\n  background: linear-gradient();\n}\n.shortcode-single-image-wrap.shortcode-single-image-e893659188a1974551a4e5657cb658a7 .rollover-icon {\n  font-size: 32px;\n  color: #ffffff;\n  min-width: 44px;\n  min-height: 44px;\n  line-height: 44px;\n  border-radius: 100px;\n  border-style: solid;\n  border-width: 0px;\n}\n.dt-icon-bg-on.shortcode-single-image-wrap.shortcode-single-image-e893659188a1974551a4e5657cb658a7 .rollover-icon {\n  background: rgba(255,255,255,0.3);\n  box-shadow: none;\n}<\/style><div class=\"shortcode-single-image-wrap shortcode-single-image-e893659188a1974551a4e5657cb658a7 alignnone  enable-bg-rollover dt-icon-bg-off\" style=\"margin-top:0px; margin-bottom:0px; margin-left:0px; margin-right:0px; width:500px;\"><div class=\"shortcode-single-image\"><div class=\"fancy-media-wrap  layzr-bg\" style=\"\"><img decoding=\"async\" class=\"preload-me lazy-load aspect\" src=\"data:image\/svg+xml,%3Csvg%20xmlns%3D&#39;http%3A%2F%2Fwww.w3.org%2F2000%2Fsvg&#39;%20viewBox%3D&#39;0%200%20500%20327&#39;%2F%3E\" data-src=\"https:\/\/as-automotive.eu\/wp-content\/uploads\/2020\/10\/asv1-handpumpe-500x327.png\" data-srcset=\"https:\/\/as-automotive.eu\/wp-content\/uploads\/2020\/10\/asv1-handpumpe-500x327.png 500w, https:\/\/as-automotive.eu\/wp-content\/uploads\/2020\/10\/asv1-handpumpe-1000x654.png 1000w\" loading=\"eager\" sizes=\"(max-width: 500px) 100vw, 500px\" width=\"500\" height=\"327\"  data-dt-location=\"https:\/\/as-automotive.eu\/fr\/unternehmen-fr\/neuigkeiten-fr\/asv1-handpumpe-2\/\" style=\"--ratio: 500 \/ 327;\" alt=\"\" \/><\/div><\/div><\/div>[\/vc_column_inner][\/vc_row_inner][\/vc_column][vc_column width=\u00a0\u00bb1\/2&Prime;][\/vc_column][\/vc_row]<\/p>\n<\/div>","protected":false},"excerpt":{"rendered":"<p>[vc_row][vc_column][vc_column_text css=\u00a0\u00bb.vc_custom_1604056976704{margin-top: 80px !important;}\u00a0\u00bb] Nouveaut\u00e9s AS Performance [\/vc_column_text][\/vc_column][\/vc_row][vc_row type=\u00a0\u00bbvc_default\u00a0\u00bb full_width=\u00a0\u00bbstretch_row_content\u00a0\u00bb equal_height=\u00a0\u00bbyes\u00a0\u00bb css=\u00a0\u00bb.vc_custom_1540910478978{padding-right: 80px !important;padding-bottom: 85px !important;padding-left: 80px !important;background-position: center !important;background-repeat: no-repeat !important;background-size: cover !important;}\u00a0\u00bb el_class=\u00a0\u00bbasv-greybox\u00a0\u00bb][vc_column css_animation=\u00a0\u00bbfadeInUp\u00a0\u00bb width=\u00a0\u00bb1\/2&Prime; el_class=\u00a0\u00bbasv-aboutbox\u00a0\u00bb css=\u00a0\u00bb.vc_custom_1540303014902{border-right-width: 3px !important;padding-top: 20px !important;padding-right: 20px !important;padding-bottom: 20px !important;padding-left: 20px !important;background-color: rgba(195,195,195,0.3) !important;*background-color: rgb(195,195,195) !important;border-right-color: #e12122 !important;border-right-style: solid !important;}\u00a0\u00bb][vc_row_inner][vc_column_inner width=\u00a0\u00bb2\/3&Prime;][vc_raw_html css=\u00a0\u00bb.vc_custom_1604056628877{margin-bottom: 0px !important;}\u00a0\u00bb]JTNDaDMlMjBjbGFzcyUzRCUyMmFzdi1zdWJwcmV0ZXh0JTIyJTNFJTNDc3BhbiUyMGNsYXNzJTNEJTIycmVkLW9uZSUyMiUzRXd3dy5hcy1hdXRvbW90aXZlLmV1JTNDJTJGc3BhbiUzRSUzQyUyRmgzJTNF[\/vc_raw_html][vc_column_text] Le voici. Notre nouveau&hellip;<\/p>\n","protected":false},"author":2,"featured_media":0,"parent":5404,"menu_order":0,"comment_status":"closed","ping_status":"closed","template":"","meta":{"_acf_changed":false,"footnotes":""},"class_list":["post-5213","page","type-page","status-publish","hentry","description-off"],"acf":[],"_links":{"self":[{"href":"https:\/\/as-automotive.eu\/fr\/wp-json\/wp\/v2\/pages\/5213","targetHints":{"allow":["GET"]}}],"collection":[{"href":"https:\/\/as-automotive.eu\/fr\/wp-json\/wp\/v2\/pages"}],"about":[{"href":"https:\/\/as-automotive.eu\/fr\/wp-json\/wp\/v2\/types\/page"}],"author":[{"embeddable":true,"href":"https:\/\/as-automotive.eu\/fr\/wp-json\/wp\/v2\/users\/2"}],"replies":[{"embeddable":true,"href":"https:\/\/as-automotive.eu\/fr\/wp-json\/wp\/v2\/comments?post=5213"}],"version-history":[{"count":17,"href":"https:\/\/as-automotive.eu\/fr\/wp-json\/wp\/v2\/pages\/5213\/revisions"}],"predecessor-version":[{"id":7844,"href":"https:\/\/as-automotive.eu\/fr\/wp-json\/wp\/v2\/pages\/5213\/revisions\/7844"}],"up":[{"embeddable":true,"href":"https:\/\/as-automotive.eu\/fr\/wp-json\/wp\/v2\/pages\/5404"}],"wp:attachment":[{"href":"https:\/\/as-automotive.eu\/fr\/wp-json\/wp\/v2\/media?parent=5213"}],"curies":[{"name":"wp","href":"https:\/\/api.w.org\/{rel}","templated":true}]}}