{"id":5204,"date":"2019-02-21T15:04:50","date_gmt":"2019-02-21T14:04:50","guid":{"rendered":"https:\/\/www.asv1.de\/?page_id=5204"},"modified":"2020-10-28T10:41:00","modified_gmt":"2020-10-28T09:41:00","slug":"international-fr","status":"publish","type":"page","link":"https:\/\/as-automotive.eu\/fr\/unternehmen-fr\/international-fr\/","title":{"rendered":"International &#8211; FR"},"content":{"rendered":"<div class=\"wpb-content-wrapper\"><p>[vc_row type=\u00a0\u00bbvc_default\u00a0\u00bb full_width=\u00a0\u00bbstretch_row\u00a0\u00bb margin_top=\u00a0\u00bb50&Prime; margin_bottom=\u00a0\u00bb100&Prime; css=\u00a0\u00bb.vc_custom_1541754387429{margin-top: 0px !important;padding-top: 65px !important;padding-bottom: 35px !important;}\u00a0\u00bb][vc_column][vc_column_text]<\/p>\n<h2><span class=\"red-one\">AS Performance<\/span> International<\/h2>\n<p>[\/vc_column_text][\/vc_column][\/vc_row][vc_row][vc_column width=\u00a0\u00bb5\/6&Prime;][vc_column_text css=\u00a0\u00bb.vc_custom_1603876880324{margin-bottom: 20px !important;}\u00a0\u00bb]<\/p>\n<h3 class=\"asv-subpretext\"><span class=\"red-one\">AS Performance<\/span> Made in Germany<\/h3>\n<p>[\/vc_column_text][vc_column_text]Lubrifiants et produits performants pour le domaine automobile \u00ab\u00a0Made in Germany\u00a0\u00bb.<\/p>\n<p>Les lubrifiants AS Performance sont repr\u00e9sent\u00e9s sur de nombreux march\u00e9s internationaux. Nos experts en lubrifiants partagent l&rsquo;enthousiasme et la passion de nos partenaires commerciaux dans le monde entier.[\/vc_column_text][\/vc_column][vc_column width=\u00a0\u00bb1\/6&Prime;][\/vc_column][\/vc_row][vc_row][vc_column width=\u00a0\u00bb5\/6&Prime;][vc_column_text css=\u00a0\u00bb.vc_custom_1603878024997{margin-bottom: 20px !important;}\u00a0\u00bb]<\/p>\n<h3 class=\"asv-subpretext\">Vari\u00e9t\u00e9 de produits <span class=\"red-one\">AS Performance<\/span> &#8211; dans le monde entier<\/h3>\n<p>[\/vc_column_text][vc_column_text css=\u00a0\u00bb.vc_custom_1541753613909{margin-top: 0px !important;}\u00a0\u00bb]Nous vous guiderons pour que votre commerce de lubrifiants rencontre le succ\u00e8s.<\/p>\n<p>Nous vous servirons de guide pour que votre commerce de lubrifiants rencontre le succ\u00e8s. Nous, AS Performance, offrons \u00e0 nos clients un vaste assortiment d&rsquo;huiles de moteur hautement performantes, d&rsquo;huiles de transmission, de graisses sp\u00e9ciales et de produits de service : huiles pour voitures et v\u00e9hicules utilitaires, huiles de course, huiles de transmission les plus modernes pour bo\u00eetes de vitesses automatiques, manuelles et essieux moteurs, huiles hydrauliques, graisses, produits d&rsquo;entretien automobile (Car Care), additifs, antigel pour radiateurs (lubrifiants r\u00e9frig\u00e9rants\/ antifreeze\/ coolants), liquides de frein (DOT 4), AdBlue\u00ae et produits d&rsquo;entretien pour l&rsquo;hiver (protection antigel pour vitres).[\/vc_column_text][\/vc_column][vc_column width=\u00a0\u00bb1\/6&Prime;][\/vc_column][\/vc_row][vc_row][vc_column width=\u00a0\u00bb5\/6&Prime;][vc_column_text css=\u00a0\u00bb.vc_custom_1603877623246{margin-bottom: 20px !important;}\u00a0\u00bb]<\/p>\n<h3 class=\"asv-subpretext\"><span class=\"red-one\">AS Performance<\/span> Service et compromis<\/h3>\n<p>[\/vc_column_text][vc_column_text css=\u00a0\u00bb.vc_custom_1545044206053{margin-top: 0px !important;}\u00a0\u00bb]Une qualit\u00e9 de gamme et de produits unique.<\/p>\n<p>Nous soutenons vos activit\u00e9s commerciales gr\u00e2ce \u00e0 nos concepts d&rsquo;atelier et de marketing AS Performance, au meilleur service \u00ab Made in Germany \u00bb et \u00e0 notre qualit\u00e9 de gamme et de produits unique. Notre engagement en mati\u00e8re de sponsoring et notre pr\u00e9sence lors de nombreux salons importants d&rsquo;\u00e9quipementiers automobiles soulignent notre orientation globale.[\/vc_column_text][\/vc_column][vc_column width=\u00a0\u00bb1\/6&Prime;][\/vc_column][\/vc_row][vc_row][vc_column width=\u00a0\u00bb5\/6&Prime;][vc_column_text css=\u00a0\u00bb.vc_custom_1603878044451{margin-bottom: 20px !important;}\u00a0\u00bb]<\/p>\n<h3 class=\"asv-subpretext\">Qualit\u00e9 sup\u00e9rieure <span class=\"red-one\">AS Performance<\/span><\/h3>\n<p>[\/vc_column_text][vc_column_text css=\u00a0\u00bb.vc_custom_1541753666278{margin-top: 0px !important;}\u00a0\u00bb]La confiance gr\u00e2ce \u00e0 une qualit\u00e9 sup\u00e9rieure.<\/p>\n<p>La confiance de nos clients fid\u00e8les envers nos produits haute performance AS Performance repr\u00e9sente pour nous \u00e0 la fois une exigence et une motivation. L&rsquo;enthousiasme, la cr\u00e9ativit\u00e9 et la force d&rsquo;innovation sont les moteurs de la marque AS Performance et garantissent une qualit\u00e9 sup\u00e9rieure avec une touche de joie de vivre et de style de vie.[\/vc_column_text][\/vc_column][vc_column width=\u00a0\u00bb1\/6&Prime;][\/vc_column][\/vc_row][vc_row type=\u00a0\u00bbvc_default\u00a0\u00bb full_width=\u00a0\u00bbstretch_row\u00a0\u00bb enable_overlay=\u00a0\u00bbenable_overlay_value\u00a0\u00bb overlay_color=\u00a0\u00bbrgba(255,255,255,0.7)\u00a0\u00bb css=\u00a0\u00bb.vc_custom_1540394541540{margin-bottom: 85px !important;background-position: center !important;background-repeat: no-repeat !important;background-size: contain !important;}\u00a0\u00bb el_id=\u00a0\u00bbasvearth\u00a0\u00bb][vc_column][vc_single_image image=\u00a0\u00bb4533&Prime; img_size=\u00a0\u00bbfull\u00a0\u00bb alignment=\u00a0\u00bbcenter\u00a0\u00bb][\/vc_column][\/vc_row]<\/p>\n<\/div>","protected":false},"excerpt":{"rendered":"<p>[vc_row type=\u00a0\u00bbvc_default\u00a0\u00bb full_width=\u00a0\u00bbstretch_row\u00a0\u00bb margin_top=\u00a0\u00bb50&Prime; margin_bottom=\u00a0\u00bb100&Prime; css=\u00a0\u00bb.vc_custom_1541754387429{margin-top: 0px !important;padding-top: 65px !important;padding-bottom: 35px !important;}\u00a0\u00bb][vc_column][vc_column_text] AS Performance International [\/vc_column_text][\/vc_column][\/vc_row][vc_row][vc_column width=\u00a0\u00bb5\/6&Prime;][vc_column_text css=\u00a0\u00bb.vc_custom_1603876880324{margin-bottom: 20px !important;}\u00a0\u00bb] AS Performance Made in Germany [\/vc_column_text][vc_column_text]Lubrifiants et produits performants pour le domaine automobile \u00ab\u00a0Made in Germany\u00a0\u00bb. Les lubrifiants AS Performance sont repr\u00e9sent\u00e9s sur de nombreux march\u00e9s internationaux. Nos experts en lubrifiants partagent l&rsquo;enthousiasme et la&hellip;<\/p>\n","protected":false},"author":2,"featured_media":0,"parent":5404,"menu_order":0,"comment_status":"closed","ping_status":"closed","template":"","meta":{"_acf_changed":false,"footnotes":""},"class_list":["post-5204","page","type-page","status-publish","hentry","description-off"],"acf":[],"_links":{"self":[{"href":"https:\/\/as-automotive.eu\/fr\/wp-json\/wp\/v2\/pages\/5204","targetHints":{"allow":["GET"]}}],"collection":[{"href":"https:\/\/as-automotive.eu\/fr\/wp-json\/wp\/v2\/pages"}],"about":[{"href":"https:\/\/as-automotive.eu\/fr\/wp-json\/wp\/v2\/types\/page"}],"author":[{"embeddable":true,"href":"https:\/\/as-automotive.eu\/fr\/wp-json\/wp\/v2\/users\/2"}],"replies":[{"embeddable":true,"href":"https:\/\/as-automotive.eu\/fr\/wp-json\/wp\/v2\/comments?post=5204"}],"version-history":[{"count":10,"href":"https:\/\/as-automotive.eu\/fr\/wp-json\/wp\/v2\/pages\/5204\/revisions"}],"predecessor-version":[{"id":7740,"href":"https:\/\/as-automotive.eu\/fr\/wp-json\/wp\/v2\/pages\/5204\/revisions\/7740"}],"up":[{"embeddable":true,"href":"https:\/\/as-automotive.eu\/fr\/wp-json\/wp\/v2\/pages\/5404"}],"wp:attachment":[{"href":"https:\/\/as-automotive.eu\/fr\/wp-json\/wp\/v2\/media?parent=5204"}],"curies":[{"name":"wp","href":"https:\/\/api.w.org\/{rel}","templated":true}]}}