{"id":7079,"date":"2018-10-25T12:43:16","date_gmt":"2018-10-25T10:43:16","guid":{"rendered":"https:\/\/as-automotive.eu\/produkte\/produktgruppen-es\/additive\/"},"modified":"2020-10-30T10:38:21","modified_gmt":"2020-10-30T09:38:21","slug":"additive","status":"publish","type":"page","link":"https:\/\/as-automotive.eu\/es\/produkte\/produktgruppen-es\/additive\/","title":{"rendered":"Additive"},"content":{"rendered":"<div class=\"wpb-content-wrapper\"><p>[vc_row type=\u00bbvc_default\u00bb full_width=\u00bbstretch_row\u00bb css=\u00bb.vc_custom_1540044663254{margin-bottom: 15px !important;background-position: center !important;background-repeat: no-repeat !important;background-size: contain !important;}\u00bb][vc_column][vc_row_inner css=\u00bb.vc_custom_1540039049438{margin-top: 30px !important;}\u00bb][vc_column_inner][vc_raw_html css=\u00bb.vc_custom_1604050694539{margin-bottom: 20px !important;}\u00bb]JTNDaDIlM0VBZGl0aXZvcyUzQyUyRmgyJTNFJTBBJTNDaDMlMjBjbGFzcyUzRCUyMmFzdi1zdWJwcmV0ZXh0JTIyJTNFJTNDc3BhbiUyMGNsYXNzJTNEJTIycmVkLW9uZSUyMiUzRVBhcmFkYSUyMGVuJTIwYm94ZXMlMjAlMjAlM0MlMkZzcGFuJTNFcGFyYSUyMHN1JTIwdmVoJUMzJUFEY3VsbyUyMSUzQyUyRmgzJTNF[\/vc_raw_html][vc_column_text css=\u00bb.vc_custom_1593523938689{margin-top: 0px !important;}\u00bb]Los aditivos desempe\u00f1an un papel central en el \u00e1rea de los combustibles y lubricantes y son un componente principal muy importante. Ning\u00fan lubricante puede prescindir de un \u00abingrediente\u00bb tan importante como este. Los aceites de motor modernos constan, en gran parte (entre un 15 % y un 30 %) de aditivos. Cuidadosamente seleccionado y formulado, su lubricante, ya sea para el motor, el engranaje o el aceite hidr\u00e1ulico, e incluso su combustible cumplir\u00e1n con las necesidades del motor y los sistemas de combustible actuales.<\/p>\n<p>Los aditivos de AS Performance toman el control y mejoran las funciones clave del combustible y el lubricante, y ayudan a limpiar y mantener el motor, el combustible y el sistema del motor. Con los aditivos de AS Performance, protege su motor y muchos componentes t\u00e9cnicos importantes de su veh\u00edculo. De este modo, garantiza un aumento de la vida \u00fatil del veh\u00edculo, un mantenimiento del rendimiento e incluso un aumento del mismo, reduciendo el consumo de combustible y aceite y aumentando la protecci\u00f3n contra la corrosi\u00f3n.<\/p>\n<p>Los aditivos de AS Perfromance son adecuados para todo tipo de veh\u00edculos, ya sea con motor de gasolina o di\u00e9sel. Todos los sistemas de combustible, motor y veh\u00edculo se limpian y mantienen de manera eficaz. Estos incluyen, entre otros, el aire acondicionado, la direcci\u00f3n asistida, el sistema de refrigeraci\u00f3n y el sistema de inyecci\u00f3n y carburaci\u00f3n. Nuestros aditivos le ayudan a mantener y restaurar el rendimiento original de su motor.[\/vc_column_text][\/vc_column_inner][\/vc_row_inner]<style type=\"text\/css\" data-type=\"the7_shortcodes-inline-css\">#default-btn-84f0eb2ef3e03ca4a5efb49c3c1eb67e.ico-right-side > i {\n  margin-right: 0px;\n  margin-left: 8px;\n}\n#default-btn-84f0eb2ef3e03ca4a5efb49c3c1eb67e > i {\n  margin-right: 8px;\n}<\/style><a href=\"\/produkte\/produktgruppen\/additive\/uebersicht-additive\/\" class=\"default-btn-shortcode dt-btn dt-btn-s link-hover-off asv-more asv-more-grey btn-inline-left \" id=\"default-btn-84f0eb2ef3e03ca4a5efb49c3c1eb67e\"><span>Resumen de los aditivos<\/span><\/a>[\/vc_column][\/vc_row][vc_row type=\u00bbvc_default\u00bb full_width=\u00bbstretch_row\u00bb content_placement=\u00bbmiddle\u00bb parallax=\u00bbcontent-moving\u00bb parallax_image=\u00bb3122&#8243; parallax_speed_bg=\u00bb7&#8243; parallax_content=\u00bbparallax_content_value\u00bb parallax_content_sense=\u00bb50&#8243; css=\u00bb.vc_custom_1540296221029{margin-top: 0px !important;margin-bottom: 0px !important;padding-top: 20px !important;padding-bottom: 20px !important;background-position: center;background-repeat: no-repeat !important;background-size: cover !important;}\u00bb][vc_column][\/vc_column][\/vc_row][vc_row type=\u00bbvc_default\u00bb full_width=\u00bbstretch_row\u00bb css=\u00bb.vc_custom_1540044663254{margin-bottom: 15px !important;background-position: center !important;background-repeat: no-repeat !important;background-size: contain !important;}\u00bb][vc_column][vc_row_inner][vc_column_inner width=\u00bb2\/3&#8243;][vc_raw_html css=\u00bb.vc_custom_1593524014186{margin-bottom: 20px !important;}\u00bb]JTNDaDIlM0VBZGl0aXZvcyUyMHBhcmElMjBjb21idXN0aWJsZXMlMjAlM0MlMkZoMiUzRQ==[\/vc_raw_html][vc_column_text css=\u00bb.vc_custom_1593524072521{margin-top: 0px !important;}\u00bb]Los motores de combusti\u00f3n interna son maravillas de la tecnolog\u00eda, verdaderas m\u00e1quinas motrices. Los motores modernos son t\u00e9cnicamente avanzados y cada vez m\u00e1s eficientes y est\u00e1n expuestos a las cargas m\u00e1s altas durante su funcionamiento, especialmente en los deportes de motor. Cada proceso de combusti\u00f3n equivale a una peque\u00f1a explosi\u00f3n y se forman residuos de part\u00edculas muy peque\u00f1as e incluso dep\u00f3sitos, que se acumulan en componentes del motor t\u00e9cnicamente muy importantes de su c\u00e1mara de combusti\u00f3n. Las v\u00e1lvulas y los inyectores, las agujas de las boquillas en los motores di\u00e9sel y toda la c\u00e1mara de combusti\u00f3n se ven afectados por estos residuos nocivos del proceso de combusti\u00f3n.<\/p>\n<p>Los aditivos para combustibles de AS Performance pueden prevenir la reaparici\u00f3n de estos dep\u00f3sitos y eliminar los contaminantes antiguos. Para usted, esto significa menores costes de reparaci\u00f3n y mantenimiento, menor consumo de combustible y mayor rendimiento del motor.[\/vc_column_text]<style type=\"text\/css\" data-type=\"the7_shortcodes-inline-css\">#default-btn-dca43c0a6da3b3e1c79c403c5e9d1dfd.ico-right-side > i {\n  margin-right: 0px;\n  margin-left: 8px;\n}\n#default-btn-dca43c0a6da3b3e1c79c403c5e9d1dfd > i {\n  margin-right: 8px;\n}<\/style><a href=\"\/produkte\/produktgruppen\/additive\/kraftstoffadditive\/\" class=\"default-btn-shortcode dt-btn dt-btn-s link-hover-off asv-more asv-more-grey btn-inline-left \" id=\"default-btn-dca43c0a6da3b3e1c79c403c5e9d1dfd\"><span>Acceder a los aditivos para combustibles<\/span><\/a>[\/vc_column_inner][vc_column_inner width=\u00bb1\/3&#8243;][vc_single_image img_size=\u00bbmedium\u00bb][\/vc_column_inner][\/vc_row_inner][\/vc_column][\/vc_row][vc_row type=\u00bbvc_default\u00bb full_width=\u00bbstretch_row\u00bb content_placement=\u00bbmiddle\u00bb parallax=\u00bbcontent-moving\u00bb parallax_image=\u00bb3122&#8243; parallax_speed_bg=\u00bb9&#8243; parallax_content=\u00bbparallax_content_value\u00bb parallax_content_sense=\u00bb50&#8243; css=\u00bb.vc_custom_1540296125698{margin-top: 0px !important;margin-bottom: 0px !important;padding-top: 20px !important;padding-bottom: 20px !important;background-image: url(https:\/\/as-automotive.eu\/wp-content\/uploads\/2018\/10\/ASV1-Germany00054.jpeg?id=3106) !important;background-position: center;background-repeat: no-repeat !important;background-size: cover !important;}\u00bb][vc_column][\/vc_column][\/vc_row][vc_row type=\u00bbvc_default\u00bb full_width=\u00bbstretch_row\u00bb css=\u00bb.vc_custom_1540044998500{margin-bottom: 80px !important;background-position: center !important;background-repeat: no-repeat !important;background-size: contain !important;}\u00bb][vc_column][vc_row_inner][vc_column_inner width=\u00bb1\/3&#8243;][vc_single_image img_size=\u00bbmedium\u00bb][\/vc_column_inner][vc_column_inner width=\u00bb2\/3&#8243;][vc_raw_html css=\u00bb.vc_custom_1593524157167{margin-bottom: 20px !important;}\u00bb]JTNDaDIlM0VBZGl0aXZvcyUyMGRlJTIwc2VydmljaW8lM0MlMkZoMiUzRQ==[\/vc_raw_html][vc_column_text css=\u00bb.vc_custom_1593524184755{margin-top: 0px !important;}\u00bb]Los aditivos de servicio de AS Performance limpian, mantienen y protegen los componentes m\u00e1s importantes y los sistemas agregados de su veh\u00edculo. Reducen la susceptibilidad a los errores, ahorran costes a trav\u00e9s de intervalos de mantenimiento prolongados, tiempos de inactividad innecesarios y visitas a talleres.[\/vc_column_text]<style type=\"text\/css\" data-type=\"the7_shortcodes-inline-css\">#default-btn-5330106c43a4d60463e1d14e0c9dfa62.ico-right-side > i {\n  margin-right: 0px;\n  margin-left: 8px;\n}\n#default-btn-5330106c43a4d60463e1d14e0c9dfa62 > i {\n  margin-right: 8px;\n}<\/style><a href=\"\/produkte\/produktgruppen\/additive\/serviceadditive\/\" class=\"default-btn-shortcode dt-btn dt-btn-s link-hover-off asv-more asv-more-grey btn-inline-left \" id=\"default-btn-5330106c43a4d60463e1d14e0c9dfa62\"><span>Acceder a los aditivos de servicio<\/span><\/a>[\/vc_column_inner][\/vc_row_inner][\/vc_column][\/vc_row]<\/p>\n<\/div>","protected":false},"excerpt":{"rendered":"<p>[vc_row type=\u00bbvc_default\u00bb full_width=\u00bbstretch_row\u00bb css=\u00bb.vc_custom_1540044663254{margin-bottom: 15px !important;background-position: center !important;background-repeat: no-repeat !important;background-size: contain !important;}\u00bb][vc_column][vc_row_inner css=\u00bb.vc_custom_1540039049438{margin-top: 30px !important;}\u00bb][vc_column_inner][vc_raw_html css=\u00bb.vc_custom_1604050694539{margin-bottom: 20px !important;}\u00bb]JTNDaDIlM0VBZGl0aXZvcyUzQyUyRmgyJTNFJTBBJTNDaDMlMjBjbGFzcyUzRCUyMmFzdi1zdWJwcmV0ZXh0JTIyJTNFJTNDc3BhbiUyMGNsYXNzJTNEJTIycmVkLW9uZSUyMiUzRVBhcmFkYSUyMGVuJTIwYm94ZXMlMjAlMjAlM0MlMkZzcGFuJTNFcGFyYSUyMHN1JTIwdmVoJUMzJUFEY3VsbyUyMSUzQyUyRmgzJTNF[\/vc_raw_html][vc_column_text css=\u00bb.vc_custom_1593523938689{margin-top: 0px !important;}\u00bb]Los aditivos desempe\u00f1an un papel central en el \u00e1rea de los combustibles y lubricantes y son un componente principal muy importante. Ning\u00fan lubricante puede prescindir de un \u00abingrediente\u00bb tan importante como este. Los aceites de&hellip;<\/p>\n","protected":false},"author":2,"featured_media":0,"parent":6213,"menu_order":0,"comment_status":"closed","ping_status":"closed","template":"","meta":{"_acf_changed":false,"footnotes":""},"class_list":["post-7079","page","type-page","status-publish","hentry","description-off"],"acf":[],"_links":{"self":[{"href":"https:\/\/as-automotive.eu\/es\/wp-json\/wp\/v2\/pages\/7079","targetHints":{"allow":["GET"]}}],"collection":[{"href":"https:\/\/as-automotive.eu\/es\/wp-json\/wp\/v2\/pages"}],"about":[{"href":"https:\/\/as-automotive.eu\/es\/wp-json\/wp\/v2\/types\/page"}],"author":[{"embeddable":true,"href":"https:\/\/as-automotive.eu\/es\/wp-json\/wp\/v2\/users\/2"}],"replies":[{"embeddable":true,"href":"https:\/\/as-automotive.eu\/es\/wp-json\/wp\/v2\/comments?post=7079"}],"version-history":[{"count":6,"href":"https:\/\/as-automotive.eu\/es\/wp-json\/wp\/v2\/pages\/7079\/revisions"}],"predecessor-version":[{"id":7828,"href":"https:\/\/as-automotive.eu\/es\/wp-json\/wp\/v2\/pages\/7079\/revisions\/7828"}],"up":[{"embeddable":true,"href":"https:\/\/as-automotive.eu\/es\/wp-json\/wp\/v2\/pages\/6213"}],"wp:attachment":[{"href":"https:\/\/as-automotive.eu\/es\/wp-json\/wp\/v2\/media?parent=7079"}],"curies":[{"name":"wp","href":"https:\/\/api.w.org\/{rel}","templated":true}]}}