{"id":6267,"date":"2019-05-09T09:36:35","date_gmt":"2019-05-09T07:36:35","guid":{"rendered":"http:\/\/asv1.de\/?page_id=6267"},"modified":"2025-10-02T19:41:49","modified_gmt":"2025-10-02T17:41:49","slug":"serviceprodukte-es","status":"publish","type":"page","link":"https:\/\/as-automotive.eu\/es\/produkte\/produktgruppen-es\/serviceprodukte-es\/","title":{"rendered":"Productos de servicio &#8211; ES"},"content":{"rendered":"<div class=\"wpb-content-wrapper\"><p>[vc_row type=\u00bbvc_default\u00bb full_width=\u00bbstretch_row\u00bb css=\u00bb.vc_custom_1540044663254{margin-bottom: 15px !important;background-position: center !important;background-repeat: no-repeat !important;background-size: contain !important;}\u00bb][vc_column][vc_row_inner css=\u00bb.vc_custom_1540039049438{margin-top: 30px !important;}\u00bb][vc_column_inner width=\u00bb1\/3&#8243;][vc_single_image image=\u00bb5075&#8243; img_size=\u00bbmedium\u00bb][\/vc_column_inner][vc_column_inner width=\u00bb2\/3&#8243;][vc_raw_html css=\u00bb.vc_custom_1604051436531{margin-bottom: 20px !important;}\u00bb]JTNDaDIlM0VMJUMzJUFEcXVpZG9zJTIwZGUlMjBmcmVub3MlMjAlM0MlMkZoMiUzRSUwQSUzQ2gzJTIwY2xhc3MlM0QlMjJhc3Ytc3VicHJldGV4dCUyMiUzRSUzQ3NwYW4lMjBjbGFzcyUzRCUyMnJlZC1vbmUlMjIlM0UlQzIlQTFFcXVpbGlicmlvJTIweSUyMHNlZ3VyaWRhZCUzQyUyRnNwYW4lM0UlMjBwYXJhJTIwdXN0ZWQlMjB5JTIwc3UlMjBzaXN0ZW1hJTIwZGUlMjBmcmVub3MlMjElM0MlMkZoMyUzRQ==[\/vc_raw_html][vc_column_text css=\u00bb.vc_custom_1591950010186{margin-top: 0px !important;}\u00bb]El sistema de frenos de su veh\u00edculo lo protege a usted, a sus pasajeros, a otros usuarios de la carretera y, por supuesto, a su veh\u00edculo. Los l\u00edquidos de frenos de AS Performance establecen est\u00e1ndares de punto de ebullici\u00f3n, comportamiento de viscosidad, protecci\u00f3n contra la corrosi\u00f3n, estabilidad a la oxidaci\u00f3n y compatibilidad con elast\u00f3meros. Los l\u00edquidos de frenos de AS Performance le brindar\u00e1n toda su vida \u00fatil prescrita a su sistema de frenos para obtener el m\u00e1ximo rendimiento \u00f3ptimo y reservas de seguridad.<\/p>\n<p>El sistema de frenos es muy importante, especialmente en las carreras. Por eso los l\u00edquidos de frenos con altos puntos de ebullici\u00f3n son necesarios y se utilizan especialmente en veh\u00edculos de alto rendimiento y en los deportes de motor.[\/vc_column_text][\/vc_column_inner][\/vc_row_inner][vc_row_inner][vc_column_inner][vc_column_text css=\u00bb.vc_custom_1591950250265{margin-top: 0px !important;}\u00bb]La elecci\u00f3n del l\u00edquido de frenos correcto es de gran importancia. Debe prestar especial atenci\u00f3n a las partes relevantes para la seguridad de su veh\u00edculo. Los requisitos del fabricante de autom\u00f3viles deben tenerse especialmente en cuenta. Tambi\u00e9n debe procurar cambiar el l\u00edquido de frenos con la debida antelaci\u00f3n.<\/p>\n<p>Nuestros productos de AS Performance cumplen con los m\u00e1s altos requisitos de seguridad, incluso en condiciones de funcionamiento dif\u00edciles.<\/p>\n<p>Aqu\u00ed encontrar\u00e1 el producto adecuado para su veh\u00edculo.[\/vc_column_text][vc_raw_html css=\u00bb.vc_custom_1604051449857{margin-bottom: 20px !important;}\u00bb]JTNDaDMlMjBjbGFzcyUzRCUyMmFzdi1zdWJwcmV0ZXh0JTIyJTNFJTNDc3BhbiUyMGNsYXNzJTNEJTIycmVkLW9uZSUyMiUzRSVDMiVBMUxhJTIwZWxlY2NpJUMzJUIzbiUyMGNvcnJlY3RhJTNDJTJGc3BhbiUzRSUyMHBhcmElMjBzdSUyMHNlZ3VyaWRhZCUyMSUzQyUyRmgzJTNF[\/vc_raw_html][\/vc_column_inner][\/vc_row_inner]<style type=\"text\/css\" data-type=\"the7_shortcodes-inline-css\">#default-btn-07ef6bb7362e0b8cb731d65651beb93f.ico-right-side > i {\n  margin-right: 0px;\n  margin-left: 8px;\n}\n#default-btn-07ef6bb7362e0b8cb731d65651beb93f > i {\n  margin-right: 8px;\n}<\/style><a href=\"\/produkte\/produktgruppen\/serviceprodukte\/bremsfluessigkeit\/\" class=\"default-btn-shortcode dt-btn dt-btn-s link-hover-off asv-more asv-more-grey btn-inline-left \" id=\"default-btn-07ef6bb7362e0b8cb731d65651beb93f\"><span>Acceder a los l\u00edquidos de frenos<\/span><\/a>[\/vc_column][\/vc_row][vc_row type=\u00bbvc_default\u00bb full_width=\u00bbstretch_row\u00bb content_placement=\u00bbmiddle\u00bb parallax=\u00bbcontent-moving\u00bb parallax_image=\u00bb3178&#8243; parallax_speed_bg=\u00bb3&#8243; parallax_content=\u00bbparallax_content_value\u00bb parallax_content_sense=\u00bb50&#8243; css=\u00bb.vc_custom_1540051875068{margin-top: 0px !important;margin-bottom: 0px !important;padding-top: 20px !important;padding-bottom: 20px !important;background-color: #474747 !important;background-position: center;background-repeat: no-repeat !important;background-size: cover !important;}\u00bb][vc_column][\/vc_column][\/vc_row][vc_row type=\u00bbvc_default\u00bb full_width=\u00bbstretch_row\u00bb css=\u00bb.vc_custom_1540044663254{margin-bottom: 15px !important;background-position: center !important;background-repeat: no-repeat !important;background-size: contain !important;}\u00bb][vc_column][vc_row_inner][vc_column_inner width=\u00bb2\/3&#8243;][vc_raw_html css=\u00bb.vc_custom_1604051461947{margin-bottom: 20px !important;}\u00bb]JTNDaDIlM0VHcmFzYXMlMjBsdWJyaWNhbnRlcyUyMHQlQzMlQTljbmljYXMlMjAlMkZncmFzYXMlMjBsdWJyaWNhbnRlcyUyMG11bHRpdXNvcyUzQyUyRmgyJTNFJTBBJTNDaDMlMjBjbGFzcyUzRCUyMmFzdi1zdWJwcmV0ZXh0JTIyJTNFJTNDc3BhbiUyMGNsYXNzJTNEJTIycmVkLW9uZSUyMiUzRSVDMiVBMVJlbmRpbWllbnRvJTIwZGUlMjBwcmltZXJhJTIwY2FsaWRhZCUzQyUyRnNwYW4lM0UlMjBzaW4lMjBjYWxlbnRhbWllbnRvJTIxJTBBJTNDJTJGaDMlM0U=[\/vc_raw_html][vc_column_text css=\u00bb.vc_custom_1591950301498{margin-top: 0px !important;}\u00bb]Las grasas lubricantes se utilizan donde se encuentran las partes m\u00f3viles. Los dep\u00f3sitos, las conexiones y las juntas son solo algunos ejemplos de la amplia variedad de usos de las grasas lubricantes. Evitan la fricci\u00f3n mec\u00e1nica y reducen el desgaste relacionado con el paso del tiempo.<\/p>\n<p>Las grasas lubricantes de AS Performance crean una pel\u00edcula particularmente efectiva entre las superficies de lubricaci\u00f3n. Son especialmente resistentes a la corrosi\u00f3n, al agua y a la oxidaci\u00f3n. Las grasas lubricantes de AS Performance evitan la energ\u00eda de fricci\u00f3n y las p\u00e9rdidas de energ\u00eda y ayudan a reducir el desgaste al m\u00ednimo.<\/p>\n<p>Aqu\u00ed encontrar\u00e1 la mejor protecci\u00f3n contra el desgaste de AS Performance para la soluci\u00f3n \u00f3ptima, tanto desde el punto de vista t\u00e9cnico como econ\u00f3mico.[\/vc_column_text]<style type=\"text\/css\" data-type=\"the7_shortcodes-inline-css\">#default-btn-bcd62fc8932f6cfc8a0e0d368e268aed.ico-right-side > i {\n  margin-right: 0px;\n  margin-left: 8px;\n}\n#default-btn-bcd62fc8932f6cfc8a0e0d368e268aed > i {\n  margin-right: 8px;\n}<\/style><a href=\"\/produkte\/produktgruppen\/serviceprodukte\/mehrzwecksfette\/\" class=\"default-btn-shortcode dt-btn dt-btn-s link-hover-off asv-more asv-more-grey btn-inline-left \" id=\"default-btn-bcd62fc8932f6cfc8a0e0d368e268aed\"><span>Acceder a las grasas lubricantes multiusos<\/span><\/a>[\/vc_column_inner][vc_column_inner width=\u00bb1\/3&#8243;][vc_single_image image=\u00bb5087&#8243; img_size=\u00bbmedium\u00bb][\/vc_column_inner][\/vc_row_inner][\/vc_column][\/vc_row][vc_row type=\u00bbvc_default\u00bb full_width=\u00bbstretch_row\u00bb content_placement=\u00bbmiddle\u00bb parallax=\u00bbcontent-moving\u00bb parallax_image=\u00bb3178&#8243; parallax_speed_bg=\u00bb7&#8243; parallax_content=\u00bbparallax_content_value\u00bb parallax_content_sense=\u00bb50&#8243; css=\u00bb.vc_custom_1540051897609{margin-top: 0px !important;margin-bottom: 0px !important;padding-top: 20px !important;padding-bottom: 20px !important;background-color: #474747 !important;background-position: center;background-repeat: no-repeat !important;background-size: cover !important;}\u00bb][vc_column][\/vc_column][\/vc_row][vc_row type=\u00bbvc_default\u00bb full_width=\u00bbstretch_row\u00bb css=\u00bb.vc_custom_1540051939507{background-position: center !important;background-repeat: no-repeat !important;background-size: contain !important;}\u00bb][vc_column][vc_row_inner][vc_column_inner width=\u00bb1\/3&#8243;][vc_single_image image=\u00bb5079&#8243; img_size=\u00bbmedium\u00bb][\/vc_column_inner][vc_column_inner width=\u00bb2\/3&#8243;][vc_raw_html css=\u00bb.vc_custom_1604051471977{margin-bottom: 20px !important;}\u00bb]JTNDaDIlM0VQcm9kdWN0b3MlMjBxdSVDMyVBRG1pY29zJTIwcGFyYSUyMGVsJTIwaW52aWVybm8lMjAlMkYlMjBhbnRpY29uZ2VsYW50ZSUyMHBhcmElMjBwYXJhYnJpc2FzJTNDJTJGaDIlM0UlMEElM0NoMyUyMGNsYXNzJTNEJTIyYXN2LXN1YnByZXRleHQlMjIlM0UlM0NzcGFuJTIwY2xhc3MlM0QlMjJyZWQtb25lJTIyJTNFJUMyJUJGQmFqYXMlMjB0ZW1wZXJhdHVyYXMlM0YlM0MlMkZzcGFuJTNFJTIwJUMyJUExQ29ycmElMjBoYWNpYSUyMGxhJTIwaW5zdGFsYWNpJUMzJUIzbiUyMGRlJTIwcHJ1ZWJhcyUyMSUzQyUyRmgzJTNF[\/vc_raw_html][vc_column_text css=\u00bb.vc_custom_1591950360773{margin-top: 0px !important;}\u00bb]\u00bfBajas temperaturas? \u00a1Corra hacia la instalaci\u00f3n de pruebas!<br \/>\nLas temperaturas son cada vez m\u00e1s bajas. Los cristales se empa\u00f1an y congelan.<br \/>\nEl anticongelante para parabrisas y el limpiaparabrisas de AS Performance se han desarrollado especialmente para garantizar la mejor visibilidad posible, incluso en las condiciones meteorol\u00f3gicas y de tr\u00e1fico m\u00e1s adversas. Los inhibidores aseguran la eliminaci\u00f3n segura de la suciedad de la carretera y los residuos de sal. Las rayas en el parabrisas se previenen activamente y aumentan su seguridad incluso en condiciones clim\u00e1ticas dif\u00edciles.[\/vc_column_text]<style type=\"text\/css\" data-type=\"the7_shortcodes-inline-css\">#default-btn-4981fa44ecd94c765156344e8bc84b1b.ico-right-side > i {\n  margin-right: 0px;\n  margin-left: 8px;\n}\n#default-btn-4981fa44ecd94c765156344e8bc84b1b > i {\n  margin-right: 8px;\n}<\/style><a href=\"\/produkte\/produktgruppen\/serviceprodukte\/winterchemie\/\" class=\"default-btn-shortcode dt-btn dt-btn-s link-hover-off asv-more asv-more-grey btn-inline-left \" id=\"default-btn-4981fa44ecd94c765156344e8bc84b1b\"><span>Acceder a los productos qu\u00edmicos para el invierno<\/span><\/a>[\/vc_column_inner][\/vc_row_inner][\/vc_column][\/vc_row][vc_row type=\u00bbvc_default\u00bb full_width=\u00bbstretch_row\u00bb content_placement=\u00bbmiddle\u00bb parallax=\u00bbcontent-moving\u00bb parallax_image=\u00bb3178&#8243; parallax_speed_bg=\u00bb9&#8243; parallax_content=\u00bbparallax_content_value\u00bb parallax_content_sense=\u00bb50&#8243; css=\u00bb.vc_custom_1540051961188{margin-top: 0px !important;margin-bottom: 0px !important;padding-top: 20px !important;padding-bottom: 20px !important;background-color: #474747 !important;background-position: center;background-repeat: no-repeat !important;background-size: cover !important;}\u00bb][vc_column][\/vc_column][\/vc_row][vc_row type=\u00bbvc_default\u00bb full_width=\u00bbstretch_row\u00bb css=\u00bb.vc_custom_1540044663254{margin-bottom: 15px !important;background-position: center !important;background-repeat: no-repeat !important;background-size: contain !important;}\u00bb][vc_column][vc_row_inner][vc_column_inner width=\u00bb2\/3&#8243;][vc_raw_html css=\u00bb.vc_custom_1604051482589{margin-bottom: 20px !important;}\u00bb]JTNDaDIlM0VMaW1waWFkb3IlM0MlMkZoMiUzRSUwQSUzQ2gzJTIwY2xhc3MlM0QlMjJhc3Ytc3VicHJldGV4dCUyMiUzRSUzQ3NwYW4lMjBjbGFzcyUzRCUyMnJlZC1vbmUlMjIlM0UlQzIlQTFMaW1waWElM0MlMkZzcGFuJTNFJTIweSUyMGN1aWRhJTIwY29uJTIwbGElMjBtJUMzJUExeGltYSUyMGNhbGlkYWQlMjElM0MlMkZoMyUzRQ==[\/vc_raw_html][vc_column_text css=\u00bb.vc_custom_1591950398131{margin-top: 0px !important;}\u00bb]Cuidar el autom\u00f3vil es divertido, ayuda a ahorrar dinero y asegura una larga conservaci\u00f3n del valor del veh\u00edculo. El interior del veh\u00edculo requiere cuidados durante todo el a\u00f1o. En los meses fr\u00edos son el hielo, la sal de la carretera y la suciedad de la superficie de la carretera los aspectos perjudiciales para su veh\u00edculo. Esta suciedad debe eliminarse de forma r\u00e1pida y regular. En primavera y verano son principalmente los insectos, el polen de las flores, la resina de los \u00e1rboles y los residuos del alquitr\u00e1n lo que debe eliminarse de la pintura y los cristales.<\/p>\n<p>Nuestros limpiadores de AS Performance cuidan y protegen su veh\u00edculo. Con la m\u00e1xima calidad.[\/vc_column_text]<style type=\"text\/css\" data-type=\"the7_shortcodes-inline-css\">#default-btn-c2f1992f7fcc2c6ba589c78841d67746.ico-right-side > i {\n  margin-right: 0px;\n  margin-left: 8px;\n}\n#default-btn-c2f1992f7fcc2c6ba589c78841d67746 > i {\n  margin-right: 8px;\n}<\/style><a href=\"\/produkte\/produktgruppen\/serviceprodukte\/reiniger\/\" class=\"default-btn-shortcode dt-btn dt-btn-s link-hover-off asv-more asv-more-grey btn-inline-left \" id=\"default-btn-c2f1992f7fcc2c6ba589c78841d67746\"><span>Acceder a los limpiadores<\/span><\/a>[\/vc_column_inner][vc_column_inner width=\u00bb1\/3&#8243;][vc_single_image image=\u00bb8133&#8243; img_size=\u00bbmedium\u00bb css=\u00bb\u00bb][\/vc_column_inner][\/vc_row_inner][\/vc_column][\/vc_row][vc_row type=\u00bbvc_default\u00bb full_width=\u00bbstretch_row\u00bb content_placement=\u00bbmiddle\u00bb parallax=\u00bbcontent-moving\u00bb parallax_image=\u00bb3178&#8243; parallax_speed_bg=\u00bb11&#8243; parallax_content=\u00bbparallax_content_value\u00bb parallax_content_sense=\u00bb50&#8243; css=\u00bb.vc_custom_1540051979816{margin-top: 0px !important;margin-bottom: 0px !important;padding-top: 20px !important;padding-bottom: 20px !important;background-color: #474747 !important;background-position: center;background-repeat: no-repeat !important;background-size: cover !important;}\u00bb][vc_column][\/vc_column][\/vc_row][vc_row type=\u00bbvc_default\u00bb full_width=\u00bbstretch_row\u00bb css=\u00bb.vc_custom_1540052016885{background-position: center !important;background-repeat: no-repeat !important;background-size: contain !important;}\u00bb][vc_column][vc_row_inner][vc_column_inner width=\u00bb1\/3&#8243;][vc_single_image image=\u00bb5091&#8243; img_size=\u00bbmedium\u00bb][\/vc_column_inner][vc_column_inner width=\u00bb2\/3&#8243;][vc_raw_html css=\u00bb.vc_custom_1604051493221{margin-bottom: 20px !important;}\u00bb]JTNDaDIlMjBjbGFzcyUzRCUyMmFkYmx1ZSUyMiUzRUFkQmx1ZSUzQ3N1cCUzRSVDMiVBRSUzQyUyRnN1cCUzRSUzQyUyRmgyJTNFJTBBJTNDaDMlMjBjbGFzcyUzRCUyMmFzdi1zdWJwcmV0ZXh0JTIyJTNFJTNDc3BhbiUyMGNsYXNzJTNEJTIycmVkLW9uZSUyMiUzRVNpc3RlbWElMjBkZSUyMHBvc3RyYXRhbWllbnRvJTIwZGUlMjBnYXNlcyUyMGRlJTIwZXNjYXBlLiUzQyUyRnNwYW4lM0UlMjAlQzIlQTFQb3IlMjBlbCUyMGJpZW4lMjBkZWwlMjBtZWRpbyUyMGFtYmllbnRlJTIxJTNDJTJGaDMlM0U=[\/vc_raw_html][vc_column_text css=\u00bb.vc_custom_1591950429974{margin-top: 0px !important;}\u00bb]El sistema de postratamiento de gases de escape con AdBlue<sup>\u00ae<\/sup> de AS Performance permite una reducci\u00f3n de los \u00f3xidos de nitr\u00f3geno (NOx) emitidos en hasta un 90 por ciento.[\/vc_column_text]<style type=\"text\/css\" data-type=\"the7_shortcodes-inline-css\">#default-btn-b540a6842d84e375868aa9c1206e6fc7.ico-right-side > i {\n  margin-right: 0px;\n  margin-left: 8px;\n}\n#default-btn-b540a6842d84e375868aa9c1206e6fc7 > i {\n  margin-right: 8px;\n}<\/style><a href=\"\/produkte\/produktgruppen\/serviceprodukte\/adblue\/\" class=\"default-btn-shortcode dt-btn dt-btn-s link-hover-off asv-more asv-more-grey btn-inline-left \" id=\"default-btn-b540a6842d84e375868aa9c1206e6fc7\"><span>Acceder a los productos AdBlue<\/span><\/a>[\/vc_column_inner][\/vc_row_inner][\/vc_column][\/vc_row][vc_row type=\u00bbvc_default\u00bb full_width=\u00bbstretch_row\u00bb content_placement=\u00bbmiddle\u00bb parallax=\u00bbcontent-moving\u00bb parallax_image=\u00bb3178&#8243; parallax_speed_bg=\u00bb12&#8243; parallax_content=\u00bbparallax_content_value\u00bb parallax_content_sense=\u00bb50&#8243; css=\u00bb.vc_custom_1540051995466{margin-top: 0px !important;margin-bottom: 0px !important;padding-top: 20px !important;padding-bottom: 20px !important;background-color: #474747 !important;background-position: center;background-repeat: no-repeat !important;background-size: cover !important;}\u00bb][vc_column][\/vc_column][\/vc_row][vc_row type=\u00bbvc_default\u00bb full_width=\u00bbstretch_row\u00bb css=\u00bb.vc_custom_1540052006372{margin-bottom: 80px !important;background-position: center !important;background-repeat: no-repeat !important;background-size: contain !important;}\u00bb][vc_column][vc_row_inner][vc_column_inner width=\u00bb2\/3&#8243;][vc_raw_html css=\u00bb.vc_custom_1604051503641{margin-bottom: 20px !important;}\u00bb]JTNDaDIlM0VBY2Nlc29yaW9zJTNDJTJGaDIlM0UlMEElM0NoMyUyMGNsYXNzJTNEJTIyYXN2LXN1YnByZXRleHQlMjIlM0UlM0NzcGFuJTIwY2xhc3MlM0QlMjJyZWQtb25lJTIyJTNFVmF5YSUyMGJpZW4lMjBlcXVpcGFkby4lM0MlMkZzcGFuJTNFJTIwJUMyJUExRW4lMjB0b2RvJTIwbW9tZW50byUyMSUzQyUyRmgzJTNF[\/vc_raw_html][vc_column_text css=\u00bb.vc_custom_1591950449544{margin-top: 0px !important;}\u00bb]\u00bfEst\u00e1 buscando accesorios de AS Performance?<br \/>\nAqu\u00ed encontrar\u00e1 todo lo que necesita con unos pocos clics.[\/vc_column_text]<style type=\"text\/css\" data-type=\"the7_shortcodes-inline-css\">#default-btn-39b977a04bbcc0878c8459084e919bbc.ico-right-side > i {\n  margin-right: 0px;\n  margin-left: 8px;\n}\n#default-btn-39b977a04bbcc0878c8459084e919bbc > i {\n  margin-right: 8px;\n}<\/style><a href=\"\/produkte\/produktgruppen\/serviceprodukte\/zubehoer\/\" class=\"default-btn-shortcode dt-btn dt-btn-s link-hover-off asv-more asv-more-grey btn-inline-left \" id=\"default-btn-39b977a04bbcc0878c8459084e919bbc\"><span>Acceder a los accesorios<\/span><\/a>[\/vc_column_inner][vc_column_inner width=\u00bb1\/3&#8243;][vc_single_image image=\u00bb7682&#8243; img_size=\u00bbmedium\u00bb][\/vc_column_inner][\/vc_row_inner][\/vc_column][\/vc_row]<\/p>\n<\/div>","protected":false},"excerpt":{"rendered":"<p>[vc_row type=\u00bbvc_default\u00bb full_width=\u00bbstretch_row\u00bb css=\u00bb.vc_custom_1540044663254{margin-bottom: 15px !important;background-position: center !important;background-repeat: no-repeat !important;background-size: contain !important;}\u00bb][vc_column][vc_row_inner css=\u00bb.vc_custom_1540039049438{margin-top: 30px !important;}\u00bb][vc_column_inner width=\u00bb1\/3&#8243;][vc_single_image image=\u00bb5075&#8243; img_size=\u00bbmedium\u00bb][\/vc_column_inner][vc_column_inner width=\u00bb2\/3&#8243;][vc_raw_html css=\u00bb.vc_custom_1604051436531{margin-bottom: 20px !important;}\u00bb]JTNDaDIlM0VMJUMzJUFEcXVpZG9zJTIwZGUlMjBmcmVub3MlMjAlM0MlMkZoMiUzRSUwQSUzQ2gzJTIwY2xhc3MlM0QlMjJhc3Ytc3VicHJldGV4dCUyMiUzRSUzQ3NwYW4lMjBjbGFzcyUzRCUyMnJlZC1vbmUlMjIlM0UlQzIlQTFFcXVpbGlicmlvJTIweSUyMHNlZ3VyaWRhZCUzQyUyRnNwYW4lM0UlMjBwYXJhJTIwdXN0ZWQlMjB5JTIwc3UlMjBzaXN0ZW1hJTIwZGUlMjBmcmVub3MlMjElM0MlMkZoMyUzRQ==[\/vc_raw_html][vc_column_text css=\u00bb.vc_custom_1591950010186{margin-top: 0px !important;}\u00bb]El sistema de frenos de su veh\u00edculo lo protege a usted, a sus pasajeros, a otros usuarios de la carretera y, por supuesto, a su veh\u00edculo. Los l\u00edquidos de frenos de&hellip;<\/p>\n","protected":false},"author":2,"featured_media":0,"parent":6213,"menu_order":0,"comment_status":"closed","ping_status":"closed","template":"","meta":{"_acf_changed":false,"footnotes":""},"class_list":["post-6267","page","type-page","status-publish","hentry","description-off"],"acf":[],"_links":{"self":[{"href":"https:\/\/as-automotive.eu\/es\/wp-json\/wp\/v2\/pages\/6267","targetHints":{"allow":["GET"]}}],"collection":[{"href":"https:\/\/as-automotive.eu\/es\/wp-json\/wp\/v2\/pages"}],"about":[{"href":"https:\/\/as-automotive.eu\/es\/wp-json\/wp\/v2\/types\/page"}],"author":[{"embeddable":true,"href":"https:\/\/as-automotive.eu\/es\/wp-json\/wp\/v2\/users\/2"}],"replies":[{"embeddable":true,"href":"https:\/\/as-automotive.eu\/es\/wp-json\/wp\/v2\/comments?post=6267"}],"version-history":[{"count":18,"href":"https:\/\/as-automotive.eu\/es\/wp-json\/wp\/v2\/pages\/6267\/revisions"}],"predecessor-version":[{"id":8145,"href":"https:\/\/as-automotive.eu\/es\/wp-json\/wp\/v2\/pages\/6267\/revisions\/8145"}],"up":[{"embeddable":true,"href":"https:\/\/as-automotive.eu\/es\/wp-json\/wp\/v2\/pages\/6213"}],"wp:attachment":[{"href":"https:\/\/as-automotive.eu\/es\/wp-json\/wp\/v2\/media?parent=6267"}],"curies":[{"name":"wp","href":"https:\/\/api.w.org\/{rel}","templated":true}]}}