{"id":6257,"date":"2019-05-09T09:34:40","date_gmt":"2019-05-09T07:34:40","guid":{"rendered":"http:\/\/asv1.de\/?page_id=6257"},"modified":"2025-10-02T19:19:09","modified_gmt":"2025-10-02T17:19:09","slug":"kuehlerschutz-es","status":"publish","type":"page","link":"https:\/\/as-automotive.eu\/es\/produkte\/produktgruppen-es\/kuehlerschutz-es\/","title":{"rendered":"Protecci\u00f3n del sistema de refrigeraci\u00f3n &#8211; ES"},"content":{"rendered":"<div class=\"wpb-content-wrapper\"><p>[vc_row type=\u00bbvc_default\u00bb full_width=\u00bbstretch_row\u00bb css=\u00bb.vc_custom_1540044663254{margin-bottom: 15px !important;background-position: center !important;background-repeat: no-repeat !important;background-size: contain !important;}\u00bb][vc_column][vc_row_inner css=\u00bb.vc_custom_1540373564536{margin-top: 30px !important;margin-bottom: 10px !important;}\u00bb][vc_column_inner][vc_raw_html css=\u00bb.vc_custom_1604050975323{margin-bottom: 10px !important;}\u00bb]JTNDaDIlM0VQcm90ZWNjaSVDMyVCM24lMjBkZWwlMjBzaXN0ZW1hJTIwZGUlMjByZWZyaWdlcmFjaSVDMyVCM24lM0MlMkZoMiUzRSUwQSUzQ2gzJTIwY2xhc3MlM0QlMjJhc3Ytc3VicHJldGV4dCUyMiUzRSUzQ3NwYW4lMjBjbGFzcyUzRCUyMnJlZC1vbmUlMjIlM0UlQzIlQTFSZW5kaW1pZW50byUyMGRlJTIwcHJpbWVyYSUyMGNhbGlkYWQlMjBwYXJhJTIwc3UlMjBzaXN0ZW1hJTIwZGUlMjByZWZyaWdlcmFjaSVDMyVCM24lMjElM0MlMkZoMyUzRQ==[\/vc_raw_html][\/vc_column_inner][\/vc_row_inner][vc_row_inner css=\u00bb.vc_custom_1540046609646{margin-top: 0px !important;}\u00bb][vc_column_inner width=\u00bb2\/3&#8243;][vc_column_text css=\u00bb.vc_custom_1591949782264{margin-top: 0px !important;}\u00bb]Los productos anticongelantes de AS Performance proporcionan a su sistema de refrigeraci\u00f3n una excelente protecci\u00f3n contra la corrosi\u00f3n, estabilidad de la temperatura y evitan la aparici\u00f3n de dep\u00f3sitos y la contaminaci\u00f3n.<\/p>\n<p>Los productos anticongelantes\/refrigerantes de AS Performance forman recubrimientos protectores extremadamente estables y din\u00e1micos que garantizan la seguridad funcional y la disponibilidad operacional de su sistema de refrigeraci\u00f3n durante todo el a\u00f1o.[\/vc_column_text][\/vc_column_inner][vc_column_inner width=\u00bb1\/3&#8243;][\/vc_column_inner][\/vc_row_inner][vc_row_inner][vc_column_inner width=\u00bb2\/3&#8243;][vc_raw_html css=\u00bb.vc_custom_1604050986001{margin-bottom: 0px !important;}\u00bb]JTNDaDMlMjBjbGFzcyUzRCUyMmFzdi1zdWJwcmV0ZXh0JTIyJTNFJTNDc3BhbiUyMGNsYXNzJTNEJTIycmVkLW9uZSUyMiUzRSVDMiVBMUxhJTIwcHJvdGVjY2klQzMlQjNuJTIwZGVsJTIwc2lzdGVtYSUyMGRlJTIwcmVmcmlnZXJhY2klQzMlQjNuJTNDJTJGc3BhbiUzRSUyMG5vJTIwZXF1aXZhbGUlMjBleGFjdGFtZW50ZSUyMGElMjBsYSUyMHByb3RlY2NpJUMzJUIzbiUyMGRlbCUyMHNpc3RlbWElMjBkZSUyMHJlZnJpZ2VyYWNpJUMzJUIzbiUyMSUzQyUyRmgzJTNF[\/vc_raw_html][vc_column_text css=\u00bb.vc_custom_1591949817240{margin-top: 0px !important;}\u00bb]Todos los motores y tipos de veh\u00edculos tienen diferentes requisitos en cuanto al producto de protecci\u00f3n del sistema de refrigeraci\u00f3n que se utilizar\u00e1. A trav\u00e9s del sistema de refrigeraci\u00f3n de un autom\u00f3vil, se bombean cerca de 150 litros de refrigerante por minuto. El producto est\u00e1 expuesto a cargas pesadas.<\/p>\n<p>El anticongelante de AS Performance evita que los inhibidores de alta calidad formen residuos en el sistema de refrigeraci\u00f3n. El calor se elimina de manera eficaz y las juntas y las piezas de pol\u00edmero dentro del sistema de refrigeraci\u00f3n est\u00e1n protegidos al m\u00e1ximo. La protecci\u00f3n del sistema de refrigeraci\u00f3n de AS Performance ayuda a evitar reparaciones innecesarias y costosas de su sistema de refrigeraci\u00f3n.[\/vc_column_text][\/vc_column_inner][vc_column_inner width=\u00bb1\/3&#8243;][\/vc_column_inner][\/vc_row_inner][\/vc_column][\/vc_row][vc_row type=\u00bbvc_default\u00bb full_width=\u00bbstretch_row\u00bb content_placement=\u00bbmiddle\u00bb parallax=\u00bbcontent-moving\u00bb parallax_image=\u00bb3132&#8243; parallax_speed_bg=\u00bb7&#8243; parallax_content=\u00bbparallax_content_value\u00bb parallax_content_sense=\u00bb50&#8243; css=\u00bb.vc_custom_1540296177450{margin-top: 0px !important;margin-bottom: 0px !important;padding-top: 20px !important;padding-bottom: 20px !important;background-position: center;background-repeat: no-repeat !important;background-size: cover !important;}\u00bb][vc_column][\/vc_column][\/vc_row][vc_row type=\u00bbvc_default\u00bb full_width=\u00bbstretch_row\u00bb css=\u00bb.vc_custom_1540044663254{margin-bottom: 15px !important;background-position: center !important;background-repeat: no-repeat !important;background-size: contain !important;}\u00bb][vc_column][vc_row_inner][vc_column_inner width=\u00bb2\/3&#8243;][vc_raw_html css=\u00bb.vc_custom_1604050996983{margin-bottom: 0px !important;}\u00bb]JTNDaDIlM0VBbnRpY29uZ2VsYW50ZSUyMGNvbmNlbnRyYWRvJTIweSUyMGElMjBsYXJnbyUyMHBsYXpvJTIwcGFyYSUyMGxhJTIwcHJvdGVjY2klQzMlQjNuJTIwZGUlMjBzaXN0ZW1hcyUyMGRlJTIwcmVmcmlnZXJhY2klQzMlQjNuJTNDJTJGaDIlM0UlMEElM0NoMyUyMGNsYXNzJTNEJTIyYXN2LXN1YnByZXRleHQlMjIlM0UlM0NzcGFuJTIwY2xhc3MlM0QlMjJyZWQtb25lJTIyJTNFUGFyYWRhJTIwZW4lMjBib3hlcyUzQyUyRnNwYW4lM0UlMjBhbCUyMG0lQzMlQTFzJTIwYWx0byUyMG5pdmVsJTIxJTBBJTNDJTJGaDMlM0U=[\/vc_raw_html][vc_column_text css=\u00bb.vc_custom_1557496122134{margin-top: 0px !important;}\u00bb]Nuestros productos de concentrado y anticongelantes a largo plazo para la protecci\u00f3n del sistema de refrigeraci\u00f3n, as\u00ed como productos de larga duraci\u00f3n, deben diluirse con agua antes de usarlos.[\/vc_column_text]<style type=\"text\/css\" data-type=\"the7_shortcodes-inline-css\">#default-btn-23216967943a823c5f6f3ad06eab577c.ico-right-side > i {\n  margin-right: 0px;\n  margin-left: 8px;\n}\n#default-btn-23216967943a823c5f6f3ad06eab577c > i {\n  margin-right: 8px;\n}<\/style><a href=\"\/produkte\/produktgruppen\/kuehlerschutz\/kuehlerfrostschutz\/\" class=\"default-btn-shortcode dt-btn dt-btn-s link-hover-off asv-more asv-more-grey btn-inline-left \" id=\"default-btn-23216967943a823c5f6f3ad06eab577c\"><span>Acceder a los productos de concentrado y anticongelantes a largo plazo para la protecci\u00f3n del sistema de refrigeraci\u00f3n<\/span><\/a>[\/vc_column_inner][vc_column_inner width=\u00bb1\/3&#8243;][vc_single_image image=\u00bb8122&#8243; img_size=\u00bbmedium\u00bb css=\u00bb\u00bb][\/vc_column_inner][\/vc_row_inner][\/vc_column][\/vc_row][vc_row type=\u00bbvc_default\u00bb full_width=\u00bbstretch_row\u00bb content_placement=\u00bbmiddle\u00bb parallax=\u00bbcontent-moving\u00bb parallax_image=\u00bb3132&#8243; parallax_speed_bg=\u00bb9&#8243; parallax_content=\u00bbparallax_content_value\u00bb parallax_content_sense=\u00bb50&#8243; css=\u00bb.vc_custom_1540296170460{margin-top: 0px !important;margin-bottom: 0px !important;padding-top: 20px !important;padding-bottom: 20px !important;background-image: url(https:\/\/as-automotive.eu\/wp-content\/uploads\/2018\/10\/ASV1-Germany00054.jpeg?id=3106) !important;background-position: center;background-repeat: no-repeat !important;background-size: cover !important;}\u00bb][vc_column][\/vc_column][\/vc_row][vc_row type=\u00bbvc_default\u00bb full_width=\u00bbstretch_row\u00bb css=\u00bb.vc_custom_1540044998500{margin-bottom: 80px !important;background-position: center !important;background-repeat: no-repeat !important;background-size: contain !important;}\u00bb][vc_column][vc_row_inner][vc_column_inner width=\u00bb1\/3&#8243;][vc_single_image image=\u00bb8111&#8243; img_size=\u00bbmedium\u00bb css=\u00bb\u00bb][\/vc_column_inner][vc_column_inner width=\u00bb2\/3&#8243;][vc_raw_html css=\u00bb.vc_custom_1604051008366{margin-bottom: 0px !important;}\u00bb]JTNDaDIlM0VQcmVtZXpjbGFkb3MlM0MlMkZoMiUzRSUwQSUzQ2gzJTIwY2xhc3MlM0QlMjJhc3Ytc3VicHJldGV4dCUyMiUzRSUzQ3NwYW4lMjBjbGFzcyUzRCUyMnJlZC1vbmUlMjIlM0VMYSUyMHBvbGUlMjBwb3NpdGlvbi4lMjAlM0MlMkZzcGFuJTNFJUMyJUExTGlzdG9zJTIwcGFyYSUyMHVzYXIlMjElM0MlMkZoMyUzRQ==[\/vc_raw_html][vc_column_text css=\u00bb.vc_custom_1591949859359{margin-top: 0px !important;}\u00bb]Nuestros productos premezclados y anticongelantes de AS Performance ya est\u00e1n premezclados y listos para usar.[\/vc_column_text]<style type=\"text\/css\" data-type=\"the7_shortcodes-inline-css\">#default-btn-65608acdec6a3f5f8d18919f5410c42c.ico-right-side > i {\n  margin-right: 0px;\n  margin-left: 8px;\n}\n#default-btn-65608acdec6a3f5f8d18919f5410c42c > i {\n  margin-right: 8px;\n}<\/style><a href=\"\/produkte\/produktgruppen\/kuehlerschutz\/readymix\/\" class=\"default-btn-shortcode dt-btn dt-btn-s link-hover-off asv-more asv-more-grey btn-inline-left \" id=\"default-btn-65608acdec6a3f5f8d18919f5410c42c\"><span>Acceder a los productos premezclados<\/span><\/a>[\/vc_column_inner][\/vc_row_inner][\/vc_column][\/vc_row]<\/p>\n<\/div>","protected":false},"excerpt":{"rendered":"<p>[vc_row type=\u00bbvc_default\u00bb full_width=\u00bbstretch_row\u00bb css=\u00bb.vc_custom_1540044663254{margin-bottom: 15px !important;background-position: center !important;background-repeat: no-repeat !important;background-size: contain !important;}\u00bb][vc_column][vc_row_inner css=\u00bb.vc_custom_1540373564536{margin-top: 30px !important;margin-bottom: 10px !important;}\u00bb][vc_column_inner][vc_raw_html css=\u00bb.vc_custom_1604050975323{margin-bottom: 10px !important;}\u00bb]JTNDaDIlM0VQcm90ZWNjaSVDMyVCM24lMjBkZWwlMjBzaXN0ZW1hJTIwZGUlMjByZWZyaWdlcmFjaSVDMyVCM24lM0MlMkZoMiUzRSUwQSUzQ2gzJTIwY2xhc3MlM0QlMjJhc3Ytc3VicHJldGV4dCUyMiUzRSUzQ3NwYW4lMjBjbGFzcyUzRCUyMnJlZC1vbmUlMjIlM0UlQzIlQTFSZW5kaW1pZW50byUyMGRlJTIwcHJpbWVyYSUyMGNhbGlkYWQlMjBwYXJhJTIwc3UlMjBzaXN0ZW1hJTIwZGUlMjByZWZyaWdlcmFjaSVDMyVCM24lMjElM0MlMkZoMyUzRQ==[\/vc_raw_html][\/vc_column_inner][\/vc_row_inner][vc_row_inner css=\u00bb.vc_custom_1540046609646{margin-top: 0px !important;}\u00bb][vc_column_inner width=\u00bb2\/3&#8243;][vc_column_text css=\u00bb.vc_custom_1591949782264{margin-top: 0px !important;}\u00bb]Los productos anticongelantes de AS Performance proporcionan a su sistema de refrigeraci\u00f3n una excelente protecci\u00f3n contra la corrosi\u00f3n, estabilidad de la temperatura y evitan la aparici\u00f3n de dep\u00f3sitos y&hellip;<\/p>\n","protected":false},"author":2,"featured_media":0,"parent":6213,"menu_order":0,"comment_status":"closed","ping_status":"closed","template":"","meta":{"_acf_changed":false,"footnotes":""},"class_list":["post-6257","page","type-page","status-publish","hentry","description-off"],"acf":[],"_links":{"self":[{"href":"https:\/\/as-automotive.eu\/es\/wp-json\/wp\/v2\/pages\/6257","targetHints":{"allow":["GET"]}}],"collection":[{"href":"https:\/\/as-automotive.eu\/es\/wp-json\/wp\/v2\/pages"}],"about":[{"href":"https:\/\/as-automotive.eu\/es\/wp-json\/wp\/v2\/types\/page"}],"author":[{"embeddable":true,"href":"https:\/\/as-automotive.eu\/es\/wp-json\/wp\/v2\/users\/2"}],"replies":[{"embeddable":true,"href":"https:\/\/as-automotive.eu\/es\/wp-json\/wp\/v2\/comments?post=6257"}],"version-history":[{"count":14,"href":"https:\/\/as-automotive.eu\/es\/wp-json\/wp\/v2\/pages\/6257\/revisions"}],"predecessor-version":[{"id":8128,"href":"https:\/\/as-automotive.eu\/es\/wp-json\/wp\/v2\/pages\/6257\/revisions\/8128"}],"up":[{"embeddable":true,"href":"https:\/\/as-automotive.eu\/es\/wp-json\/wp\/v2\/pages\/6213"}],"wp:attachment":[{"href":"https:\/\/as-automotive.eu\/es\/wp-json\/wp\/v2\/media?parent=6257"}],"curies":[{"name":"wp","href":"https:\/\/api.w.org\/{rel}","templated":true}]}}