{"id":6237,"date":"2019-05-09T09:29:46","date_gmt":"2019-05-09T07:29:46","guid":{"rendered":"http:\/\/asv1.de\/?page_id=6237"},"modified":"2025-10-02T19:34:44","modified_gmt":"2025-10-02T17:34:44","slug":"schmierstoffe-es","status":"publish","type":"page","link":"https:\/\/as-automotive.eu\/es\/produkte\/produktgruppen-es\/schmierstoffe-es\/","title":{"rendered":"Lubricantes &#8211; ES"},"content":{"rendered":"<div class=\"wpb-content-wrapper\"><p>[vc_row type=\u00bbvc_default\u00bb full_width=\u00bbstretch_row\u00bb css=\u00bb.vc_custom_1540044663254{margin-bottom: 15px !important;background-position: center !important;background-repeat: no-repeat !important;background-size: contain !important;}\u00bb][vc_column][vc_row_inner css=\u00bb.vc_custom_1540039049438{margin-top: 30px !important;}\u00bb][vc_column_inner width=\u00bb1\/3&#8243;][vc_single_image image=\u00bb8133&#8243; img_size=\u00bbmedium\u00bb css=\u00bb\u00bb][\/vc_column_inner][vc_column_inner width=\u00bb2\/3&#8243;][vc_raw_html css=\u00bb.vc_custom_1557485074307{margin-bottom: 20px !important;}\u00bb]JTNDaDIlM0VBY2VpdGVzJTIwZGUlMjBtb3RvciUzQyUyRmgyJTNF[\/vc_raw_html][vc_column_text css=\u00bb.vc_custom_1591948607011{margin-top: 0px !important;}\u00bb]Los motores modernos son maravillas de la tecnolog\u00eda. Son muy potentes y trabajan de forma eficiente. Debido a la llamada \u00abreducci\u00f3n de tama\u00f1o\u00bb de los motores, la carga de presi\u00f3n y fricci\u00f3n en los motores ha aumentado constantemente en los \u00faltimos a\u00f1os.<\/p>\n<p>Los aceites de motor de AS Performance son aceites de motor avanzados que han dado respuesta a esta evoluci\u00f3n. AS Performance ofrece el aceite y la seguridad operativa adecuados para casi todos los veh\u00edculos, incluso con el par m\u00e1s fuerte. Gracias a nuestros aceites de motor de AS Performance, su motor adopta la tecnolog\u00eda m\u00e1s actual. Nuestros aceites de motor de alto rendimiento establecen est\u00e1ndares de rendimiento y durabilidad del producto. El desgaste del motor se reduce de forma considerable.[\/vc_column_text][\/vc_column_inner][\/vc_row_inner][vc_row_inner][vc_column_inner][vc_column_text css=\u00bb.vc_custom_1591948654636{margin-top: 0px !important;}\u00bb]La ruptura de la pel\u00edcula de aceite sensible se evita mediante paquetes de aditivos especiales, lo que minimiza la fricci\u00f3n entre las superficies met\u00e1licas del motor. Los motores deben protegerse de forma eficaz de los residuos de combusti\u00f3n, de los \u00e1cidos resultantes de las part\u00edculas de combustible, la abrasi\u00f3n y la corrosi\u00f3n a trav\u00e9s de un aceite de motor de dise\u00f1o avanzado.<\/p>\n<p>Los aceites de motor de AS Performance pueden liberar su motor de los temidos dep\u00f3sitos de los motores, a la vez que lo protegen de la aparici\u00f3n de nuevos y peligrosos dep\u00f3sitos. Nuestros aceites de motor de alto rendimiento contribuyen a prolongar la vida \u00fatil de su veh\u00edculo. Los amplios intervalos de cambio de aceite son f\u00e1cilmente posibles con nuestros aceites Longlife que, por lo tanto, son sostenibles, ecol\u00f3gicos y ahorran recursos y combustible!<\/p>\n<p>Los aceites de motor de AS Performance cuentan con las aprobaciones de los principales fabricantes de autom\u00f3viles OEM. Nuestros aceites de motor cumplen con las especificaciones requeridas y en muchas ocasiones incluso las superan.[\/vc_column_text][\/vc_column_inner][\/vc_row_inner]<style type=\"text\/css\" data-type=\"the7_shortcodes-inline-css\">#default-btn-cb23fbf2394a4f9cbd300c765616b2fa.ico-right-side > i {\n  margin-right: 0px;\n  margin-left: 8px;\n}\n#default-btn-cb23fbf2394a4f9cbd300c765616b2fa > i {\n  margin-right: 8px;\n}<\/style><a href=\"\/produkte\/produktgruppen\/schmierstoffe\/motorenoele\/\" class=\"default-btn-shortcode dt-btn dt-btn-s link-hover-off asv-more asv-more-grey btn-inline-left \" id=\"default-btn-cb23fbf2394a4f9cbd300c765616b2fa\"><span>Acceder a los aceites de motor<\/span><\/a>[\/vc_column][\/vc_row][vc_row type=\u00bbvc_default\u00bb full_width=\u00bbstretch_row\u00bb content_placement=\u00bbmiddle\u00bb parallax=\u00bbcontent-moving\u00bb parallax_image=\u00bb2634&#8243; parallax_speed_bg=\u00bb12&#8243; parallax_content=\u00bbparallax_content_value\u00bb parallax_content_sense=\u00bb50&#8243; css=\u00bb.vc_custom_1540295923317{margin-top: 0px !important;margin-bottom: 0px !important;padding-top: 20px !important;padding-bottom: 20px !important;background-image: url(https:\/\/as-automotive.eu\/wp-content\/uploads\/2018\/10\/ASV1-Germany00054.jpeg?id=3106) !important;background-position: center;background-repeat: no-repeat !important;background-size: cover !important;}\u00bb][vc_column][\/vc_column][\/vc_row][vc_row type=\u00bbvc_default\u00bb full_width=\u00bbstretch_row\u00bb css=\u00bb.vc_custom_1540044663254{margin-bottom: 15px !important;background-position: center !important;background-repeat: no-repeat !important;background-size: contain !important;}\u00bb][vc_column][vc_row_inner css=\u00bb.vc_custom_1540039049438{margin-top: 30px !important;}\u00bb][vc_column_inner width=\u00bb2\/3&#8243;][vc_raw_html css=\u00bb.vc_custom_1557485522146{margin-bottom: 20px !important;}\u00bb]JTNDaDIlM0VBY2VpdGVzJTIwcGFyYSUyMGVuZ3JhbmFqZXMlM0MlMkZoMiUzRQ==[\/vc_raw_html][vc_column_text css=\u00bb.vc_custom_1591948683856{margin-top: 0px !important;}\u00bb]Los engranajes son verdaderas obras maestras de ingenier\u00eda. Los engranajes y los diferenciales modernos plantean las m\u00e1s altas exigencias sobre los aceites que se van a utilizar.<\/p>\n<p>Los aceites para engranajes de AS Performance garantizan que se eviten las reparaciones costosas de un engranaje. Es por eso por lo que nuestros aceites para engranajes de AS Performance satisfacen las m\u00e1s altas exigencias de los fabricantes de autom\u00f3viles y superan de forma ideal y permanente la reducci\u00f3n del desgaste debido a la disminuci\u00f3n del comportamiento de fricci\u00f3n, la disipaci\u00f3n del calor y la protecci\u00f3n contra la corrosi\u00f3n.<br \/>\nEsto maximizar\u00e1 la vida de su engranaje.[\/vc_column_text]<style type=\"text\/css\" data-type=\"the7_shortcodes-inline-css\">#default-btn-3fc8b6d9b540d3493b3a026887efab13.ico-right-side > i {\n  margin-right: 0px;\n  margin-left: 8px;\n}\n#default-btn-3fc8b6d9b540d3493b3a026887efab13 > i {\n  margin-right: 8px;\n}<\/style><a href=\"\/produkte\/produktgruppen\/schmierstoffe\/getriebeoele\/\" class=\"default-btn-shortcode dt-btn dt-btn-s link-hover-off asv-more asv-more-grey btn-inline-left \" id=\"default-btn-3fc8b6d9b540d3493b3a026887efab13\"><span>Acceder a los aceites para engranajes<\/span><\/a>[\/vc_column_inner][vc_column_inner width=\u00bb1\/3&#8243;][vc_single_image image=\u00bb8133&#8243; img_size=\u00bbmedium\u00bb css=\u00bb\u00bb][\/vc_column_inner][\/vc_row_inner][\/vc_column][\/vc_row][vc_row type=\u00bbvc_default\u00bb full_width=\u00bbstretch_row\u00bb content_placement=\u00bbmiddle\u00bb parallax=\u00bbcontent-moving\u00bb parallax_image=\u00bb2634&#8243; parallax_speed_bg=\u00bb17&#8243; parallax_content=\u00bbparallax_content_value\u00bb parallax_content_sense=\u00bb50&#8243; css=\u00bb.vc_custom_1540296065019{margin-top: 0px !important;margin-bottom: 0px !important;padding-top: 20px !important;padding-bottom: 20px !important;background-image: url(https:\/\/as-automotive.eu\/wp-content\/uploads\/2018\/10\/ASV1-Germany00054.jpeg?id=3106) !important;background-position: center;background-repeat: no-repeat !important;background-size: cover !important;}\u00bb][vc_column][\/vc_column][\/vc_row][vc_row type=\u00bbvc_default\u00bb full_width=\u00bbstretch_row\u00bb css=\u00bb.vc_custom_1540044998500{margin-bottom: 80px !important;background-position: center !important;background-repeat: no-repeat !important;background-size: contain !important;}\u00bb][vc_column][vc_row_inner css=\u00bb.vc_custom_1540039049438{margin-top: 30px !important;}\u00bb][vc_column_inner width=\u00bb1\/3&#8243;][vc_single_image image=\u00bb8133&#8243; img_size=\u00bbmedium\u00bb css=\u00bb\u00bb][\/vc_column_inner][vc_column_inner width=\u00bb2\/3&#8243;][vc_raw_html css=\u00bb.vc_custom_1557485692387{margin-bottom: 20px !important;}\u00bb]JTNDaDIlM0VBY2VpdGVzJTIwaGlkciVDMyVBMXVsaWNvcyUzQyUyRmgyJTNF[\/vc_raw_html][vc_column_text css=\u00bb.vc_custom_1591948710540{margin-top: 0px !important;}\u00bb]Los sistemas hidr\u00e1ulicos son m\u00e1quinas muy potentes. Transmiten fuerzas superiores sobre distancias relativamente cortas. Se utilizan en m\u00e1quinas herramienta, robots, gr\u00faas, equipos forestales, excavadoras, barcos, aviones, acer\u00edas, minas, etc.<\/p>\n<p>El aceite hidr\u00e1ulico y el fluido hidr\u00e1ulico de AS Performance aseguran una excelente compresibilidad y reducci\u00f3n de la fricci\u00f3n, junto con una excelente protecci\u00f3n contra la corrosi\u00f3n, que preserva las caracter\u00edsticas de rendimiento del aceite hidr\u00e1ulico durante largos per\u00edodos de tiempo.<\/p>\n<p>Los aceites hidr\u00e1ulicos de AS Performance son particularmente compatibles con los materiales y garantizan la estabilidad t\u00e9rmica y la transmisi\u00f3n de potencia \u00f3ptima de su sistema hidr\u00e1ulico, incluso bajo las cargas m\u00e1s extremas.[\/vc_column_text]<style type=\"text\/css\" data-type=\"the7_shortcodes-inline-css\">#default-btn-7a9d2f8e78ef76b735996fe134035cfd.ico-right-side > i {\n  margin-right: 0px;\n  margin-left: 8px;\n}\n#default-btn-7a9d2f8e78ef76b735996fe134035cfd > i {\n  margin-right: 8px;\n}<\/style><a href=\"\/produkte\/produktgruppen\/schmierstoffe\/hydraulikoele\/\" class=\"default-btn-shortcode dt-btn dt-btn-s link-hover-off asv-more asv-more-grey btn-inline-left \" id=\"default-btn-7a9d2f8e78ef76b735996fe134035cfd\"><span>Acceder a los aceites hidr\u00e1ulicos<\/span><\/a>[\/vc_column_inner][\/vc_row_inner][\/vc_column][\/vc_row]<\/p>\n<\/div>","protected":false},"excerpt":{"rendered":"<p>[vc_row type=\u00bbvc_default\u00bb full_width=\u00bbstretch_row\u00bb css=\u00bb.vc_custom_1540044663254{margin-bottom: 15px !important;background-position: center !important;background-repeat: no-repeat !important;background-size: contain !important;}\u00bb][vc_column][vc_row_inner css=\u00bb.vc_custom_1540039049438{margin-top: 30px !important;}\u00bb][vc_column_inner width=\u00bb1\/3&#8243;][vc_single_image image=\u00bb8133&#8243; img_size=\u00bbmedium\u00bb css=\u00bb\u00bb][\/vc_column_inner][vc_column_inner width=\u00bb2\/3&#8243;][vc_raw_html css=\u00bb.vc_custom_1557485074307{margin-bottom: 20px !important;}\u00bb]JTNDaDIlM0VBY2VpdGVzJTIwZGUlMjBtb3RvciUzQyUyRmgyJTNF[\/vc_raw_html][vc_column_text css=\u00bb.vc_custom_1591948607011{margin-top: 0px !important;}\u00bb]Los motores modernos son maravillas de la tecnolog\u00eda. Son muy potentes y trabajan de forma eficiente. Debido a la llamada \u00abreducci\u00f3n de tama\u00f1o\u00bb de los motores, la carga de presi\u00f3n&hellip;<\/p>\n","protected":false},"author":2,"featured_media":0,"parent":6213,"menu_order":0,"comment_status":"closed","ping_status":"closed","template":"","meta":{"_acf_changed":false,"footnotes":""},"class_list":["post-6237","page","type-page","status-publish","hentry","description-off"],"acf":[],"_links":{"self":[{"href":"https:\/\/as-automotive.eu\/es\/wp-json\/wp\/v2\/pages\/6237","targetHints":{"allow":["GET"]}}],"collection":[{"href":"https:\/\/as-automotive.eu\/es\/wp-json\/wp\/v2\/pages"}],"about":[{"href":"https:\/\/as-automotive.eu\/es\/wp-json\/wp\/v2\/types\/page"}],"author":[{"embeddable":true,"href":"https:\/\/as-automotive.eu\/es\/wp-json\/wp\/v2\/users\/2"}],"replies":[{"embeddable":true,"href":"https:\/\/as-automotive.eu\/es\/wp-json\/wp\/v2\/comments?post=6237"}],"version-history":[{"count":10,"href":"https:\/\/as-automotive.eu\/es\/wp-json\/wp\/v2\/pages\/6237\/revisions"}],"predecessor-version":[{"id":8139,"href":"https:\/\/as-automotive.eu\/es\/wp-json\/wp\/v2\/pages\/6237\/revisions\/8139"}],"up":[{"embeddable":true,"href":"https:\/\/as-automotive.eu\/es\/wp-json\/wp\/v2\/pages\/6213"}],"wp:attachment":[{"href":"https:\/\/as-automotive.eu\/es\/wp-json\/wp\/v2\/media?parent=6237"}],"curies":[{"name":"wp","href":"https:\/\/api.w.org\/{rel}","templated":true}]}}