{"id":6230,"date":"2019-05-09T09:26:02","date_gmt":"2019-05-09T07:26:02","guid":{"rendered":"http:\/\/asv1.de\/?page_id=6230"},"modified":"2020-10-29T14:17:43","modified_gmt":"2020-10-29T13:17:43","slug":"oelwegweiser-es","status":"publish","type":"page","link":"https:\/\/as-automotive.eu\/es\/produkte\/oelwegweiser-es\/","title":{"rendered":"Gu\u00eda de aceites &#8211; ES"},"content":{"rendered":"<div class=\"wpb-content-wrapper\"><p>[vc_row type=\u00bbvc_default\u00bb full_width=\u00bbstretch_row\u00bb css=\u00bb.vc_custom_1540801091466{margin-top: 0px !important;padding-top: 50px !important;padding-bottom: 50px !important;}\u00bb][vc_column][vc_column_text css=\u00bb.vc_custom_1603977455822{margin-bottom: 20px !important;}\u00bb]<\/p>\n<h2><span class=\"red-one\">Nuestra<\/span> gu\u00eda de aceites de <span class=\"red-one\">AS Performance<\/span><\/h2>\n<h3>El camino m\u00e1s corto hacia el aceite adecuado<\/h3>\n<p>[\/vc_column_text][vc_column_text css=\u00bb.vc_custom_1557484639119{margin-bottom: 45px !important;}\u00bb]\u00bfEst\u00e1 buscando el aceite adecuado para su veh\u00edculo?<br \/>\nCon nuestra gu\u00eda\/buscador de aceites encontrar\u00e1 de manera f\u00e1cil y r\u00e1pida el aceite adecuado para su veh\u00edculo.[\/vc_column_text][vc_column_text css=\u00bb.vc_custom_1557484669530{margin-bottom: 20px !important;}\u00bb]<\/p>\n<h3>L\u00ednea de tel\u00e9fono gratuita: 0800 265400<\/h3>\n<p>[\/vc_column_text][vc_column_text](llamadas gratuitas solo de Alemania)[\/vc_column_text][\/vc_column][\/vc_row][vc_row][vc_column]\n<div class=\"wpcf7 no-js\" id=\"wpcf7-f7431-o1\" lang=\"de-DE\" dir=\"ltr\" data-wpcf7-id=\"7431\">\n<div class=\"screen-reader-response\"><p role=\"status\" aria-live=\"polite\" aria-atomic=\"true\"><\/p> <ul><\/ul><\/div>\n<form action=\"\/es\/wp-json\/wp\/v2\/pages\/6230#wpcf7-f7431-o1\" method=\"post\" class=\"wpcf7-form init\" aria-label=\"Kontaktformular\" novalidate=\"novalidate\" data-status=\"init\">\n<fieldset class=\"hidden-fields-container\"><input type=\"hidden\" name=\"_wpcf7\" value=\"7431\" \/><input type=\"hidden\" name=\"_wpcf7_version\" value=\"6.1.5\" \/><input type=\"hidden\" name=\"_wpcf7_locale\" value=\"de_DE\" \/><input type=\"hidden\" name=\"_wpcf7_unit_tag\" value=\"wpcf7-f7431-o1\" \/><input type=\"hidden\" name=\"_wpcf7_container_post\" value=\"0\" \/><input type=\"hidden\" name=\"_wpcf7_posted_data_hash\" value=\"\" \/>\n<\/fieldset>\n<div class=\"oelwegweiser-form-wrapper\">\n\t<div class=\"oelwegweiser-form\">\n\t\t<div class=\"row oelwegweiser-top\">\n\t\t\t<div class=\"vc_col-sm-3\">\n\t\t\t\t<p><img decoding=\"async\" src=\"https:\/\/as-automotive.eu\/wp-content\/uploads\/2020\/04\/AS-Performance-Logo-Dark.png\" width=\"300px\" height=\"auto\" \/>\n\t\t\t\t<\/p>\n\t\t\t<\/div>\n\t\t\t<div class=\"vc_col-sm-9\">\n\t\t\t\t<h2>Gu\u00eda de aceites\n\t\t\t\t<\/h2>\n\t\t\t<\/div>\n\t\t<\/div>\n\t\t<div class=\"row\">\n\t\t\t<div class=\"vc_col-sm-3\">\n\t\t\t\t<p>Categor\u00eda\n\t\t\t\t<\/p>\n\t\t\t<\/div>\n\t\t\t<div class=\"vc_col-sm-9\">\n\t\t\t\t<p><span class=\"wpcf7-form-control-wrap\" data-name=\"kategorie\"><input size=\"40\" maxlength=\"400\" class=\"wpcf7-form-control wpcf7-text\" aria-invalid=\"false\" placeholder=\"p. ej.: coche, cami\u00f3n, motocicleta\" value=\"\" type=\"text\" name=\"kategorie\" \/><\/span>\n\t\t\t\t<\/p>\n\t\t\t<\/div>\n\t\t<\/div>\n\t\t<div class=\"row\">\n\t\t\t<div class=\"vc_col-sm-3\">\n\t\t\t\t<p>Fabricante\/marca\n\t\t\t\t<\/p>\n\t\t\t<\/div>\n\t\t\t<div class=\"vc_col-sm-9\">\n\t\t\t\t<p><span class=\"wpcf7-form-control-wrap\" data-name=\"hersteller\"><input size=\"40\" maxlength=\"400\" class=\"wpcf7-form-control wpcf7-text\" aria-invalid=\"false\" placeholder=\"p. ej.: Mercedes, BMW, otros\" value=\"\" type=\"text\" name=\"hersteller\" \/><\/span>\n\t\t\t\t<\/p>\n\t\t\t<\/div>\n\t\t<\/div>\n\t\t<div class=\"row\">\n\t\t\t<div class=\"vc_col-sm-3\">\n\t\t\t\t<p>Modelo\n\t\t\t\t<\/p>\n\t\t\t<\/div>\n\t\t\t<div class=\"vc_col-sm-9\">\n\t\t\t\t<p><span class=\"wpcf7-form-control-wrap\" data-name=\"modell\"><input size=\"40\" maxlength=\"400\" class=\"wpcf7-form-control wpcf7-text\" aria-invalid=\"false\" placeholder=\"p. ej.: clase C, A4, otros\" value=\"\" type=\"text\" name=\"modell\" \/><\/span>\n\t\t\t\t<\/p>\n\t\t\t<\/div>\n\t\t<\/div>\n\t\t<div class=\"row\">\n\t\t\t<div class=\"vc_col-sm-3\">\n\t\t\t\t<p>Tipo\/motor\n\t\t\t\t<\/p>\n\t\t\t<\/div>\n\t\t\t<div class=\"vc_col-sm-9\">\n\t\t\t\t<p><span class=\"wpcf7-form-control-wrap\" data-name=\"typ\"><input size=\"40\" maxlength=\"400\" class=\"wpcf7-form-control wpcf7-text\" aria-invalid=\"false\" placeholder=\"p. ej.: clase C, W205 (2014 -)\" value=\"\" type=\"text\" name=\"typ\" \/><\/span>\n\t\t\t\t<\/p>\n\t\t\t<\/div>\n\t\t<\/div>\n\t\t<div class=\"row\">\n\t\t\t<div class=\"vc_col-sm-3\">\n\t\t\t\t<p>A\u00f1o de fabricaci\u00f3n\n\t\t\t\t<\/p>\n\t\t\t<\/div>\n\t\t\t<div class=\"vc_col-sm-9\">\n\t\t\t\t<p><span class=\"wpcf7-form-control-wrap\" data-name=\"baujahr\"><input size=\"40\" maxlength=\"400\" class=\"wpcf7-form-control wpcf7-text\" aria-invalid=\"false\" placeholder=\"p. ej.: 2012\" value=\"\" type=\"text\" name=\"baujahr\" \/><\/span>\n\t\t\t\t<\/p>\n\t\t\t<\/div>\n\t\t<\/div>\n\t\t<div class=\"row\">\n\t\t\t<div class=\"vc_col-sm-3\">\n\t\t\t\t<p>Su direcci\u00f3n de correo electr\u00f3nico*\n\t\t\t\t<\/p>\n\t\t\t<\/div>\n\t\t\t<div class=\"vc_col-sm-9\">\n\t\t\t\t<p><span class=\"wpcf7-form-control-wrap\" data-name=\"e-mail\"><input size=\"40\" maxlength=\"400\" class=\"wpcf7-form-control wpcf7-text wpcf7-validates-as-required\" aria-required=\"true\" aria-invalid=\"false\" value=\"\" type=\"text\" name=\"e-mail\" \/><\/span>\n\t\t\t\t<\/p>\n\t\t\t<\/div>\n\t\t<\/div>\n\t<\/div>\n\t<p><span class=\"wpcf7-form-control-wrap\" data-name=\"acceptance-420\"><span class=\"wpcf7-form-control wpcf7-acceptance\"><span class=\"wpcf7-list-item\"><label><input type=\"checkbox\" name=\"acceptance-420\" value=\"1\" aria-invalid=\"false\" \/><span class=\"wpcf7-list-item-label\">\"S\u00ed, he le\u00eddo la <a href=\"\/datenschutz\/\">Pol\u00edtica de privacidad<\/a> y acepto que los datos que proporcione se recopilen y almacenen electr\u00f3nicamente. Mis datos se utilizar\u00e1n \u00fanicamente para procesar y responder a mi solicitud. Al enviar el formulario de contacto declaro mi aceptaci\u00f3n del tratamiento de los datos.\n\nTambi\u00e9n quiero suscribirme al bolet\u00edn informativo.<\/span><\/label><\/span><\/span><\/span>\n\t<\/p>\n\t<p><!-- Mailchimp for WordPress v4.12.0 - https:\/\/www.mc4wp.com\/ --><input type=\"hidden\" name=\"_mc4wp_subscribe_contact-form-7\" value=\"0\" \/><span class=\"mc4wp-checkbox mc4wp-checkbox-contact-form-7 \"><label><input type=\"checkbox\" name=\"_mc4wp_subscribe_contact-form-7\" value=\"1\" ><span>    Ich m\u00f6chte mich au\u00dferdem f\u00fcr den Newsletter anmelden<\/span><\/label><\/span><!-- \/ Mailchimp for WordPress -->\n\t<\/p>\n\t<p><input class=\"wpcf7-form-control wpcf7-submit has-spinner\" type=\"submit\" value=\"Enviar solicitud\" \/>\n\t<\/p>\n<\/div><div class=\"wpcf7-response-output\" aria-hidden=\"true\"><\/div>\n<\/form>\n<\/div>\n[\/vc_column][\/vc_row]<\/p>\n<\/div>","protected":false},"excerpt":{"rendered":"<p>[vc_row type=\u00bbvc_default\u00bb full_width=\u00bbstretch_row\u00bb css=\u00bb.vc_custom_1540801091466{margin-top: 0px !important;padding-top: 50px !important;padding-bottom: 50px !important;}\u00bb][vc_column][vc_column_text css=\u00bb.vc_custom_1603977455822{margin-bottom: 20px !important;}\u00bb] Nuestra gu\u00eda de aceites de AS Performance El camino m\u00e1s corto hacia el aceite adecuado [\/vc_column_text][vc_column_text css=\u00bb.vc_custom_1557484639119{margin-bottom: 45px !important;}\u00bb]\u00bfEst\u00e1 buscando el aceite adecuado para su veh\u00edculo? Con nuestra gu\u00eda\/buscador de aceites encontrar\u00e1 de manera f\u00e1cil y r\u00e1pida el aceite adecuado para su&hellip;<\/p>\n","protected":false},"author":2,"featured_media":0,"parent":6192,"menu_order":0,"comment_status":"closed","ping_status":"closed","template":"","meta":{"_acf_changed":false,"footnotes":""},"class_list":["post-6230","page","type-page","status-publish","hentry","description-off"],"acf":[],"_links":{"self":[{"href":"https:\/\/as-automotive.eu\/es\/wp-json\/wp\/v2\/pages\/6230","targetHints":{"allow":["GET"]}}],"collection":[{"href":"https:\/\/as-automotive.eu\/es\/wp-json\/wp\/v2\/pages"}],"about":[{"href":"https:\/\/as-automotive.eu\/es\/wp-json\/wp\/v2\/types\/page"}],"author":[{"embeddable":true,"href":"https:\/\/as-automotive.eu\/es\/wp-json\/wp\/v2\/users\/2"}],"replies":[{"embeddable":true,"href":"https:\/\/as-automotive.eu\/es\/wp-json\/wp\/v2\/comments?post=6230"}],"version-history":[{"count":6,"href":"https:\/\/as-automotive.eu\/es\/wp-json\/wp\/v2\/pages\/6230\/revisions"}],"predecessor-version":[{"id":7792,"href":"https:\/\/as-automotive.eu\/es\/wp-json\/wp\/v2\/pages\/6230\/revisions\/7792"}],"up":[{"embeddable":true,"href":"https:\/\/as-automotive.eu\/es\/wp-json\/wp\/v2\/pages\/6192"}],"wp:attachment":[{"href":"https:\/\/as-automotive.eu\/es\/wp-json\/wp\/v2\/media?parent=6230"}],"curies":[{"name":"wp","href":"https:\/\/api.w.org\/{rel}","templated":true}]}}