{"id":6220,"date":"2019-05-09T09:23:33","date_gmt":"2019-05-09T07:23:33","guid":{"rendered":"http:\/\/asv1.de\/?page_id=6220"},"modified":"2020-10-30T10:32:01","modified_gmt":"2020-10-30T09:32:01","slug":"einsatzbereiche-es","status":"publish","type":"page","link":"https:\/\/as-automotive.eu\/es\/produkte\/einsatzbereiche-es\/","title":{"rendered":"\u00c1reas de aplicaci\u00f3n &#8211; ES"},"content":{"rendered":"<div class=\"wpb-content-wrapper\"><p>[vc_row type=\u00bbvc_default\u00bb full_width=\u00bbstretch_row\u00bb css=\u00bb.vc_custom_1540368748267{padding-top: 50px !important;padding-bottom: 50px !important;background-color: #f0f0f0 !important;}\u00bb][vc_column][vc_column_text]<\/p>\n<h2><span class=\"red-one\">Calidad premium<\/span> para todas las<br \/>\n\u00e1reas de aplicaci\u00f3n!<\/h2>\n<p>[\/vc_column_text][vc_column_text]Soluciones para todas las \u00e1reas de aplicaci\u00f3n: surtido de productos de la m\u00e1s alta calidad!<\/p>\n<p>Ya sea para coches, motocicletas, camiones y veh\u00edculos comerciales, tractores y veh\u00edculos agr\u00edcolas, autobuses, lanchas a motor, herramientas de jard\u00edn, coches cl\u00e1sicos y coches antiguos. El amplio surtido de AS Performance ofrece la soluci\u00f3n adecuada para casi todas las aplicaciones.<\/p>\n<p>Nuestros expertos en productos estar\u00e1n encantados de asesorarle.[\/vc_column_text]<style type=\"text\/css\" data-type=\"the7_shortcodes-inline-css\">#default-btn-1ebb9843eff9b677725d7f90bcbe62e6.ico-right-side > i {\n  margin-right: 0px;\n  margin-left: 8px;\n}\n#default-btn-1ebb9843eff9b677725d7f90bcbe62e6 > i {\n  margin-right: 8px;\n}<\/style><a href=\"https:\/\/as-automotive.eu\/produkte\/oelwegweiser\/\" class=\"default-btn-shortcode dt-btn dt-btn-s link-hover-off asv-more asv-more-grey btn-inline-left \" id=\"default-btn-1ebb9843eff9b677725d7f90bcbe62e6\"><span>encuentra m\u00e1s<\/span><\/a>[\/vc_column][\/vc_row][vc_row full_width_row=\u00bbtrue\u00bb][vc_column css=\u00bb.vc_custom_1539173058162{padding-top: 0px !important;}\u00bb]<style type=\"text\/css\" data-type=\"the7_shortcodes-inline-css\">.shortcode-single-image-wrap.shortcode-single-image-ce35b8e943a896ebb5bdfa681d045eb3.enable-bg-rollover .rollover i,\n.shortcode-single-image-wrap.shortcode-single-image-ce35b8e943a896ebb5bdfa681d045eb3.enable-bg-rollover .rollover-video i {\n  background: -webkit-linear-gradient();\n  background: linear-gradient();\n}\n.shortcode-single-image-wrap.shortcode-single-image-ce35b8e943a896ebb5bdfa681d045eb3 .rollover-icon {\n  font-size: 32px;\n  color: #ffffff;\n  min-width: 44px;\n  min-height: 44px;\n  line-height: 44px;\n  border-radius: 100px;\n  border-style: solid;\n  border-width: 0px;\n}\n.dt-icon-bg-on.shortcode-single-image-wrap.shortcode-single-image-ce35b8e943a896ebb5bdfa681d045eb3 .rollover-icon {\n  background: rgba(255,255,255,0.3);\n  box-shadow: none;\n}<\/style><div class=\"shortcode-single-image-wrap shortcode-single-image-ce35b8e943a896ebb5bdfa681d045eb3 alignright  enable-bg-rollover dt-icon-bg-off\" style=\"margin-top:0px; margin-bottom:0px; margin-left:0px; margin-right:0px; width:320px;\"><div class=\"shortcode-single-image overlayLogo\"><div class=\"fancy-media-wrap  layzr-bg\" style=\"\"><img fetchpriority=\"high\" decoding=\"async\" class=\"preload-me lazy-load aspect\" src=\"data:image\/svg+xml,%3Csvg%20xmlns%3D&#39;http%3A%2F%2Fwww.w3.org%2F2000%2Fsvg&#39;%20viewBox%3D&#39;0%200%20320%20331&#39;%2F%3E\" data-src=\"https:\/\/as-automotive.eu\/wp-content\/uploads\/2018\/07\/asv1-overlaylogo-320x331.png\" data-srcset=\"https:\/\/as-automotive.eu\/wp-content\/uploads\/2018\/07\/asv1-overlaylogo-320x331.png 320w, https:\/\/as-automotive.eu\/wp-content\/uploads\/2018\/07\/asv1-overlaylogo-640x662.png 640w\" loading=\"eager\" sizes=\"(max-width: 320px) 100vw, 320px\" width=\"320\" height=\"331\"  data-dt-location=\"https:\/\/as-automotive.eu\/es\/asv1-overlaylogo\/\" style=\"--ratio: 320 \/ 331;\" alt=\"\" \/><\/div><\/div><\/div>[\/vc_column][\/vc_row][vc_row type=\u00bbvc_default\u00bb css=\u00bb.vc_custom_1539162489683{margin-top: 50px !important;margin-bottom: 50px !important;}\u00bb][vc_column][vc_row_inner css=\u00bb.vc_custom_1540309655041{margin-bottom: 40px !important;}\u00bb][vc_column_inner el_class=\u00bbasv-schragbox\u00bb width=\u00bb1\/4&#8243; css=\u00bb.vc_custom_1540294834641{padding-right: 0px !important;padding-left: 0px !important;}\u00bb][vc_single_image image=\u00bb4855&#8243; img_size=\u00bbfull\u00bb][vc_column_text el_class=\u00bbasv-mh-box\u00bb css=\u00bb.vc_custom_1557483630256{margin-bottom: 10px !important;padding-right: 20px !important;}\u00bb]<\/p>\n<h3>Coches<\/h3>\n<p><a href=\"https:\/\/as-automotive.eu\/produkte\/produktgruppen\/schmierstoffe\/motorenoele\/\">Aceites de motor automotriz<\/a>\/ <a href=\"https:\/\/as-automotive.eu\/produkte\/produktgruppen\/schmierstoffe\/getriebeoele\/\">aceites para engranajes<\/a>\/ <a href=\"https:\/\/as-automotive.eu\/produkte\/produktgruppen\/schmierstoffe\/getriebeoele\/\">aceites para engranajes autom\u00e1ticos<\/a>\/ <a href=\"https:\/\/as-automotive.eu\/produkte\/produktgruppen\/serviceprodukte\/bremsfluessigkeit\/\">l\u00edquidos de frenos<\/a>\/ <a href=\"https:\/\/as-automotive.eu\/produkte\/produktgruppen\/kuehlerschutz\/\">protecci\u00f3n del sistema de refrigeraci\u00f3n<\/a>\/ <a href=\"https:\/\/as-automotive.eu\/produkte\/produktgruppen\/additive\/\">aditivos<\/a>\/ <a href=\"https:\/\/as-automotive.eu\/produkte\/produktgruppen\/serviceprodukte\/\">productos de servicio<\/a>[\/vc_column_text][\/vc_column_inner][vc_column_inner el_class=\u00bbasv-schragbox\u00bb width=\u00bb1\/4&#8243; css=\u00bb.vc_custom_1540294838868{padding-right: 0px !important;padding-left: 0px !important;}\u00bb][vc_single_image image=\u00bb4859&#8243; img_size=\u00bbfull\u00bb css=\u00bb.vc_custom_1540055979164{padding-right: 0px !important;padding-left: 0px !important;}\u00bb][vc_column_text el_class=\u00bbasv-mh-box\u00bb css=\u00bb.vc_custom_1557483739090{margin-bottom: 10px !important;padding-right: 20px !important;}\u00bb]<\/p>\n<h3>Motocicletas<\/h3>\n<p><a href=\"https:\/\/as-automotive.eu\/produkte\/produktgruppen\/schmierstoffe\/motorenoele\/\">Aceites de motor de 2 tiempos<\/a>\/ <a href=\"https:\/\/as-automotive.eu\/produkte\/produktgruppen\/schmierstoffe\/motorenoele\/\">aceites de motor de 4 tiempos<\/a>[\/vc_column_text][\/vc_column_inner][vc_column_inner el_class=\u00bbasv-schragbox\u00bb width=\u00bb1\/4&#8243; css=\u00bb.vc_custom_1540294842200{padding-right: 0px !important;padding-left: 0px !important;}\u00bb][vc_single_image image=\u00bb4931&#8243; img_size=\u00bbfull\u00bb][vc_column_text el_class=\u00bbasv-mh-box\u00bb css=\u00bb.vc_custom_1557483889354{margin-bottom: 10px !important;padding-right: 20px !important;}\u00bb]<\/p>\n<h3>Veh\u00edculos comerciales<\/h3>\n<p><a href=\"https:\/\/as-automotive.eu\/produkte\/produktgruppen\/schmierstoffe\/motorenoele\/\">Aceites de motor universales<\/a>\/ <a href=\"https:\/\/as-automotive.eu\/produkte\/produktgruppen\/schmierstoffe\/motorenoele\/\">aceites de motor para camiones<\/a>\/ <a href=\"https:\/\/as-automotive.eu\/produkte\/produktgruppen\/kuehlerschutz\/\">protecci\u00f3n del sistema de refrigeraci\u00f3n<\/a>\/ <a href=\"https:\/\/as-automotive.eu\/produkte\/produktgruppen\/serviceprodukte\/\"> productos de servicio<\/a>[\/vc_column_text][\/vc_column_inner][vc_column_inner el_class=\u00bbasv-schragbox\u00bb width=\u00bb1\/4&#8243; css=\u00bb.vc_custom_1540294846847{padding-right: 0px !important;padding-left: 0px !important;}\u00bb][vc_single_image image=\u00bb4863&#8243; img_size=\u00bbfull\u00bb][vc_column_text el_class=\u00bbasv-mh-box\u00bb css=\u00bb.vc_custom_1557484149106{margin-bottom: 10px !important;padding-right: 20px !important;}\u00bb]<\/p>\n<h3>Industrias<\/h3>\n<p><a href=\"https:\/\/as-automotive.eu\/produkte\/produktgruppen\/schmierstoffe\/hydraulikoele\/\">Aceites hidr\u00e1ulicos<\/a>\/ <a href=\"https:\/\/as-automotive.eu\/produkte\/produktgruppen\/schmierstoffe\/hydraulikoele\/\"> aceites hidr\u00e1ulicos especiales<\/a>\/ <a href=\"https:\/\/as-automotive.eu\/produkte\/produktgruppen\/schmierstoffe\/\">\u00a0grasas lubricantes t\u00e9cnicas<\/a>[\/vc_column_text][\/vc_column_inner][\/vc_row_inner][vc_row_inner][vc_column_inner el_class=\u00bbasv-schragbox\u00bb width=\u00bb1\/4&#8243; css=\u00bb.vc_custom_1540294871846{padding-right: 0px !important;padding-left: 0px !important;}\u00bb][vc_single_image image=\u00bb4935&#8243; img_size=\u00bbfull\u00bb][vc_column_text el_class=\u00bbasv-mh-box\u00bb css=\u00bb.vc_custom_1557484251507{margin-bottom: 10px !important;padding-right: 20px !important;}\u00bb]<\/p>\n<h3>Sector agr\u00edcola<\/h3>\n<p><a href=\"https:\/\/as-automotive.eu\/produkte\/produktgruppen\/schmierstoffe\/motorenoele\/\">Aceites para tractores<\/a>\/ <a href=\"https:\/\/as-automotive.eu\/produkte\/produktgruppen\/schmierstoffe\/motorenoele\/\">aceites de motor universales<\/a>[\/vc_column_text][\/vc_column_inner][vc_column_inner width=\u00bb3\/4&#8243;][\/vc_column_inner][\/vc_row_inner][\/vc_column][\/vc_row]<\/p>\n<\/div>","protected":false},"excerpt":{"rendered":"<p>[vc_row type=\u00bbvc_default\u00bb full_width=\u00bbstretch_row\u00bb css=\u00bb.vc_custom_1540368748267{padding-top: 50px !important;padding-bottom: 50px !important;background-color: #f0f0f0 !important;}\u00bb][vc_column][vc_column_text] Calidad premium para todas las \u00e1reas de aplicaci\u00f3n! [\/vc_column_text][vc_column_text]Soluciones para todas las \u00e1reas de aplicaci\u00f3n: surtido de productos de la m\u00e1s alta calidad! Ya sea para coches, motocicletas, camiones y veh\u00edculos comerciales, tractores y veh\u00edculos agr\u00edcolas, autobuses, lanchas a motor, herramientas de jard\u00edn, coches cl\u00e1sicos&hellip;<\/p>\n","protected":false},"author":2,"featured_media":0,"parent":6192,"menu_order":0,"comment_status":"closed","ping_status":"closed","template":"","meta":{"_acf_changed":false,"footnotes":""},"class_list":["post-6220","page","type-page","status-publish","hentry","description-off"],"acf":[],"_links":{"self":[{"href":"https:\/\/as-automotive.eu\/es\/wp-json\/wp\/v2\/pages\/6220","targetHints":{"allow":["GET"]}}],"collection":[{"href":"https:\/\/as-automotive.eu\/es\/wp-json\/wp\/v2\/pages"}],"about":[{"href":"https:\/\/as-automotive.eu\/es\/wp-json\/wp\/v2\/types\/page"}],"author":[{"embeddable":true,"href":"https:\/\/as-automotive.eu\/es\/wp-json\/wp\/v2\/users\/2"}],"replies":[{"embeddable":true,"href":"https:\/\/as-automotive.eu\/es\/wp-json\/wp\/v2\/comments?post=6220"}],"version-history":[{"count":11,"href":"https:\/\/as-automotive.eu\/es\/wp-json\/wp\/v2\/pages\/6220\/revisions"}],"predecessor-version":[{"id":7827,"href":"https:\/\/as-automotive.eu\/es\/wp-json\/wp\/v2\/pages\/6220\/revisions\/7827"}],"up":[{"embeddable":true,"href":"https:\/\/as-automotive.eu\/es\/wp-json\/wp\/v2\/pages\/6192"}],"wp:attachment":[{"href":"https:\/\/as-automotive.eu\/es\/wp-json\/wp\/v2\/media?parent=6220"}],"curies":[{"name":"wp","href":"https:\/\/api.w.org\/{rel}","templated":true}]}}