{"id":6213,"date":"2019-05-09T09:21:23","date_gmt":"2019-05-09T07:21:23","guid":{"rendered":"http:\/\/asv1.de\/?page_id=6213"},"modified":"2020-10-30T10:20:32","modified_gmt":"2020-10-30T09:20:32","slug":"produktgruppen-es","status":"publish","type":"page","link":"https:\/\/as-automotive.eu\/es\/produkte\/produktgruppen-es\/","title":{"rendered":"Grupos de productos &#8211; ES"},"content":{"rendered":"<div class=\"wpb-content-wrapper\"><p>[vc_row type=\u00bbvc_default\u00bb full_width=\u00bbstretch_row\u00bb css=\u00bb.vc_custom_1540373223827{padding-top: 50px !important;padding-bottom: 50px !important;background-color: #f0f0f0 !important;}\u00bb][vc_column][vc_column_text css=\u00bb.vc_custom_1604049627946{margin-bottom: 50px !important;}\u00bb]<\/p>\n<h2><span class=\"red-one\">CALIDAD AUTOMOVIL\u00cdSTICA<\/span> PARA SU<br \/>\nPARQUE DE VEH\u00cdCULOS.<\/h2>\n<p>[\/vc_column_text][vc_row_inner][vc_column_inner width=\u00bb5\/6&#8243;][vc_column_text]Las aprobaciones de la industria automotriz y el cumplimiento de altas y de las m\u00e1s altas especificaciones est\u00e1n garantizados para nuestros productos. Las tecnolog\u00edas de vanguardia y los productos t\u00e9cnicamente maduros agregan valor a todo su parque de veh\u00edculos.<\/p>\n<p>Reducci\u00f3n de costes a trav\u00e9s de la m\u00e1s alta calidad del producto y un aumento en la vida \u00fatil y el rendimiento de los motores, engranajes y unidades t\u00e9cnicas.[\/vc_column_text][vc_custom_heading text=\u00bbVARIEDAD DE PRODUCTOS DE LA MAS ALTA CALIDAD.\u00bb font_container=\u00bbtag:h3|text_align:left\u00bb use_theme_fonts=\u00bbyes\u00bb][vc_column_text]Aceites de motor, aceites para engranajes autom\u00e1ticos, engranajes manuales, ejes de engranajes y engranajes planetarios, aditivos, aceites hidr\u00e1ulicos, grasas, productos para el cuidado del veh\u00edculo, anticongelante\/anticongelante para radiadores, l\u00edquidos de frenos, AdBlue y limpiaparabrisas (verano\/invierno).[\/vc_column_text][\/vc_column_inner][vc_column_inner width=\u00bb1\/6&#8243;][\/vc_column_inner][\/vc_row_inner][\/vc_column][\/vc_row][vc_row type=\u00bbvc_default\u00bb css=\u00bb.vc_custom_1539162489683{margin-top: 50px !important;margin-bottom: 50px !important;}\u00bb][vc_column][vc_row_inner][vc_column_inner el_class=\u00bbasv-schragbox\u00bb width=\u00bb1\/4&#8243; css=\u00bb.vc_custom_1540293187185{padding-top: 0px !important;padding-right: 0px !important;padding-bottom: 0px !important;padding-left: 0px !important;}\u00bb][vc_single_image image=\u00bb4731&#8243; img_size=\u00bbfull\u00bb][vc_column_text el_class=\u00bbasv-mh-box\u00bb]<\/p>\n<h3>Lubricantes<\/h3>\n<p>Parada en boxes<br \/>\npara su veh\u00edculo.[\/vc_column_text]<style type=\"text\/css\" data-type=\"the7_shortcodes-inline-css\">#default-btn-fec154307125064e07b8244cfb5ce601.ico-right-side > i {\n  margin-right: 0px;\n  margin-left: 8px;\n}\n#default-btn-fec154307125064e07b8244cfb5ce601 > i {\n  margin-right: 8px;\n}<\/style><a href=\"\/produkte\/produktgruppen\/schmierstoffe\/\" class=\"default-btn-shortcode dt-btn dt-btn-s link-hover-off asv-more asv-more-grey btn-inline-left \" id=\"default-btn-fec154307125064e07b8244cfb5ce601\"><span>encuentra m\u00e1s<\/span><\/a>[\/vc_column_inner][vc_column_inner el_class=\u00bbasv-schragbox\u00bb width=\u00bb1\/4&#8243; css=\u00bb.vc_custom_1540293193246{padding-top: 0px !important;padding-right: 0px !important;padding-bottom: 0px !important;padding-left: 0px !important;}\u00bb][vc_single_image image=\u00bb4723&#8243; img_size=\u00bbfull\u00bb][vc_column_text el_class=\u00bbasv-mh-box\u00bb]<\/p>\n<h3>Aditivos<\/h3>\n<p>Turbo para su motor.[\/vc_column_text]<style type=\"text\/css\" data-type=\"the7_shortcodes-inline-css\">#default-btn-4a5573a4449d52f4f12704e4eec50c25.ico-right-side > i {\n  margin-right: 0px;\n  margin-left: 8px;\n}\n#default-btn-4a5573a4449d52f4f12704e4eec50c25 > i {\n  margin-right: 8px;\n}<\/style><a href=\"\/produkte\/produktgruppen\/additive\/\" class=\"default-btn-shortcode dt-btn dt-btn-s link-hover-off asv-more asv-more-grey btn-inline-left \" id=\"default-btn-4a5573a4449d52f4f12704e4eec50c25\"><span>encuentra m\u00e1s<\/span><\/a>[\/vc_column_inner][vc_column_inner el_class=\u00bbasv-schragbox\u00bb width=\u00bb1\/4&#8243; css=\u00bb.vc_custom_1540293196693{padding-top: 0px !important;padding-right: 0px !important;padding-bottom: 0px !important;padding-left: 0px !important;}\u00bb][vc_single_image image=\u00bb4719&#8243; img_size=\u00bbfull\u00bb][vc_column_text el_class=\u00bbasv-mh-box\u00bb]<\/p>\n<h3>Protecci\u00f3n del sistema de refrigeraci\u00f3n<\/h3>\n<p>Pole position para su sistema de refrigeraci\u00f3n.[\/vc_column_text]<style type=\"text\/css\" data-type=\"the7_shortcodes-inline-css\">#default-btn-52fe9f2e881b91c39cf00199c49fb28b.ico-right-side > i {\n  margin-right: 0px;\n  margin-left: 8px;\n}\n#default-btn-52fe9f2e881b91c39cf00199c49fb28b > i {\n  margin-right: 8px;\n}<\/style><a href=\"\/produkte\/produktgruppen\/kuehlerschutz\/\" class=\"default-btn-shortcode dt-btn dt-btn-s link-hover-off asv-more asv-more-grey btn-inline-left \" id=\"default-btn-52fe9f2e881b91c39cf00199c49fb28b\"><span>encuentra m\u00e1s<\/span><\/a>[\/vc_column_inner][vc_column_inner el_class=\u00bbasv-schragbox\u00bb width=\u00bb1\/4&#8243; css=\u00bb.vc_custom_1540293200497{padding-top: 0px !important;padding-right: 0px !important;padding-bottom: 0px !important;padding-left: 0px !important;}\u00bb][vc_single_image image=\u00bb4727&#8243; img_size=\u00bbfull\u00bb][vc_column_text el_class=\u00bbasv-mh-box\u00bb]<\/p>\n<h3>Productos de servicio<\/h3>\n<p>Instalaci\u00f3n de pruebas para los sistemas de su veh\u00edculo.[\/vc_column_text]<style type=\"text\/css\" data-type=\"the7_shortcodes-inline-css\">#default-btn-b88f6056ddb65379848479c4f9f0f224.ico-right-side > i {\n  margin-right: 0px;\n  margin-left: 8px;\n}\n#default-btn-b88f6056ddb65379848479c4f9f0f224 > i {\n  margin-right: 8px;\n}<\/style><a href=\"\/produkte\/produktgruppen\/serviceprodukte\/\" class=\"default-btn-shortcode dt-btn dt-btn-s link-hover-off asv-more asv-more-grey btn-inline-left \" id=\"default-btn-b88f6056ddb65379848479c4f9f0f224\"><span>encuentra m\u00e1s<\/span><\/a>[\/vc_column_inner][\/vc_row_inner][\/vc_column][\/vc_row]<\/p>\n<\/div>","protected":false},"excerpt":{"rendered":"<p>[vc_row type=\u00bbvc_default\u00bb full_width=\u00bbstretch_row\u00bb css=\u00bb.vc_custom_1540373223827{padding-top: 50px !important;padding-bottom: 50px !important;background-color: #f0f0f0 !important;}\u00bb][vc_column][vc_column_text css=\u00bb.vc_custom_1604049627946{margin-bottom: 50px !important;}\u00bb] CALIDAD AUTOMOVIL\u00cdSTICA PARA SU PARQUE DE VEH\u00cdCULOS. [\/vc_column_text][vc_row_inner][vc_column_inner width=\u00bb5\/6&#8243;][vc_column_text]Las aprobaciones de la industria automotriz y el cumplimiento de altas y de las m\u00e1s altas especificaciones est\u00e1n garantizados para nuestros productos. Las tecnolog\u00edas de vanguardia y los productos t\u00e9cnicamente maduros agregan valor a&hellip;<\/p>\n","protected":false},"author":2,"featured_media":0,"parent":6192,"menu_order":0,"comment_status":"closed","ping_status":"closed","template":"","meta":{"_acf_changed":false,"footnotes":""},"class_list":["post-6213","page","type-page","status-publish","hentry","description-off"],"acf":[],"_links":{"self":[{"href":"https:\/\/as-automotive.eu\/es\/wp-json\/wp\/v2\/pages\/6213","targetHints":{"allow":["GET"]}}],"collection":[{"href":"https:\/\/as-automotive.eu\/es\/wp-json\/wp\/v2\/pages"}],"about":[{"href":"https:\/\/as-automotive.eu\/es\/wp-json\/wp\/v2\/types\/page"}],"author":[{"embeddable":true,"href":"https:\/\/as-automotive.eu\/es\/wp-json\/wp\/v2\/users\/2"}],"replies":[{"embeddable":true,"href":"https:\/\/as-automotive.eu\/es\/wp-json\/wp\/v2\/comments?post=6213"}],"version-history":[{"count":8,"href":"https:\/\/as-automotive.eu\/es\/wp-json\/wp\/v2\/pages\/6213\/revisions"}],"predecessor-version":[{"id":7826,"href":"https:\/\/as-automotive.eu\/es\/wp-json\/wp\/v2\/pages\/6213\/revisions\/7826"}],"up":[{"embeddable":true,"href":"https:\/\/as-automotive.eu\/es\/wp-json\/wp\/v2\/pages\/6192"}],"wp:attachment":[{"href":"https:\/\/as-automotive.eu\/es\/wp-json\/wp\/v2\/media?parent=6213"}],"curies":[{"name":"wp","href":"https:\/\/api.w.org\/{rel}","templated":true}]}}