{"id":5378,"date":"2019-02-21T16:00:46","date_gmt":"2019-02-21T15:00:46","guid":{"rendered":"https:\/\/www.asv1.de\/?page_id=5378"},"modified":"2019-03-22T12:00:46","modified_gmt":"2019-03-22T11:00:46","slug":"international2-es","status":"publish","type":"page","link":"https:\/\/as-automotive.eu\/es\/unternehmen-es\/international2-es\/","title":{"rendered":"International2 &#8211; ES"},"content":{"rendered":"<div class=\"wpb-content-wrapper\"><p>[vc_row type=\u00bbvc_default\u00bb full_width=\u00bbstretch_row\u00bb enable_overlay=\u00bbenable_overlay_value\u00bb overlay_color=\u00bbrgba(255,255,255,0.7)\u00bb css=\u00bb.vc_custom_1540390817454{margin-bottom: 85px !important;background-position: center !important;background-repeat: no-repeat !important;background-size: contain !important;}\u00bb el_id=\u00bbasvearth\u00bb][vc_column][vc_row_inner css=\u00bb.vc_custom_1540039049438{margin-top: 30px !important;}\u00bb][vc_column_inner el_class=\u00bbasv-made-in-ger-img\u00bb width=\u00bb5\/6&#8243; css=\u00bb.vc_custom_1540390863524{background-image: url(https:\/\/as-automotive.eu\/wp-content\/uploads\/2018\/10\/asv-oil-made-in-germany-exporter-importer.png?id=2595) !important;background-position: center !important;background-repeat: no-repeat !important;background-size: cover !important;}\u00bb][vc_raw_html css=\u00bb.vc_custom_1540038650642{margin-bottom: 20px !important;}\u00bb]JTNDaDIlM0VBU1YxJTIwbWFkZSUyMGluJTIwR2VybWFueSUzQyUyRmgyJTNFJTBBJTNDaDMlMjBjbGFzcyUzRCUyMmFzdi1zdWJwcmV0ZXh0JTIyJTNFJTNDc3BhbiUyMGNsYXNzJTNEJTIycmVkLXRleHQlMjIlM0VBU1YxLiUzQyUyRnNwYW4lM0UlMjBMZWlzdHVuZ3NzdGFya2UlMjBTY2htaWVyc3RvZmZlJTIwdW5kJTIwUHJvZHVrdGUlMjBmJUMzJUJDciUyMGRlbiUyMEF1dG9tb3RpdmViZXJlaWNoJTIwJTIyTWFkZSUyMGluJTIwR2VybWFueSVFMiU4MCU5Qy4lM0MlMkZoMyUzRQ==[\/vc_raw_html][vc_column_text css=\u00bb.vc_custom_1540038589385{margin-top: 0px !important;}\u00bb]ASV1 Schmierstoffe sind auf vielen internationalen M\u00e4rkten vertreten. Unsere Schmierstoffexperten teilen die Begeisterung und die Leidenschaft unserer Gesch\u00e4ftspartner auf der ganzen Welt.[\/vc_column_text][\/vc_column_inner][vc_column_inner width=\u00bb1\/6&#8243;][\/vc_column_inner][\/vc_row_inner][vc_row_inner css=\u00bb.vc_custom_1540038776794{margin-top: 30px !important;}\u00bb][vc_column_inner width=\u00bb5\/6&#8243;][vc_raw_html css=\u00bb.vc_custom_1540038707782{margin-bottom: 20px !important;}\u00bb]JTNDaDIlM0VBU1YxJTIwUHJvZHVrdHZpZWxmYWx0JUUyJTgwJTkzV2VsdHdlaXQlM0MlMkZoMiUzRSUwQSUzQ2gzJTIwY2xhc3MlM0QlMjJhc3Ytc3VicHJldGV4dCUyMiUzRSUzQ3NwYW4lMjBjbGFzcyUzRCUyMnJlZC10ZXh0JTIyJTNFV2lyJTNDJTJGc3BhbiUzRSUyMHNpbmQlMjBXZWdiZXJlaXRlciUyMGYlQzMlQkNyJTIwaWhyJTIwZXJmb2xncmVpY2hlcyUyMFNjaG1pZXJzdG9mZmdlc2NoJUMzJUE0ZnQuJTNDJTJGaDMlM0U=[\/vc_raw_html][vc_column_text css=\u00bb.vc_custom_1540038717884{margin-top: 0px !important;}\u00bb]Wir agieren als Wegbereiter f\u00fcr Ihr erfolgreiches Schmierstoffgesch\u00e4ft. Wir von ASV1 bieten unseren Kunden ein umfangreiches Sortiment an Hochleistungsmotoren\u00f6len, Getriebe\u00f6len, Spezialschmierstoffen und Serviceprodukten: PKW- und Nutzfahrzeug\u00f6le, Racing \u00d6le, modernste Getriebe\u00f6le f\u00fcr Automatikgetriebe, Schaltgetriebe und Antriebsachen, Hydraulik\u00f6le, Fette, Autopflegeprodukte (Car Care), Additive, K\u00fchlerfrostschutz (K\u00fchlschmierstoffe \/ Antifreeze \/ Coolants), Bremsfl\u00fcssigkeiten (DOT 4), AdBlue\u00ae und Winterchemie (Scheibenfrostschutz).[\/vc_column_text][\/vc_column_inner][vc_column_inner width=\u00bb1\/6&#8243;][\/vc_column_inner][\/vc_row_inner][vc_row_inner css=\u00bb.vc_custom_1540038776794{margin-top: 30px !important;}\u00bb][vc_column_inner width=\u00bb5\/6&#8243;][vc_raw_html css=\u00bb.vc_custom_1540038922089{margin-bottom: 20px !important;}\u00bb]JTNDaDIlM0VBU1YxJTIwU2VydmljZSUyMHVuZCUyMGVuZ2FnZW1lbnQlM0MlMkZoMiUzRSUwQSUzQ2gzJTIwY2xhc3MlM0QlMjJhc3Ytc3VicHJldGV4dCUyMiUzRSUzQ3NwYW4lMjBjbGFzcyUzRCUyMnJlZC10ZXh0JTIyJTNFRWluZSUyMGVpbnppZ2FydGlnZSUzQyUyRnNwYW4lM0UlMjBQcm9kdWt0LSUyMHVuZCUyMFNvcnRpbWVudHNxdWFsaXQlQzMlQTR0LiUzQyUyRmgzJTNF[\/vc_raw_html][vc_column_text css=\u00bb.vc_custom_1540038832475{margin-top: 0px !important;}\u00bb]Wir unterst\u00fctzen Ihre Gesch\u00e4ftsaktivit\u00e4ten durch unser ASV1 Marketing- und Werkstattkonzept, besten Service \u00abMade in Germany\u201c und durch unsere einzigartige Produkt- und Sortimentsqualit\u00e4t. Unser Engagement im Sponsoring, unsere Pr\u00e4senzen auf vielen bedeutenden Automobilzulieferermessen unterstreicht unsere globale Ausrichtung.[\/vc_column_text][\/vc_column_inner][vc_column_inner width=\u00bb1\/6&#8243;][\/vc_column_inner][\/vc_row_inner][vc_row_inner css=\u00bb.vc_custom_1540038776794{margin-top: 30px !important;}\u00bb][vc_column_inner width=\u00bb5\/6&#8243;][vc_raw_html css=\u00bb.vc_custom_1540038860132{margin-bottom: 20px !important;}\u00bb]JTNDaDIlM0VBU1YxJTIwU3BpdHplbnF1YWxpdCVDMyVBNHQlM0MlMkZoMiUzRSUwQSUzQ2gzJTIwY2xhc3MlM0QlMjJhc3Ytc3VicHJldGV4dCUyMiUzRSUzQ3NwYW4lMjBjbGFzcyUzRCUyMnJlZC10ZXh0JTIyJTNFVmVydHJhdWVuJTNDJTJGc3BhbiUzRSUyMGR1cmNoJTIwU3BpdHplbnF1YWxpdCVDMyVBNHQuJTBBJTNDJTJGaDMlM0U=[\/vc_raw_html][vc_column_text css=\u00bb.vc_custom_1540038939618{margin-top: 0px !important;}\u00bb]Das Vertrauen unserer langj\u00e4hrigen Kunden in unsere ASV1 Hochleistungsprodukte ist f\u00fcr uns Anspruch und Ansporn zugleich. Enthusiasmus, Kreativit\u00e4t und Innovationskraft tragen die Marke ASV1 und garantieren Spitzenqualit\u00e4t mit einem Hauch Lebensgef\u00fchl und Lifestyle-Charakter.[\/vc_column_text][\/vc_column_inner][vc_column_inner width=\u00bb1\/6&#8243;][\/vc_column_inner][\/vc_row_inner][\/vc_column][\/vc_row]<\/p>\n<\/div>","protected":false},"excerpt":{"rendered":"<p>[vc_row type=\u00bbvc_default\u00bb full_width=\u00bbstretch_row\u00bb enable_overlay=\u00bbenable_overlay_value\u00bb overlay_color=\u00bbrgba(255,255,255,0.7)\u00bb css=\u00bb.vc_custom_1540390817454{margin-bottom: 85px !important;background-position: center !important;background-repeat: no-repeat !important;background-size: contain !important;}\u00bb el_id=\u00bbasvearth\u00bb][vc_column][vc_row_inner css=\u00bb.vc_custom_1540039049438{margin-top: 30px !important;}\u00bb][vc_column_inner el_class=\u00bbasv-made-in-ger-img\u00bb width=\u00bb5\/6&#8243; css=\u00bb.vc_custom_1540390863524{background-image: url(https:\/\/as-automotive.eu\/wp-content\/uploads\/2018\/10\/asv-oil-made-in-germany-exporter-importer.png?id=2595) !important;background-position: center !important;background-repeat: no-repeat !important;background-size: cover !important;}\u00bb][vc_raw_html css=\u00bb.vc_custom_1540038650642{margin-bottom: 20px !important;}\u00bb]JTNDaDIlM0VBU1YxJTIwbWFkZSUyMGluJTIwR2VybWFueSUzQyUyRmgyJTNFJTBBJTNDaDMlMjBjbGFzcyUzRCUyMmFzdi1zdWJwcmV0ZXh0JTIyJTNFJTNDc3BhbiUyMGNsYXNzJTNEJTIycmVkLXRleHQlMjIlM0VBU1YxLiUzQyUyRnNwYW4lM0UlMjBMZWlzdHVuZ3NzdGFya2UlMjBTY2htaWVyc3RvZmZlJTIwdW5kJTIwUHJvZHVrdGUlMjBmJUMzJUJDciUyMGRlbiUyMEF1dG9tb3RpdmViZXJlaWNoJTIwJTIyTWFkZSUyMGluJTIwR2VybWFueSVFMiU4MCU5Qy4lM0MlMkZoMyUzRQ==[\/vc_raw_html][vc_column_text css=\u00bb.vc_custom_1540038589385{margin-top: 0px !important;}\u00bb]ASV1 Schmierstoffe sind auf vielen internationalen M\u00e4rkten vertreten. Unsere Schmierstoffexperten teilen die Begeisterung und die Leidenschaft unserer Gesch\u00e4ftspartner auf der ganzen&hellip;<\/p>\n","protected":false},"author":2,"featured_media":0,"parent":5374,"menu_order":0,"comment_status":"closed","ping_status":"closed","template":"","meta":{"_acf_changed":false,"footnotes":""},"class_list":["post-5378","page","type-page","status-publish","hentry","description-off"],"acf":[],"_links":{"self":[{"href":"https:\/\/as-automotive.eu\/es\/wp-json\/wp\/v2\/pages\/5378","targetHints":{"allow":["GET"]}}],"collection":[{"href":"https:\/\/as-automotive.eu\/es\/wp-json\/wp\/v2\/pages"}],"about":[{"href":"https:\/\/as-automotive.eu\/es\/wp-json\/wp\/v2\/types\/page"}],"author":[{"embeddable":true,"href":"https:\/\/as-automotive.eu\/es\/wp-json\/wp\/v2\/users\/2"}],"replies":[{"embeddable":true,"href":"https:\/\/as-automotive.eu\/es\/wp-json\/wp\/v2\/comments?post=5378"}],"version-history":[{"count":1,"href":"https:\/\/as-automotive.eu\/es\/wp-json\/wp\/v2\/pages\/5378\/revisions"}],"predecessor-version":[{"id":5992,"href":"https:\/\/as-automotive.eu\/es\/wp-json\/wp\/v2\/pages\/5378\/revisions\/5992"}],"up":[{"embeddable":true,"href":"https:\/\/as-automotive.eu\/es\/wp-json\/wp\/v2\/pages\/5374"}],"wp:attachment":[{"href":"https:\/\/as-automotive.eu\/es\/wp-json\/wp\/v2\/media?parent=5378"}],"curies":[{"name":"wp","href":"https:\/\/api.w.org\/{rel}","templated":true}]}}