{"id":5250,"date":"2019-02-21T15:28:47","date_gmt":"2019-02-21T14:28:47","guid":{"rendered":"https:\/\/www.asv1.de\/?page_id=5250"},"modified":"2019-05-22T11:28:14","modified_gmt":"2019-05-22T09:28:14","slug":"datenschutz-es","status":"publish","type":"page","link":"https:\/\/as-automotive.eu\/es\/datenschutz-es\/","title":{"rendered":"Declaraci\u00f3n de protecci\u00f3n de datos &#8211; ES"},"content":{"rendered":"<div class=\"wpb-content-wrapper\"><p>[vc_row margin_top=\u00bb50&#8243;][vc_column][vc_column_text]<\/p>\n<h1>Declaraci\u00f3n de protecci\u00f3n de datos<\/h1>\n<p>[\/vc_column_text][vc_column_text]<\/p>\n<h1><strong>1. Visi\u00f3n general de la protecci\u00f3n de datos<\/strong><\/h1>\n<p><strong>Informaci\u00f3n general<\/strong><\/p>\n<p>La siguiente informaci\u00f3n ofrece una descripci\u00f3n general de lo que sucede con su informaci\u00f3n personal cuando visita nuestro sitio web. El concepto de datos personales incluye cualquier dato que lo identifique personalmente. Puede encontrar informaci\u00f3n detallada sobre la protecci\u00f3n de datos en nuestra Pol\u00edtica de privacidad.<br \/>\n<strong>Recopilaci\u00f3n de datos en nuestro sitio web<\/strong><\/p>\n<p><strong>\u00bfQui\u00e9n es responsable de la recopilaci\u00f3n de datos en este sitio web?<\/strong><\/p>\n<p>El tratamiento de datos en este sitio web lo realiza el operador del sitio web. Los datos de contacto del operador del sitio web se pueden encontrar en el aviso legal de este sitio web.<\/p>\n<p><strong>\u00bfC\u00f3mo recopilamos sus datos?<\/strong><\/p>\n<p>Recopilamos sus datos despu\u00e9s de que usted haya aceptado compartirlos con nosotros. Estos pueden ser, por ejemplo, los datos que introduzca en un formulario de contacto.<\/p>\n<p>Otros datos se recopilan autom\u00e1ticamente al visitar el sitio web a trav\u00e9s de nuestros sistemas de TI. Se trata sobre todo de datos t\u00e9cnicos (por ejemplo, navegador de Internet, sistema operativo u hora de la visita a la p\u00e1gina). La recopilaci\u00f3n de esta informaci\u00f3n es autom\u00e1tica tan pronto como usted ingrese a nuestro sitio web.<\/p>\n<p><strong>\u00bfPara qu\u00e9 utilizamos sus datos?<\/strong><\/p>\n<p>Parte de los datos se recopilan para garantizar que el sitio web se muestre de manera correcta. Otros datos se pueden utilizar para analizar el comportamiento del usuario.<\/p>\n<p><strong>\u00bfQu\u00e9 derechos tiene usted sobre sus datos?<\/strong><\/p>\n<p>Tiene derecho a obtener informaci\u00f3n gratuita en cualquier momento sobre el origen, el destinatario y el prop\u00f3sito de sus datos personales almacenados. Tambi\u00e9n tiene derecho a solicitar la correcci\u00f3n, el bloqueo o la eliminaci\u00f3n de estos datos. Para este prop\u00f3sito, as\u00ed como para otras preguntas sobre la protecci\u00f3n de datos, puede contactarnos en cualquier momento en la direcci\u00f3n que figura en el aviso legal. Tiene derecho a apelar ante la autoridad de supervisi\u00f3n competente.<\/p>\n<p>Adem\u00e1s, tiene derecho a solicitar la limitaci\u00f3n del tratamiento de sus datos personales en determinadas circunstancias. Los detalles se pueden encontrar en el apartado \u00abDerecho a la limitaci\u00f3n del tratamiento\u00bb de la Pol\u00edtica de privacidad.<\/p>\n<p><strong>2. Informaci\u00f3n general e informaci\u00f3n obligatoria<\/strong><\/p>\n<p><strong>Protecci\u00f3n de datos<\/strong><\/p>\n<p>Los operadores de este sitio web se toman muy en serio la protecci\u00f3n de sus datos personales. Por esto, tratamos sus datos personales de forma confidencial y de acuerdo con las normas legales de protecci\u00f3n de datos y esta Pol\u00edtica de privacidad.<\/p>\n<p>Si utiliza este sitio web, se recopilar\u00e1n diversos datos personales. El concepto de datos personales incluye aquellos que le identifiquen personalmente. Esta Pol\u00edtica de privacidad explica qu\u00e9 informaci\u00f3n recopilamos y para qu\u00e9 la utilizamos, adem\u00e1s de c\u00f3mo y con qu\u00e9 prop\u00f3sito se lleva a cabo este proceso.<\/p>\n<p>Tenga en cuenta que la transmisi\u00f3n de datos a trav\u00e9s de Internet (por ejemplo, cuando se comunica por correo electr\u00f3nico) puede vulnerar la seguridad. No es posible hacer una protecci\u00f3n completa de los datos de acceso por parte de terceros.<\/p>\n<p><strong>Nota sobre el organismo responsable<\/strong><\/p>\n<p>La empresa responsable del tratamiento de datos en este sitio web es:<\/p>\n<p>ASV Germany GmbH<br \/>\nBeckers Stiege 1<br \/>\n49577 Ankum<\/p>\n<p>Tel\u00e9fono: +49 (0) 5462 \/ 88707-15<br \/>\nCorreo electr\u00f3nico: info(at)asv-germany.de<\/p>\n<p>La entidad responsable es la persona f\u00edsica o jur\u00eddica que, individualmente o en concierto con otras personas, decide sobre los fines y los medios para tratar datos personales (como nombres, direcciones de correo electr\u00f3nico, etc.).<\/p>\n<p><strong>Revocaci\u00f3n de su consentimiento para el tratamiento de datos<\/strong><\/p>\n<p>Muchas operaciones de tratamiento de datos solo son posibles con su consentimiento expreso. Un consentimiento ya dado puede ser revocado en cualquier momento. Para hacerlo, es suficiente con un mensaje informal por correo electr\u00f3nico. La legalidad del tratamiento de datos realizado hasta la revocaci\u00f3n no se ve afectada por la misma.<\/p>\n<p><strong>Derecho a oponerse a la recopilaci\u00f3n de datos en casos especiales y publicidad directa (art\u00edculo 21 del RGPD)<\/strong><\/p>\n<p><strong>En caso de que el tratamiento de datos se base en el art\u00edculo 6, p\u00e1rrafo 1, apartados e o f del RGPD, tendr\u00e1 derecho a oponerse en cualquier momento al tratamiento de sus datos personales por los motivos que surjan de su situaci\u00f3n particular, incluida la elaboraci\u00f3n de perfiles sobre la base de dichas disposiciones. La base legal respectiva en la que se basa el tratamiento se puede encontrar en esta Pol\u00edtica de privacidad. Si se opone, dejaremos de tratar sus datos personales a menos que podamos proporcionar pruebas de motivos leg\u00edtimos para hacerlo que superen sus intereses, derechos y libertades o que el tratamiento sirva para hacer cumplir, perseguir o defender reclamaciones legales (objeci\u00f3n en virtud del art\u00edculo 21, p\u00e1rrafo 1 del RGPD).<\/strong><\/p>\n<p><strong>Si sus datos personales se tratan para hacer publicidad directa, tiene derecho a oponerse en cualquier momento al tratamiento de los datos personales que le conciernen con el prop\u00f3sito de dicha publicidad, incluida la elaboraci\u00f3n de perfiles sobre la base de dicha publicidad directa. Si se opone, sus datos personales ya no se utilizar\u00e1n con fines de publicidad directa (oposici\u00f3n en virtud del art\u00edculo 21, p\u00e1rrafo 2 del RGPD).<\/strong><\/p>\n<p><strong>Derecho de recurso ante la autoridad de control competente<\/strong><\/p>\n<p>En el caso de infracciones del RGPD, las personas afectadas tienen derecho a apelar ante una autoridad de supervisi\u00f3n, especialmente en el estado miembro de su residencia habitual, su lugar de trabajo o el lugar de la presunta infracci\u00f3n. Este derecho puede ejercerse sin perjuicio de cualquier otro recurso administrativo o judicial.<\/p>\n<p><strong>Derecho a la portabilidad de datos<\/strong><\/p>\n<p>Tiene derecho a que se entreguen los datos que tratamos de forma autom\u00e1tica en base a su consentimiento o en el cumplimiento de un contrato, a usted mismo o a un tercero en un formato est\u00e1ndar y legible por una m\u00e1quina. Si necesita la transferencia directa de los datos a otra persona a cargo, esto solo se har\u00e1 en la medida en que sea t\u00e9cnicamente posible.<\/p>\n<p><strong>Cifrado SSL o TLS<\/strong><\/p>\n<p>Este sitio utiliza, por razones de seguridad y para proteger la transmisi\u00f3n de contenido confidencial, como pedidos o solicitudes que nos env\u00eda como operador del sitio, un cifrado SSL o TLS. Se indica que la conexi\u00f3n est\u00e1 encriptada mediante la barra de direcciones del navegador, que cambia de \u00abhttp:\/\/\u00bb a \u00abhttps:\/\/\u00bb, y el icono de candado en la barra del navegador.<\/p>\n<p>Si el cifrado SSL o TLS est\u00e1 habilitado, los datos que nos env\u00ede no pueden ser le\u00eddos por terceros.<\/p>\n<p><strong>Informaci\u00f3n, bloqueo, eliminaci\u00f3n y correcci\u00f3n<\/strong><\/p>\n<p>Dentro del alcance de las disposiciones legales aplicables, tiene derecho en cualquier momento a proporcionar informaci\u00f3n gratuita sobre sus datos personales almacenados, su origen y destinatario y el prop\u00f3sito del tratamiento de los datos y, si es necesario, el derecho de corregir, bloquear o eliminar estos datos. Para este prop\u00f3sito, as\u00ed como para otras preguntas sobre datos personales, puede contactarnos en cualquier momento en la direcci\u00f3n que figura en el aviso legal.<\/p>\n<p><strong>Derecho de limitaci\u00f3n del tratamiento<\/strong><\/p>\n<p>Tiene derecho a solicitar la limitaci\u00f3n del tratamiento de sus datos personales. Para este prop\u00f3sito, puede contactarnos en cualquier momento en la direcci\u00f3n que figura en el aviso legal. El derecho de limitaci\u00f3n del tratamiento existe en los siguientes casos:<\/p>\n<p>Si negara la exactitud de su informaci\u00f3n personal que tengamos almacenada; generalmente necesitamos tiempo para verificarlo. Durante la verificaci\u00f3n, tendr\u00e1 derecho a solicitar la limitaci\u00f3n del tratamiento de sus datos personales.<br \/>\nSi el tratamiento de sus datos personales fuera ilegal, puede solicitar la limitaci\u00f3n del tratamiento de datos en lugar de su eliminaci\u00f3n.<br \/>\nSi ya no necesit\u00e1ramos su informaci\u00f3n personal, pero usted la necesita para ejercer, defender o hacer cumplir reclamaciones legales, tendr\u00e1 derecho a solicitar que su informaci\u00f3n personal sea limitada en lugar de ser eliminada.<br \/>\nSi ha ejercido su derecho de oposici\u00f3n en virtud del art\u00edculo 21, p\u00e1rrafo 1 del RGPD, se har\u00e1 un balance entre sus intereses y los nuestros. Siempre que no est\u00e9 claro cu\u00e1les son los intereses que prevalecen, tendr\u00e1 derecho a solicitar la restricci\u00f3n del tratamiento de sus datos personales.<\/p>\n<p>Si ha limitado el tratamiento de sus datos personales, estos datos solo se pueden utilizar (aparte de su almacenamiento) con su consentimiento o con el fin de afirmar, ejercer o defender reclamaciones legales o proteger los derechos de otra persona f\u00edsica o jur\u00eddica o para un inter\u00e9s p\u00fablico importante de la Uni\u00f3n Europea o un estado miembro.<\/p>\n<p><strong>Oposici\u00f3n a los correos electr\u00f3nicos publicitarios<\/strong><\/p>\n<p>El uso de los datos de contacto publicados por obligaci\u00f3n en el pie de imprenta queda prohibido para el env\u00edo de publicidad y materiales informativos no solicitados expl\u00edcitamente. Los operadores de las p\u00e1ginas se reservan expresamente el derecho de emprender acciones legales en caso de un env\u00edo no solicitado de materiales informativos, como correos electr\u00f3nicos no deseados.<\/p>\n<p><strong>3. Recopilaci\u00f3n de datos en nuestro sitio web<\/strong><\/p>\n<p><strong>Cookies<\/strong><\/p>\n<p>Las p\u00e1ginas de internet utilizan parcialmente las llamadas cookies. Las cookies no da\u00f1an su ordenador y no contienen virus. Las cookies se utilizan para hacer que nuestro sitio web sea efectivo, seguro y m\u00e1s f\u00e1cil de usar. Las cookies son peque\u00f1os archivos de texto que se almacenan en el ordenador y son almacenadas por su navegador.<\/p>\n<p>La mayor\u00eda de las cookies que utilizamos son las llamadas \u00abcookies de sesi\u00f3n\u00bb. Se eliminar\u00e1n autom\u00e1ticamente al final de su visita. Otras cookies permanecen almacenadas en su dispositivo hasta que las elimine. Estas cookies nos permiten reconocer su navegador cuando vuelve a visitar nuestro sitio web.<\/p>\n<p>Puede configurar su navegador para que se le informe acerca del almacenamiento de cookies y para permitirle aceptar cookies solo en casos concretos, eliminar la aceptaci\u00f3n de cookies en casos concretos o en general, as\u00ed como para activar la eliminaci\u00f3n autom\u00e1tica de cookies cuando cierre el navegador. Deshabilitar las cookies puede limitar la funcionalidad de este sitio web.<\/p>\n<p>Las cookies requeridas para llevar a cabo el proceso de comunicaci\u00f3n electr\u00f3nica o para proporcionar ciertas funciones (p. ej., la funci\u00f3n de carrito de compra) se procesan de acuerdo con el art\u00edculo 6, p\u00e1rrafo 1 del RGPD. El operador del sitio web tiene un inter\u00e9s leg\u00edtimo en el almacenamiento de cookies para la provisi\u00f3n t\u00e9cnicamente correcta y optimizada de sus servicios. Si se almacenan otras cookies (como las cookies para analizar su comportamiento de navegaci\u00f3n), se tratar\u00e1n por separado en esta Pol\u00edtica de privacidad.<\/p>\n<p><strong>Archivos de registro del servidor<\/strong><\/p>\n<p>El proveedor de la p\u00e1gina recopila y almacena autom\u00e1ticamente la informaci\u00f3n en los llamados archivos de registro del servidor, que su navegador nos transmite autom\u00e1ticamente. Estos son:<\/p>\n<p>Tipo de navegador y versi\u00f3n del navegador. Sistema operativo usado URL de referencia Nombre de host del ordenador con el que accede Hora de la solicitud del servidor Direcci\u00f3n IP<\/p>\n<p>No hay una combinaci\u00f3n de estos datos con otras fuentes de datos.<\/p>\n<p>La recopilaci\u00f3n de estos datos se basa en el art\u00edculo 6 p\u00e1rrafo 1, apartado f del RGPD. El operador del sitio web tiene un inter\u00e9s leg\u00edtimo en la presentaci\u00f3n t\u00e9cnicamente libre de errores y la optimizaci\u00f3n de su sitio web; para este fin, los archivos de registro del servidor deben registrarse.<\/p>\n<p><strong>Formulario de contacto<\/strong><\/p>\n<p>Si nos env\u00eda sus consultas a trav\u00e9s del formulario de contacto, sus datos del formulario de consulta, incluidos los datos de contacto que proporcion\u00f3 en el mismo, se almacenar\u00e1n para procesar la solicitud y en caso de preguntas de seguimiento. No compartiremos esta informaci\u00f3n sin su consentimiento.<\/p>\n<p>El tratamiento de los datos ingresados en el formulario de contacto se realiza exclusivamente sobre la base de su consentimiento (art\u00edculo 6, p\u00e1rrafo 1, apartado a del RGPD). Puede revocar este consentimiento en cualquier momento. Para hacerlo, es suficiente con un mensaje informal por correo electr\u00f3nico. La legalidad de las operaciones de tratamiento de datos realizadas hasta la revocaci\u00f3n no se ve afectada por la misma.<\/p>\n<p>Guardaremos la informaci\u00f3n que proporcione en el formulario de contacto hasta que nos solicite eliminarla o desee revocar su consentimiento para el almacenamiento o eliminar el prop\u00f3sito del almacenamiento de datos (p. ej., despu\u00e9s de que se haya procesado su solicitud). Las disposiciones legales obligatorias, especialmente los per\u00edodos de retenci\u00f3n, no se ver\u00e1n afectadas.<\/p>\n<p><strong>Consulta por correo electr\u00f3nico, tel\u00e9fono o fax<\/strong><\/p>\n<p>Si nos contacta por correo electr\u00f3nico, tel\u00e9fono o fax, su solicitud, incluidos todos los datos personales resultantes (nombre, solicitud) ser\u00e1n almacenados y tratados con el fin de procesar su solicitud. No compartiremos esta informaci\u00f3n sin su consentimiento.<\/p>\n<p>El tratamiento de estos datos se basa en el art\u00edculo 6, p\u00e1rrafo 1, apartado 6 del RGPD, si su solicitud est\u00e1 relacionada con el cumplimiento de un contrato o si se requiere que realice una acci\u00f3n precontractual. En todos los dem\u00e1s casos, el tratamiento se basa en su consentimiento (art\u00edculo 6, p\u00e1rrafo 1, apartado a del RGPD) y\/ o en nuestros intereses leg\u00edtimos (art\u00edculo 6, p\u00e1rrafo 1, apartado f del RGPD), ya que tenemos un inter\u00e9s leg\u00edtimo en el manejo efectivo de las solicitudes que nos env\u00edan.<\/p>\n<p>Guardaremos los datos que nos env\u00ede a trav\u00e9s de solicitudes de contacto hasta que nos solicite eliminarlos o desee revocar su consentimiento para el almacenamiento o si el prop\u00f3sito del almacenamiento de datos desaparece (p. ej., despu\u00e9s de completar su solicitud). Las disposiciones legales obligatorias, en particular los per\u00edodos de retenci\u00f3n estatutarios, no se ver\u00e1n afectadas.<\/p>\n<p><strong>4. Bolet\u00edn informativo<\/strong><\/p>\n<p><strong>MailChimp<\/strong><\/p>\n<p>Este sitio web utiliza los servicios de MailChimp para enviar boletines informativos. El proveedor es Rocket Science Group LLC, 675 Ponce De Leon Ave NE, Suite 5000, Atlanta, GA 30308, EE. UU.<\/p>\n<p>MailChimp es un servicio que ayuda, entre otros, a enviar boletines informativos de manera organizada y analizada. Los datos que introduzca para la suscripci\u00f3n al bolet\u00edn informativo (p. ej., la direcci\u00f3n de correo electr\u00f3nico) se almacenar\u00e1n en los servidores de MailChimp en los Estados Unidos.<\/p>\n<p>MailChimp est\u00e1 certificado por el EU-US Privacy Shield o Escudo de Privacidad de UE-US. El Escudo de Privacidad es un acuerdo entre la Uni\u00f3n Europea (UE) y los EE. UU. para garantizar el cumplimiento de las normas de privacidad europeas en los Estados Unidos.<\/p>\n<p>Con la ayuda de MailChimp podemos analizar nuestras campa\u00f1as del bolet\u00edn informativo. Cuando abre un correo electr\u00f3nico enviado por MailChimp, un archivo incluido en el correo electr\u00f3nico (llamado web-beacon) se conecta a los servidores de MailChimp en los Estados Unidos. Esto determinar\u00e1 si se ha abierto un mensaje de bolet\u00edn informativo y en qu\u00e9 enlaces se ha hecho clic. Adem\u00e1s, se recopila informaci\u00f3n t\u00e9cnica (p. ej., tiempo de recuperaci\u00f3n, direcci\u00f3n IP, tipo de navegador y sistema operativo). Esta informaci\u00f3n no puede ser asignada al destinatario del bolet\u00edn informativo en cuesti\u00f3n. Sirven exclusivamente para el an\u00e1lisis estad\u00edstico de campa\u00f1as del bolet\u00edn informativo. Los resultados de estos an\u00e1lisis pueden utilizarse para adaptar mejor los futuros boletines informativos, seg\u00fan los intereses de los destinatarios.<\/p>\n<p>Si no desea ser analizado por MailChimp, debe darse de baja del bolet\u00edn informativo. En cada bolet\u00edn informativo proporcionamos un mensaje para hacerlo. Adem\u00e1s, puede darse de baja del bolet\u00edn informativo directamente desde el sitio web.<\/p>\n<p>El tratamiento de datos se realiza sobre la base de su consentimiento (art\u00edculo 6, p\u00e1rrafo 1, apartado a del RGPD). Puede revocar este consentimiento en cualquier momento anulando la suscripci\u00f3n al bolet\u00edn informativo. La legalidad de las operaciones de tratamiento de datos ya completadas no se ve afectada por la revocaci\u00f3n.<\/p>\n<p>Los datos que nos proporcione con el fin de suscribirse al bolet\u00edn informativo ser\u00e1n almacenados desde el bolet\u00edn hasta el momento de su env\u00edo y se eliminar\u00e1n de nuestros servidores, as\u00ed como de los servidores de MailChimp, despu\u00e9s de la cancelaci\u00f3n de la suscripci\u00f3n al mismo. Los datos que almacenemos con otros fines no se ver\u00e1n afectados.<\/p>\n<p>Para obtener m\u00e1s informaci\u00f3n, consulte la Pol\u00edtica de privacidad de MailChimp en: <span style=\"color: #ff0000;\">https:\/\/mailchimp.com\/legal\/terms\/<\/span>.<\/p>\n<p><strong>Finalizaci\u00f3n de un acuerdo de tratamiento de datos<\/strong><\/p>\n<p>Tenemos un llamado \u00abAcuerdo de Tratamiento de Datos\u00bb con MailChimp, en el cual MailChimp se compromete a proteger los datos de nuestros clientes y a no transmitirlos a terceros. Este acuerdo se puede consultar en el siguiente enlace: <span style=\"color: #ff0000;\">https:\/\/mailchimp.com\/legal\/forms\/data-processing-agreement\/sample-agreement\/<\/span>.<\/p>\n<p><strong>5. Plugins y herramientas<\/strong><\/p>\n<p><strong>YouTube con privacidad mejorada<\/strong><\/p>\n<p>Nuestro sitio web utiliza complementos del sitio web YouTube. El operador del sitio es YouTube, LLC, 901 Cherry Ave., San Bruno, CA 94066, EE. UU.<\/p>\n<p>Usamos YouTube en el modo de privacidad mejorada. Seg\u00fan YouTube, este modo significa que YouTube no almacena informaci\u00f3n sobre los visitantes de este sitio antes de ver el v\u00eddeo. Sin embargo, compartir datos con socios de YouTube no est\u00e1 necesariamente excluido por el modo de privacidad mejorada. Entonces, independientemente de si est\u00e1 viendo un v\u00eddeo, YouTube se conecta a la red de Google DoubleClick.<\/p>\n<p>Una vez que inicie un v\u00eddeo de YouTube en nuestro sitio web, se conectar\u00e1 a los servidores de YouTube. Informa al servidor de YouTube cu\u00e1l de nuestras p\u00e1ginas ha visitado. Si ha iniciado sesi\u00f3n en su cuenta de YouTube, YouTube le permitir\u00e1 asociar su comportamiento de navegaci\u00f3n directamente con su perfil personal. Esto se puede evitar cerrando sesi\u00f3n en la cuenta de YouTube.<\/p>\n<p>Adem\u00e1s, despu\u00e9s de lanzar un v\u00eddeo, YouTube puede almacenar varias cookies en su dispositivo. Con la ayuda de estas cookies, YouTube puede recibir informaci\u00f3n sobre los visitantes de nuestro sitio web. Esta informaci\u00f3n ser\u00e1, entre otros, utilizada para capturar estad\u00edsticas de v\u00eddeo, mejorar la usabilidad y prevenir el fraude. Las cookies permanecen en su dispositivo hasta que las elimine.<\/p>\n<p>Si es necesario, despu\u00e9s del lanzamiento de un v\u00eddeo de YouTube, se pueden activar otras operaciones de tratamiento de datos sobre las cuales no tenemos control.<\/p>\n<p>Utilizamos YouTube con el inter\u00e9s de presentar de forma atractiva nuestras ofertas en l\u00ednea. Esto constituye un inter\u00e9s leg\u00edtimo en el sentido del art\u00edculo 6, p\u00e1rrafo 1, apartado f del RGPD.<\/p>\n<p>Para obtener m\u00e1s informaci\u00f3n sobre la privacidad en YouTube, consulte su Pol\u00edtica de privacidad en: <span style=\"color: #ff0000;\">https:\/\/policies.google.com\/privacy?hl=es<\/span>.<\/p>\n<p><strong>Google Maps<\/strong><\/p>\n<p>Este sitio utiliza el servicio de mapas de Google Maps a trav\u00e9s de una API. El proveedor es Google Inc., 1600 Amphitheater Parkway, Mountain View, CA 94043, EE. UU.<\/p>\n<p>Para usar las funciones de Google Maps, es necesario guardar su direcci\u00f3n IP. Esta informaci\u00f3n generalmente es transmitida y almacenada por Google en servidores en los Estados Unidos. El proveedor de esta p\u00e1gina no tiene influencia en esta transferencia de datos.<\/p>\n<p>Utilizamos Google Maps con el inter\u00e9s de presentar de forma atractiva nuestras ofertas en l\u00ednea y localizar de forma f\u00e1cil los lugares que especificamos en el sitio web. Esto constituye un inter\u00e9s leg\u00edtimo en el sentido del art\u00edculo 6, p\u00e1rrafo 1, apartado f del RGPD.<\/p>\n<p>Para obtener m\u00e1s informaci\u00f3n sobre c\u00f3mo manejar los datos del usuario, consulte la Pol\u00edtica de privacidad de Google: <span style=\"color: #ff0000;\">https:\/\/policies.google.com\/privacy?hl=es<\/span>.<\/p>\n<p>&nbsp;<\/p>\n<p>&nbsp;<\/p>\n<p>&nbsp;<\/p>\n<p>&nbsp;<\/p>\n<p>[\/vc_column_text][\/vc_column][\/vc_row]<\/p>\n<\/div>","protected":false},"excerpt":{"rendered":"<p>[vc_row margin_top=\u00bb50&#8243;][vc_column][vc_column_text] Declaraci\u00f3n de protecci\u00f3n de datos [\/vc_column_text][vc_column_text] 1. Visi\u00f3n general de la protecci\u00f3n de datos Informaci\u00f3n general La siguiente informaci\u00f3n ofrece una descripci\u00f3n general de lo que sucede con su informaci\u00f3n personal cuando visita nuestro sitio web. El concepto de datos personales incluye cualquier dato que lo identifique personalmente. Puede encontrar informaci\u00f3n detallada sobre&hellip;<\/p>\n","protected":false},"author":2,"featured_media":0,"parent":0,"menu_order":0,"comment_status":"closed","ping_status":"closed","template":"","meta":{"_acf_changed":false,"footnotes":""},"class_list":["post-5250","page","type-page","status-publish","hentry","description-off"],"acf":[],"_links":{"self":[{"href":"https:\/\/as-automotive.eu\/es\/wp-json\/wp\/v2\/pages\/5250","targetHints":{"allow":["GET"]}}],"collection":[{"href":"https:\/\/as-automotive.eu\/es\/wp-json\/wp\/v2\/pages"}],"about":[{"href":"https:\/\/as-automotive.eu\/es\/wp-json\/wp\/v2\/types\/page"}],"author":[{"embeddable":true,"href":"https:\/\/as-automotive.eu\/es\/wp-json\/wp\/v2\/users\/2"}],"replies":[{"embeddable":true,"href":"https:\/\/as-automotive.eu\/es\/wp-json\/wp\/v2\/comments?post=5250"}],"version-history":[{"count":8,"href":"https:\/\/as-automotive.eu\/es\/wp-json\/wp\/v2\/pages\/5250\/revisions"}],"predecessor-version":[{"id":6413,"href":"https:\/\/as-automotive.eu\/es\/wp-json\/wp\/v2\/pages\/5250\/revisions\/6413"}],"wp:attachment":[{"href":"https:\/\/as-automotive.eu\/es\/wp-json\/wp\/v2\/media?parent=5250"}],"curies":[{"name":"wp","href":"https:\/\/api.w.org\/{rel}","templated":true}]}}