{"id":5230,"date":"2019-02-21T15:12:02","date_gmt":"2019-02-21T14:12:02","guid":{"rendered":"https:\/\/www.asv1.de\/?page_id=5230"},"modified":"2020-10-30T14:34:40","modified_gmt":"2020-10-30T13:34:40","slug":"vertriebspartnerschaft-es","status":"publish","type":"page","link":"https:\/\/as-automotive.eu\/es\/unternehmen-es\/vertriebspartnerschaft-es\/","title":{"rendered":"Distribuidora &#8211; ES"},"content":{"rendered":"<div class=\"wpb-content-wrapper\"><p>[vc_row type=\u00bbvc_default\u00bb full_width=\u00bbstretch_row\u00bb css=\u00bb.vc_custom_1540292484178{background-position: center !important;background-repeat: no-repeat !important;background-size: contain !important;}\u00bb el_id=\u00bbasvearth\u00bb][vc_column][vc_row_inner css=\u00bb.vc_custom_1540039049438{margin-top: 30px !important;}\u00bb][vc_column_inner][vc_raw_html css=\u00bb.vc_custom_1603991041203{margin-bottom: 20px !important;}\u00bb]JTNDaDIlM0UlM0NzcGFuJTIwY2xhc3MlM0QlMjJyZWQtb25lJTIyJTNFQVMlMjBQZXJmb3JtYW5jZSUzQyUyRnNwYW4lM0UlMjBEaXN0cmlidWlkb3JhJTNDJTJGaDIlM0U=[\/vc_raw_html][\/vc_column_inner][\/vc_row_inner][vc_row_inner css=\u00bb.vc_custom_1540039862489{margin-top: 50px !important;}\u00bb][vc_column_inner width=\u00bb5\/6&#8243;][vc_raw_html css=\u00bb.vc_custom_1604064875701{margin-bottom: 20px !important;}\u00bb]JTNDaDMlMjBjbGFzcyUzRCUyMmFzdi1zdWJwcmV0ZXh0JTIyJTNFJTIwQ29udmklQzMlQTlydGFzZSUyMGVuJTIwZGlzdHJpYnVpZG9yJTIwZGUlMjAlM0NzcGFuJTIwY2xhc3MlM0QlMjJyZWQtb25lJTIyJTNFQVMlMjBQZXJmb3JtYW5jZS4lM0MlMkZzcGFuJTNFJTNDJTJGaDMlM0U=[\/vc_raw_html][vc_column_text css=\u00bb.vc_custom_1602758819434{margin-top: 0px !important;}\u00bb el_class=\u00bbli-ml\u00bb]\u00bfLe gustar\u00eda formar parte del equipo de AS Performance y distribuir nuestros productos de alto rendimiento? Le ofrecemos:<\/p>\n<ul>\n<li>Productos de la m\u00e1s alta calidad, \u00abMade in Germany\u201c.<\/li>\n<li>Excelente servicio en cuanto a los lubricantes y sus \u00e1reas de aplicaci\u00f3n.<\/li>\n<li>Tiempos de respuesta flexibles y r\u00e1pidos.<\/li>\n<li>Ofertas formativas para usted y su empresa.<\/li>\n<li>Estrategias de marketing innovadoras y un programa de comercializaci\u00f3n integral.<\/li>\n<li>El programa de socios de AS Performance para conceptos de taller y tienda.<\/li>\n<\/ul>\n<p>[\/vc_column_text][\/vc_column_inner][vc_column_inner width=\u00bb1\/6&#8243;][\/vc_column_inner][\/vc_row_inner][vc_row_inner css=\u00bb.vc_custom_1540039911124{margin-top: 30px !important;}\u00bb][vc_column_inner width=\u00bb5\/6&#8243;][vc_raw_html css=\u00bb.vc_custom_1603991062084{margin-bottom: 20px !important;}\u00bb]JTNDaDMlMjBjbGFzcyUzRCUyMmFzdi1zdWJwcmV0ZXh0JTIyJTNFJTNDc3BhbiUyMGNsYXNzJTNEJTIycmVkLW9uZSUyMiUzRUNvbmZpYWJsZSUzQyUyRnNwYW4lM0UlMjAlMjB5JTIwY29vcGVyYXRpdm8lM0MlMkZoMyUzRQ==[\/vc_raw_html][vc_column_text css=\u00bb.vc_custom_1552310424224{margin-top: 0px !important;}\u00bb]Nuestra prioridad es actuar de forma eficiente, orientada a la soluci\u00f3n y al cliente. Somos flexibles, responsables y le apoyamos en el desarrollo de nuevos mercados de ventas.[\/vc_column_text][\/vc_column_inner][vc_column_inner width=\u00bb1\/6&#8243;][\/vc_column_inner][\/vc_row_inner][vc_row_inner css=\u00bb.vc_custom_1540039911124{margin-top: 30px !important;}\u00bb][vc_column_inner width=\u00bb5\/6&#8243;][vc_raw_html css=\u00bb.vc_custom_1603991253412{margin-bottom: 20px !important;}\u00bb]JTNDaDMlMjBjbGFzcyUzRCUyMmFzdi1zdWJwcmV0ZXh0JTIyJTNFJTNDc3BhbiUyMGNsYXNzJTNEJTIycmVkLW9uZSUyMiUzRUFTJTIwUGVyZm9ybWFuY2UlM0MlMkZzcGFuJTNFJTIwUHJvbW9jaSVDMyVCM24lMjBkZSUyMHZlbnRhcyUzQyUyRmgzJTNF[\/vc_raw_html][vc_column_text css=\u00bb.vc_custom_1590588072318{margin-top: 0px !important;}\u00bb]Nuestros programas de promoci\u00f3n de ventas solo pueden apoyar el contacto personal, la confianza en la cooperaci\u00f3n y el crecimiento de la asociaci\u00f3n, no pueden reemplazarlos. Adem\u00e1s del asesoramiento basado en la asociaci\u00f3n, tambi\u00e9n le ofrecemos un enfoque integral para la comercializaci\u00f3n y promoci\u00f3n de nuestra gama de productos de AS Performance. En el taller, en la sala de ventas y para el parque de veh\u00edculos.[\/vc_column_text][\/vc_column_inner][vc_column_inner width=\u00bb1\/6&#8243;][\/vc_column_inner][\/vc_row_inner][vc_row_inner css=\u00bb.vc_custom_1540039911124{margin-top: 30px !important;}\u00bb][vc_column_inner width=\u00bb5\/6&#8243;][vc_raw_html css=\u00bb.vc_custom_1603991072642{margin-bottom: 20px !important;}\u00bb]JTNDaDMlMjBjbGFzcyUzRCUyMmFzdi1zdWJwcmV0ZXh0JTIyJTNFJTNDc3BhbiUyMGNsYXNzJTNEJTIycmVkLW9uZSUyMiUzRUFTJTIwUGVyZm9ybWFuY2UlMjBDYWxpZGFkJTIwZGUlMjBtYXJjYS4lM0MlMkZzcGFuJTNFJTIwJUUyJTgwJTlDTWFkZSUyMGluJTIwR2VybWFueSVFMiU4MCU5QyUzQyUyRmgzJTNF[\/vc_raw_html][vc_column_text css=\u00bb.vc_custom_1552310699022{margin-top: 0px !important;}\u00bb]Nuestros productos se desarrollan y fabrican exclusivamente en Alemania. Contamos con muchos a\u00f1os de experiencia en el sector de los lubricantes, lo que le ofrece la mayor seguridad posible. Entregamos lubricantes de alto rendimiento, sin retrasos, de manera eficaz, de forma eficiente.[\/vc_column_text][\/vc_column_inner][vc_column_inner width=\u00bb1\/6&#8243;][\/vc_column_inner][\/vc_row_inner][\/vc_column][\/vc_row][vc_row][vc_column]\n<div class=\"wpcf7 no-js\" id=\"wpcf7-f6203-o1\" lang=\"de-DE\" dir=\"ltr\" data-wpcf7-id=\"6203\">\n<div class=\"screen-reader-response\"><p role=\"status\" aria-live=\"polite\" aria-atomic=\"true\"><\/p> <ul><\/ul><\/div>\n<form action=\"\/es\/wp-json\/wp\/v2\/pages\/5230#wpcf7-f6203-o1\" method=\"post\" class=\"wpcf7-form init\" aria-label=\"Kontaktformular\" novalidate=\"novalidate\" data-status=\"init\">\n<fieldset class=\"hidden-fields-container\"><input type=\"hidden\" name=\"_wpcf7\" value=\"6203\" \/><input type=\"hidden\" name=\"_wpcf7_version\" value=\"6.1.5\" \/><input type=\"hidden\" name=\"_wpcf7_locale\" value=\"de_DE\" \/><input type=\"hidden\" name=\"_wpcf7_unit_tag\" value=\"wpcf7-f6203-o1\" \/><input type=\"hidden\" name=\"_wpcf7_container_post\" value=\"0\" \/><input type=\"hidden\" name=\"_wpcf7_posted_data_hash\" value=\"\" \/>\n<\/fieldset>\n<div class=\"row\">\n\t<div class=\"vc_col-sm-12\">\n\t\t<p><span class=\"wpcf7-form-control-wrap\" data-name=\"herrfrau\"><span class=\"wpcf7-form-control wpcf7-radio asv-gender\"><span class=\"wpcf7-list-item first\"><input type=\"radio\" name=\"herrfrau\" value=\"Sr.\" checked=\"checked\" \/><span class=\"wpcf7-list-item-label\">Sr.<\/span><\/span><span class=\"wpcf7-list-item last\"><input type=\"radio\" name=\"herrfrau\" value=\"Sra.\" \/><span class=\"wpcf7-list-item-label\">Sra.<\/span><\/span><\/span><\/span>\n\t\t<\/p>\n\t<\/div>\n<\/div>\n<div class=\"row\">\n\t<div class=\"vc_col-sm-6\">\n\t\t<p><span class=\"wpcf7-form-control-wrap\" data-name=\"vorname\"><input size=\"40\" maxlength=\"400\" class=\"wpcf7-form-control wpcf7-text wpcf7-validates-as-required\" aria-required=\"true\" aria-invalid=\"false\" placeholder=\"Nombre\" value=\"\" type=\"text\" name=\"vorname\" \/><\/span>\n\t\t<\/p>\n\t<\/div>\n\t<div class=\"vc_col-sm-6\">\n\t\t<p><span class=\"wpcf7-form-control-wrap\" data-name=\"nachname\"><input size=\"40\" maxlength=\"400\" class=\"wpcf7-form-control wpcf7-text wpcf7-validates-as-required\" aria-required=\"true\" aria-invalid=\"false\" placeholder=\"Apellido\" value=\"\" type=\"text\" name=\"nachname\" \/><\/span>\n\t\t<\/p>\n\t<\/div>\n<\/div>\n<div class=\"row\">\n\t<div class=\"vc_col-sm-12\">\n\t\t<p><span class=\"wpcf7-form-control-wrap\" data-name=\"unternehmen\"><input size=\"40\" maxlength=\"400\" class=\"wpcf7-form-control wpcf7-text\" aria-invalid=\"false\" placeholder=\"Empresa (opcional)\" value=\"\" type=\"text\" name=\"unternehmen\" \/><\/span>\n\t\t<\/p>\n\t<\/div>\n<\/div>\n<div class=\"row\">\n\t<div class=\"vc_col-sm-12\">\n\t\t<p><span class=\"wpcf7-form-control-wrap\" data-name=\"e-mail\"><input size=\"40\" maxlength=\"400\" class=\"wpcf7-form-control wpcf7-text wpcf7-validates-as-required\" aria-required=\"true\" aria-invalid=\"false\" placeholder=\"Correo electr\u00f3nico\" value=\"\" type=\"text\" name=\"e-mail\" \/><\/span>\n\t\t<\/p>\n\t<\/div>\n<\/div>\n<div class=\"row\">\n\t<div class=\"vc_col-sm-12\">\n\t\t<p><span class=\"wpcf7-form-control-wrap\" data-name=\"str\"><input size=\"40\" maxlength=\"400\" class=\"wpcf7-form-control wpcf7-text wpcf7-validates-as-required\" aria-required=\"true\" aria-invalid=\"false\" placeholder=\"Calle\" value=\"\" type=\"text\" name=\"str\" \/><\/span>\n\t\t<\/p>\n\t<\/div>\n<\/div>\n<div class=\"row\">\n\t<div class=\"vc_col-sm-6\">\n\t\t<p><span class=\"wpcf7-form-control-wrap\" data-name=\"hnr\"><input size=\"40\" maxlength=\"400\" class=\"wpcf7-form-control wpcf7-text wpcf7-validates-as-required\" aria-required=\"true\" aria-invalid=\"false\" placeholder=\"N\u00famero de la casa\" value=\"\" type=\"text\" name=\"hnr\" \/><\/span>\n\t\t<\/p>\n\t<\/div>\n\t<div class=\"vc_col-sm-6\">\n\t\t<p><span class=\"wpcf7-form-control-wrap\" data-name=\"plz\"><input size=\"40\" maxlength=\"400\" class=\"wpcf7-form-control wpcf7-text wpcf7-validates-as-required\" aria-required=\"true\" aria-invalid=\"false\" placeholder=\"C\u00f3digo postal\" value=\"\" type=\"text\" name=\"plz\" \/><\/span>\n\t\t<\/p>\n\t<\/div>\n<\/div>\n<div class=\"row\">\n\t<div class=\"vc_col-sm-12\">\n\t\t<p><span class=\"wpcf7-form-control-wrap\" data-name=\"ort\"><input size=\"40\" maxlength=\"400\" class=\"wpcf7-form-control wpcf7-text wpcf7-validates-as-required\" aria-required=\"true\" aria-invalid=\"false\" placeholder=\"Sitio\" value=\"\" type=\"text\" name=\"ort\" \/><\/span>\n\t\t<\/p>\n\t<\/div>\n<\/div>\n<div class=\"row\">\n\t<div class=\"vc_col-sm-12 mb20\">\n\t\t<p><span class=\"wpcf7-form-control-wrap\" data-name=\"land\"><input size=\"40\" maxlength=\"400\" class=\"wpcf7-form-control wpcf7-text wpcf7-validates-as-required\" aria-required=\"true\" aria-invalid=\"false\" placeholder=\"Pa\u00eds\" value=\"\" type=\"text\" name=\"land\" \/><\/span>\n\t\t<\/p>\n\t<\/div>\n<\/div>\n<div class=\"row\">\n\t<div class=\"vc_col-sm-12 mb20\">\n\t\t<p><span class=\"wpcf7-form-control-wrap\" data-name=\"textarea-55\"><textarea cols=\"40\" rows=\"10\" maxlength=\"2000\" class=\"wpcf7-form-control wpcf7-textarea\" aria-invalid=\"false\" placeholder=\"Mensaje\" name=\"textarea-55\"><\/textarea><\/span>\n\t\t<\/p>\n\t<\/div>\n<\/div>\n<div class=\"vc_col-sm-12 mb20\">\n\t<p><span class=\"wpcf7-form-control-wrap\" data-name=\"acceptance-420\"><span class=\"wpcf7-form-control wpcf7-acceptance\"><span class=\"wpcf7-list-item\"><label><input type=\"checkbox\" name=\"acceptance-420\" value=\"1\" aria-invalid=\"false\" \/><span class=\"wpcf7-list-item-label\">S\u00ed, he le\u00eddo la <a href=\"\/datenschutz\">Pol\u00edtica de privacidad<\/a> y acepto que los datos que proporcione se recopilen y almacenen electr\u00f3nicamente. Mis datos se utilizar\u00e1n \u00fanicamente para procesar y responder a mi solicitud. Al enviar el formulario de contacto declaro mi aceptaci\u00f3n del tratamiento de los datos.\n&nbsp;\n<div class=\"mt20\">\n<a href=\"\/datenschutz\"><strong>POLITICA DE PRIVACIDAD COMPLETA.<\/strong><\/a>\n<\/div><\/span><\/label><\/span><\/span><\/span>\n\t<\/p>\n<\/div>\n<p><input class=\"wpcf7-form-control wpcf7-submit has-spinner\" type=\"submit\" value=\"ENVIAR\" \/>\n<\/p><div class=\"wpcf7-response-output\" aria-hidden=\"true\"><\/div>\n<\/form>\n<\/div>\n[\/vc_column][\/vc_row]<\/p>\n<\/div>","protected":false},"excerpt":{"rendered":"<p>[vc_row type=\u00bbvc_default\u00bb full_width=\u00bbstretch_row\u00bb css=\u00bb.vc_custom_1540292484178{background-position: center !important;background-repeat: no-repeat !important;background-size: contain !important;}\u00bb el_id=\u00bbasvearth\u00bb][vc_column][vc_row_inner css=\u00bb.vc_custom_1540039049438{margin-top: 30px !important;}\u00bb][vc_column_inner][vc_raw_html css=\u00bb.vc_custom_1603991041203{margin-bottom: 20px !important;}\u00bb]JTNDaDIlM0UlM0NzcGFuJTIwY2xhc3MlM0QlMjJyZWQtb25lJTIyJTNFQVMlMjBQZXJmb3JtYW5jZSUzQyUyRnNwYW4lM0UlMjBEaXN0cmlidWlkb3JhJTNDJTJGaDIlM0U=[\/vc_raw_html][\/vc_column_inner][\/vc_row_inner][vc_row_inner css=\u00bb.vc_custom_1540039862489{margin-top: 50px !important;}\u00bb][vc_column_inner width=\u00bb5\/6&#8243;][vc_raw_html css=\u00bb.vc_custom_1604064875701{margin-bottom: 20px !important;}\u00bb]JTNDaDMlMjBjbGFzcyUzRCUyMmFzdi1zdWJwcmV0ZXh0JTIyJTNFJTIwQ29udmklQzMlQTlydGFzZSUyMGVuJTIwZGlzdHJpYnVpZG9yJTIwZGUlMjAlM0NzcGFuJTIwY2xhc3MlM0QlMjJyZWQtb25lJTIyJTNFQVMlMjBQZXJmb3JtYW5jZS4lM0MlMkZzcGFuJTNFJTNDJTJGaDMlM0U=[\/vc_raw_html][vc_column_text css=\u00bb.vc_custom_1602758819434{margin-top: 0px !important;}\u00bb el_class=\u00bbli-ml\u00bb]\u00bfLe gustar\u00eda formar parte del equipo de AS Performance y distribuir nuestros productos de alto rendimiento? Le ofrecemos: Productos de la m\u00e1s alta calidad, \u00abMade in Germany\u201c. Excelente&hellip;<\/p>\n","protected":false},"author":2,"featured_media":0,"parent":5374,"menu_order":0,"comment_status":"closed","ping_status":"closed","template":"","meta":{"_acf_changed":false,"footnotes":""},"class_list":["post-5230","page","type-page","status-publish","hentry","description-off"],"acf":[],"_links":{"self":[{"href":"https:\/\/as-automotive.eu\/es\/wp-json\/wp\/v2\/pages\/5230","targetHints":{"allow":["GET"]}}],"collection":[{"href":"https:\/\/as-automotive.eu\/es\/wp-json\/wp\/v2\/pages"}],"about":[{"href":"https:\/\/as-automotive.eu\/es\/wp-json\/wp\/v2\/types\/page"}],"author":[{"embeddable":true,"href":"https:\/\/as-automotive.eu\/es\/wp-json\/wp\/v2\/users\/2"}],"replies":[{"embeddable":true,"href":"https:\/\/as-automotive.eu\/es\/wp-json\/wp\/v2\/comments?post=5230"}],"version-history":[{"count":13,"href":"https:\/\/as-automotive.eu\/es\/wp-json\/wp\/v2\/pages\/5230\/revisions"}],"predecessor-version":[{"id":7851,"href":"https:\/\/as-automotive.eu\/es\/wp-json\/wp\/v2\/pages\/5230\/revisions\/7851"}],"up":[{"embeddable":true,"href":"https:\/\/as-automotive.eu\/es\/wp-json\/wp\/v2\/pages\/5374"}],"wp:attachment":[{"href":"https:\/\/as-automotive.eu\/es\/wp-json\/wp\/v2\/media?parent=5230"}],"curies":[{"name":"wp","href":"https:\/\/api.w.org\/{rel}","templated":true}]}}