{"id":5221,"date":"2019-02-22T10:41:21","date_gmt":"2019-02-22T09:41:21","guid":{"rendered":"https:\/\/www.asv1.de\/?page_id=5221"},"modified":"2020-10-29T18:08:41","modified_gmt":"2020-10-29T17:08:41","slug":"newsletter-es","status":"publish","type":"page","link":"https:\/\/as-automotive.eu\/es\/unternehmen-es\/newsletter-es\/","title":{"rendered":"Bolet\u00edn informativo &#8211; ES"},"content":{"rendered":"<div class=\"wpb-content-wrapper\"><p>[vc_row type=\u00bbvc_default\u00bb full_width=\u00bbstretch_row\u00bb css=\u00bb.vc_custom_1540042650547{margin-bottom: 85px !important;background-position: center !important;background-repeat: no-repeat !important;background-size: contain !important;}\u00bb el_id=\u00bbasvearth\u00bb][vc_column][vc_row_inner css=\u00bb.vc_custom_1540042668206{margin-top: 30px !important;}\u00bb][vc_column_inner width=\u00bb2\/3&#8243;][vc_raw_html css=\u00bb.vc_custom_1603991316448{margin-bottom: 20px !important;}\u00bb]JTNDaDIlM0UlM0NzcGFuJTIwY2xhc3MlM0QlMjJyZWQtb25lJTIyJTNFTnVlc3RybyUyMEFTJTIwUGVyZm9ybWFuY2UlM0MlMkZzcGFuJTNFJTIwYm9sZXQlQzMlQURuJTIwaW5mb3JtYXRpdm8lM0MlMkZoMiUzRSUwQSUzQ2gzJTIwY2xhc3MlM0QlMjJhc3Ytc3VicHJldGV4dCUyMiUzRUVsJTIwQVMlMjBQZXJmb3JtYW5jZSUyMGJvbGV0JUMzJUFEbiUyMGluZm9ybWF0aXZvLiUzQ2JyJTNFJTIwUGFyYSUyMG5vJTIwcGVyZGVyc2UlMjBuYWRhLiUzQyUyRmgzJTNF[\/vc_raw_html][vc_column_text css=\u00bb.vc_custom_1552311327057{margin-top: 0px !important;}\u00bb]Mant\u00e9ngase en contacto con nosotros. Le informamos regularmente sobre noticias, fechas, eventos y pr\u00f3ximos proyectos.[\/vc_column_text][\/vc_column_inner][vc_column_inner width=\u00bb1\/3&#8243;][\/vc_column_inner][\/vc_row_inner][vc_row_inner css=\u00bb.vc_custom_1540038776794{margin-top: 30px !important;}\u00bb][vc_column_inner]\n<div class=\"wpcf7 no-js\" id=\"wpcf7-f6359-o1\" lang=\"de-DE\" dir=\"ltr\" data-wpcf7-id=\"6359\">\n<div class=\"screen-reader-response\"><p role=\"status\" aria-live=\"polite\" aria-atomic=\"true\"><\/p> <ul><\/ul><\/div>\n<form action=\"\/es\/wp-json\/wp\/v2\/pages\/5221#wpcf7-f6359-o1\" method=\"post\" class=\"wpcf7-form init\" aria-label=\"Kontaktformular\" novalidate=\"novalidate\" data-status=\"init\">\n<fieldset class=\"hidden-fields-container\"><input type=\"hidden\" name=\"_wpcf7\" value=\"6359\" \/><input type=\"hidden\" name=\"_wpcf7_version\" value=\"6.1.5\" \/><input type=\"hidden\" name=\"_wpcf7_locale\" value=\"de_DE\" \/><input type=\"hidden\" name=\"_wpcf7_unit_tag\" value=\"wpcf7-f6359-o1\" \/><input type=\"hidden\" name=\"_wpcf7_container_post\" value=\"0\" \/><input type=\"hidden\" name=\"_wpcf7_posted_data_hash\" value=\"\" \/>\n<\/fieldset>\n<div class=\"row\">\n\t<div class=\"vc_col-sm-6\">\n\t\t<p><span class=\"wpcf7-form-control-wrap\" data-name=\"vorname\"><input size=\"40\" maxlength=\"400\" class=\"wpcf7-form-control wpcf7-text wpcf7-validates-as-required\" aria-required=\"true\" aria-invalid=\"false\" placeholder=\"Nombre\" value=\"\" type=\"text\" name=\"vorname\" \/><\/span>\n\t\t<\/p>\n\t<\/div>\n\t<div class=\"vc_col-sm-6\">\n\t\t<p><span class=\"wpcf7-form-control-wrap\" data-name=\"nachname\"><input size=\"40\" maxlength=\"400\" class=\"wpcf7-form-control wpcf7-text wpcf7-validates-as-required\" aria-required=\"true\" aria-invalid=\"false\" placeholder=\"Apellido\" value=\"\" type=\"text\" name=\"nachname\" \/><\/span>\n\t\t<\/p>\n\t<\/div>\n<\/div>\n<div class=\"row\">\n\t<div class=\"vc_col-sm-12\">\n\t\t<p><span class=\"wpcf7-form-control-wrap\" data-name=\"e-mail\"><input size=\"40\" maxlength=\"400\" class=\"wpcf7-form-control wpcf7-text wpcf7-validates-as-required\" aria-required=\"true\" aria-invalid=\"false\" placeholder=\"Correo Electr\u00f3nico\" value=\"\" type=\"text\" name=\"e-mail\" \/><\/span>\n\t\t<\/p>\n\t<\/div>\n<\/div>\n<div class=\"row\">\n\t<div class=\"vc_col-sm-12\">\n\t\t<p><span class=\"wpcf7-form-control-wrap\" data-name=\"textarea-55\"><textarea cols=\"40\" rows=\"10\" maxlength=\"2000\" class=\"wpcf7-form-control wpcf7-textarea\" aria-invalid=\"false\" placeholder=\"Mensaje\" name=\"textarea-55\"><\/textarea><\/span>\n\t\t<\/p>\n\t<\/div>\n<\/div>\n<p><span class=\"wpcf7-form-control-wrap\" data-name=\"acceptance-420\"><span class=\"wpcf7-form-control wpcf7-acceptance\"><span class=\"wpcf7-list-item\"><label><input type=\"checkbox\" name=\"acceptance-420\" value=\"1\" aria-invalid=\"false\" \/><span class=\"wpcf7-list-item-label\">S\u00ed, he le\u00eddo la <a href=\"#\">Pol\u00edtica de privacidad<\/a> y acepto que los datos que proporcione se recopilen y almacenen electr\u00f3nicamente. Mis datos se utilizar\u00e1n \u00fanicamente para procesar y responder a mi solicitud. Al enviar el formulario de contacto declaro mi aceptaci\u00f3n del tratamiento de los datos.<\/span><\/label><\/span><\/span><\/span>\n<\/p>\n<p><!-- Mailchimp for WordPress v4.12.0 - https:\/\/www.mc4wp.com\/ --><input type=\"hidden\" name=\"_mc4wp_subscribe_contact-form-7\" value=\"0\" \/><span class=\"mc4wp-checkbox mc4wp-checkbox-contact-form-7 \"><label><input type=\"checkbox\" name=\"_mc4wp_subscribe_contact-form-7\" value=\"1\" ><span>    Ich m\u00f6chte mich au\u00dferdem f\u00fcr den Newsletter anmelden<\/span><\/label><\/span><!-- \/ Mailchimp for WordPress -->\n<\/p>\n<p><input class=\"wpcf7-form-control wpcf7-submit has-spinner\" type=\"submit\" value=\"Enviar\" \/>\n<\/p><div class=\"wpcf7-response-output\" aria-hidden=\"true\"><\/div>\n<\/form>\n<\/div>\n[\/vc_column_inner][\/vc_row_inner][\/vc_column][\/vc_row]<\/p>\n<\/div>","protected":false},"excerpt":{"rendered":"<p>[vc_row type=\u00bbvc_default\u00bb full_width=\u00bbstretch_row\u00bb css=\u00bb.vc_custom_1540042650547{margin-bottom: 85px !important;background-position: center !important;background-repeat: no-repeat !important;background-size: contain !important;}\u00bb el_id=\u00bbasvearth\u00bb][vc_column][vc_row_inner css=\u00bb.vc_custom_1540042668206{margin-top: 30px !important;}\u00bb][vc_column_inner width=\u00bb2\/3&#8243;][vc_raw_html css=\u00bb.vc_custom_1603991316448{margin-bottom: 20px !important;}\u00bb]JTNDaDIlM0UlM0NzcGFuJTIwY2xhc3MlM0QlMjJyZWQtb25lJTIyJTNFTnVlc3RybyUyMEFTJTIwUGVyZm9ybWFuY2UlM0MlMkZzcGFuJTNFJTIwYm9sZXQlQzMlQURuJTIwaW5mb3JtYXRpdm8lM0MlMkZoMiUzRSUwQSUzQ2gzJTIwY2xhc3MlM0QlMjJhc3Ytc3VicHJldGV4dCUyMiUzRUVsJTIwQVMlMjBQZXJmb3JtYW5jZSUyMGJvbGV0JUMzJUFEbiUyMGluZm9ybWF0aXZvLiUzQ2JyJTNFJTIwUGFyYSUyMG5vJTIwcGVyZGVyc2UlMjBuYWRhLiUzQyUyRmgzJTNF[\/vc_raw_html][vc_column_text css=\u00bb.vc_custom_1552311327057{margin-top: 0px !important;}\u00bb]Mant\u00e9ngase en contacto con nosotros. Le informamos regularmente sobre noticias, fechas, eventos y pr\u00f3ximos proyectos.[\/vc_column_text][\/vc_column_inner][vc_column_inner width=\u00bb1\/3&#8243;][\/vc_column_inner][\/vc_row_inner][vc_row_inner css=\u00bb.vc_custom_1540038776794{margin-top: 30px !important;}\u00bb][vc_column_inner][\/vc_column_inner][\/vc_row_inner][\/vc_column][\/vc_row]<\/p>\n","protected":false},"author":2,"featured_media":0,"parent":5374,"menu_order":0,"comment_status":"closed","ping_status":"closed","template":"","meta":{"_acf_changed":false,"footnotes":""},"class_list":["post-5221","page","type-page","status-publish","hentry","description-off"],"acf":[],"_links":{"self":[{"href":"https:\/\/as-automotive.eu\/es\/wp-json\/wp\/v2\/pages\/5221","targetHints":{"allow":["GET"]}}],"collection":[{"href":"https:\/\/as-automotive.eu\/es\/wp-json\/wp\/v2\/pages"}],"about":[{"href":"https:\/\/as-automotive.eu\/es\/wp-json\/wp\/v2\/types\/page"}],"author":[{"embeddable":true,"href":"https:\/\/as-automotive.eu\/es\/wp-json\/wp\/v2\/users\/2"}],"replies":[{"embeddable":true,"href":"https:\/\/as-automotive.eu\/es\/wp-json\/wp\/v2\/comments?post=5221"}],"version-history":[{"count":7,"href":"https:\/\/as-automotive.eu\/es\/wp-json\/wp\/v2\/pages\/5221\/revisions"}],"predecessor-version":[{"id":7824,"href":"https:\/\/as-automotive.eu\/es\/wp-json\/wp\/v2\/pages\/5221\/revisions\/7824"}],"up":[{"embeddable":true,"href":"https:\/\/as-automotive.eu\/es\/wp-json\/wp\/v2\/pages\/5374"}],"wp:attachment":[{"href":"https:\/\/as-automotive.eu\/es\/wp-json\/wp\/v2\/media?parent=5221"}],"curies":[{"name":"wp","href":"https:\/\/api.w.org\/{rel}","templated":true}]}}