{"id":5215,"date":"2019-02-21T15:06:46","date_gmt":"2019-02-21T14:06:46","guid":{"rendered":"https:\/\/www.asv1.de\/?page_id=5215"},"modified":"2020-10-30T13:48:13","modified_gmt":"2020-10-30T12:48:13","slug":"neuigkeiten-es","status":"publish","type":"page","link":"https:\/\/as-automotive.eu\/es\/unternehmen-es\/neuigkeiten-es\/","title":{"rendered":"Novedades &#8211; ES"},"content":{"rendered":"<div class=\"wpb-content-wrapper\"><p>[vc_row][vc_column][vc_column_text css=\u00bb.vc_custom_1604056883699{margin-top: 80px !important;}\u00bb]<\/p>\n<h2><span class=\"red-one\">AS Performance<\/span> Novedades<\/h2>\n<p>[\/vc_column_text][\/vc_column][\/vc_row][vc_row type=\u00bbvc_default\u00bb full_width=\u00bbstretch_row_content\u00bb equal_height=\u00bbyes\u00bb css=\u00bb.vc_custom_1540910478978{padding-right: 80px !important;padding-bottom: 85px !important;padding-left: 80px !important;background-position: center !important;background-repeat: no-repeat !important;background-size: cover !important;}\u00bb el_class=\u00bbasv-greybox\u00bb][vc_column css_animation=\u00bbfadeInUp\u00bb width=\u00bb1\/2&#8243; el_class=\u00bbasv-aboutbox\u00bb css=\u00bb.vc_custom_1540303014902{border-right-width: 3px !important;padding-top: 20px !important;padding-right: 20px !important;padding-bottom: 20px !important;padding-left: 20px !important;background-color: rgba(195,195,195,0.3) !important;*background-color: rgb(195,195,195) !important;border-right-color: #e12122 !important;border-right-style: solid !important;}\u00bb][vc_row_inner][vc_column_inner width=\u00bb2\/3&#8243;][vc_raw_html css=\u00bb.vc_custom_1604053087999{margin-bottom: 0px !important;}\u00bb]JTNDaDMlMjBjbGFzcyUzRCUyMmFzdi1zdWJwcmV0ZXh0JTIyJTNFJTNDc3BhbiUyMGNsYXNzJTNEJTIycmVkLW9uZSUyMiUzRXd3dy5hcy1hdXRvbW90aXZlLmV1JTNDJTJGc3BhbiUzRSUzQyUyRmgzJTNF[\/vc_raw_html][vc_column_text]<\/p>\n<p class=\"p3\">Aqu\u00ed est\u00e1. La nueva p\u00e1gina web de AS Performance. No hay duda: a abril con sus chaparrones, sigue mayo con sus flores, aunque, en este caso particular, hablamos del mes de septiembre. Tiene muchas cosas nuevas por descubrir. Un nuevo dise\u00f1o, productos totalmente nuevos y accesorios \u00fatiles, adem\u00e1s de nuestro nuevo diccionario de lubricantes, que responde a muchas preguntas&#8230;<\/p>\n<p>[\/vc_column_text]<style type=\"text\/css\" data-type=\"the7_shortcodes-inline-css\">#default-btn-eb819647c779040d5b22c555c0b9ee11.ico-right-side > i {\n  margin-right: 0px;\n  margin-left: 8px;\n}\n#default-btn-eb819647c779040d5b22c555c0b9ee11 > i {\n  margin-right: 8px;\n}<\/style><a href=\"https:\/\/as-automotive.eu\/es\/www-asv1-de\/\" class=\"default-btn-shortcode dt-btn dt-btn-s link-hover-off asv-more asv-more-grey btn-inline-left \" id=\"default-btn-eb819647c779040d5b22c555c0b9ee11\"><span>encuentra m\u00e1s<\/span><\/a>[\/vc_column_inner][vc_column_inner width=\u00bb1\/3&#8243;]<style type=\"text\/css\" data-type=\"the7_shortcodes-inline-css\">.shortcode-single-image-wrap.shortcode-single-image-8d6dd3967268357a37c9ba9a07eafd4d.enable-bg-rollover .rollover i,\n.shortcode-single-image-wrap.shortcode-single-image-8d6dd3967268357a37c9ba9a07eafd4d.enable-bg-rollover .rollover-video i {\n  background: -webkit-linear-gradient();\n  background: linear-gradient();\n}\n.shortcode-single-image-wrap.shortcode-single-image-8d6dd3967268357a37c9ba9a07eafd4d .rollover-icon {\n  font-size: 32px;\n  color: #ffffff;\n  min-width: 44px;\n  min-height: 44px;\n  line-height: 44px;\n  border-radius: 100px;\n  border-style: solid;\n  border-width: 0px;\n}\n.dt-icon-bg-on.shortcode-single-image-wrap.shortcode-single-image-8d6dd3967268357a37c9ba9a07eafd4d .rollover-icon {\n  background: rgba(255,255,255,0.3);\n  box-shadow: none;\n}<\/style><div class=\"shortcode-single-image-wrap shortcode-single-image-8d6dd3967268357a37c9ba9a07eafd4d alignnone  enable-bg-rollover dt-icon-bg-off\" style=\"margin-top:0px; margin-bottom:0px; margin-left:0px; margin-right:0px; width:500px;\"><div class=\"shortcode-single-image\"><div class=\"fancy-media-wrap  layzr-bg\" style=\"\"><img fetchpriority=\"high\" decoding=\"async\" class=\"preload-me lazy-load aspect\" src=\"data:image\/svg+xml,%3Csvg%20xmlns%3D&#39;http%3A%2F%2Fwww.w3.org%2F2000%2Fsvg&#39;%20viewBox%3D&#39;0%200%20500%20298&#39;%2F%3E\" data-src=\"https:\/\/as-automotive.eu\/wp-content\/uploads\/2020\/10\/as-automotive-500x298.jpg\" data-srcset=\"https:\/\/as-automotive.eu\/wp-content\/uploads\/2020\/10\/as-automotive-500x298.jpg 500w, https:\/\/as-automotive.eu\/wp-content\/uploads\/2020\/10\/as-automotive-1000x596.jpg 1000w\" loading=\"eager\" sizes=\"(max-width: 500px) 100vw, 500px\" width=\"500\" height=\"298\"  data-dt-location=\"https:\/\/as-automotive.eu\/es\/unternehmen-es\/neuigkeiten-es\/as-automotive-2\/\" style=\"--ratio: 500 \/ 298;\" alt=\"\" \/><\/div><\/div><\/div>[\/vc_column_inner][\/vc_row_inner][\/vc_column][vc_column width=\u00bb1\/2&#8243; offset=\u00bbvc_hidden-xs\u00bb][\/vc_column][vc_column width=\u00bb1\/2&#8243; offset=\u00bbvc_hidden-xs\u00bb][\/vc_column][vc_column css_animation=\u00bbfadeInUp\u00bb width=\u00bb1\/2&#8243; css=\u00bb.vc_custom_1540821696540{margin-left: -3.5px !important;border-left-width: 3px !important;padding-top: 20px !important;padding-right: 20px !important;padding-bottom: 20px !important;padding-left: 20px !important;background-color: rgba(195,195,195,0.3) !important;*background-color: rgb(195,195,195) !important;border-left-color: #e21222 !important;border-left-style: solid !important;}\u00bb][vc_row_inner][vc_column_inner width=\u00bb1\/3&#8243;]<style type=\"text\/css\" data-type=\"the7_shortcodes-inline-css\">.shortcode-single-image-wrap.shortcode-single-image-844f202aa471589d4e6cc46b647fb27c.enable-bg-rollover .rollover i,\n.shortcode-single-image-wrap.shortcode-single-image-844f202aa471589d4e6cc46b647fb27c.enable-bg-rollover .rollover-video i {\n  background: -webkit-linear-gradient();\n  background: linear-gradient();\n}\n.shortcode-single-image-wrap.shortcode-single-image-844f202aa471589d4e6cc46b647fb27c .rollover-icon {\n  font-size: 32px;\n  color: #ffffff;\n  min-width: 44px;\n  min-height: 44px;\n  line-height: 44px;\n  border-radius: 100px;\n  border-style: solid;\n  border-width: 0px;\n}\n.dt-icon-bg-on.shortcode-single-image-wrap.shortcode-single-image-844f202aa471589d4e6cc46b647fb27c .rollover-icon {\n  background: rgba(255,255,255,0.3);\n  box-shadow: none;\n}<\/style><div class=\"shortcode-single-image-wrap shortcode-single-image-844f202aa471589d4e6cc46b647fb27c alignnone  enable-bg-rollover dt-icon-bg-off\" style=\"margin-top:0px; margin-bottom:0px; margin-left:0px; margin-right:0px; width:500px;\"><div class=\"shortcode-single-image\"><div class=\"fancy-media-wrap  layzr-bg\" style=\"\"><img decoding=\"async\" class=\"preload-me lazy-load aspect\" src=\"data:image\/svg+xml,%3Csvg%20xmlns%3D&#39;http%3A%2F%2Fwww.w3.org%2F2000%2Fsvg&#39;%20viewBox%3D&#39;0%200%20500%20333&#39;%2F%3E\" data-src=\"https:\/\/as-automotive.eu\/wp-content\/uploads\/2018\/11\/asv1_neuigkeiten_ein_spannender_drehtag_in_der_produktion-500x333.jpg\" data-srcset=\"https:\/\/as-automotive.eu\/wp-content\/uploads\/2018\/11\/asv1_neuigkeiten_ein_spannender_drehtag_in_der_produktion-500x333.jpg 500w, https:\/\/as-automotive.eu\/wp-content\/uploads\/2018\/11\/asv1_neuigkeiten_ein_spannender_drehtag_in_der_produktion-1000x666.jpg 1000w\" loading=\"eager\" sizes=\"(max-width: 500px) 100vw, 500px\" width=\"500\" height=\"333\"  data-dt-location=\"https:\/\/as-automotive.eu\/es\/ein-spannender-drehtag-in-der-produktion\/asv1_neuigkeiten_ein_spannender_drehtag_in_der_produktion\/\" style=\"--ratio: 500 \/ 333;\" alt=\"\" \/><\/div><\/div><\/div>[\/vc_column_inner][vc_column_inner width=\u00bb2\/3&#8243;][vc_raw_html css=\u00bb.vc_custom_1604053104080{margin-bottom: 0px !important;}\u00bb]JTNDaDMlMjBjbGFzcyUzRCUyMmFzdi1zdWJwcmV0ZXh0JTIyJTNFJTNDc3BhbiUyMGNsYXNzJTNEJTIycmVkLW9uZSUyMiUzRVVuJTIwZW1vY2lvbmFudGUlM0MlMkZzcGFuJTNFJTIwZCVDMyVBRGElMjBkZSUyMHJvZGFqZSUyMGVuJTIwbGElMjB6b25hJTIwZGUlMjBwcm9kdWNjaSVDMyVCM24lM0MlMkZoMyUzRQ==[\/vc_raw_html][vc_column_text]\u00bfC\u00f3mo se fabrican los productos de AS Performance? \u00bfC\u00f3mo llega el producto a la botella y el bid\u00f3n? Todo lo hacemos nosotros, con la ayuda de nuestros empleados. Naturalmente, nos ayudamos de la m\u00e1s moderna tecnolog\u00eda de envasado. Invertimos continuamente en plantas envasadoras y conceptos de almacenamiento de \u00faltima generaci\u00f3n para garantizar la mejor calidad del producto, los plazos de entrega m\u00e1s cortos y el servicio al cliente al que lo tenemos acostumbrado. Detr\u00e1s de nuestros productos hay personas con pasi\u00f3n y entusiasmo.[\/vc_column_text]<style type=\"text\/css\" data-type=\"the7_shortcodes-inline-css\">#default-btn-113b410e12184f98b3419b772d0d43cf.ico-right-side > i {\n  margin-right: 0px;\n  margin-left: 8px;\n}\n#default-btn-113b410e12184f98b3419b772d0d43cf > i {\n  margin-right: 8px;\n}<\/style><a href=\"https:\/\/as-automotive.eu\/es\/ein-spannender-drehtag-in-der-produktion\/\" class=\"default-btn-shortcode dt-btn dt-btn-s link-hover-off asv-more asv-more-grey btn-inline-left \" id=\"default-btn-113b410e12184f98b3419b772d0d43cf\"><span>encuentra m\u00e1s<\/span><\/a>[\/vc_column_inner][\/vc_row_inner][\/vc_column][vc_column css_animation=\u00bbfadeInUp\u00bb width=\u00bb1\/2&#8243; el_class=\u00bbasv-aboutbox\u00bb css=\u00bb.vc_custom_1540821735980{border-right-width: 3px !important;padding-top: 20px !important;padding-right: 20px !important;padding-bottom: 20px !important;padding-left: 20px !important;background-color: rgba(195,195,195,0.3) !important;*background-color: rgb(195,195,195) !important;border-right-color: #e12122 !important;border-right-style: solid !important;}\u00bb][vc_row_inner][vc_column_inner width=\u00bb2\/3&#8243;][vc_raw_html css=\u00bb.vc_custom_1604053123495{margin-bottom: 0px !important;}\u00bb]JTNDaDMlMjBjbGFzcyUzRCUyMmFzdi1zdWJwcmV0ZXh0JTIyJTNFJTNDc3BhbiUyMGNsYXNzJTNEJTIycmVkLW9uZSUyMiUzRURlJTIwY2FtaW5vJTNDJTJGc3BhbiUzRSUyMGFsJTIwbXVuZG8lMjBlbnRlcm8lM0MlMkZoMyUzRSUwQSUwQQ==[\/vc_raw_html][vc_column_text]Nuestros productos salen de la f\u00e1brica despu\u00e9s de un extenso proceso de prueba, una cuidadosa selecci\u00f3n de los pedidos y una carga segura. De camino al mundo entero: a Alemania, Europa, Oriente Medio, Asia, Indochina, Australia o ultramar. Creemos que la internacionalidad es algo importante. Como es evidente, nuestros clientes esperan una entrega r\u00e1pida por parte de compa\u00f1\u00edas de transporte confiables, ya sea a trav\u00e9s de contenedores en el extranjero o por tierra en cami\u00f3n. En caso de ser especialmente urgentes, los productos de AS Performance pueden llegar a nuestros clientes incluso mediante transporte a\u00e9reo; nada es imposible. Acompa\u00f1amos a nuestros clientes en el proceso de pedido y en todos los dem\u00e1s. Atenci\u00f3n al cliente al m\u00e1s alto nivel.[\/vc_column_text]<style type=\"text\/css\" data-type=\"the7_shortcodes-inline-css\">#default-btn-918881140bb53a4f86c0d07bc561b9f1.ico-right-side > i {\n  margin-right: 0px;\n  margin-left: 8px;\n}\n#default-btn-918881140bb53a4f86c0d07bc561b9f1 > i {\n  margin-right: 8px;\n}<\/style><a href=\"https:\/\/as-automotive.eu\/es\/blog\/2018\/09\/11\/auf-dem-weg-in-die-ganze-welt\/\" class=\"default-btn-shortcode dt-btn dt-btn-s link-hover-off asv-more asv-more-grey btn-inline-left \" id=\"default-btn-918881140bb53a4f86c0d07bc561b9f1\"><span>encuentra m\u00e1s<\/span><\/a>[\/vc_column_inner][vc_column_inner width=\u00bb1\/3&#8243;]<style type=\"text\/css\" data-type=\"the7_shortcodes-inline-css\">.shortcode-single-image-wrap.shortcode-single-image-0be06ef244290c87811b3f7e8efbf533.enable-bg-rollover .rollover i,\n.shortcode-single-image-wrap.shortcode-single-image-0be06ef244290c87811b3f7e8efbf533.enable-bg-rollover .rollover-video i {\n  background: -webkit-linear-gradient();\n  background: linear-gradient();\n}\n.shortcode-single-image-wrap.shortcode-single-image-0be06ef244290c87811b3f7e8efbf533 .rollover-icon {\n  font-size: 32px;\n  color: #ffffff;\n  min-width: 44px;\n  min-height: 44px;\n  line-height: 44px;\n  border-radius: 100px;\n  border-style: solid;\n  border-width: 0px;\n}\n.dt-icon-bg-on.shortcode-single-image-wrap.shortcode-single-image-0be06ef244290c87811b3f7e8efbf533 .rollover-icon {\n  background: rgba(255,255,255,0.3);\n  box-shadow: none;\n}<\/style><div class=\"shortcode-single-image-wrap shortcode-single-image-0be06ef244290c87811b3f7e8efbf533 alignnone  enable-bg-rollover dt-icon-bg-off\" style=\"margin-top:0px; margin-bottom:0px; margin-left:0px; margin-right:0px; width:500px;\"><div class=\"shortcode-single-image\"><div class=\"fancy-media-wrap  layzr-bg\" style=\"\"><img decoding=\"async\" class=\"preload-me lazy-load aspect\" src=\"data:image\/svg+xml,%3Csvg%20xmlns%3D&#39;http%3A%2F%2Fwww.w3.org%2F2000%2Fsvg&#39;%20viewBox%3D&#39;0%200%20500%20333&#39;%2F%3E\" data-src=\"https:\/\/as-automotive.eu\/wp-content\/uploads\/2018\/11\/asv1_neuigkeiten_auf_dem_weg_in_die_ganze_welt-500x333.jpg\" data-srcset=\"https:\/\/as-automotive.eu\/wp-content\/uploads\/2018\/11\/asv1_neuigkeiten_auf_dem_weg_in_die_ganze_welt-500x333.jpg 500w, https:\/\/as-automotive.eu\/wp-content\/uploads\/2018\/11\/asv1_neuigkeiten_auf_dem_weg_in_die_ganze_welt-1000x666.jpg 1000w\" loading=\"eager\" sizes=\"(max-width: 500px) 100vw, 500px\" width=\"500\" height=\"333\"  data-dt-location=\"https:\/\/as-automotive.eu\/es\/auf-dem-weg-in-die-ganze-welt\/asv1_neuigkeiten_auf_dem_weg_in_die_ganze_welt\/\" style=\"--ratio: 500 \/ 333;\" alt=\"\" \/><\/div><\/div><\/div>[\/vc_column_inner][\/vc_row_inner][\/vc_column][vc_column width=\u00bb1\/2&#8243; offset=\u00bbvc_hidden-xs\u00bb][\/vc_column][vc_column width=\u00bb1\/2&#8243; offset=\u00bbvc_hidden-xs\u00bb][\/vc_column][vc_column css_animation=\u00bbfadeInUp\u00bb width=\u00bb1\/2&#8243; css=\u00bb.vc_custom_1540822403474{margin-left: -3.5px !important;border-left-width: 3px !important;padding-top: 20px !important;padding-right: 20px !important;padding-bottom: 20px !important;padding-left: 20px !important;background-color: rgba(195,195,195,0.3) !important;*background-color: rgb(195,195,195) !important;border-left-color: #e12122 !important;border-left-style: solid !important;}\u00bb][vc_row_inner][vc_column_inner width=\u00bb1\/3&#8243;]<style type=\"text\/css\" data-type=\"the7_shortcodes-inline-css\">.shortcode-single-image-wrap.shortcode-single-image-7e6a4ce3c251c7661eef3e00b2f08bee.enable-bg-rollover .rollover i,\n.shortcode-single-image-wrap.shortcode-single-image-7e6a4ce3c251c7661eef3e00b2f08bee.enable-bg-rollover .rollover-video i {\n  background: -webkit-linear-gradient();\n  background: linear-gradient();\n}\n.shortcode-single-image-wrap.shortcode-single-image-7e6a4ce3c251c7661eef3e00b2f08bee .rollover-icon {\n  font-size: 32px;\n  color: #ffffff;\n  min-width: 44px;\n  min-height: 44px;\n  line-height: 44px;\n  border-radius: 100px;\n  border-style: solid;\n  border-width: 0px;\n}\n.dt-icon-bg-on.shortcode-single-image-wrap.shortcode-single-image-7e6a4ce3c251c7661eef3e00b2f08bee .rollover-icon {\n  background: rgba(255,255,255,0.3);\n  box-shadow: none;\n}<\/style><div class=\"shortcode-single-image-wrap shortcode-single-image-7e6a4ce3c251c7661eef3e00b2f08bee alignnone  enable-bg-rollover dt-icon-bg-off\" style=\"margin-top:0px; margin-bottom:0px; margin-left:0px; margin-right:0px; width:500px;\"><div class=\"shortcode-single-image\"><div class=\"fancy-media-wrap  layzr-bg\" style=\"\"><img decoding=\"async\" class=\"preload-me lazy-load aspect\" src=\"data:image\/svg+xml,%3Csvg%20xmlns%3D&#39;http%3A%2F%2Fwww.w3.org%2F2000%2Fsvg&#39;%20viewBox%3D&#39;0%200%20500%20333&#39;%2F%3E\" data-src=\"https:\/\/as-automotive.eu\/wp-content\/uploads\/2018\/11\/asv1_neuigkeiten_bei_wind_und_wetter-500x333.jpg\" data-srcset=\"https:\/\/as-automotive.eu\/wp-content\/uploads\/2018\/11\/asv1_neuigkeiten_bei_wind_und_wetter-500x333.jpg 500w, https:\/\/as-automotive.eu\/wp-content\/uploads\/2018\/11\/asv1_neuigkeiten_bei_wind_und_wetter-1000x666.jpg 1000w\" loading=\"eager\" sizes=\"(max-width: 500px) 100vw, 500px\" width=\"500\" height=\"333\"  data-dt-location=\"https:\/\/as-automotive.eu\/es\/bei-wind-und-wetter\/asv1_neuigkeiten_bei_wind_und_wetter\/\" style=\"--ratio: 500 \/ 333;\" alt=\"\" \/><\/div><\/div><\/div>[\/vc_column_inner][vc_column_inner width=\u00bb2\/3&#8243;][vc_raw_html css=\u00bb.vc_custom_1604053145772{margin-bottom: 0px !important;}\u00bb]JTNDaDMlMjBjbGFzcyUzRCUyMmFzdi1zdWJwcmV0ZXh0JTIyJTNFJTNDc3BhbiUyMGNsYXNzJTNEJTIycmVkLW9uZSUyMiUzRUJham8lMjBjdWFscXVpZXIlM0MlMkZzcGFuJTNFJTIwY29uZGljaSVDMyVCM24lMjBtZXRlb3JvbCVDMyVCM2dpY2EuLi4lM0MlMkZoMyUzRQ==[\/vc_raw_html][vc_column_text]Incluso en Alemania el sol no siempre brilla. El clima fr\u00edo, las heladas, la nieve, el viento, la lluvia y las malas condiciones en la carretera son nuestros compa\u00f1eros permanentes durante el invierno. Con nuestros productos de servicio de AS Performance usted desaf\u00eda a las condiciones clim\u00e1ticas adversas y siempre mantiene la perspectiva.[\/vc_column_text]<style type=\"text\/css\" data-type=\"the7_shortcodes-inline-css\">#default-btn-98712a3aa97e40fe10d9ef73ffc8ccb1.ico-right-side > i {\n  margin-right: 0px;\n  margin-left: 8px;\n}\n#default-btn-98712a3aa97e40fe10d9ef73ffc8ccb1 > i {\n  margin-right: 8px;\n}<\/style><a href=\"https:\/\/as-automotive.eu\/es\/blog\/2018\/11\/09\/bei-wind-und-wetter\/\" class=\"default-btn-shortcode dt-btn dt-btn-s link-hover-off asv-more asv-more-grey btn-inline-left \" id=\"default-btn-98712a3aa97e40fe10d9ef73ffc8ccb1\"><span>encuentra m\u00e1s<\/span><\/a>[\/vc_column_inner][\/vc_row_inner][\/vc_column][vc_column css_animation=\u00bbfadeInUp\u00bb width=\u00bb1\/2&#8243; css=\u00bb.vc_custom_1541775181978{border-right-width: 3px !important;padding-top: 20px !important;padding-right: 20px !important;padding-bottom: 20px !important;padding-left: 20px !important;background-color: rgba(195,195,195,0.3) !important;*background-color: rgb(195,195,195) !important;border-right-color: #e12122 !important;border-right-style: solid !important;}\u00bb][vc_row_inner][vc_column_inner width=\u00bb2\/3&#8243;][vc_raw_html css=\u00bb.vc_custom_1604053165488{margin-bottom: 0px !important;}\u00bb]JTNDaDMlMjBjbGFzcyUzRCUyMmFzdi1zdWJwcmV0ZXh0JTIyJTNFJTNDc3BhbiUyMGNsYXNzJTNEJTIycmVkLW9uZSUyMiUzRU51ZXN0cmElMjBudWV2YSUzQyUyRnNwYW4lM0UlMjBib21iYSUyMG1hbnVhbCUyMGRlJTIwcGwlQzMlQTFzdGljbyUzQyUyRmgzJTNFJTBB[\/vc_raw_html][vc_column_text]Tenemos el placer de presentar nuestra nueva bomba manual de pl\u00e1stico para bidones de 60 L y 205 L. Facilita considerablemente el bombeo de los l\u00edquidos almacenados y tambi\u00e9n hace de la dosificaci\u00f3n un proceso facil\u00edsimo. El tubo de succi\u00f3n telesc\u00f3pico correspondiente se puede ajustar de 480 a 950 mm y se lo entregaremos directamente.[\/vc_column_text]<style type=\"text\/css\" data-type=\"the7_shortcodes-inline-css\">#default-btn-c4c9fb61cf1c937d3c96337d3313007f.ico-right-side > i {\n  margin-right: 0px;\n  margin-left: 8px;\n}\n#default-btn-c4c9fb61cf1c937d3c96337d3313007f > i {\n  margin-right: 8px;\n}<\/style><a href=\"https:\/\/as-automotive.eu\/es\/blog\/2018\/09\/20\/unsere-neue-kunststoff-handpumpe\/\" class=\"default-btn-shortcode dt-btn dt-btn-s link-hover-off asv-more asv-more-grey btn-inline-left \" id=\"default-btn-c4c9fb61cf1c937d3c96337d3313007f\"><span>encuentra m\u00e1s<\/span><\/a>[\/vc_column_inner][vc_column_inner width=\u00bb1\/3&#8243;]<style type=\"text\/css\" data-type=\"the7_shortcodes-inline-css\">.shortcode-single-image-wrap.shortcode-single-image-9413856e97779ab25744d845119bb664.enable-bg-rollover .rollover i,\n.shortcode-single-image-wrap.shortcode-single-image-9413856e97779ab25744d845119bb664.enable-bg-rollover .rollover-video i {\n  background: -webkit-linear-gradient();\n  background: linear-gradient();\n}\n.shortcode-single-image-wrap.shortcode-single-image-9413856e97779ab25744d845119bb664 .rollover-icon {\n  font-size: 32px;\n  color: #ffffff;\n  min-width: 44px;\n  min-height: 44px;\n  line-height: 44px;\n  border-radius: 100px;\n  border-style: solid;\n  border-width: 0px;\n}\n.dt-icon-bg-on.shortcode-single-image-wrap.shortcode-single-image-9413856e97779ab25744d845119bb664 .rollover-icon {\n  background: rgba(255,255,255,0.3);\n  box-shadow: none;\n}<\/style><div class=\"shortcode-single-image-wrap shortcode-single-image-9413856e97779ab25744d845119bb664 alignnone  enable-bg-rollover dt-icon-bg-off\" style=\"margin-top:0px; margin-bottom:0px; margin-left:0px; margin-right:0px; width:500px;\"><div class=\"shortcode-single-image\"><div class=\"fancy-media-wrap  layzr-bg\" style=\"\"><img decoding=\"async\" class=\"preload-me lazy-load aspect\" src=\"data:image\/svg+xml,%3Csvg%20xmlns%3D&#39;http%3A%2F%2Fwww.w3.org%2F2000%2Fsvg&#39;%20viewBox%3D&#39;0%200%20500%20327&#39;%2F%3E\" data-src=\"https:\/\/as-automotive.eu\/wp-content\/uploads\/2020\/10\/asv1-handpumpe-500x327.png\" data-srcset=\"https:\/\/as-automotive.eu\/wp-content\/uploads\/2020\/10\/asv1-handpumpe-500x327.png 500w, https:\/\/as-automotive.eu\/wp-content\/uploads\/2020\/10\/asv1-handpumpe-1000x654.png 1000w\" loading=\"eager\" sizes=\"(max-width: 500px) 100vw, 500px\" width=\"500\" height=\"327\"  data-dt-location=\"https:\/\/as-automotive.eu\/es\/unternehmen-es\/neuigkeiten-es\/asv1-handpumpe-2\/\" style=\"--ratio: 500 \/ 327;\" alt=\"\" \/><\/div><\/div><\/div>[\/vc_column_inner][\/vc_row_inner][\/vc_column][vc_column width=\u00bb1\/2&#8243;][\/vc_column][\/vc_row]<\/p>\n<\/div>","protected":false},"excerpt":{"rendered":"<p>[vc_row][vc_column][vc_column_text css=\u00bb.vc_custom_1604056883699{margin-top: 80px !important;}\u00bb] AS Performance Novedades [\/vc_column_text][\/vc_column][\/vc_row][vc_row type=\u00bbvc_default\u00bb full_width=\u00bbstretch_row_content\u00bb equal_height=\u00bbyes\u00bb css=\u00bb.vc_custom_1540910478978{padding-right: 80px !important;padding-bottom: 85px !important;padding-left: 80px !important;background-position: center !important;background-repeat: no-repeat !important;background-size: cover !important;}\u00bb el_class=\u00bbasv-greybox\u00bb][vc_column css_animation=\u00bbfadeInUp\u00bb width=\u00bb1\/2&#8243; el_class=\u00bbasv-aboutbox\u00bb css=\u00bb.vc_custom_1540303014902{border-right-width: 3px !important;padding-top: 20px !important;padding-right: 20px !important;padding-bottom: 20px !important;padding-left: 20px !important;background-color: rgba(195,195,195,0.3) !important;*background-color: rgb(195,195,195) !important;border-right-color: #e12122 !important;border-right-style: solid !important;}\u00bb][vc_row_inner][vc_column_inner width=\u00bb2\/3&#8243;][vc_raw_html css=\u00bb.vc_custom_1604053087999{margin-bottom: 0px !important;}\u00bb]JTNDaDMlMjBjbGFzcyUzRCUyMmFzdi1zdWJwcmV0ZXh0JTIyJTNFJTNDc3BhbiUyMGNsYXNzJTNEJTIycmVkLW9uZSUyMiUzRXd3dy5hcy1hdXRvbW90aXZlLmV1JTNDJTJGc3BhbiUzRSUzQyUyRmgzJTNF[\/vc_raw_html][vc_column_text] Aqu\u00ed est\u00e1. La nueva&hellip;<\/p>\n","protected":false},"author":2,"featured_media":0,"parent":5374,"menu_order":0,"comment_status":"closed","ping_status":"closed","template":"","meta":{"_acf_changed":false,"footnotes":""},"class_list":["post-5215","page","type-page","status-publish","hentry","description-off"],"acf":[],"_links":{"self":[{"href":"https:\/\/as-automotive.eu\/es\/wp-json\/wp\/v2\/pages\/5215","targetHints":{"allow":["GET"]}}],"collection":[{"href":"https:\/\/as-automotive.eu\/es\/wp-json\/wp\/v2\/pages"}],"about":[{"href":"https:\/\/as-automotive.eu\/es\/wp-json\/wp\/v2\/types\/page"}],"author":[{"embeddable":true,"href":"https:\/\/as-automotive.eu\/es\/wp-json\/wp\/v2\/users\/2"}],"replies":[{"embeddable":true,"href":"https:\/\/as-automotive.eu\/es\/wp-json\/wp\/v2\/comments?post=5215"}],"version-history":[{"count":11,"href":"https:\/\/as-automotive.eu\/es\/wp-json\/wp\/v2\/pages\/5215\/revisions"}],"predecessor-version":[{"id":7843,"href":"https:\/\/as-automotive.eu\/es\/wp-json\/wp\/v2\/pages\/5215\/revisions\/7843"}],"up":[{"embeddable":true,"href":"https:\/\/as-automotive.eu\/es\/wp-json\/wp\/v2\/pages\/5374"}],"wp:attachment":[{"href":"https:\/\/as-automotive.eu\/es\/wp-json\/wp\/v2\/media?parent=5215"}],"curies":[{"name":"wp","href":"https:\/\/api.w.org\/{rel}","templated":true}]}}