{"id":5206,"date":"2019-02-21T15:05:05","date_gmt":"2019-02-21T14:05:05","guid":{"rendered":"https:\/\/www.asv1.de\/?page_id=5206"},"modified":"2020-10-28T10:12:12","modified_gmt":"2020-10-28T09:12:12","slug":"international-es","status":"publish","type":"page","link":"https:\/\/as-automotive.eu\/es\/unternehmen-es\/international-es\/","title":{"rendered":"Internacional &#8211; ES"},"content":{"rendered":"<div class=\"wpb-content-wrapper\"><p>[vc_row type=\u00bbvc_default\u00bb full_width=\u00bbstretch_row\u00bb margin_top=\u00bb50&#8243; margin_bottom=\u00bb100&#8243; css=\u00bb.vc_custom_1541754387429{margin-top: 0px !important;padding-top: 65px !important;padding-bottom: 35px !important;}\u00bb][vc_column][vc_column_text]<\/p>\n<h2><span class=\"red-one\">AS Performance<\/span> Internacional<\/h2>\n<p>[\/vc_column_text][\/vc_column][\/vc_row][vc_row][vc_column width=\u00bb5\/6&#8243;][vc_column_text css=\u00bb.vc_custom_1603876243963{margin-bottom: 20px !important;}\u00bb]<\/p>\n<h3 class=\"asv-subpretext\"><span class=\"red-one\">AS Performance<\/span> Made in Germany<\/h3>\n<p>[\/vc_column_text][vc_column_text]Lubricantes potentes y productos para el sector de la automoci\u00f3n \u00abMade in Germany\u00bb.<\/p>\n<p>Los lubricantes de AS Performance est\u00e1n representados en muchos mercados internacionales. Nuestros expertos en lubricantes comparten el entusiasmo y la pasi\u00f3n de nuestros socios comerciales en todo el mundo.[\/vc_column_text][\/vc_column][vc_column width=\u00bb1\/6&#8243;][\/vc_column][\/vc_row][vc_row][vc_column width=\u00bb5\/6&#8243;][vc_column_text css=\u00bb.vc_custom_1603876259125{margin-bottom: 20px !important;}\u00bb]<\/p>\n<h3 class=\"asv-subpretext\">Variedad de productos de <span class=\"red-one\">AS Performance<\/span>\u2013A nivel mundial<\/h3>\n<p>[\/vc_column_text][vc_column_text css=\u00bb.vc_custom_1541753613909{margin-top: 0px !important;}\u00bb]Abrimos el camino a su exitoso negocio de lubricantes.<\/p>\n<p>Actuamos como pioneros para su exitoso negocio de lubricantes. En AS Performance, ofrecemos a nuestros clientes una amplia gama de aceites de motor de alto rendimiento, aceites para engranajes, lubricantes especiales y productos de servicio: aceites para autom\u00f3viles y veh\u00edculos comerciales, aceites de carreras, los aceites para engranajes m\u00e1s modernos para engranajes autom\u00e1ticos, engranajes manuales y engranajes de transmisi\u00f3n, aceites hidr\u00e1ulicos, grasas, productos para el cuidado del autom\u00f3vil, aditivos, anticongelante para radiadores (lubricantes refrigerantes\/ anticongelantes), l\u00edquidos de frenos (DOT 4), AdBlue\u00ae y productos qu\u00edmicos para el invierno (anticongelante para parabrisas).[\/vc_column_text][\/vc_column][vc_column width=\u00bb1\/6&#8243;][\/vc_column][\/vc_row][vc_row][vc_column width=\u00bb5\/6&#8243;][vc_column_text css=\u00bb.vc_custom_1603876294030{margin-bottom: 20px !important;}\u00bb]<\/p>\n<h3 class=\"asv-subpretext\"><span class=\"red-one\">AS Performance<\/span> Servicio y compromiso<\/h3>\n<p>[\/vc_column_text][vc_column_text css=\u00bb.vc_custom_1545044206053{margin-top: 0px !important;}\u00bb]Una calidad de productos y surtidos \u00fanica.<\/p>\n<p>Apoyamos sus actividades comerciales a trav\u00e9s de nuestros conceptos de marketing y del taller de AS Performance, el mejor servicio Made in Germany y a trav\u00e9s de nuestra calidad de productos y surtidos \u00fanica. Nuestro compromiso con el patrocinio y nuestra presencia en muchas de las principales ferias de proveedores automotrices ponen de relieve nuestro enfoque global.[\/vc_column_text][\/vc_column][vc_column width=\u00bb1\/6&#8243;][\/vc_column][\/vc_row][vc_row][vc_column width=\u00bb5\/6&#8243;][vc_column_text css=\u00bb.vc_custom_1603876326266{margin-bottom: 20px !important;}\u00bb]<\/p>\n<h3 class=\"asv-subpretext\"><span class=\"red-one\">AS Performance<\/span> es m\u00e1xima calidad<\/h3>\n<p>[\/vc_column_text][vc_column_text css=\u00bb.vc_custom_1541753666278{margin-top: 0px !important;}\u00bb]Confianza a trav\u00e9s de la m\u00e1xima calidad.<\/p>\n<p>La confianza de nuestros clientes de muchos a\u00f1os en nuestros productos de alto rendimiento de AS Performance es tanto un requisito como un incentivo para nosotros. Entusiasmo, creatividad e innovaci\u00f3n caracterizan la marca AS Performance y garantizan la m\u00e1xima calidad con un toque de vida y car\u00e1cter.[\/vc_column_text][\/vc_column][vc_column width=\u00bb1\/6&#8243;][\/vc_column][\/vc_row][vc_row type=\u00bbvc_default\u00bb full_width=\u00bbstretch_row\u00bb enable_overlay=\u00bbenable_overlay_value\u00bb overlay_color=\u00bbrgba(255,255,255,0.7)\u00bb css=\u00bb.vc_custom_1540394541540{margin-bottom: 85px !important;background-position: center !important;background-repeat: no-repeat !important;background-size: contain !important;}\u00bb el_id=\u00bbasvearth\u00bb][vc_column][vc_single_image image=\u00bb4535&#8243; img_size=\u00bbfull\u00bb alignment=\u00bbcenter\u00bb][\/vc_column][\/vc_row]<\/p>\n<\/div>","protected":false},"excerpt":{"rendered":"<p>[vc_row type=\u00bbvc_default\u00bb full_width=\u00bbstretch_row\u00bb margin_top=\u00bb50&#8243; margin_bottom=\u00bb100&#8243; css=\u00bb.vc_custom_1541754387429{margin-top: 0px !important;padding-top: 65px !important;padding-bottom: 35px !important;}\u00bb][vc_column][vc_column_text] AS Performance Internacional [\/vc_column_text][\/vc_column][\/vc_row][vc_row][vc_column width=\u00bb5\/6&#8243;][vc_column_text css=\u00bb.vc_custom_1603876243963{margin-bottom: 20px !important;}\u00bb] AS Performance Made in Germany [\/vc_column_text][vc_column_text]Lubricantes potentes y productos para el sector de la automoci\u00f3n \u00abMade in Germany\u00bb. Los lubricantes de AS Performance est\u00e1n representados en muchos mercados internacionales. Nuestros expertos en lubricantes comparten el&hellip;<\/p>\n","protected":false},"author":2,"featured_media":0,"parent":5374,"menu_order":0,"comment_status":"closed","ping_status":"closed","template":"","meta":{"_acf_changed":false,"footnotes":""},"class_list":["post-5206","page","type-page","status-publish","hentry","description-off"],"acf":[],"_links":{"self":[{"href":"https:\/\/as-automotive.eu\/es\/wp-json\/wp\/v2\/pages\/5206","targetHints":{"allow":["GET"]}}],"collection":[{"href":"https:\/\/as-automotive.eu\/es\/wp-json\/wp\/v2\/pages"}],"about":[{"href":"https:\/\/as-automotive.eu\/es\/wp-json\/wp\/v2\/types\/page"}],"author":[{"embeddable":true,"href":"https:\/\/as-automotive.eu\/es\/wp-json\/wp\/v2\/users\/2"}],"replies":[{"embeddable":true,"href":"https:\/\/as-automotive.eu\/es\/wp-json\/wp\/v2\/comments?post=5206"}],"version-history":[{"count":11,"href":"https:\/\/as-automotive.eu\/es\/wp-json\/wp\/v2\/pages\/5206\/revisions"}],"predecessor-version":[{"id":7731,"href":"https:\/\/as-automotive.eu\/es\/wp-json\/wp\/v2\/pages\/5206\/revisions\/7731"}],"up":[{"embeddable":true,"href":"https:\/\/as-automotive.eu\/es\/wp-json\/wp\/v2\/pages\/5374"}],"wp:attachment":[{"href":"https:\/\/as-automotive.eu\/es\/wp-json\/wp\/v2\/media?parent=5206"}],"curies":[{"name":"wp","href":"https:\/\/api.w.org\/{rel}","templated":true}]}}