{"id":5288,"date":"2019-02-21T15:44:59","date_gmt":"2019-02-21T14:44:59","guid":{"rendered":"https:\/\/www.asv1.de\/?page_id=5288"},"modified":"2020-10-29T14:03:12","modified_gmt":"2020-10-29T13:03:12","slug":"oelwegweiser-en","status":"publish","type":"page","link":"https:\/\/as-automotive.eu\/en\/produkte-en\/oelwegweiser-en\/","title":{"rendered":"Oil guide &#8211; EN"},"content":{"rendered":"<div class=\"wpb-content-wrapper\"><p>[vc_row type=&#8221;vc_default&#8221; full_width=&#8221;stretch_row&#8221; css=&#8221;.vc_custom_1540801091466{margin-top: 0px !important;padding-top: 50px !important;padding-bottom: 50px !important;}&#8221;][vc_column][vc_column_text css=&#8221;.vc_custom_1603976585664{margin-bottom: 20px !important;}&#8221;]<\/p>\n<h2><span class=\"red-one\">Our AS Performance <\/span>oil guide<\/h2>\n<h3>The shortest way to the right oil.<\/h3>\n<p>[\/vc_column_text][vc_column_text css=&#8221;.vc_custom_1551889429159{margin-bottom: 45px !important;}&#8221;]Are you looking for the right oil for your vehicle?<br \/>\nYou will quickly and easily find the right oil for your vehicle using our oil guide \/ oil finder .[\/vc_column_text][vc_column_text css=&#8221;.vc_custom_1551889451999{margin-bottom: 20px !important;}&#8221;]<\/p>\n<h3>Free service hotline: 0800 265400<\/h3>\n<p>[\/vc_column_text][vc_column_text](free only for calls from Germany)[\/vc_column_text][\/vc_column][\/vc_row][vc_row][vc_column]\n<div class=\"wpcf7 no-js\" id=\"wpcf7-f6744-o1\" lang=\"de-DE\" dir=\"ltr\" data-wpcf7-id=\"6744\">\n<div class=\"screen-reader-response\"><p role=\"status\" aria-live=\"polite\" aria-atomic=\"true\"><\/p> <ul><\/ul><\/div>\n<form action=\"\/en\/wp-json\/wp\/v2\/pages\/5288#wpcf7-f6744-o1\" method=\"post\" class=\"wpcf7-form init\" aria-label=\"Kontaktformular\" novalidate=\"novalidate\" data-status=\"init\">\n<fieldset class=\"hidden-fields-container\"><input type=\"hidden\" name=\"_wpcf7\" value=\"6744\" \/><input type=\"hidden\" name=\"_wpcf7_version\" value=\"6.1.5\" \/><input type=\"hidden\" name=\"_wpcf7_locale\" value=\"de_DE\" \/><input type=\"hidden\" name=\"_wpcf7_unit_tag\" value=\"wpcf7-f6744-o1\" \/><input type=\"hidden\" name=\"_wpcf7_container_post\" value=\"0\" \/><input type=\"hidden\" name=\"_wpcf7_posted_data_hash\" value=\"\" \/>\n<\/fieldset>\n<div class=\"oelwegweiser-form-wrapper\">\n\t<div class=\"oelwegweiser-form\">\n\t\t<div class=\"row oelwegweiser-top\">\n\t\t\t<div class=\"vc_col-sm-3\">\n\t\t\t\t<p><img decoding=\"async\" src=\"https:\/\/as-automotive.eu\/wp-content\/uploads\/2020\/04\/AS-Performance-Logo-Dark.png\" width=\"300px\" height=\"auto\" \/>\n\t\t\t\t<\/p>\n\t\t\t<\/div>\n\t\t\t<div class=\"vc_col-sm-9\">\n\t\t\t\t<h2>Oil Guide\n\t\t\t\t<\/h2>\n\t\t\t<\/div>\n\t\t<\/div>\n\t\t<div class=\"row\">\n\t\t\t<div class=\"vc_col-sm-3\">\n\t\t\t\t<p>Category\n\t\t\t\t<\/p>\n\t\t\t<\/div>\n\t\t\t<div class=\"vc_col-sm-9\">\n\t\t\t\t<p><span class=\"wpcf7-form-control-wrap\" data-name=\"kategorie\"><input size=\"40\" maxlength=\"400\" class=\"wpcf7-form-control wpcf7-text\" aria-invalid=\"false\" placeholder=\"e.g. car \/ truck \/ motorcycle\" value=\"\" type=\"text\" name=\"kategorie\" \/><\/span>\n\t\t\t\t<\/p>\n\t\t\t<\/div>\n\t\t<\/div>\n\t\t<div class=\"row\">\n\t\t\t<div class=\"vc_col-sm-3\">\n\t\t\t\t<p>Manufacturer \/ Brand\n\t\t\t\t<\/p>\n\t\t\t<\/div>\n\t\t\t<div class=\"vc_col-sm-9\">\n\t\t\t\t<p><span class=\"wpcf7-form-control-wrap\" data-name=\"hersteller\"><input size=\"40\" maxlength=\"400\" class=\"wpcf7-form-control wpcf7-text\" aria-invalid=\"false\" placeholder=\"e.g. Mercedes \/ BMW \/ etc.\" value=\"\" type=\"text\" name=\"hersteller\" \/><\/span>\n\t\t\t\t<\/p>\n\t\t\t<\/div>\n\t\t<\/div>\n\t\t<div class=\"row\">\n\t\t\t<div class=\"vc_col-sm-3\">\n\t\t\t\t<p>Model\n\t\t\t\t<\/p>\n\t\t\t<\/div>\n\t\t\t<div class=\"vc_col-sm-9\">\n\t\t\t\t<p><span class=\"wpcf7-form-control-wrap\" data-name=\"modell\"><input size=\"40\" maxlength=\"400\" class=\"wpcf7-form-control wpcf7-text\" aria-invalid=\"false\" placeholder=\"e.g. C-Class \/ A4 \/ etc.\" value=\"\" type=\"text\" name=\"modell\" \/><\/span>\n\t\t\t\t<\/p>\n\t\t\t<\/div>\n\t\t<\/div>\n\t\t<div class=\"row\">\n\t\t\t<div class=\"vc_col-sm-3\">\n\t\t\t\t<p>Type \/ Engine\n\t\t\t\t<\/p>\n\t\t\t<\/div>\n\t\t\t<div class=\"vc_col-sm-9\">\n\t\t\t\t<p><span class=\"wpcf7-form-control-wrap\" data-name=\"typ\"><input size=\"40\" maxlength=\"400\" class=\"wpcf7-form-control wpcf7-text\" aria-invalid=\"false\" placeholder=\"e.g. C-Class, W205 (2014 - )\" value=\"\" type=\"text\" name=\"typ\" \/><\/span>\n\t\t\t\t<\/p>\n\t\t\t<\/div>\n\t\t<\/div>\n\t\t<div class=\"row\">\n\t\t\t<div class=\"vc_col-sm-3\">\n\t\t\t\t<p>Construction year\n\t\t\t\t<\/p>\n\t\t\t<\/div>\n\t\t\t<div class=\"vc_col-sm-9\">\n\t\t\t\t<p><span class=\"wpcf7-form-control-wrap\" data-name=\"baujahr\"><input size=\"40\" maxlength=\"400\" class=\"wpcf7-form-control wpcf7-text\" aria-invalid=\"false\" placeholder=\"e.g. 2012\" value=\"\" type=\"text\" name=\"baujahr\" \/><\/span>\n\t\t\t\t<\/p>\n\t\t\t<\/div>\n\t\t<\/div>\n\t\t<div class=\"row\">\n\t\t\t<div class=\"vc_col-sm-3\">\n\t\t\t\t<p>Your email address*\n\t\t\t\t<\/p>\n\t\t\t<\/div>\n\t\t\t<div class=\"vc_col-sm-9\">\n\t\t\t\t<p><span class=\"wpcf7-form-control-wrap\" data-name=\"e-mail\"><input size=\"40\" maxlength=\"400\" class=\"wpcf7-form-control wpcf7-text wpcf7-validates-as-required\" aria-required=\"true\" aria-invalid=\"false\" value=\"\" type=\"text\" name=\"e-mail\" \/><\/span>\n\t\t\t\t<\/p>\n\t\t\t<\/div>\n\t\t<\/div>\n\t<\/div>\n\t<p><span class=\"wpcf7-form-control-wrap\" data-name=\"acceptance-420\"><span class=\"wpcf7-form-control wpcf7-acceptance\"><span class=\"wpcf7-list-item\"><label><input type=\"checkbox\" name=\"acceptance-420\" value=\"1\" aria-invalid=\"false\" \/><span class=\"wpcf7-list-item-label\">Yes, I have read the <a href=\"\/en\/datenschutz-en\/\">privacy policy<\/a> and I agree that the data I provide will be collected and stored electronically. My data is strictly used for processing and answering my request only. By submitting the contact form I agree to the processing.<\/span><\/label><\/span><\/span><\/span>\n\t<\/p>\n\t<p><!-- Mailchimp for WordPress v4.12.0 - https:\/\/www.mc4wp.com\/ --><input type=\"hidden\" name=\"_mc4wp_subscribe_contact-form-7\" value=\"0\" \/><span class=\"mc4wp-checkbox mc4wp-checkbox-contact-form-7 \"><label><input type=\"checkbox\" name=\"_mc4wp_subscribe_contact-form-7\" value=\"1\" ><span>    Ich m\u00f6chte mich au\u00dferdem f\u00fcr den Newsletter anmelden<\/span><\/label><\/span><!-- \/ Mailchimp for WordPress -->\n\t<\/p>\n\t<p><input class=\"wpcf7-form-control wpcf7-submit has-spinner\" type=\"submit\" value=\"Send an inquiry\" \/>\n\t<\/p>\n<\/div><div class=\"wpcf7-response-output\" aria-hidden=\"true\"><\/div>\n<\/form>\n<\/div>\n[\/vc_column][\/vc_row]<\/p>\n<\/div>","protected":false},"excerpt":{"rendered":"<p>[vc_row type=&#8221;vc_default&#8221; full_width=&#8221;stretch_row&#8221; css=&#8221;.vc_custom_1540801091466{margin-top: 0px !important;padding-top: 50px !important;padding-bottom: 50px !important;}&#8221;][vc_column][vc_column_text css=&#8221;.vc_custom_1603976585664{margin-bottom: 20px !important;}&#8221;] Our AS Performance oil guide The shortest way to the right oil. [\/vc_column_text][vc_column_text css=&#8221;.vc_custom_1551889429159{margin-bottom: 45px !important;}&#8221;]Are you looking for the right oil for your vehicle? You will quickly and easily find the right oil for your vehicle using our oil guide \/&hellip;<\/p>\n","protected":false},"author":2,"featured_media":0,"parent":5309,"menu_order":0,"comment_status":"closed","ping_status":"closed","template":"","meta":{"_acf_changed":false,"footnotes":""},"class_list":["post-5288","page","type-page","status-publish","hentry","description-off"],"acf":[],"_links":{"self":[{"href":"https:\/\/as-automotive.eu\/en\/wp-json\/wp\/v2\/pages\/5288","targetHints":{"allow":["GET"]}}],"collection":[{"href":"https:\/\/as-automotive.eu\/en\/wp-json\/wp\/v2\/pages"}],"about":[{"href":"https:\/\/as-automotive.eu\/en\/wp-json\/wp\/v2\/types\/page"}],"author":[{"embeddable":true,"href":"https:\/\/as-automotive.eu\/en\/wp-json\/wp\/v2\/users\/2"}],"replies":[{"embeddable":true,"href":"https:\/\/as-automotive.eu\/en\/wp-json\/wp\/v2\/comments?post=5288"}],"version-history":[{"count":6,"href":"https:\/\/as-automotive.eu\/en\/wp-json\/wp\/v2\/pages\/5288\/revisions"}],"predecessor-version":[{"id":7789,"href":"https:\/\/as-automotive.eu\/en\/wp-json\/wp\/v2\/pages\/5288\/revisions\/7789"}],"up":[{"embeddable":true,"href":"https:\/\/as-automotive.eu\/en\/wp-json\/wp\/v2\/pages\/5309"}],"wp:attachment":[{"href":"https:\/\/as-automotive.eu\/en\/wp-json\/wp\/v2\/media?parent=5288"}],"curies":[{"name":"wp","href":"https:\/\/api.w.org\/{rel}","templated":true}]}}