{"id":5220,"date":"2019-02-21T15:09:34","date_gmt":"2019-02-21T14:09:34","guid":{"rendered":"https:\/\/www.asv1.de\/?page_id=5220"},"modified":"2020-04-30T15:11:51","modified_gmt":"2020-04-30T13:11:51","slug":"newsletter-en","status":"publish","type":"page","link":"https:\/\/as-automotive.eu\/en\/unternehmen-en\/newsletter-en\/","title":{"rendered":"Newsletter &#8211; EN"},"content":{"rendered":"<div class=\"wpb-content-wrapper\"><p>[vc_row type=&#8221;vc_default&#8221; full_width=&#8221;stretch_row&#8221; css=&#8221;.vc_custom_1540042650547{margin-bottom: 85px !important;background-position: center !important;background-repeat: no-repeat !important;background-size: contain !important;}&#8221; el_id=&#8221;asvearth&#8221;][vc_column][vc_row_inner css=&#8221;.vc_custom_1540042668206{margin-top: 30px !important;}&#8221;][vc_column_inner width=&#8221;2\/3&#8243;][vc_raw_html css=&#8221;.vc_custom_1587735265815{margin-bottom: 20px !important;}&#8221;]JTNDaDIlM0UlM0NzcGFuJTIwY2xhc3MlM0QlMjJyZWQtdGV4dCUyMiUzRU91ciUyMEFTJTIwUGVyZm9ybWFuY2UlM0MlMkZzcGFuJTNFJTIwTmV3c2xldHRlciUzQyUyRmgyJTNFJTBBJTNDaDMlMjBjbGFzcyUzRCUyMmFzdi1zdWJwcmV0ZXh0JTIyJTNFVGhlJTIwQVMlMjBQZXJmb3JtYW5jZSUyME5ld3NsZXR0ZXIuJTIwU28lMjB0aGF0JTIweW91JTIwZG9uJUUyJTgwJTk5dCUyMG1pc3MlMjBhbnl0aGluZy4lM0MlMkZoMyUzRQ==[\/vc_raw_html][vc_column_text css=&#8221;.vc_custom_1551887131225{margin-top: 0px !important;}&#8221;]Stay in touch with us. We inform you regularly about innovations, dates, events and upcoming projects.[\/vc_column_text][\/vc_column_inner][vc_column_inner width=&#8221;1\/3&#8243;][\/vc_column_inner][\/vc_row_inner][vc_row_inner css=&#8221;.vc_custom_1540038776794{margin-top: 30px !important;}&#8221;][vc_column_inner]\n<div class=\"wpcf7 no-js\" id=\"wpcf7-f6358-o1\" lang=\"de-DE\" dir=\"ltr\" data-wpcf7-id=\"6358\">\n<div class=\"screen-reader-response\"><p role=\"status\" aria-live=\"polite\" aria-atomic=\"true\"><\/p> <ul><\/ul><\/div>\n<form action=\"\/en\/wp-json\/wp\/v2\/pages\/5220#wpcf7-f6358-o1\" method=\"post\" class=\"wpcf7-form init\" aria-label=\"Kontaktformular\" novalidate=\"novalidate\" data-status=\"init\">\n<fieldset class=\"hidden-fields-container\"><input type=\"hidden\" name=\"_wpcf7\" value=\"6358\" \/><input type=\"hidden\" name=\"_wpcf7_version\" value=\"6.1.5\" \/><input type=\"hidden\" name=\"_wpcf7_locale\" value=\"de_DE\" \/><input type=\"hidden\" name=\"_wpcf7_unit_tag\" value=\"wpcf7-f6358-o1\" \/><input type=\"hidden\" name=\"_wpcf7_container_post\" value=\"0\" \/><input type=\"hidden\" name=\"_wpcf7_posted_data_hash\" value=\"\" \/>\n<\/fieldset>\n<div class=\"row\">\n\t<div class=\"vc_col-sm-6\">\n\t\t<p><span class=\"wpcf7-form-control-wrap\" data-name=\"vorname\"><input size=\"40\" maxlength=\"400\" class=\"wpcf7-form-control wpcf7-text wpcf7-validates-as-required\" aria-required=\"true\" aria-invalid=\"false\" placeholder=\"First name\" value=\"\" type=\"text\" name=\"vorname\" \/><\/span>\n\t\t<\/p>\n\t<\/div>\n\t<div class=\"vc_col-sm-6\">\n\t\t<p><span class=\"wpcf7-form-control-wrap\" data-name=\"nachname\"><input size=\"40\" maxlength=\"400\" class=\"wpcf7-form-control wpcf7-text wpcf7-validates-as-required\" aria-required=\"true\" aria-invalid=\"false\" placeholder=\"Last name\" value=\"\" type=\"text\" name=\"nachname\" \/><\/span>\n\t\t<\/p>\n\t<\/div>\n<\/div>\n<div class=\"row\">\n\t<div class=\"vc_col-sm-12\">\n\t\t<p><span class=\"wpcf7-form-control-wrap\" data-name=\"e-mail\"><input size=\"40\" maxlength=\"400\" class=\"wpcf7-form-control wpcf7-text wpcf7-validates-as-required\" aria-required=\"true\" aria-invalid=\"false\" placeholder=\"E-Mail\" value=\"\" type=\"text\" name=\"e-mail\" \/><\/span>\n\t\t<\/p>\n\t<\/div>\n<\/div>\n<div class=\"row\">\n\t<div class=\"vc_col-sm-12\">\n\t\t<p><span class=\"wpcf7-form-control-wrap\" data-name=\"textarea-55\"><textarea cols=\"40\" rows=\"10\" maxlength=\"2000\" class=\"wpcf7-form-control wpcf7-textarea\" aria-invalid=\"false\" placeholder=\"Message\" name=\"textarea-55\"><\/textarea><\/span>\n\t\t<\/p>\n\t<\/div>\n<\/div>\n<p><span class=\"wpcf7-form-control-wrap\" data-name=\"acceptance-420\"><span class=\"wpcf7-form-control wpcf7-acceptance\"><span class=\"wpcf7-list-item\"><label><input type=\"checkbox\" name=\"acceptance-420\" value=\"1\" aria-invalid=\"false\" \/><span class=\"wpcf7-list-item-label\">Yes, I have read the <a href=\"#\">privacy policy<\/a> and I agree that the data I provide will be collected and stored electronically. My data is strictly used for processing and answering my request only. By submitting the contact form I agree to the processing.<\/span><\/label><\/span><\/span><\/span>\n<\/p>\n<p><!-- Mailchimp for WordPress v4.12.0 - https:\/\/www.mc4wp.com\/ --><input type=\"hidden\" name=\"_mc4wp_subscribe_contact-form-7\" value=\"0\" \/><span class=\"mc4wp-checkbox mc4wp-checkbox-contact-form-7 \"><label><input type=\"checkbox\" name=\"_mc4wp_subscribe_contact-form-7\" value=\"1\" ><span>    Ich m\u00f6chte mich au\u00dferdem f\u00fcr den Newsletter anmelden<\/span><\/label><\/span><!-- \/ Mailchimp for WordPress -->\n<\/p>\n<p><input class=\"wpcf7-form-control wpcf7-submit has-spinner\" type=\"submit\" value=\"Send\" \/>\n<\/p><div class=\"wpcf7-response-output\" aria-hidden=\"true\"><\/div>\n<\/form>\n<\/div>\n[\/vc_column_inner][\/vc_row_inner][\/vc_column][\/vc_row]<\/p>\n<\/div>","protected":false},"excerpt":{"rendered":"<p>[vc_row type=&#8221;vc_default&#8221; full_width=&#8221;stretch_row&#8221; css=&#8221;.vc_custom_1540042650547{margin-bottom: 85px !important;background-position: center !important;background-repeat: no-repeat !important;background-size: contain !important;}&#8221; el_id=&#8221;asvearth&#8221;][vc_column][vc_row_inner css=&#8221;.vc_custom_1540042668206{margin-top: 30px !important;}&#8221;][vc_column_inner width=&#8221;2\/3&#8243;][vc_raw_html css=&#8221;.vc_custom_1587735265815{margin-bottom: 20px !important;}&#8221;]JTNDaDIlM0UlM0NzcGFuJTIwY2xhc3MlM0QlMjJyZWQtdGV4dCUyMiUzRU91ciUyMEFTJTIwUGVyZm9ybWFuY2UlM0MlMkZzcGFuJTNFJTIwTmV3c2xldHRlciUzQyUyRmgyJTNFJTBBJTNDaDMlMjBjbGFzcyUzRCUyMmFzdi1zdWJwcmV0ZXh0JTIyJTNFVGhlJTIwQVMlMjBQZXJmb3JtYW5jZSUyME5ld3NsZXR0ZXIuJTIwU28lMjB0aGF0JTIweW91JTIwZG9uJUUyJTgwJTk5dCUyMG1pc3MlMjBhbnl0aGluZy4lM0MlMkZoMyUzRQ==[\/vc_raw_html][vc_column_text css=&#8221;.vc_custom_1551887131225{margin-top: 0px !important;}&#8221;]Stay in touch with us. We inform you regularly about innovations, dates, events and upcoming projects.[\/vc_column_text][\/vc_column_inner][vc_column_inner width=&#8221;1\/3&#8243;][\/vc_column_inner][\/vc_row_inner][vc_row_inner css=&#8221;.vc_custom_1540038776794{margin-top: 30px !important;}&#8221;][vc_column_inner][\/vc_column_inner][\/vc_row_inner][\/vc_column][\/vc_row]<\/p>\n","protected":false},"author":2,"featured_media":0,"parent":5397,"menu_order":0,"comment_status":"closed","ping_status":"closed","template":"","meta":{"_acf_changed":false,"footnotes":""},"class_list":["post-5220","page","type-page","status-publish","hentry","description-off"],"acf":[],"_links":{"self":[{"href":"https:\/\/as-automotive.eu\/en\/wp-json\/wp\/v2\/pages\/5220","targetHints":{"allow":["GET"]}}],"collection":[{"href":"https:\/\/as-automotive.eu\/en\/wp-json\/wp\/v2\/pages"}],"about":[{"href":"https:\/\/as-automotive.eu\/en\/wp-json\/wp\/v2\/types\/page"}],"author":[{"embeddable":true,"href":"https:\/\/as-automotive.eu\/en\/wp-json\/wp\/v2\/users\/2"}],"replies":[{"embeddable":true,"href":"https:\/\/as-automotive.eu\/en\/wp-json\/wp\/v2\/comments?post=5220"}],"version-history":[{"count":3,"href":"https:\/\/as-automotive.eu\/en\/wp-json\/wp\/v2\/pages\/5220\/revisions"}],"predecessor-version":[{"id":6742,"href":"https:\/\/as-automotive.eu\/en\/wp-json\/wp\/v2\/pages\/5220\/revisions\/6742"}],"up":[{"embeddable":true,"href":"https:\/\/as-automotive.eu\/en\/wp-json\/wp\/v2\/pages\/5397"}],"wp:attachment":[{"href":"https:\/\/as-automotive.eu\/en\/wp-json\/wp\/v2\/media?parent=5220"}],"curies":[{"name":"wp","href":"https:\/\/api.w.org\/{rel}","templated":true}]}}